{"id":416,"date":"2020-10-14T18:56:44","date_gmt":"2020-10-14T18:56:44","guid":{"rendered":"https:\/\/blog.zhdk.ch\/soundinmotion\/?page_id=416"},"modified":"2024-09-30T08:01:13","modified_gmt":"2024-09-30T08:01:13","slug":"sound-in-motion-1","status":"publish","type":"page","link":"https:\/\/blog.zhdk.ch\/soundinmotion\/sound-in-motion-1\/","title":{"rendered":"Sound In Motion 1"},"content":{"rendered":"<section id=\"builder-section-text_73\" class=\"builder-section-first builder-section builder-section-text builder-section-next-gallery builder-text-columns-1\" style=\"background-size: cover; background-repeat: no-repeat;background-position: center center;\">\n<h3 class=\"builder-text-section-title\">\n        Sound In Motion 1    <\/h3>\n<div class=\"builder-section-content\">\n<div class=\"builder-text-row\">\n<div class=\"builder-text-column builder-text-column-1\" id=\"builder-section-text_73-column-1\">\n<div class=\"builder-text-content\">\n<h5>January 19, 2019<\/h5>\n<p>During one semester we worked on electroacoustic settings and the question of a spatial sound aesthetic that focuses on the loudspeaker itself. Standard settings of contemporary sound reinforcement strategies do not play a role here. Rather, the focus is on media strategies that take the loudspeaker seriously as an independent instrument and mediator.<\/p>\n<p>Works by: Ernesto Coba Antequera, No\u00e9mi B\u00fcchi, Peter F\u00e4rber, Tobias Holzer, Rita Maria Jurt, Eric Larrieux, Thekla Molnar, Annkathrin P\u00f6pel, Philip Tschiemer.<br \/>Peter F\u00e4rber: Direction<\/p>\n<\/p><\/div>\n<\/p><\/div>\n<\/p><\/div>\n<div class=\"builder-text-row\">\n<div class=\"builder-text-column builder-text-column-2\" id=\"builder-section-text_73-column-1\">\n<div class=\"builder-text-content\">\n<h5>19.1.2019<\/h5>\n<p>W\u00e4hrend eines Semesters arbeiteten wir an elektroakustischen Settings und der Frage einer Raumklang\u00e4sthetik, die den Lautsprecher selbst ins Zentrum r\u00fcckt. Dabei spielen Standardsettings zeitgem\u00e4sser Beschallungsstrategien keine Rolle. Vielmehr geht es um mediale Strategien, den Lautsprecher als eigenst\u00e4ndiges Instrument und Mittler ernst zu nehmen.<\/p>\n<p>Mit Werken von: Ernesto Coba Antequera, No\u00e9mi B\u00fcchi, Peter F\u00e4rber, Tobias Holzer, Rita Maria Jurt, Eric Larrieux, Thekla Molnar, Annkathrin P\u00f6pel, Philip Tschiemer.<br \/>Peter F\u00e4rber: Leitung<\/p>\n<\/p><\/div>\n<\/p><\/div>\n<\/p><\/div>\n<\/p><\/div>\n<\/section>\n<section id=\"builder-section-gallery_498\" class=\"builder-section-prev-text builder-section builder-section-gallery builder-section-next-text builder-gallery-columns-3 builder-gallery-captions-overlay builder-gallery-captions-light builder-gallery-aspect-none\" style=\"background-size: cover; background-repeat: no-repeat;background-position: center center;\">\n<div class=\"builder-section-content\">\n<div class=\"builder-gallery-item  has-link\" onclick=\"event.preventDefault(); window.open('https:\/\/youtu.be\/M8UX0hpecQo');\">\n<figure class=\"builder-gallery-image\" style=\"background-image: url(&#039;https:\/\/blog.zhdk.ch\/soundinmotion\/files\/2020\/10\/Lageplan2_DxO-1024x576.jpg&#039;);padding-bottom: 56.25%;\"><\/figure>\n<div class=\"builder-gallery-content\">\n<div class=\"builder-gallery-content-inner\">\n<h4 class=\"builder-gallery-title\">\n\t\t\t\t\t\tErnesto Coba Antequera\t\t\t\t\t<\/h4>\n<div class=\"builder-gallery-description\">\n<h4>Matroska<\/h4>\n<\/p><\/div>\n<\/p><\/div>\n<\/p><\/div>\n<\/p><\/div>\n<div class=\"builder-gallery-item  has-link\" onclick=\"event.preventDefault(); window.open('https:\/\/youtu.be\/lnVR2v6myhk');\">\n<figure class=\"builder-gallery-image\" style=\"background-image: url(&#039;https:\/\/blog.zhdk.ch\/soundinmotion\/files\/2020\/10\/Tobias_Holzer-1024x576.jpg&#039;);padding-bottom: 56.25%;\"><\/figure>\n<div class=\"builder-gallery-content\">\n<div class=\"builder-gallery-content-inner\">\n<h4 class=\"builder-gallery-title\">\n\t\t\t\t\t\tTobias Holzer\t\t\t\t\t<\/h4>\n<div class=\"builder-gallery-description\">\n<h4>synthesis for 3 voices<\/h4>\n<\/p><\/div>\n<\/p><\/div>\n<\/p><\/div>\n<\/p><\/div>\n<div class=\"builder-gallery-item  has-link last-3\" onclick=\"event.preventDefault(); window.open('https:\/\/youtu.be\/iIAQ7tPA9fc');\">\n<figure class=\"builder-gallery-image\" style=\"background-image: url(&#039;https:\/\/blog.zhdk.ch\/soundinmotion\/files\/2020\/10\/Annkhatrin_Poepel-1024x576.jpg&#039;);padding-bottom: 56.25%;\"><\/figure>\n<div class=\"builder-gallery-content\">\n<div class=\"builder-gallery-content-inner\">\n<h4 class=\"builder-gallery-title\">\n\t\t\t\t\t\tAnnkathrin P\u00f6pel\t\t\t\t\t<\/h4>\n<div class=\"builder-gallery-description\">\n<h4>Sounding Blood<\/h4>\n<\/p><\/div>\n<\/p><\/div>\n<\/p><\/div>\n<\/p><\/div>\n<div class=\"builder-gallery-item  has-link\" onclick=\"event.preventDefault(); window.open('https:\/\/youtu.be\/IGHhhCepMLU');\">\n<figure class=\"builder-gallery-image\" style=\"background-image: url(&#039;https:\/\/blog.zhdk.ch\/soundinmotion\/files\/2020\/10\/Rita-Maria-Jurt_Rundgang-mit-Wasser-1024x576.jpg&#039;);padding-bottom: 56.25%;\"><\/figure>\n<div class=\"builder-gallery-content\">\n<div class=\"builder-gallery-content-inner\">\n<h4 class=\"builder-gallery-title\">\n\t\t\t\t\t\tRita Jurt\t\t\t\t\t<\/h4>\n<div class=\"builder-gallery-description\">\n<h4>Rundgang mit Wasser<\/h4>\n<\/p><\/div>\n<\/p><\/div>\n<\/p><\/div>\n<\/p><\/div>\n<div class=\"builder-gallery-item  has-link\" onclick=\"event.preventDefault(); window.open('https:\/\/youtu.be\/uWrMy60svHc');\">\n<figure class=\"builder-gallery-image\" style=\"background-image: url(&#039;https:\/\/blog.zhdk.ch\/soundinmotion\/files\/2020\/10\/Eric_Larrieux_If-It-Aint-Got-That-Swing-2-1024x576.jpg&#039;);padding-bottom: 56.25%;\"><\/figure>\n<div class=\"builder-gallery-content\">\n<div class=\"builder-gallery-content-inner\">\n<h4 class=\"builder-gallery-title\">\n\t\t\t\t\t\tEric Larrieux\t\t\t\t\t<\/h4>\n<div class=\"builder-gallery-description\">\n<h4>If it ain&#8217;t got that swing<\/h4>\n<\/p><\/div>\n<\/p><\/div>\n<\/p><\/div>\n<\/p><\/div>\n<div class=\"builder-gallery-item  has-link last-3\" onclick=\"event.preventDefault(); window.open('https:\/\/youtu.be\/CKc2D7sJjAU');\">\n<figure class=\"builder-gallery-image\" style=\"background-image: url(&#039;https:\/\/blog.zhdk.ch\/soundinmotion\/files\/2020\/10\/Peter-Faerber_Standing-Waves-with-Mobile-Speakers-1-1024x576.jpg&#039;);padding-bottom: 56.25%;\"><\/figure>\n<div class=\"builder-gallery-content\">\n<div class=\"builder-gallery-content-inner\">\n<h4 class=\"builder-gallery-title\">\n\t\t\t\t\t\tPeter F\u00e4rber\t\t\t\t\t<\/h4>\n<div class=\"builder-gallery-description\">\n<h4>Standing Waves with Mobile Speakers<\/h4>\n<\/p><\/div>\n<\/p><\/div>\n<\/p><\/div>\n<\/p><\/div>\n<div class=\"builder-gallery-item  has-link\" onclick=\"event.preventDefault(); window.open('https:\/\/youtu.be\/D9gp3-ZtKLs');\">\n<figure class=\"builder-gallery-image\" style=\"background-image: url(&#039;https:\/\/blog.zhdk.ch\/soundinmotion\/files\/2020\/10\/Thekla_Molnar_Jouissance-Intense-1024x576.jpg&#039;);padding-bottom: 56.25%;\"><\/figure>\n<div class=\"builder-gallery-content\">\n<div class=\"builder-gallery-content-inner\">\n<h4 class=\"builder-gallery-title\">\n\t\t\t\t\t\tThekla Molnar\t\t\t\t\t<\/h4>\n<div class=\"builder-gallery-description\">\n<h4>\u00a0Jouissance intense<\/h4>\n<\/p><\/div>\n<\/p><\/div>\n<\/p><\/div>\n<\/p><\/div>\n<div class=\"builder-gallery-item \">\n<figure class=\"builder-gallery-image\" style=\"background-image: url(&#039;https:\/\/blog.zhdk.ch\/soundinmotion\/files\/2020\/10\/Noemi-Buechi_Impromptu-1024x576.jpg&#039;);padding-bottom: 56.25%;\"><\/figure>\n<div class=\"builder-gallery-content\">\n<div class=\"builder-gallery-content-inner\">\n<h4 class=\"builder-gallery-title\">\n\t\t\t\t\t\tNo\u00e9mi B\u00fcchi\t\t\t\t\t<\/h4>\n<div class=\"builder-gallery-description\">\n<h4>Impromptu<\/h4>\n<\/p><\/div>\n<\/p><\/div>\n<\/p><\/div>\n<\/p><\/div>\n<div class=\"builder-gallery-item  has-link last-3\" onclick=\"event.preventDefault(); window.open('https:\/\/youtu.be\/VW6xh1Y2be8');\">\n<figure class=\"builder-gallery-image\" style=\"background-image: url(&#039;https:\/\/blog.zhdk.ch\/soundinmotion\/files\/2020\/10\/Philip-Tschiemer_Interferenzen-1024x576.jpg&#039;);padding-bottom: 56.25%;\"><\/figure>\n<div class=\"builder-gallery-content\">\n<div class=\"builder-gallery-content-inner\">\n<h4 class=\"builder-gallery-title\">\n\t\t\t\t\t\tPhilip Tschiemer\t\t\t\t\t<\/h4>\n<div class=\"builder-gallery-description\">\n<h4>Interferenzen<\/h4>\n<\/p><\/div>\n<\/p><\/div>\n<\/p><\/div>\n<\/p><\/div>\n<\/p><\/div>\n<\/section>\n<section id=\"builder-section-text_167\" class=\"builder-section-prev-gallery builder-section builder-section-text builder-section-next-text builder-text-columns-2\" style=\"background-size: cover; background-repeat: no-repeat;background-position: center center;\">\n<h3 class=\"builder-text-section-title\">\n        Program notes (8 pages)    <\/h3>\n<div class=\"builder-section-content\">\n<div class=\"builder-text-row\">\n<div class=\"builder-text-column builder-text-column-1\" id=\"builder-section-text_167-column-1\">\n<div class=\"builder-text-content\">\n<a href=\"https:\/\/blog.zhdk.ch\/soundinmotion\/files\/2020\/10\/Programmheft-V05.pdf\" class=\"pdfemb-viewer\" style=\"\" data-width=\"max\" data-height=\"max\" data-toolbar=\"bottom\" data-toolbar-fixed=\"off\">Programmheft-V05<\/a>\n<\/p><\/div>\n<\/p><\/div>\n<div class=\"builder-text-column builder-text-column-2\" id=\"builder-section-text_167-column-2\">\n<div class=\"builder-text-content\">\n\t\t\t\t\t\t\t\t\t\t\t<\/div>\n<\/p><\/div>\n<\/p><\/div>\n<div class=\"builder-text-row\">\n<div class=\"builder-text-column builder-text-column-3\" id=\"builder-section-text_167-column-1\">\n<div class=\"builder-text-content\">\n\t\t\t\t\t\t\t\t\t\t\t<\/div>\n<\/p><\/div>\n<\/p><\/div>\n<\/p><\/div>\n<\/section>\n<section id=\"builder-section-text_125\" class=\"builder-section-prev-text builder-section builder-section-text builder-section-last builder-text-columns-3\" style=\"background-size: cover; background-repeat: no-repeat;background-position: center center;\">\n<div class=\"builder-section-content\">\n<div class=\"builder-text-row\">\n<div class=\"builder-text-column builder-text-column-1\" id=\"builder-section-text_125-column-1\">\n<div class=\"builder-text-content\">\n<p><img loading=\"lazy\" decoding=\"async\" class=\"alignnone size-medium wp-image-1042\" src=\"https:\/\/blog.zhdk.ch\/soundinmotion\/files\/2020\/10\/2018_zhdk_logo_D_schwarz-300x200.jpg\" alt=\"\" width=\"300\" height=\"200\" \/><\/p>\n<\/p><\/div>\n<\/p><\/div>\n<div class=\"builder-text-column builder-text-column-2\" id=\"builder-section-text_125-column-2\">\n<div class=\"builder-text-content\">\n\t\t\t\t\t\t\t\t\t\t\t<\/div>\n<\/p><\/div>\n<div class=\"builder-text-column builder-text-column-3\" id=\"builder-section-text_125-column-3\">\n<div class=\"builder-text-content\">\n<p style=\"text-align: right\"><strong><big>ICST<\/big><\/strong><br \/>Institute for Computer Music and<br \/>Sound Technology<\/p>\n<\/p><\/div>\n<\/p><\/div>\n<\/p><\/div>\n<\/p><\/div>\n<\/section>\n","protected":false},"excerpt":{"rendered":"<p>Sound In Motion 1 January 19, 2019 During one semester we worked on electroacoustic settings and the question of a spatial sound aesthetic that focuses on the loudspeaker itself. Standard settings of contemporary sound reinforcement strategies do not play a role here. Rather, the focus is on media strategies that take the loudspeaker seriously as &hellip;<\/p>\n","protected":false},"author":231,"featured_media":0,"parent":0,"menu_order":0,"comment_status":"closed","ping_status":"closed","template":"template-builder.php","meta":{"footnotes":""},"class_list":["post-416","page","type-page","status-publish","hentry"],"_links":{"self":[{"href":"https:\/\/blog.zhdk.ch\/soundinmotion\/wp-json\/wp\/v2\/pages\/416","targetHints":{"allow":["GET"]}}],"collection":[{"href":"https:\/\/blog.zhdk.ch\/soundinmotion\/wp-json\/wp\/v2\/pages"}],"about":[{"href":"https:\/\/blog.zhdk.ch\/soundinmotion\/wp-json\/wp\/v2\/types\/page"}],"author":[{"embeddable":true,"href":"https:\/\/blog.zhdk.ch\/soundinmotion\/wp-json\/wp\/v2\/users\/231"}],"replies":[{"embeddable":true,"href":"https:\/\/blog.zhdk.ch\/soundinmotion\/wp-json\/wp\/v2\/comments?post=416"}],"version-history":[{"count":133,"href":"https:\/\/blog.zhdk.ch\/soundinmotion\/wp-json\/wp\/v2\/pages\/416\/revisions"}],"predecessor-version":[{"id":3406,"href":"https:\/\/blog.zhdk.ch\/soundinmotion\/wp-json\/wp\/v2\/pages\/416\/revisions\/3406"}],"wp:attachment":[{"href":"https:\/\/blog.zhdk.ch\/soundinmotion\/wp-json\/wp\/v2\/media?parent=416"}],"curies":[{"name":"wp","href":"https:\/\/api.w.org\/{rel}","templated":true}]}}