{"id":418,"date":"2020-10-14T18:56:44","date_gmt":"2020-10-14T18:56:44","guid":{"rendered":"https:\/\/blog.zhdk.ch\/soundinmotion\/?page_id=418"},"modified":"2024-09-30T08:03:00","modified_gmt":"2024-09-30T08:03:00","slug":"sound-in-motion-2","status":"publish","type":"page","link":"https:\/\/blog.zhdk.ch\/soundinmotion\/sound-in-motion-2\/","title":{"rendered":"Sound In Motion 2"},"content":{"rendered":"<section id=\"builder-section-text_61\" class=\"builder-section-first builder-section builder-section-text builder-section-next-gallery builder-text-columns-1\" style=\"background-size: cover; background-repeat: no-repeat;background-position: center center;\">\n<h3 class=\"builder-text-section-title\">\n        Sound In Motion 2    <\/h3>\n<div class=\"builder-section-content\">\n<div class=\"builder-text-row\">\n<div class=\"builder-text-column builder-text-column-1\" id=\"builder-section-text_61-column-1\">\n<div class=\"builder-text-content\">\n<h5>June 22, 2019<\/h5>\n<p>What happens acoustically, musically and visually when speakers are moved? What creative possibilities are there?<br \/>In the workshop concert of the course <em>Composing with and for Moving Loudspeakers II,<\/em> moving loudspeakers can be heard, seen and experienced in seven new works.<br \/>During one semester we worked on electroacoustic settings and dealt with the question of a spatial sound aesthetic that focuses on the loudspeaker itself. Standard settings of contemporary sound reinforcement strategies do not play a role here. Rather, it is about media strategies that take the loudspeaker seriously as an independent instrument and mediator.<\/p>\n<p>Works by: Antonio D&#8217;Amato, Peter F\u00e4rber, Rita Maria Jurt, Eric Larrieux, Luca Magni, Annkathrin P\u00f6pel, Philip Tschiemer<br \/>Peter F\u00e4rber: Direction<\/p>\n<\/p><\/div>\n<\/p><\/div>\n<\/p><\/div>\n<div class=\"builder-text-row\">\n<div class=\"builder-text-column builder-text-column-2\" id=\"builder-section-text_61-column-1\">\n<div class=\"builder-text-content\">\n<h5>22.6.2019<\/h5>\n<p>Was passiert akustisch, musikalisch und visuell, wenn Lautsprecher bewegt werden? Welche gestalterischen M\u00f6glichkeiten bieten sich?<br \/>Im Werkstattkonzert des Kurses <em>Komponieren mit und f\u00fcr bewegte Lautsprecher II<\/em>\u00a0sind in sieben neue Arbeiten bewegte Lautsprecher zu h\u00f6ren, zu sehen und zu erleben.<br \/>W\u00e4hrend eines Semesters arbeiteten wir an elektroakustischen Settings und besch\u00e4ftigten uns mit der Frage einer Raumklang\u00e4sthetik, die den Lautsprecher selbst ins Zentrum r\u00fcckt. Dabei spielen Standardsettings zeitgem\u00e4sser Beschallungsstrategien keine Rolle. Vielmehr geht es um mediale Strategien, den Lautsprecher als eigenst\u00e4ndiges Instrument und Mittler ernst zu nehmen.<\/p>\n<p>Mit Werken von: Antonio D&#8217;Amato, Peter F\u00e4rber, Rita Maria Jurt, Eric Larrieux, Luca Magni, Annkathrin P\u00f6pel, Philip Tschiemer<br \/>Peter F\u00e4rber: Leitung<\/p>\n<\/p><\/div>\n<\/p><\/div>\n<\/p><\/div>\n<\/p><\/div>\n<\/section>\n<section id=\"builder-section-gallery_11\" class=\"builder-section-prev-text builder-section builder-section-gallery builder-section-next-text builder-gallery-columns-3 builder-gallery-captions-overlay builder-gallery-captions-light builder-gallery-aspect-none\" style=\"background-size: cover; background-repeat: no-repeat;background-position: center center;\">\n<div class=\"builder-section-content\">\n<div class=\"builder-gallery-item  has-link\" onclick=\"event.preventDefault(); window.open('https:\/\/youtu.be\/hb7NFINvozU');\">\n<figure class=\"builder-gallery-image\" style=\"background-image: url(&#039;https:\/\/blog.zhdk.ch\/soundinmotion\/files\/2020\/10\/Eric-Larrieux_DxO-1024x576.jpg&#039;);padding-bottom: 56.25%;\"><\/figure>\n<div class=\"builder-gallery-content\">\n<div class=\"builder-gallery-content-inner\">\n<h4 class=\"builder-gallery-title\">\n\t\t\t\t\t\tEric Larrieux\t\t\t\t\t<\/h4>\n<div class=\"builder-gallery-description\">\n<h4>It don\u2019t mean a thing<\/h4>\n<\/p><\/div>\n<\/p><\/div>\n<\/p><\/div>\n<\/p><\/div>\n<div class=\"builder-gallery-item  has-link\" onclick=\"event.preventDefault(); window.open('https:\/\/youtu.be\/TGeX5e4d6sY');\">\n<figure class=\"builder-gallery-image\" style=\"background-image: url(&#039;https:\/\/blog.zhdk.ch\/soundinmotion\/files\/2020\/10\/Peter-Faerber_RK3_DxO-1024x576.jpg&#039;);padding-bottom: 56.25%;\"><\/figure>\n<div class=\"builder-gallery-content\">\n<div class=\"builder-gallery-content-inner\">\n<h4 class=\"builder-gallery-title\">\n\t\t\t\t\t\tPeter F\u00e4rber\t\t\t\t\t<\/h4>\n<div class=\"builder-gallery-description\">\n<h4>RK 3<\/h4>\n<\/p><\/div>\n<\/p><\/div>\n<\/p><\/div>\n<\/p><\/div>\n<div class=\"builder-gallery-item  has-link last-3\" onclick=\"event.preventDefault(); window.open('https:\/\/youtu.be\/POwO72USrEY');\">\n<figure class=\"builder-gallery-image\" style=\"background-image: url(&#039;https:\/\/blog.zhdk.ch\/soundinmotion\/files\/2020\/10\/Philip-Tschiemer_Change-Signaling_DxO-1024x576.jpg&#039;);padding-bottom: 56.25%;\"><\/figure>\n<div class=\"builder-gallery-content\">\n<div class=\"builder-gallery-content-inner\">\n<h4 class=\"builder-gallery-title\">\n\t\t\t\t\t\tPhilip Tschiemer\t\t\t\t\t<\/h4>\n<div class=\"builder-gallery-description\">\n<h4>Change Signalling<\/h4>\n<\/p><\/div>\n<\/p><\/div>\n<\/p><\/div>\n<\/p><\/div>\n<div class=\"builder-gallery-item  has-link\" onclick=\"event.preventDefault(); window.open('https:\/\/youtu.be\/8WgioMzBwOU');\">\n<figure class=\"builder-gallery-image\" style=\"background-image: url(&#039;https:\/\/blog.zhdk.ch\/soundinmotion\/files\/2020\/10\/Rita-Maria-Jurt-Verlagern_DxO-1024x576.jpg&#039;);padding-bottom: 56.25%;\"><\/figure>\n<div class=\"builder-gallery-content\">\n<div class=\"builder-gallery-content-inner\">\n<h4 class=\"builder-gallery-title\">\n\t\t\t\t\t\tRita Maria Jurt\t\t\t\t\t<\/h4>\n<div class=\"builder-gallery-description\">\n<h4>Verlagern<\/h4>\n<\/p><\/div>\n<\/p><\/div>\n<\/p><\/div>\n<\/p><\/div>\n<div class=\"builder-gallery-item  has-link\" onclick=\"event.preventDefault(); window.open('https:\/\/youtu.be\/PLO7w7WWv6Q');\">\n<figure class=\"builder-gallery-image\" style=\"background-image: url(&#039;https:\/\/blog.zhdk.ch\/soundinmotion\/files\/2020\/10\/Luca-Magni-In-the-Eyes_DxO-1024x576.jpg&#039;);padding-bottom: 56.25%;\"><\/figure>\n<div class=\"builder-gallery-content\">\n<div class=\"builder-gallery-content-inner\">\n<h4 class=\"builder-gallery-title\">\n\t\t\t\t\t\tLuca Magni\t\t\t\t\t<\/h4>\n<div class=\"builder-gallery-description\">\n<h4>In the Eyes<\/h4>\n<\/p><\/div>\n<\/p><\/div>\n<\/p><\/div>\n<\/p><\/div>\n<div class=\"builder-gallery-item  has-link last-3\" onclick=\"event.preventDefault(); window.open('https:\/\/youtu.be\/6NJ1xei8EuQ');\">\n<figure class=\"builder-gallery-image\" style=\"background-image: url(&#039;https:\/\/blog.zhdk.ch\/soundinmotion\/files\/2020\/10\/Antonio-D_Amato-Un-certain-vertige_DxO-1024x576.jpg&#039;);padding-bottom: 56.25%;\"><\/figure>\n<div class=\"builder-gallery-content\">\n<div class=\"builder-gallery-content-inner\">\n<h4 class=\"builder-gallery-title\">\n\t\t\t\t\t\tAntonio D\u2019Amato\t\t\t\t\t<\/h4>\n<div class=\"builder-gallery-description\">\n<h4>Un certain vertige<\/h4>\n<\/p><\/div>\n<\/p><\/div>\n<\/p><\/div>\n<\/p><\/div>\n<div class=\"builder-gallery-item  has-link\" onclick=\"event.preventDefault(); window.open('https:\/\/youtu.be\/VZvgkMOTqJ8');\">\n<figure class=\"builder-gallery-image\" style=\"background-image: url(&#039;https:\/\/blog.zhdk.ch\/soundinmotion\/files\/2020\/10\/Annkathrin-Poepel_Sounding-Blood-II_DxO-1024x576.jpg&#039;);padding-bottom: 56.25%;\"><\/figure>\n<div class=\"builder-gallery-content\">\n<div class=\"builder-gallery-content-inner\">\n<h4 class=\"builder-gallery-title\">\n\t\t\t\t\t\tAnnkathrin P\u00f6pel\t\t\t\t\t<\/h4>\n<div class=\"builder-gallery-description\">\n<h4>Sounding blood II<\/h4>\n<\/p><\/div>\n<\/p><\/div>\n<\/p><\/div>\n<\/p><\/div>\n<\/p><\/div>\n<\/section>\n<section id=\"builder-section-text_107\" class=\"builder-section-prev-gallery builder-section builder-section-text builder-section-next-text builder-text-columns-2\" style=\"background-size: cover; background-repeat: no-repeat;background-position: center center;\">\n<h3 class=\"builder-text-section-title\">\n        Program notes (8 pages)    <\/h3>\n<div class=\"builder-section-content\">\n<div class=\"builder-text-row\">\n<div class=\"builder-text-column builder-text-column-1\" id=\"builder-section-text_107-column-1\">\n<div class=\"builder-text-content\">\n<a href=\"https:\/\/blog.zhdk.ch\/soundinmotion\/files\/2020\/10\/Programmheft-II-V03.pdf\" class=\"pdfemb-viewer\" style=\"\" data-width=\"max\" data-height=\"max\" data-toolbar=\"bottom\" data-toolbar-fixed=\"off\">Programmheft-II-V03<\/a>\n<\/p><\/div>\n<\/p><\/div>\n<div class=\"builder-text-column builder-text-column-2\" id=\"builder-section-text_107-column-2\">\n<div class=\"builder-text-content\">\n\t\t\t\t\t\t\t\t\t\t\t<\/div>\n<\/p><\/div>\n<\/p><\/div>\n<div class=\"builder-text-row\">\n<div class=\"builder-text-column builder-text-column-3\" id=\"builder-section-text_107-column-1\">\n<div class=\"builder-text-content\">\n\t\t\t\t\t\t\t\t\t\t\t<\/div>\n<\/p><\/div>\n<\/p><\/div>\n<\/p><\/div>\n<\/section>\n<section id=\"builder-section-text_149\" class=\"builder-section-prev-text builder-section builder-section-text builder-section-last builder-text-columns-3\" style=\"background-size: cover; background-repeat: no-repeat;background-position: center center;\">\n<div class=\"builder-section-content\">\n<div class=\"builder-text-row\">\n<div class=\"builder-text-column builder-text-column-1\" id=\"builder-section-text_149-column-1\">\n<div class=\"builder-text-content\">\n<p><img loading=\"lazy\" decoding=\"async\" class=\"alignnone size-medium wp-image-1042\" src=\"https:\/\/blog.zhdk.ch\/soundinmotion\/files\/2020\/10\/2018_zhdk_logo_D_schwarz-300x200.jpg\" alt=\"\" width=\"300\" height=\"200\" \/><\/p>\n<\/p><\/div>\n<\/p><\/div>\n<div class=\"builder-text-column builder-text-column-2\" id=\"builder-section-text_149-column-2\">\n<div class=\"builder-text-content\">\n\t\t\t\t\t\t\t\t\t\t\t<\/div>\n<\/p><\/div>\n<div class=\"builder-text-column builder-text-column-3\" id=\"builder-section-text_149-column-3\">\n<div class=\"builder-text-content\">\n<p style=\"text-align: right\"><strong><big>ICST<\/big><\/strong><br \/>Institute for Computer Music and<br \/>Sound Technology<\/p>\n<\/p><\/div>\n<\/p><\/div>\n<\/p><\/div>\n<\/p><\/div>\n<\/section>\n","protected":false},"excerpt":{"rendered":"<p>Sound In Motion 2 June 22, 2019 What happens acoustically, musically and visually when speakers are moved? What creative possibilities are there?In the workshop concert of the course Composing with and for Moving Loudspeakers II, moving loudspeakers can be heard, seen and experienced in seven new works.During one semester we worked on electroacoustic settings and &hellip;<\/p>\n","protected":false},"author":231,"featured_media":0,"parent":0,"menu_order":0,"comment_status":"closed","ping_status":"closed","template":"template-builder.php","meta":{"footnotes":""},"class_list":["post-418","page","type-page","status-publish","hentry"],"_links":{"self":[{"href":"https:\/\/blog.zhdk.ch\/soundinmotion\/wp-json\/wp\/v2\/pages\/418","targetHints":{"allow":["GET"]}}],"collection":[{"href":"https:\/\/blog.zhdk.ch\/soundinmotion\/wp-json\/wp\/v2\/pages"}],"about":[{"href":"https:\/\/blog.zhdk.ch\/soundinmotion\/wp-json\/wp\/v2\/types\/page"}],"author":[{"embeddable":true,"href":"https:\/\/blog.zhdk.ch\/soundinmotion\/wp-json\/wp\/v2\/users\/231"}],"replies":[{"embeddable":true,"href":"https:\/\/blog.zhdk.ch\/soundinmotion\/wp-json\/wp\/v2\/comments?post=418"}],"version-history":[{"count":39,"href":"https:\/\/blog.zhdk.ch\/soundinmotion\/wp-json\/wp\/v2\/pages\/418\/revisions"}],"predecessor-version":[{"id":3410,"href":"https:\/\/blog.zhdk.ch\/soundinmotion\/wp-json\/wp\/v2\/pages\/418\/revisions\/3410"}],"wp:attachment":[{"href":"https:\/\/blog.zhdk.ch\/soundinmotion\/wp-json\/wp\/v2\/media?parent=418"}],"curies":[{"name":"wp","href":"https:\/\/api.w.org\/{rel}","templated":true}]}}