{"id":420,"date":"2020-10-14T18:56:44","date_gmt":"2020-10-14T18:56:44","guid":{"rendered":"https:\/\/blog.zhdk.ch\/soundinmotion\/?page_id=420"},"modified":"2024-09-30T08:04:38","modified_gmt":"2024-09-30T08:04:38","slug":"sound-in-motion-3","status":"publish","type":"page","link":"https:\/\/blog.zhdk.ch\/soundinmotion\/sound-in-motion-3\/","title":{"rendered":"Sound In Motion 3"},"content":{"rendered":"<section id=\"builder-section-text_107\" class=\"builder-section-first builder-section builder-section-text builder-section-next-gallery builder-text-columns-1\" style=\"background-size: cover; background-repeat: no-repeat;background-position: center center;\">\n<h3 class=\"builder-text-section-title\">\n        Sound In Motion 3    <\/h3>\n<div class=\"builder-section-content\">\n<div class=\"builder-text-row\">\n<div class=\"builder-text-column builder-text-column-1\" id=\"builder-section-text_107-column-1\">\n<div class=\"builder-text-content\">\n<h5>January 25, 2020<\/h5>\n<p>Works by: Rapha\u00ebl Felix Belfiore, N\u00f6\u00e9mi B\u00fcchi, Michael Eberle, Tiziana Alice Greco, Giles Stewart Hulley, Rita Maria Jurt, Etsuro Masuda, Annkathrin P\u00f6pel, Lev Terner &amp; Jeroen van Vulpen<br \/>Peter F\u00e4rber: direction<\/p>\n<\/p><\/div>\n<\/p><\/div>\n<\/p><\/div>\n<div class=\"builder-text-row\">\n<div class=\"builder-text-column builder-text-column-2\" id=\"builder-section-text_107-column-1\">\n<div class=\"builder-text-content\">\n<h5>25.1.2020<\/h5>\n<p>Mit Werken von: Rapha\u00ebl Felix Belfiore, N\u00f6\u00e9mi B\u00fcchi, Michael Eberle, Tiziana Alice Greco, Giles Stewart Hulley, Rita Maria Jurt, Etsuro Masuda, Annkathrin P\u00f6pel, Lev Terner &amp; Jeroen van Vulpen<br \/>Peter F\u00e4rber: Leitung<\/p>\n<\/p><\/div>\n<\/p><\/div>\n<\/p><\/div>\n<div class=\"builder-text-row\">\n<div class=\"builder-text-column builder-text-column-3\" id=\"builder-section-text_107-column-1\">\n<div class=\"builder-text-content\">\n\t\t\t\t\t\t\t\t\t\t\t<\/div>\n<\/p><\/div>\n<\/p><\/div>\n<\/p><\/div>\n<\/section>\n<section id=\"builder-section-gallery_11\" class=\"builder-section-prev-text builder-section builder-section-gallery builder-section-next-text builder-gallery-columns-3 builder-gallery-captions-overlay builder-gallery-captions-light builder-gallery-aspect-none\" style=\"background-size: cover; background-repeat: no-repeat;background-position: center center;\">\n<div class=\"builder-section-content\">\n<div class=\"builder-gallery-item  has-link\" onclick=\"event.preventDefault(); window.open('https:\/\/youtu.be\/eVWKRWkFV8A');\">\n<figure class=\"builder-gallery-image\" style=\"background-image: url(&#039;https:\/\/blog.zhdk.ch\/soundinmotion\/files\/2020\/10\/Michael-_Koko_-Eberli_Draufgang-Farruca-Deconstruido_DxO-1024x576.jpg&#039;);padding-bottom: 56.25%;\"><\/figure>\n<div class=\"builder-gallery-content\">\n<div class=\"builder-gallery-content-inner\">\n<h4 class=\"builder-gallery-title\">\n\t\t\t\t\t\tMichael &#8220;Koko&#8220; Eberli\t\t\t\t\t<\/h4>\n<div class=\"builder-gallery-description\">\n<h4>Draufging &#8211; Farruca Deconstruido<\/h4>\n<\/p><\/div>\n<\/p><\/div>\n<\/p><\/div>\n<\/p><\/div>\n<div class=\"builder-gallery-item  has-link\" onclick=\"event.preventDefault(); window.open('https:\/\/youtu.be\/wzo2a1qbsww');\">\n<figure class=\"builder-gallery-image\" style=\"background-image: url(&#039;https:\/\/blog.zhdk.ch\/soundinmotion\/files\/2020\/10\/Rita-Maria-jurt_Gezeichnet-1024x576.jpg&#039;);padding-bottom: 56.25%;\"><\/figure>\n<div class=\"builder-gallery-content\">\n<div class=\"builder-gallery-content-inner\">\n<h4 class=\"builder-gallery-title\">\n\t\t\t\t\t\tRita Maria Jurt\t\t\t\t\t<\/h4>\n<div class=\"builder-gallery-description\">\n<h4>Gezeichnet<\/h4>\n<\/p><\/div>\n<\/p><\/div>\n<\/p><\/div>\n<\/p><\/div>\n<div class=\"builder-gallery-item  has-link last-3\" onclick=\"event.preventDefault(); window.open('https:\/\/youtu.be\/0a6FWFTwtVo');\">\n<figure class=\"builder-gallery-image\" style=\"background-image: url(&#039;https:\/\/blog.zhdk.ch\/soundinmotion\/files\/2020\/10\/Lev-Terner_Ritual-1024x576.jpg&#039;);padding-bottom: 56.25%;\"><\/figure>\n<div class=\"builder-gallery-content\">\n<div class=\"builder-gallery-content-inner\">\n<h4 class=\"builder-gallery-title\">\n\t\t\t\t\t\tLev Terner\t\t\t\t\t<\/h4>\n<div class=\"builder-gallery-description\">\n<h4>Ritual<\/h4>\n<\/p><\/div>\n<\/p><\/div>\n<\/p><\/div>\n<\/p><\/div>\n<div class=\"builder-gallery-item  has-link\" onclick=\"event.preventDefault(); window.open('https:\/\/youtu.be\/tYweUVPUq5k');\">\n<figure class=\"builder-gallery-image\" style=\"background-image: url(&#039;https:\/\/blog.zhdk.ch\/soundinmotion\/files\/2020\/10\/Etsuro-Masuda_Doppler-Waves-1024x576.jpg&#039;);padding-bottom: 56.25%;\"><\/figure>\n<div class=\"builder-gallery-content\">\n<div class=\"builder-gallery-content-inner\">\n<h4 class=\"builder-gallery-title\">\n\t\t\t\t\t\tEtsuro Masuda\t\t\t\t\t<\/h4>\n<div class=\"builder-gallery-description\">\n<h4>&#8218;Doppler Waves&#8216;<\/h4>\n<\/p><\/div>\n<\/p><\/div>\n<\/p><\/div>\n<\/p><\/div>\n<div class=\"builder-gallery-item  has-link\" onclick=\"event.preventDefault(); window.open('https:\/\/youtu.be\/oVU7qqY0qWI');\">\n<figure class=\"builder-gallery-image\" style=\"background-image: url(&#039;https:\/\/blog.zhdk.ch\/soundinmotion\/files\/2020\/10\/Noemi-Buechi_Danse-Modullique-1024x576.jpg&#039;);padding-bottom: 56.25%;\"><\/figure>\n<div class=\"builder-gallery-content\">\n<div class=\"builder-gallery-content-inner\">\n<h4 class=\"builder-gallery-title\">\n\t\t\t\t\t\tNo\u00e9mi B\u00fcchi\t\t\t\t\t<\/h4>\n<div class=\"builder-gallery-description\">\n<h4>Danse Modullique<\/h4>\n<\/p><\/div>\n<\/p><\/div>\n<\/p><\/div>\n<\/p><\/div>\n<div class=\"builder-gallery-item  has-link last-3\" onclick=\"event.preventDefault(); window.open('https:\/\/youtu.be\/R_bOTdaMEjY');\">\n<figure class=\"builder-gallery-image\" style=\"background-image: url(&#039;https:\/\/blog.zhdk.ch\/soundinmotion\/files\/2020\/10\/Jeroen-Van-Vulpen_Aliud-fuer-einen-Aggregat-und-Tonband_DxO-1024x576.jpg&#039;);padding-bottom: 56.25%;\"><\/figure>\n<div class=\"builder-gallery-content\">\n<div class=\"builder-gallery-content-inner\">\n<h4 class=\"builder-gallery-title\">\n\t\t\t\t\t\tJeroen Van Vulpen\t\t\t\t\t<\/h4>\n<div class=\"builder-gallery-description\">\n<h4>Aliud f\u00fcr einen Aggregat und Tonband<\/h4>\n<\/p><\/div>\n<\/p><\/div>\n<\/p><\/div>\n<\/p><\/div>\n<div class=\"builder-gallery-item  has-link\" onclick=\"event.preventDefault(); window.open('https:\/\/youtu.be\/hrm5x6bVUHw');\">\n<figure class=\"builder-gallery-image\" style=\"background-image: url(&#039;https:\/\/blog.zhdk.ch\/soundinmotion\/files\/2020\/10\/mq1.jpg&#039;);padding-bottom: 56.25%;\"><\/figure>\n<div class=\"builder-gallery-content\">\n<div class=\"builder-gallery-content-inner\">\n<h4 class=\"builder-gallery-title\">\n\t\t\t\t\t\tRapha\u00ebl Belfiore\t\t\t\t\t<\/h4>\n<div class=\"builder-gallery-description\">\n<p><FONT SIZE=\"4\">Study for moving loudspeaker in open space<\/font><\/p>\n<\/p><\/div>\n<\/p><\/div>\n<\/p><\/div>\n<\/p><\/div>\n<div class=\"builder-gallery-item  has-link\" onclick=\"event.preventDefault(); window.open('https:\/\/youtu.be\/Bp76v0UpLBg');\">\n<figure class=\"builder-gallery-image\" style=\"background-image: url(&#039;https:\/\/blog.zhdk.ch\/soundinmotion\/files\/2020\/10\/Ankathrin_za_reduce-1024x576.jpg&#039;);padding-bottom: 56.25%;\"><\/figure>\n<div class=\"builder-gallery-content\">\n<div class=\"builder-gallery-content-inner\">\n<h4 class=\"builder-gallery-title\">\n\t\t\t\t\t\tAnnkathrin P\u00f6pel\t\t\t\t\t<\/h4>\n<div class=\"builder-gallery-description\">\n<h4>Sounding Blood III<\/h4>\n<\/p><\/div>\n<\/p><\/div>\n<\/p><\/div>\n<\/p><\/div>\n<div class=\"builder-gallery-item  has-link last-3\" onclick=\"event.preventDefault(); window.open('https:\/\/youtu.be\/Oqes4RUJGa8');\">\n<figure class=\"builder-gallery-image\" style=\"background-image: url(&#039;https:\/\/blog.zhdk.ch\/soundinmotion\/files\/2020\/10\/Giles-Stewart-Hulley_In-Memoriam-1024x576.jpg&#039;);padding-bottom: 56.25%;\"><\/figure>\n<div class=\"builder-gallery-content\">\n<div class=\"builder-gallery-content-inner\">\n<h4 class=\"builder-gallery-title\">\n\t\t\t\t\t\tGiles Stewart Hully\t\t\t\t\t<\/h4>\n<div class=\"builder-gallery-description\">\n<h4>Im Memoriam<\/h4>\n<\/p><\/div>\n<\/p><\/div>\n<\/p><\/div>\n<\/p><\/div>\n<div class=\"builder-gallery-item  has-link\" onclick=\"event.preventDefault(); window.open('https:\/\/youtu.be\/EfSGNHI_kd4');\">\n<figure class=\"builder-gallery-image\" style=\"background-image: url(&#039;https:\/\/blog.zhdk.ch\/soundinmotion\/files\/2020\/10\/Tiziana-Alice-Greco_Lacqua-che-mi-porta_DxO-1024x576.jpg&#039;);padding-bottom: 56.25%;\"><\/figure>\n<div class=\"builder-gallery-content\">\n<div class=\"builder-gallery-content-inner\">\n<h4 class=\"builder-gallery-title\">\n\t\t\t\t\t\tTiziana Alice Greco\t\t\t\t\t<\/h4>\n<div class=\"builder-gallery-description\">\n<h4>L&#8217;acqua che mi porta<\/h4>\n<\/p><\/div>\n<\/p><\/div>\n<\/p><\/div>\n<\/p><\/div>\n<\/p><\/div>\n<\/section>\n<section id=\"builder-section-text_131\" class=\"builder-section-prev-gallery builder-section builder-section-text builder-section-next-text builder-text-columns-2\" style=\"background-size: cover; background-repeat: no-repeat;background-position: center center;\">\n<h3 class=\"builder-text-section-title\">\n        Program notes (8 pages)    <\/h3>\n<div class=\"builder-section-content\">\n<div class=\"builder-text-row\">\n<div class=\"builder-text-column builder-text-column-1\" id=\"builder-section-text_131-column-1\">\n<div class=\"builder-text-content\">\n<a href=\"https:\/\/blog.zhdk.ch\/soundinmotion\/files\/2020\/10\/Programmheft-SoundInMotionIIIV25-01-1.pdf\" class=\"pdfemb-viewer\" style=\"\" data-width=\"max\" data-height=\"max\" data-toolbar=\"bottom\" data-toolbar-fixed=\"off\">Programmheft-SoundInMotionIIIV25-01<\/a>\n<\/p><\/div>\n<\/p><\/div>\n<div class=\"builder-text-column builder-text-column-2\" id=\"builder-section-text_131-column-2\">\n<div class=\"builder-text-content\">\n\t\t\t\t\t\t\t\t\t\t\t<\/div>\n<\/p><\/div>\n<\/p><\/div>\n<div class=\"builder-text-row\">\n<div class=\"builder-text-column builder-text-column-3\" id=\"builder-section-text_131-column-1\">\n<div class=\"builder-text-content\">\n\t\t\t\t\t\t\t\t\t\t\t<\/div>\n<\/p><\/div>\n<\/p><\/div>\n<\/p><\/div>\n<\/section>\n<section id=\"builder-section-text_157\" class=\"builder-section-prev-text builder-section builder-section-text builder-section-last builder-text-columns-3\" style=\"background-size: cover; background-repeat: no-repeat;background-position: center center;\">\n<div class=\"builder-section-content\">\n<div class=\"builder-text-row\">\n<div class=\"builder-text-column builder-text-column-1\" id=\"builder-section-text_157-column-1\">\n<div class=\"builder-text-content\">\n<p><img loading=\"lazy\" decoding=\"async\" class=\"alignnone size-medium wp-image-1042\" src=\"https:\/\/blog.zhdk.ch\/soundinmotion\/files\/2020\/10\/2018_zhdk_logo_D_schwarz-300x200.jpg\" alt=\"\" width=\"300\" height=\"200\" \/><\/p>\n<\/p><\/div>\n<\/p><\/div>\n<div class=\"builder-text-column builder-text-column-2\" id=\"builder-section-text_157-column-2\">\n<div class=\"builder-text-content\">\n\t\t\t\t\t\t\t\t\t\t\t<\/div>\n<\/p><\/div>\n<div class=\"builder-text-column builder-text-column-3\" id=\"builder-section-text_157-column-3\">\n<div class=\"builder-text-content\">\n<p style=\"text-align: right\"><strong><big>ICST<\/big><\/strong><br \/>Institute for Computer Music and<br \/>Sound Technology<\/p>\n<\/p><\/div>\n<\/p><\/div>\n<\/p><\/div>\n<\/p><\/div>\n<\/section>\n","protected":false},"excerpt":{"rendered":"<p>Sound In Motion 3 January 25, 2020 Works by: Rapha\u00ebl Felix Belfiore, N\u00f6\u00e9mi B\u00fcchi, Michael Eberle, Tiziana Alice Greco, Giles Stewart Hulley, Rita Maria Jurt, Etsuro Masuda, Annkathrin P\u00f6pel, Lev Terner &amp; Jeroen van VulpenPeter F\u00e4rber: direction 25.1.2020 Mit Werken von: Rapha\u00ebl Felix Belfiore, N\u00f6\u00e9mi B\u00fcchi, Michael Eberle, Tiziana Alice Greco, Giles Stewart Hulley, Rita &hellip;<\/p>\n","protected":false},"author":231,"featured_media":0,"parent":0,"menu_order":0,"comment_status":"closed","ping_status":"closed","template":"template-builder.php","meta":{"footnotes":""},"class_list":["post-420","page","type-page","status-publish","hentry"],"_links":{"self":[{"href":"https:\/\/blog.zhdk.ch\/soundinmotion\/wp-json\/wp\/v2\/pages\/420","targetHints":{"allow":["GET"]}}],"collection":[{"href":"https:\/\/blog.zhdk.ch\/soundinmotion\/wp-json\/wp\/v2\/pages"}],"about":[{"href":"https:\/\/blog.zhdk.ch\/soundinmotion\/wp-json\/wp\/v2\/types\/page"}],"author":[{"embeddable":true,"href":"https:\/\/blog.zhdk.ch\/soundinmotion\/wp-json\/wp\/v2\/users\/231"}],"replies":[{"embeddable":true,"href":"https:\/\/blog.zhdk.ch\/soundinmotion\/wp-json\/wp\/v2\/comments?post=420"}],"version-history":[{"count":50,"href":"https:\/\/blog.zhdk.ch\/soundinmotion\/wp-json\/wp\/v2\/pages\/420\/revisions"}],"predecessor-version":[{"id":3414,"href":"https:\/\/blog.zhdk.ch\/soundinmotion\/wp-json\/wp\/v2\/pages\/420\/revisions\/3414"}],"wp:attachment":[{"href":"https:\/\/blog.zhdk.ch\/soundinmotion\/wp-json\/wp\/v2\/media?parent=420"}],"curies":[{"name":"wp","href":"https:\/\/api.w.org\/{rel}","templated":true}]}}