{"id":424,"date":"2020-10-14T18:56:44","date_gmt":"2020-10-14T18:56:44","guid":{"rendered":"https:\/\/blog.zhdk.ch\/soundinmotion\/?page_id=424"},"modified":"2024-09-30T07:53:15","modified_gmt":"2024-09-30T07:53:15","slug":"sound-in-motion-6","status":"publish","type":"page","link":"https:\/\/blog.zhdk.ch\/soundinmotion\/sound-in-motion-6\/","title":{"rendered":"Sound In Motion 6"},"content":{"rendered":"<section id=\"builder-section-text_11\" class=\"builder-section-first builder-section builder-section-text builder-section-next-gallery builder-text-columns-1\" style=\"background-size: cover; background-repeat: no-repeat;background-position: center center;\">\n<h3 class=\"builder-text-section-title\">\n        Sound In Motion 6 (Streaming)    <\/h3>\n<div class=\"builder-section-content\">\n<div class=\"builder-text-row\">\n<div class=\"builder-text-column builder-text-column-1\" id=\"builder-section-text_11-column-1\">\n<div class=\"builder-text-content\">\n<h5>23. Mai 2021, 18:00 &#8211; 19:30 h<\/h5>\n<p>Was passiert akustisch, musikalisch und visuell, wenn Lautsprecher bewegt werden? Welche gestalterischen M\u00f6glichkeiten bieten sich?<br \/>Zehn neue Arbeiten mit unterschiedlichen k\u00fcnstlerischen Ans\u00e4tzen und technischen Konzepten f\u00fcr den Einbezug von bewegten Lautsprechern wurden von den Teilnehmern und Teilnehmerinnen des Kurses <em>Komponieren mit und f\u00fcr bewegte Lautsprecher 6<\/em> 2021 kreiert.<br \/>Wegen den Einschr\u00e4nkungen durch die Corona-Pandemie kann das abschliessende Werkstattkonzert <strong>SoundInMotion 6<\/strong> nicht stattfinden. Stattdessen wurden diese zehn Arbeiten im April\/Mai 2021 aufgenommen und am 23. Mai um 18:00 Uhr als Urauff\u00fchrungen gestreamt.<\/p>\n<p>Mit Werken von:<br \/>Houry Dora Apartien, Lyn Bentschik, Jamira Estrada,\u00a0Giles Stewart Hulley, Rita Maria Jurt, Annkathrin P\u00f6pel,\u00a0Hugo Vasco Reis, Markus Schmied, Vivian Wang.<br \/>Peter F\u00e4rber (Leitung).<\/p>\n<\/p><\/div>\n<\/p><\/div>\n<\/p><\/div>\n<div class=\"builder-text-row\">\n<div class=\"builder-text-column builder-text-column-2\" id=\"builder-section-text_11-column-1\">\n<div class=\"builder-text-content\">\n<h5>23. Mai 2021, 18:00 &#8211; 19:30 h<\/h5>\n<p>What happens acoustically, musically and visually when speakers are moved? What creative possibilities are offered?<br \/>Ten new works with different artistic approaches and technical concepts for the inclusion of moving loudspeakers were created by the participants of the course <em>Composing with and for Moving Loudspeakers 6<\/em> 2021.<br \/>Due to the restrictions caused by the Corona pandemic, the final workshop concert <strong>SoundInMotion 6<\/strong> cannot take place. Instead, these ten works were recorded in April\/May 2021 and streamed as world premieres on May 23 at 6:00 pm.<\/p>\n<p>Featuring works by:<br \/>Houry Dora Apartien, Lyn Bentschik, Jamira Estrada, Giles Stewart Hulley, Rita Maria Jurt, Annkathrin P\u00f6pel, Hugo Vasco Reis, Markus Schmied, Vivian Wang.<br \/>Peter F\u00e4rber (direction).<\/p>\n<\/p><\/div>\n<\/p><\/div>\n<\/p><\/div>\n<div class=\"builder-text-row\">\n<div class=\"builder-text-column builder-text-column-3\" id=\"builder-section-text_11-column-1\">\n<div class=\"builder-text-content\">\n<p><div class=\"ttfmake-embed-wrapper aligncenter\" style=\"max-width: 960px;\"><iframe loading=\"lazy\" title=\"Sound In Motion 06\" width=\"960\" height=\"540\" src=\"https:\/\/www.youtube.com\/embed\/TTE0NJdDEo8?feature=oembed\" frameborder=\"0\" allow=\"accelerometer; autoplay; clipboard-write; encrypted-media; gyroscope; picture-in-picture; web-share\" referrerpolicy=\"strict-origin-when-cross-origin\" allowfullscreen><\/iframe><\/div>\n<\/p><\/div>\n<\/p><\/div>\n<\/p><\/div>\n<\/p><\/div>\n<\/section>\n<section id=\"builder-section-gallery_121\" class=\"builder-section-prev-text builder-section builder-section-gallery builder-section-next-text builder-gallery-columns-3 builder-gallery-captions-overlay builder-gallery-captions-light builder-gallery-aspect-none\" style=\"background-size: cover; background-repeat: no-repeat;background-position: center center;\">\n<div class=\"builder-section-content\">\n<div class=\"builder-gallery-item  has-link\" onclick=\"event.preventDefault(); window.open('https:\/\/youtu.be\/Ex6Ey6GwWdQ');\">\n<figure class=\"builder-gallery-image\" style=\"background-image: url(&#039;https:\/\/blog.zhdk.ch\/soundinmotion\/files\/2021\/05\/Lyn.jpg&#039;);padding-bottom: 56.25%;\"><\/figure>\n<div class=\"builder-gallery-content\">\n<div class=\"builder-gallery-content-inner\">\n<h4 class=\"builder-gallery-title\">\n\t\t\t\t\t\tLyn Bentschik\t\t\t\t\t<\/h4>\n<div class=\"builder-gallery-description\">\n<p><big>Biomorphil<\/big><\/p>\n<\/p><\/div>\n<\/p><\/div>\n<\/p><\/div>\n<\/p><\/div>\n<div class=\"builder-gallery-item  has-link\" onclick=\"event.preventDefault(); window.open('https:\/\/youtu.be\/dKgw2qqdeZI');\">\n<figure class=\"builder-gallery-image\" style=\"background-image: url(&#039;https:\/\/blog.zhdk.ch\/soundinmotion\/files\/2021\/05\/Giles.jpg&#039;);padding-bottom: 56.25%;\"><\/figure>\n<div class=\"builder-gallery-content\">\n<div class=\"builder-gallery-content-inner\">\n<h4 class=\"builder-gallery-title\">\n\t\t\t\t\t\tGiles Stewart Hulley\t\t\t\t\t<\/h4>\n<div class=\"builder-gallery-description\">\n<p><big>EXPLORER<\/big><\/p>\n<\/p><\/div>\n<\/p><\/div>\n<\/p><\/div>\n<\/p><\/div>\n<div class=\"builder-gallery-item  has-link last-3\" onclick=\"event.preventDefault(); window.open('https:\/\/youtu.be\/-SI30PF5Htk');\">\n<figure class=\"builder-gallery-image\" style=\"background-image: url(&#039;https:\/\/blog.zhdk.ch\/soundinmotion\/files\/2021\/05\/Rita.jpg&#039;);padding-bottom: 56.25%;\"><\/figure>\n<div class=\"builder-gallery-content\">\n<div class=\"builder-gallery-content-inner\">\n<h4 class=\"builder-gallery-title\">\n\t\t\t\t\t\tRita Maria Jurt\t\t\t\t\t<\/h4>\n<div class=\"builder-gallery-description\">\n<p><big>Et\u00fcde f\u00fcr zwei Aggregatlautsprecher<\/big><\/p>\n<\/p><\/div>\n<\/p><\/div>\n<\/p><\/div>\n<\/p><\/div>\n<div class=\"builder-gallery-item  has-link\" onclick=\"event.preventDefault(); window.open('https:\/\/youtu.be\/w_ligjBfRFU');\">\n<figure class=\"builder-gallery-image\" style=\"background-image: url(&#039;https:\/\/blog.zhdk.ch\/soundinmotion\/files\/2021\/05\/Hugo1.jpg&#039;);padding-bottom: 56.25%;\"><\/figure>\n<div class=\"builder-gallery-content\">\n<div class=\"builder-gallery-content-inner\">\n<h4 class=\"builder-gallery-title\">\n\t\t\t\t\t\tHugo Vasco Reis\t\t\t\t\t<\/h4>\n<div class=\"builder-gallery-description\">\n<p><big>Difra\u00e7\u00e3o (Diffraction)<\/big><\/p>\n<\/p><\/div>\n<\/p><\/div>\n<\/p><\/div>\n<\/p><\/div>\n<div class=\"builder-gallery-item  has-link\" onclick=\"event.preventDefault(); window.open('https:\/\/blog.zhdk.ch\/soundinmotion\/sim-6-annkathrin\/');\">\n<figure class=\"builder-gallery-image\" style=\"background-image: url(&#039;https:\/\/blog.zhdk.ch\/soundinmotion\/files\/2021\/05\/Annkathrin.jpg&#039;);padding-bottom: 56.25%;\"><\/figure>\n<div class=\"builder-gallery-content\">\n<div class=\"builder-gallery-content-inner\">\n<h4 class=\"builder-gallery-title\">\n\t\t\t\t\t\tAnnkathrin P\u00f6pel\t\t\t\t\t<\/h4>\n<div class=\"builder-gallery-description\">\n<p><big>Metamorphosis<\/big><\/p>\n<\/p><\/div>\n<\/p><\/div>\n<\/p><\/div>\n<\/p><\/div>\n<div class=\"builder-gallery-item  has-link last-3\" onclick=\"event.preventDefault(); window.open('https:\/\/youtu.be\/tyNSu926s6k');\">\n<figure class=\"builder-gallery-image\" style=\"background-image: url(&#039;https:\/\/blog.zhdk.ch\/soundinmotion\/files\/2021\/05\/Markus.jpg&#039;);padding-bottom: 56.25%;\"><\/figure>\n<div class=\"builder-gallery-content\">\n<div class=\"builder-gallery-content-inner\">\n<h4 class=\"builder-gallery-title\">\n\t\t\t\t\t\tMarkus Schmied\t\t\t\t\t<\/h4>\n<div class=\"builder-gallery-description\">\n<p><big>Desmophone in motion<\/big><\/p>\n<\/p><\/div>\n<\/p><\/div>\n<\/p><\/div>\n<\/p><\/div>\n<div class=\"builder-gallery-item  has-link\" onclick=\"event.preventDefault(); window.open('https:\/\/youtu.be\/HZt2lUMrdqo');\">\n<figure class=\"builder-gallery-image\" style=\"background-image: url(&#039;https:\/\/blog.zhdk.ch\/soundinmotion\/files\/2021\/05\/Hugo2.jpg&#039;);padding-bottom: 56.25%;\"><\/figure>\n<div class=\"builder-gallery-content\">\n<div class=\"builder-gallery-content-inner\">\n<h4 class=\"builder-gallery-title\">\n\t\t\t\t\t\tHugo Vasco Reis\t\t\t\t\t<\/h4>\n<div class=\"builder-gallery-description\">\n<p><big>Cordas em Ru\u00ednas (Strings in Ruins)<\/big><\/p>\n<\/p><\/div>\n<\/p><\/div>\n<\/p><\/div>\n<\/p><\/div>\n<div class=\"builder-gallery-item  has-link\" onclick=\"event.preventDefault(); window.open('https:\/\/youtu.be\/NeFgvxdhaFU');\">\n<figure class=\"builder-gallery-image\" style=\"background-image: url(&#039;https:\/\/blog.zhdk.ch\/soundinmotion\/files\/2021\/05\/Vivian.jpg&#039;);padding-bottom: 56.25%;\"><\/figure>\n<div class=\"builder-gallery-content\">\n<div class=\"builder-gallery-content-inner\">\n<h4 class=\"builder-gallery-title\">\n\t\t\t\t\t\tVivian Wang\t\t\t\t\t<\/h4>\n<div class=\"builder-gallery-description\">\n<p><big>Conference of the Rumbling Rice<\/big><\/p>\n<\/p><\/div>\n<\/p><\/div>\n<\/p><\/div>\n<\/p><\/div>\n<div class=\"builder-gallery-item  has-link last-3\" onclick=\"event.preventDefault(); window.open('https:\/\/youtu.be\/e6gd9C8GLtk');\">\n<figure class=\"builder-gallery-image\" style=\"background-image: url(&#039;https:\/\/blog.zhdk.ch\/soundinmotion\/files\/2021\/05\/Houry.jpg&#039;);padding-bottom: 56.25%;\"><\/figure>\n<div class=\"builder-gallery-content\">\n<div class=\"builder-gallery-content-inner\">\n<h4 class=\"builder-gallery-title\">\n\t\t\t\t\t\tHoury Dora Apartien\t\t\t\t\t<\/h4>\n<div class=\"builder-gallery-description\">\n<p><big>\u00abTogether In Solitude\u00bb<\/big><\/p>\n<\/p><\/div>\n<\/p><\/div>\n<\/p><\/div>\n<\/p><\/div>\n<div class=\"builder-gallery-item  has-link\" onclick=\"event.preventDefault(); window.open('https:\/\/youtu.be\/CRRikFbqtdc');\">\n<figure class=\"builder-gallery-image\" style=\"background-image: url(&#039;https:\/\/blog.zhdk.ch\/soundinmotion\/files\/2021\/05\/Jamira.jpg&#039;);padding-bottom: 56.25%;\"><\/figure>\n<div class=\"builder-gallery-content\">\n<div class=\"builder-gallery-content-inner\">\n<h4 class=\"builder-gallery-title\">\n\t\t\t\t\t\tJamira Estrada\t\t\t\t\t<\/h4>\n<div class=\"builder-gallery-description\">\n<p><big>\u00abin the wake of echoes in space, the stars still fall\u00bb<\/big><\/p>\n<\/p><\/div>\n<\/p><\/div>\n<\/p><\/div>\n<\/p><\/div>\n<\/p><\/div>\n<\/section>\n<section id=\"builder-section-text_63\" class=\"builder-section-prev-gallery builder-section builder-section-text builder-section-next-text builder-text-columns-2\" style=\"background-size: cover; background-repeat: no-repeat;background-position: center center;\">\n<div class=\"builder-section-content\">\n<div class=\"builder-text-row\">\n<div class=\"builder-text-column builder-text-column-1\" id=\"builder-section-text_63-column-1\">\n<div class=\"builder-text-content\">\n<p>Program notes (15 pages)<a href=\"https:\/\/blog.zhdk.ch\/soundinmotion\/files\/2021\/05\/Programmheft-6-06.pdf\" class=\"pdfemb-viewer\" style=\"\" data-width=\"max\" data-height=\"max\" data-toolbar=\"bottom\" data-toolbar-fixed=\"off\">_Programmheft-6-06<\/a><\/p>\n<\/p><\/div>\n<\/p><\/div>\n<div class=\"builder-text-column builder-text-column-2\" id=\"builder-section-text_63-column-2\">\n<div class=\"builder-text-content\">\n\t\t\t\t\t\t\t\t\t\t\t<\/div>\n<\/p><\/div>\n<\/p><\/div>\n<div class=\"builder-text-row\">\n<div class=\"builder-text-column builder-text-column-3\" id=\"builder-section-text_63-column-1\">\n<div class=\"builder-text-content\">\n\t\t\t\t\t\t\t\t\t\t\t<\/div>\n<\/p><\/div>\n<\/p><\/div>\n<\/p><\/div>\n<\/section>\n<section id=\"builder-section-text_35\" class=\"builder-section-prev-text builder-section builder-section-text builder-section-last builder-text-columns-3\" style=\"background-size: cover; background-repeat: no-repeat;background-position: center center;\">\n<div class=\"builder-section-content\">\n<div class=\"builder-text-row\">\n<div class=\"builder-text-column builder-text-column-1\" id=\"builder-section-text_35-column-1\">\n<div class=\"builder-text-content\">\n<p><img loading=\"lazy\" decoding=\"async\" class=\"alignnone size-medium wp-image-1042\" src=\"https:\/\/blog.zhdk.ch\/soundinmotion\/files\/2020\/10\/2018_zhdk_logo_D_schwarz-300x200.jpg\" alt=\"\" width=\"300\" height=\"200\" \/><\/p>\n<\/p><\/div>\n<\/p><\/div>\n<div class=\"builder-text-column builder-text-column-2\" id=\"builder-section-text_35-column-2\">\n<div class=\"builder-text-content\">\n\t\t\t\t\t\t\t\t\t\t\t<\/div>\n<\/p><\/div>\n<div class=\"builder-text-column builder-text-column-3\" id=\"builder-section-text_35-column-3\">\n<div class=\"builder-text-content\">\n<p style=\"text-align: right\"><strong><big>ICST<\/big><\/strong><br \/>Institute for Computer Music and <br \/>Sound Technology<\/p>\n<\/p><\/div>\n<\/p><\/div>\n<\/p><\/div>\n<\/p><\/div>\n<\/section>\n","protected":false},"excerpt":{"rendered":"<p>Sound In Motion 6 (Streaming) 23. Mai 2021, 18:00 &#8211; 19:30 h Was passiert akustisch, musikalisch und visuell, wenn Lautsprecher bewegt werden? Welche gestalterischen M\u00f6glichkeiten bieten sich?Zehn neue Arbeiten mit unterschiedlichen k\u00fcnstlerischen Ans\u00e4tzen und technischen Konzepten f\u00fcr den Einbezug von bewegten Lautsprechern wurden von den Teilnehmern und Teilnehmerinnen des Kurses Komponieren mit und f\u00fcr bewegte &hellip;<\/p>\n","protected":false},"author":231,"featured_media":0,"parent":0,"menu_order":0,"comment_status":"closed","ping_status":"closed","template":"template-builder.php","meta":{"footnotes":""},"class_list":["post-424","page","type-page","status-publish","hentry"],"_links":{"self":[{"href":"https:\/\/blog.zhdk.ch\/soundinmotion\/wp-json\/wp\/v2\/pages\/424","targetHints":{"allow":["GET"]}}],"collection":[{"href":"https:\/\/blog.zhdk.ch\/soundinmotion\/wp-json\/wp\/v2\/pages"}],"about":[{"href":"https:\/\/blog.zhdk.ch\/soundinmotion\/wp-json\/wp\/v2\/types\/page"}],"author":[{"embeddable":true,"href":"https:\/\/blog.zhdk.ch\/soundinmotion\/wp-json\/wp\/v2\/users\/231"}],"replies":[{"embeddable":true,"href":"https:\/\/blog.zhdk.ch\/soundinmotion\/wp-json\/wp\/v2\/comments?post=424"}],"version-history":[{"count":64,"href":"https:\/\/blog.zhdk.ch\/soundinmotion\/wp-json\/wp\/v2\/pages\/424\/revisions"}],"predecessor-version":[{"id":3394,"href":"https:\/\/blog.zhdk.ch\/soundinmotion\/wp-json\/wp\/v2\/pages\/424\/revisions\/3394"}],"wp:attachment":[{"href":"https:\/\/blog.zhdk.ch\/soundinmotion\/wp-json\/wp\/v2\/media?parent=424"}],"curies":[{"name":"wp","href":"https:\/\/api.w.org\/{rel}","templated":true}]}}