{"id":47,"date":"2021-04-08T10:48:07","date_gmt":"2021-04-08T10:48:07","guid":{"rendered":"https:\/\/blog.zhdk.ch\/soundmovingsources\/?page_id=47"},"modified":"2023-11-30T11:09:55","modified_gmt":"2023-11-30T11:09:55","slug":"veranstaltungen","status":"publish","type":"page","link":"https:\/\/blog.zhdk.ch\/soundmovingsources\/veranstaltungen\/","title":{"rendered":"Veranstaltungen"},"content":{"rendered":"<section id=\"builder-section-gallery_45\" class=\"builder-section-first builder-section builder-section-gallery builder-section-next-text builder-gallery-columns-1 builder-gallery-captions-reveal builder-gallery-captions-light builder-gallery-aspect-landscape\" style=\"background-size: cover; background-repeat: no-repeat;background-position: center center;\">\n<div class=\"builder-section-content\">\n<div class=\"builder-gallery-item \">\n<figure class=\"builder-gallery-image\" style=\"background-image: url(&#039;https:\/\/blog.zhdk.ch\/soundmovingsources\/files\/2022\/05\/Bild-17.05.22-um-10.48.jpg&#039;);\"><\/figure>\n<\/p><\/div>\n<\/p><\/div>\n<\/section>\n<section id=\"builder-section-text_11\" class=\"builder-section-prev-gallery builder-section builder-section-text builder-section-last builder-text-columns-1\" style=\"background-size: cover; background-repeat: no-repeat;background-position: center center;\">\n<div class=\"builder-section-content\">\n<div class=\"builder-text-row\">\n<div class=\"builder-text-column builder-text-column-1\" id=\"builder-section-text_11-column-1\">\n<div class=\"builder-text-content\">\n<h3><strong>Elektronisches Kammermusikkonzert: <\/strong><\/h3>\n<h2><strong>Heldend\u00e4mmerung<\/strong><\/h2>\n<p>Absoluttrio: Bettina Boller, Violine; Judith Gerster, Violoncello; Stefka Perifanova, Klavier. Philip Tschiemer, Software, Steuerung Mobile Lautsprecher; Gabriel Pineider, Software, Steuerung Live Elektronik und Licht; Komponistenkollektiv Homo Ludens (KKHL): Junghae Lee, Elnaz Seyedi (Gast), Giorgio Tedde, Komposition, Konzept; Peter F\u00e4rber, technisches Konzept, Leitung<\/p>\n<p>Ein Klaviertrio in Interaktion mit mobilen Lautsprechern \u2013 dieses ungew\u00f6hnliche Setting entstammt dem gemeinsamen Projekt von Absoluttrio und KKHL. Letzteres hat \u00fcber Jahre seine Idee bewegter Kl\u00e4nge im Raum weiterentwickelt. Daf\u00fcr wurde im Rahmen des Forschungsprojekts &#8222;Sound Moving Sources&#8220; am Institute for Computer Music and Sound Technology der ZHdK ein System mit mobilen Lautsprechern gebaut, das die Gestaltung von neuartigen, schillernden Klangr\u00e4umen erm\u00f6glicht. In der Zusammenarbeit mit dem Absoluttrio werden im Konzert die musikalische Anwendung und die potenziellen Ressourcen dieses mobilen Klangs im Raum pr\u00e4sentiert.<\/p>\n<p>Konzertdaten:<\/p>\n<p>&#8211; <strong>9 &amp;10. November 2022<\/strong>, 20:00 Uhr: Gare du Nord Basel<\/p>\n<p>&#8211; <strong>9. September 2022<\/strong>, 21:00 Uhr: \u00a0Musikfestival Bern, Dampfzentrale &#8211; Kesselhaus<\/p>\n<p>\u00a0\u00a0 Taktile F\u00fchrung: 20:00 Uhr<\/p>\n<p>\u00a0\u00a0 Konzert: 21:00 Uhr<br \/>\u00a0<a href=\"https:\/\/archiv.musikfestivalbern.ch\/2022\/De\/Programm\/Produktionen\/Info\/1395\/heldendmmerung.html\" target=\"_blank\" rel=\"noopener\">\u00abHeldend\u00e4mmerung\u00bb am Musikfestival Bern<\/a><\/p>\n<p>&#8211; <strong>3. Juli 2022<\/strong>, 13:00 Uhr: Vortragssaal ZHdK (Ausstellungsstrasse 60, 8005 Z\u00fcrich)<\/p>\n<\/p><\/div>\n<\/p><\/div>\n<\/p><\/div>\n<div class=\"builder-text-row\">\n<div class=\"builder-text-column builder-text-column-2\" id=\"builder-section-text_11-column-1\">\n<div class=\"builder-text-content\">\n<hr \/>\n<h2><strong>Tag der offenen T\u00fcr 2<\/strong><\/h2>\n<p>03.02.2022<br \/>Kleiner Konzertsaal 1 (7.K05), ZHdK<br \/>16:00, 17:30 h<\/p>\n<\/p><\/div>\n<\/p><\/div>\n<\/p><\/div>\n<div class=\"builder-text-row\">\n<div class=\"builder-text-column builder-text-column-3\" id=\"builder-section-text_11-column-1\">\n<div class=\"builder-text-content\">\n<hr \/>\n<h2>Tag der offenen T\u00fcr 1<\/h2>\n<p>09.07.2021<br \/>Grosser Konzertsaal 3 (7.K12), ZHdK<br \/>10:00, 13:30, 15:30, 17:30 h<\/p>\n<\/p><\/div>\n<\/p><\/div>\n<\/p><\/div>\n<\/p><\/div>\n<\/section>\n","protected":false},"excerpt":{"rendered":"<p>Elektronisches Kammermusikkonzert: Heldend\u00e4mmerung Absoluttrio: Bettina Boller, Violine; Judith Gerster, Violoncello; Stefka Perifanova, Klavier. Philip Tschiemer, Software, Steuerung Mobile Lautsprecher; Gabriel Pineider, Software, Steuerung Live Elektronik und Licht; Komponistenkollektiv Homo Ludens (KKHL): Junghae Lee, Elnaz Seyedi (Gast), Giorgio Tedde, Komposition, Konzept; Peter F\u00e4rber, technisches Konzept, Leitung Ein Klaviertrio in Interaktion mit mobilen Lautsprechern \u2013 dieses ungew\u00f6hnliche &hellip;<\/p>\n","protected":false},"author":231,"featured_media":0,"parent":0,"menu_order":0,"comment_status":"closed","ping_status":"closed","template":"template-builder.php","meta":{"footnotes":""},"class_list":["post-47","page","type-page","status-publish","hentry"],"_links":{"self":[{"href":"https:\/\/blog.zhdk.ch\/soundmovingsources\/wp-json\/wp\/v2\/pages\/47","targetHints":{"allow":["GET"]}}],"collection":[{"href":"https:\/\/blog.zhdk.ch\/soundmovingsources\/wp-json\/wp\/v2\/pages"}],"about":[{"href":"https:\/\/blog.zhdk.ch\/soundmovingsources\/wp-json\/wp\/v2\/types\/page"}],"author":[{"embeddable":true,"href":"https:\/\/blog.zhdk.ch\/soundmovingsources\/wp-json\/wp\/v2\/users\/231"}],"replies":[{"embeddable":true,"href":"https:\/\/blog.zhdk.ch\/soundmovingsources\/wp-json\/wp\/v2\/comments?post=47"}],"version-history":[{"count":34,"href":"https:\/\/blog.zhdk.ch\/soundmovingsources\/wp-json\/wp\/v2\/pages\/47\/revisions"}],"predecessor-version":[{"id":627,"href":"https:\/\/blog.zhdk.ch\/soundmovingsources\/wp-json\/wp\/v2\/pages\/47\/revisions\/627"}],"wp:attachment":[{"href":"https:\/\/blog.zhdk.ch\/soundmovingsources\/wp-json\/wp\/v2\/media?parent=47"}],"curies":[{"name":"wp","href":"https:\/\/api.w.org\/{rel}","templated":true}]}}