{"id":641,"date":"2024-12-19T08:00:24","date_gmt":"2024-12-19T08:00:24","guid":{"rendered":"https:\/\/blog.zhdk.ch\/soundmovingsources\/?page_id=641"},"modified":"2025-03-27T20:28:59","modified_gmt":"2025-03-27T20:28:59","slug":"hoertest-sound-moving-sources-1-5","status":"publish","type":"page","link":"https:\/\/blog.zhdk.ch\/soundmovingsources\/hoertest-sound-moving-sources-1-5\/","title":{"rendered":"H\u00f6rtest Sound Moving Sources 1.5 &#8211; Nr. 2, 14.5.2025"},"content":{"rendered":"<section id=\"builder-section-gallery_37\" class=\"builder-section-first builder-section builder-section-gallery builder-section-next-text builder-section-full-width builder-gallery-columns-1 builder-gallery-captions-none builder-gallery-captions-light builder-gallery-aspect-none\" style=\"background-size: cover; background-repeat: no-repeat;background-position: center center;\">\n<div class=\"builder-section-content\">\n<div class=\"builder-gallery-item \">\n<figure class=\"builder-gallery-image\" style=\"background-image: url(&#039;https:\/\/blog.zhdk.ch\/soundmovingsources\/files\/2024\/12\/Hearing-Test-1024x585.jpeg&#039;);padding-bottom: 57.12890625%;\"><\/figure>\n<\/p><\/div>\n<\/p><\/div>\n<\/section>\n<section id=\"builder-section-text_11\" class=\"builder-section-prev-gallery builder-section builder-section-text builder-section-last builder-text-columns-2\" style=\"background-size: cover; background-repeat: no-repeat;background-position: center center;\">\n<div class=\"builder-section-content\">\n<div class=\"builder-text-row\">\n<div class=\"builder-text-column builder-text-column-1\" id=\"builder-section-text_11-column-1\">\n<div class=\"builder-text-content\">\n<h1><span style=\"font-weight: 400\">Teilnehmer:innen f\u00fcr eine innovative H\u00f6rstudie gesucht!<\/span><\/h1>\n<p><b>Liebe Interessierte,<\/b><\/p>\n<p><span style=\"font-weight: 400\">Wir suchen Teilnehmer:innen f\u00fcr eine spannende H\u00f6rstudie, die die Wahrnehmung von Klangquellen in verschiedenen r\u00e4umlichen Szenarien untersucht. Dabei kombinieren wir feste Lautsprecher mit innovativen, beweglichen Lautsprechern, die sich im Raum bewegen.<\/span><\/p>\n<p><b>Worum geht es?<\/b><\/p>\n<p><span style=\"font-weight: 400\">Unser Ziel ist es, die akustische Wahrnehmung, emotionale Erfahrungen und die Interaktion zwischen visuellen und auditiven Reizen zu erforschen. Du nimmst an Blindtests (ohne Sicht auf die Lautsprecher) sowie an Tests mit sichtbaren Lautsprechern teil und bewertest deine Eindr\u00fccke \u00fcber kurze Frageb\u00f6gen.<\/span><\/p>\n<p><b>Dauer:<\/b><span style=\"font-weight: 400\"> ca. <\/span><b>120 Minuten<\/b><\/p>\n<p><b>Ort:<\/b><span style=\"font-weight: 400\"> Toni-Areal, Aktionsraum (5.K06)<\/span><\/p>\n<p><b>Zeitraum: <\/b><span style=\"font-weight: 400\">14.5.2025, 14:00 &#8211; 16:00 h<\/span><\/p>\n<p><b>Wer kann teilnehmen?<\/b><\/p>\n<ul>\n<li style=\"font-weight: 400\"><span style=\"font-weight: 400\">Personen ohne H\u00f6r- oder Seheinschr\u00e4nkungen.<\/span><\/li>\n<li style=\"font-weight: 400\"><span style=\"font-weight: 400\">Studierende aus der CH und der EU. Es ist uns leider nicht erlaubt, Studierende aus Drittstaaten zu besch\u00e4ftigen.<\/span><\/li>\n<li style=\"font-weight: 400\"><span style=\"font-weight: 400\">Keine Vorkenntnisse erforderlich \u2013 nur Offenheit und Neugier.<\/span><\/li>\n<\/ul>\n<p><b>Dein Vorteil:<\/b><\/p>\n<ul>\n<li style=\"font-weight: 400\"><b>Aufwandsentsch\u00e4digung<\/b><span style=\"font-weight: 400\">: Gutschein im Wert von Fr. 40.&#8211; f\u00fcr die Gastronomie des <\/span><a href=\"https:\/\/www.zfv.ch\/de\"><span style=\"font-weight: 400\">ZFV<\/span><\/a><span style=\"font-weight: 400\">, g\u00fcltig im Toni und in allen <\/span><a href=\"https:\/\/sorellhotels.com\/de\"><span style=\"font-weight: 400\">Sorrel Hotels<\/span><\/a><span style=\"font-weight: 400\">.<\/span><\/li>\n<li style=\"font-weight: 400\"><span style=\"font-weight: 400\">Spannende Einblicke in akustische Forschung.<\/span><\/li>\n<li style=\"font-weight: 400\"><span style=\"font-weight: 400\">Teilnahme an innovativen Klangexperimenten.<\/span><\/li>\n<\/ul>\n<p><b>Anmeldung:<\/b><\/p>\n<p><span style=\"font-weight: 400\">Schreibe uns bis 5.5.2025\u00a0 eine E-Mail an <\/span><a href=\"mailto:peter.faerber@zhdk.ch\"><span style=\"font-weight: 400\">peter.faerber@zhdk.ch<\/span><\/a><\/p>\n<p>Oder: <a href=\"https:\/\/doodle.com\/group-poll\/participate\/aQjVRY7b\" target=\"_blank\">Hier Anmeldung zum H\u00f6rtest 2 auf Doodle<\/a><\/p>\n<p><span style=\"font-weight: 400\">Wir freuen uns auf deine Teilnahme und bedanken uns f\u00fcr dein Interesse an unserer Forschung!\u00a0<\/span><\/p>\n<p><i><span style=\"font-weight: 400\">(Bitte beachte, dass deine Daten vertraulich behandelt werden.)<\/span><\/i><\/p>\n<p><br style=\"font-weight: 400\" \/><br style=\"font-weight: 400\" \/><\/p>\n<\/p><\/div>\n<\/p><\/div>\n<div class=\"builder-text-column builder-text-column-2\" id=\"builder-section-text_11-column-2\">\n<div class=\"builder-text-content\">\n<h1><span style=\"font-weight: 400\">Participants Wanted for an Innovative Hearing Study!<\/span><\/h1>\n<p><b>Dear Interested Individuals,<\/b><\/p>\n<p><span style=\"font-weight: 400\">We are looking for participants for an exciting hearing study exploring the perception of sound sources in various spatial scenarios. The study combines fixed loudspeakers with innovative movable loudspeakers that can travel through the room.<\/span><\/p>\n<p><b>What\u2019s the study about?<\/b><\/p>\n<p><span style=\"font-weight: 400\">Our goal is to investigate acoustic perception, emotional experiences, and the interaction between auditory and visual stimuli. You will take part in blind tests (without seeing the loudspeakers) as well as tests with visible loudspeakers and provide your feedback through short questionnaires.<\/span><\/p>\n<p><b>Duration:<\/b><span style=\"font-weight: 400\"> Approximately 120 minutes<\/span><\/p>\n<p><b>Location:<\/b><span style=\"font-weight: 400\"> Toni-Areal, Aktionsraum (5.K06)<\/span><\/p>\n<p><b>Date and Time:<\/b><span style=\"font-weight: 400\"> May 14, 2025, 2:00 PM \u2013 4:00 PM<\/span><\/p>\n<p><b>Who can participate?<\/b><\/p>\n<ul>\n<li style=\"font-weight: 400\"><span style=\"font-weight: 400\">Individuals with no hearing or vision impairments.<\/span><\/li>\n<li style=\"font-weight: 400\"><span style=\"font-weight: 400\">Students from Switzerland and the EU. Unfortunately, we are not permitted to employ students from non-EU\/third countries.<\/span><\/li>\n<li style=\"font-weight: 400\"><span style=\"font-weight: 400\">No prior experience required \u2013 just curiosity and openness!<\/span><\/li>\n<\/ul>\n<p><b>Your Benefits:<\/b><\/p>\n<ul>\n<li style=\"font-weight: 400\"><b>Compensation:<\/b><span style=\"font-weight: 400\"> Voucher worth CHF 40 for the\u00a0 <\/span><a href=\"https:\/\/www.zfv.ch\/de\"><span style=\"font-weight: 400\">ZFV<\/span><\/a><span style=\"font-weight: 400\"> restaurant network, valid in Toni-Areal and at all\u00a0 <\/span><a href=\"https:\/\/sorellhotels.com\/de\"><span style=\"font-weight: 400\">Sorrel Hotels<\/span><\/a><span style=\"font-weight: 400\"> establishments.<\/span><\/li>\n<li style=\"font-weight: 400\"><span style=\"font-weight: 400\">Exciting insights into acoustic research<\/span><\/li>\n<li style=\"font-weight: 400\"><span style=\"font-weight: 400\">Participation in innovative sound experiments<\/span><\/li>\n<\/ul>\n<p><b>How to apply:<\/b><\/p>\n<p><span style=\"font-weight: 400\">Send us an email by May 5, 2025, <\/span><a href=\"mailto:tpeter.faerber@zhdk.ch\"><span style=\"font-weight: 400\">peter.faerber@zhdk.ch<\/span><\/a><\/p>\n<p>Or: <a href=\"https:\/\/doodle.com\/group-poll\/participate\/aQjVRY7b\" target=\"_blank\">Here is the registration for Hearing Test 2 on Doodle.<\/a><\/p>\n<p><span style=\"font-weight: 400\">We look forward to your participation and thank you for your interest in our research!<\/span><\/p>\n<p><span style=\"font-weight: 400\">(<\/span><i><span style=\"font-weight: 400\">Please note that your personal information will be handled confidentially.<\/span><\/i><span style=\"font-weight: 400\">)<\/span><\/p>\n<\/p><\/div>\n<\/p><\/div>\n<\/p><\/div>\n<\/p><\/div>\n<\/section>\n","protected":false},"excerpt":{"rendered":"<p>Teilnehmer:innen f\u00fcr eine innovative H\u00f6rstudie gesucht! Liebe Interessierte, Wir suchen Teilnehmer:innen f\u00fcr eine spannende H\u00f6rstudie, die die Wahrnehmung von Klangquellen in verschiedenen r\u00e4umlichen Szenarien untersucht. Dabei kombinieren wir feste Lautsprecher mit innovativen, beweglichen Lautsprechern, die sich im Raum bewegen. Worum geht es? Unser Ziel ist es, die akustische Wahrnehmung, emotionale Erfahrungen und die Interaktion zwischen &hellip;<\/p>\n","protected":false},"author":231,"featured_media":0,"parent":0,"menu_order":0,"comment_status":"closed","ping_status":"closed","template":"template-builder.php","meta":{"footnotes":""},"class_list":["post-641","page","type-page","status-publish","hentry"],"_links":{"self":[{"href":"https:\/\/blog.zhdk.ch\/soundmovingsources\/wp-json\/wp\/v2\/pages\/641","targetHints":{"allow":["GET"]}}],"collection":[{"href":"https:\/\/blog.zhdk.ch\/soundmovingsources\/wp-json\/wp\/v2\/pages"}],"about":[{"href":"https:\/\/blog.zhdk.ch\/soundmovingsources\/wp-json\/wp\/v2\/types\/page"}],"author":[{"embeddable":true,"href":"https:\/\/blog.zhdk.ch\/soundmovingsources\/wp-json\/wp\/v2\/users\/231"}],"replies":[{"embeddable":true,"href":"https:\/\/blog.zhdk.ch\/soundmovingsources\/wp-json\/wp\/v2\/comments?post=641"}],"version-history":[{"count":13,"href":"https:\/\/blog.zhdk.ch\/soundmovingsources\/wp-json\/wp\/v2\/pages\/641\/revisions"}],"predecessor-version":[{"id":683,"href":"https:\/\/blog.zhdk.ch\/soundmovingsources\/wp-json\/wp\/v2\/pages\/641\/revisions\/683"}],"wp:attachment":[{"href":"https:\/\/blog.zhdk.ch\/soundmovingsources\/wp-json\/wp\/v2\/media?parent=641"}],"curies":[{"name":"wp","href":"https:\/\/api.w.org\/{rel}","templated":true}]}}