{"id":75,"date":"2021-04-08T13:42:50","date_gmt":"2021-04-08T13:42:50","guid":{"rendered":"https:\/\/blog.zhdk.ch\/soundmovingsources\/?page_id=75"},"modified":"2023-06-09T14:21:33","modified_gmt":"2023-06-09T14:21:33","slug":"tagebuch","status":"publish","type":"page","link":"https:\/\/blog.zhdk.ch\/soundmovingsources\/tagebuch\/","title":{"rendered":"Tagebuch"},"content":{"rendered":"<section id=\"builder-section-gallery_37\" class=\"builder-section-first builder-section builder-section-gallery builder-section-next-text builder-gallery-columns-3 builder-gallery-captions-overlay builder-gallery-captions-light builder-gallery-aspect-square\" style=\"background-size: cover; background-repeat: no-repeat;background-position: center center;\">\n<h3 class=\"builder-gallery-section-title\">\n        Tag der offenen T\u00fcr 1 (9.7.2021)    <\/h3>\n<div class=\"builder-section-content\">\n<div class=\"builder-gallery-item \">\n<figure class=\"builder-gallery-image\" style=\"background-image: url(&#039;https:\/\/blog.zhdk.ch\/soundmovingsources\/files\/2022\/01\/IMG_9295-768x1024.jpeg&#039;);\"><\/figure>\n<div class=\"builder-gallery-content\">\n<div class=\"builder-gallery-content-inner\">\n<h4 class=\"builder-gallery-title\">\n\t\t\t\t\t\tTechnische Details\t\t\t\t\t<\/h4>\n<\/p><\/div>\n<\/p><\/div>\n<\/p><\/div>\n<div class=\"builder-gallery-item \">\n<figure class=\"builder-gallery-image\" style=\"background-image: url(&#039;https:\/\/blog.zhdk.ch\/soundmovingsources\/files\/2022\/01\/IMG_9297-1024x768.jpeg&#039;);\"><\/figure>\n<div class=\"builder-gallery-content\">\n<div class=\"builder-gallery-content-inner\">\n<h4 class=\"builder-gallery-title\">\n\t\t\t\t\t\tVorbereitungen im KS3\t\t\t\t\t<\/h4>\n<\/p><\/div>\n<\/p><\/div>\n<\/p><\/div>\n<div class=\"builder-gallery-item  last-3\">\n<figure class=\"builder-gallery-image\" style=\"background-image: url(&#039;https:\/\/blog.zhdk.ch\/soundmovingsources\/files\/2022\/01\/IMG_9222-768x1024.jpg&#039;);\"><\/figure>\n<div class=\"builder-gallery-content\">\n<div class=\"builder-gallery-content-inner\">\n<h4 class=\"builder-gallery-title\">\n\t\t\t\t\t\tPrototyp 1\t\t\t\t\t<\/h4>\n<\/p><\/div>\n<\/p><\/div>\n<\/p><\/div>\n<\/p><\/div>\n<\/section>\n<section id=\"builder-section-text_230\" class=\"builder-section-prev-gallery builder-section builder-section-text builder-section-next-gallery builder-text-columns-4\" style=\"background-size: cover; background-repeat: no-repeat;background-position: center center;\">\n<h3 class=\"builder-text-section-title\">\n        Experimente    <\/h3>\n<div class=\"builder-section-content\">\n<div class=\"builder-text-row\">\n<div class=\"builder-text-column builder-text-column-1\" id=\"builder-section-text_230-column-1\">\n<div class=\"builder-text-content\">\n<p>Experimente (noch) mit Kabel<\/p>\n<div style=\"width: 848px;\" class=\"wp-video\"><video class=\"wp-video-shortcode\" id=\"video-75-1\" width=\"848\" height=\"480\" preload=\"metadata\" controls=\"controls\"><source type=\"video\/mp4\" src=\"https:\/\/blog.zhdk.ch\/soundmovingsources\/files\/2023\/06\/3.mob_.LS_.Experiment.mit_.Kabel_.mp4?_=1\" \/><a href=\"https:\/\/blog.zhdk.ch\/soundmovingsources\/files\/2023\/06\/3.mob_.LS_.Experiment.mit_.Kabel_.mp4\">https:\/\/blog.zhdk.ch\/soundmovingsources\/files\/2023\/06\/3.mob_.LS_.Experiment.mit_.Kabel_.mp4<\/a><\/video><\/div>\n<\/p><\/div>\n<\/p><\/div>\n<div class=\"builder-text-column builder-text-column-2\" id=\"builder-section-text_230-column-2\">\n<div class=\"builder-text-content\">\n<p>Experiment im Labor<\/p>\n<p><img loading=\"lazy\" decoding=\"async\" class=\"alignnone size-medium wp-image-557\" src=\"https:\/\/blog.zhdk.ch\/soundmovingsources\/files\/2023\/06\/IMG_0291-300x225.jpeg\" alt=\"\" width=\"300\" height=\"225\" srcset=\"https:\/\/blog.zhdk.ch\/soundmovingsources\/files\/2023\/06\/IMG_0291-300x225.jpeg 300w, https:\/\/blog.zhdk.ch\/soundmovingsources\/files\/2023\/06\/IMG_0291-1024x768.jpeg 1024w, https:\/\/blog.zhdk.ch\/soundmovingsources\/files\/2023\/06\/IMG_0291-768x576.jpeg 768w, https:\/\/blog.zhdk.ch\/soundmovingsources\/files\/2023\/06\/IMG_0291-1536x1152.jpeg 1536w, https:\/\/blog.zhdk.ch\/soundmovingsources\/files\/2023\/06\/IMG_0291-2048x1536.jpeg 2048w\" sizes=\"auto, (max-width: 300px) 100vw, 300px\" \/><\/p>\n<\/p><\/div>\n<\/p><\/div>\n<div class=\"builder-text-column builder-text-column-3\" id=\"builder-section-text_230-column-3\">\n<div class=\"builder-text-content\">\n<p>Experiment im Labor <\/p>\n<p><img loading=\"lazy\" decoding=\"async\" class=\"alignnone size-medium wp-image-559\" src=\"https:\/\/blog.zhdk.ch\/soundmovingsources\/files\/2023\/06\/IMG_0294-300x225.jpeg\" alt=\"\" width=\"300\" height=\"225\" srcset=\"https:\/\/blog.zhdk.ch\/soundmovingsources\/files\/2023\/06\/IMG_0294-300x225.jpeg 300w, https:\/\/blog.zhdk.ch\/soundmovingsources\/files\/2023\/06\/IMG_0294-1024x768.jpeg 1024w, https:\/\/blog.zhdk.ch\/soundmovingsources\/files\/2023\/06\/IMG_0294-768x576.jpeg 768w, https:\/\/blog.zhdk.ch\/soundmovingsources\/files\/2023\/06\/IMG_0294-1536x1152.jpeg 1536w, https:\/\/blog.zhdk.ch\/soundmovingsources\/files\/2023\/06\/IMG_0294-2048x1536.jpeg 2048w\" sizes=\"auto, (max-width: 300px) 100vw, 300px\" \/><\/p>\n<\/p><\/div>\n<\/p><\/div>\n<div class=\"builder-text-column builder-text-column-4\" id=\"builder-section-text_230-column-4\">\n<div class=\"builder-text-content\">\n<p>Experiment im Labor <\/p>\n<p><img loading=\"lazy\" decoding=\"async\" class=\"alignnone size-medium wp-image-563\" src=\"https:\/\/blog.zhdk.ch\/soundmovingsources\/files\/2023\/06\/IMG_0608-300x225.jpeg\" alt=\"\" width=\"300\" height=\"225\" srcset=\"https:\/\/blog.zhdk.ch\/soundmovingsources\/files\/2023\/06\/IMG_0608-300x225.jpeg 300w, https:\/\/blog.zhdk.ch\/soundmovingsources\/files\/2023\/06\/IMG_0608-1024x768.jpeg 1024w, https:\/\/blog.zhdk.ch\/soundmovingsources\/files\/2023\/06\/IMG_0608-768x576.jpeg 768w, https:\/\/blog.zhdk.ch\/soundmovingsources\/files\/2023\/06\/IMG_0608-1536x1152.jpeg 1536w, https:\/\/blog.zhdk.ch\/soundmovingsources\/files\/2023\/06\/IMG_0608-2048x1536.jpeg 2048w\" sizes=\"auto, (max-width: 300px) 100vw, 300px\" \/><\/p>\n<\/p><\/div>\n<\/p><\/div>\n<\/p><\/div>\n<\/p><\/div>\n<\/section>\n<section id=\"builder-section-gallery_45\" class=\"builder-section-prev-text builder-section builder-section-gallery builder-section-next-text builder-gallery-columns-3 builder-gallery-captions-reveal builder-gallery-captions-light builder-gallery-aspect-square\" style=\"background-size: cover; background-repeat: no-repeat;background-position: center center;\">\n<h3 class=\"builder-gallery-section-title\">\n        Arbeitssession September 2021    <\/h3>\n<div class=\"builder-section-content\">\n<div class=\"builder-gallery-item \">\n<figure class=\"builder-gallery-image\" style=\"background-image: url(&#039;https:\/\/blog.zhdk.ch\/soundmovingsources\/files\/2022\/01\/IMG_9722-1024x768.jpeg&#039;);\"><\/figure>\n<div class=\"builder-gallery-content\">\n<div class=\"builder-gallery-content-inner\">\n<h4 class=\"builder-gallery-title\">\n\t\t\t\t\t\tForschen&#8230;\t\t\t\t\t<\/h4>\n<\/p><\/div>\n<\/p><\/div>\n<\/p><\/div>\n<div class=\"builder-gallery-item \">\n<figure class=\"builder-gallery-image\" style=\"background-image: url(&#039;https:\/\/blog.zhdk.ch\/soundmovingsources\/files\/2022\/01\/IMG_9711-768x1024.jpeg&#039;);\"><\/figure>\n<div class=\"builder-gallery-content\">\n<div class=\"builder-gallery-content-inner\">\n<h4 class=\"builder-gallery-title\">\n\t\t\t\t\t\tDefinieren&#8230;\t\t\t\t\t<\/h4>\n<\/p><\/div>\n<\/p><\/div>\n<\/p><\/div>\n<div class=\"builder-gallery-item  last-3\">\n<figure class=\"builder-gallery-image\" style=\"background-image: url(&#039;https:\/\/blog.zhdk.ch\/soundmovingsources\/files\/2022\/01\/IMG_9729-1024x576.jpeg&#039;);\"><\/figure>\n<div class=\"builder-gallery-content\">\n<div class=\"builder-gallery-content-inner\">\n<h4 class=\"builder-gallery-title\">\n\t\t\t\t\t\tTesten&#8230;\t\t\t\t\t<\/h4>\n<\/p><\/div>\n<\/p><\/div>\n<\/p><\/div>\n<div class=\"builder-gallery-item \"><\/div>\n<div class=\"builder-gallery-item \"><\/div>\n<\/p><\/div>\n<\/section>\n<section id=\"builder-section-text_71\" class=\"builder-section-prev-gallery builder-section builder-section-text builder-section-last builder-text-columns-1\" style=\"background-size: cover; background-repeat: no-repeat;background-position: center center;\">\n<h3 class=\"builder-text-section-title\">\n        Tag der offene T\u00fcr 2    <\/h3>\n<div class=\"builder-section-content\">\n<div class=\"builder-text-row\">\n<div class=\"builder-text-column builder-text-column-1\" id=\"builder-section-text_71-column-1\">\n<div class=\"builder-text-content\">\n<p><strong>Tag der offenen T\u00fcr 2<\/strong>: 3.2.2022<br \/><strong>KS1<\/strong>, Konzertsaal 1, Toni-Areal<\/p>\n<p>Pr\u00e4sentation 1: 16:00 &#8211; 17:00 h, <a href=\"https:\/\/youtu.be\/eiZ0Tdzgsug\" target=\"_blank\" rel=\"noopener\">Aufzeichnung \u00a0auf YouTube<\/a><br \/>Pr\u00e4sentation 2: 17:30 &#8211; 18:30 h, <a href=\"https:\/\/youtu.be\/iPHdWRUA_zY\" target=\"_blank\" rel=\"noopener\">Aufzeichnung auf YouTube<\/a><\/p>\n<p>Bewegende Lautsprecher verursachen Amplituden- und Frequenzmodulation und setzen den Klang real in den Raum. Der bewegte Lautsprecher wird als Punktschallquelle wahrgenommen, macht ihn deutlich h\u00f6r-, lokalisier-und sichtbar.<br \/>Das Forschungsprojekt untersucht nun die M\u00f6glichkeiten, wie ein Lautsprecher sich im Raum bewegen kann, um im Zusammenspiel mit Musikern variable und bewegliche Klangr\u00e4ume zu etablieren und neue Rezeptionsarten vor-zustellen. Dabei werden technische L\u00f6sungen entwickelt wie auch eine Steuersprache, mit der Komponisten*innen den Lautsprecher nach musikalischen und kompositorischen Bed\u00fcrfnissen kontrollieren k\u00f6nnen.<\/p>\n<p>Am zweiten \u00abTag der offenen T\u00fcr\u00bb pr\u00e4sentieren wir den ersten verbesserten und den zweiten Prototypen in ihren konzeptionellen und technischen Aspekte. Zudem ist \u00a0zu erleben, welchen Einfluss die Bewegung auf den Klang und die Wahrnehmung hat. Die H\u00f6rbeispiele werden zusammen mit den\u00a0Mitgliederinnen des Absolut Trios gestaltet.<\/p>\n<p>Erleben und erfahren Sie die Wirkung bewegter Lautsprecher selber in den H\u00f6rbeispielen. Diskutieren Sie mit uns ihre Eindr\u00fccke.<\/p>\n<\/p><\/div>\n<\/p><\/div>\n<\/p><\/div>\n<\/p><\/div>\n<\/section>\n","protected":false},"excerpt":{"rendered":"<p>Tag der offenen T\u00fcr 1 (9.7.2021) Technische Details Vorbereitungen im KS3 Prototyp 1 Experimente Experimente (noch) mit Kabel Experiment im Labor Experiment im Labor Experiment im Labor Arbeitssession September 2021 Forschen&#8230; Definieren&#8230; Testen&#8230; Tag der offene T\u00fcr 2 Tag der offenen T\u00fcr 2: 3.2.2022KS1, Konzertsaal 1, Toni-Areal Pr\u00e4sentation 1: 16:00 &#8211; 17:00 h, Aufzeichnung \u00a0auf &hellip;<\/p>\n","protected":false},"author":231,"featured_media":0,"parent":0,"menu_order":0,"comment_status":"closed","ping_status":"closed","template":"template-builder.php","meta":{"footnotes":""},"class_list":["post-75","page","type-page","status-publish","hentry"],"_links":{"self":[{"href":"https:\/\/blog.zhdk.ch\/soundmovingsources\/wp-json\/wp\/v2\/pages\/75","targetHints":{"allow":["GET"]}}],"collection":[{"href":"https:\/\/blog.zhdk.ch\/soundmovingsources\/wp-json\/wp\/v2\/pages"}],"about":[{"href":"https:\/\/blog.zhdk.ch\/soundmovingsources\/wp-json\/wp\/v2\/types\/page"}],"author":[{"embeddable":true,"href":"https:\/\/blog.zhdk.ch\/soundmovingsources\/wp-json\/wp\/v2\/users\/231"}],"replies":[{"embeddable":true,"href":"https:\/\/blog.zhdk.ch\/soundmovingsources\/wp-json\/wp\/v2\/comments?post=75"}],"version-history":[{"count":25,"href":"https:\/\/blog.zhdk.ch\/soundmovingsources\/wp-json\/wp\/v2\/pages\/75\/revisions"}],"predecessor-version":[{"id":567,"href":"https:\/\/blog.zhdk.ch\/soundmovingsources\/wp-json\/wp\/v2\/pages\/75\/revisions\/567"}],"wp:attachment":[{"href":"https:\/\/blog.zhdk.ch\/soundmovingsources\/wp-json\/wp\/v2\/media?parent=75"}],"curies":[{"name":"wp","href":"https:\/\/api.w.org\/{rel}","templated":true}]}}