{"id":479,"date":"2015-02-10T11:55:38","date_gmt":"2015-02-10T09:55:38","guid":{"rendered":"https:\/\/blog.zhdk.ch\/ssmn\/?page_id=479"},"modified":"2015-10-26T22:37:44","modified_gmt":"2015-10-26T20:37:44","slug":"about","status":"publish","type":"page","link":"https:\/\/blog.zhdk.ch\/ssmn\/about\/","title":{"rendered":"ABOUT"},"content":{"rendered":"<div>\n<h3><\/h3>\n<p>&nbsp;<\/p>\n<h3><strong>OVERVIEW<\/strong><\/h3>\n<\/div>\n<div>\n<p>A RESEARCH PROJECT AT THE ICST (ZHdK)<\/p>\n<p>SSMN intends to develop a conceptual framework and a tool set that allows composers to integrate spatialization in musical notation from the onset of the creation process.<br \/>\nAs the composition takes form and graphic symbols expressing spatialization is introduced into the score, instant audio rendering provides feedback within a surround sound configuration.<br \/>\nIn parallel, SSMN helps interpreters and audio engineers to learn and master scores that contain complex instructions of motion in space easily recognizable both in printed and animated electronic format.<\/p>\n<p>At first a <em>SSMN Spatial Taxonomy<\/em> was established to identify key motion in space possibilities within musical context; consequently, a collection of <em>SSMN Symbols<\/em> has been designed and implemented in a software library of graphical objects within a dedicated editor, &#8220;MuseScoreSSMN&#8221;, \u00a0that has been developed to allow interactive use of this library along with common western music notation (CWMN).<br \/>\nIn order to bridge the gap between visual elements and audio perception, an\u00a0<em>SSMN-Rendering-Engine<\/em> application is at the heart of OSC inter-application communication strategies allowing the use of DAW and user-defined programming environments along with <em>MuseScoreSSMN<\/em>.<\/p>\n<p>A prototype has been prepared and tested by a user group consisting of composers and performers. Further research shall address other user cases integrating electroacoustic paradigms.<\/p>\n<p><strong>Keywords<\/strong><\/p>\n<p>Notation of spatialization, Symbolic music representation, Graphic score editing, Spatiomorphology, Audio rendering of musical scores, Live electronics composition, Taxonomy of space.<\/p>\n<address>This is a research project from the Institute for Computer Music and Sound Technology ( ICST ) at the ZHdK ( Z\u00fcrcher Hochschule der K\u00fcnste ) in Z\u00fcrich .<\/address>\n<address>\u00a0<\/address>\n<p><strong><span style=\"color: #000000\">Research Team:<\/span><\/strong><\/p>\n<p>Emile Ellberger \/ Germ\u00e1n Toro-P\u00e9rez \/ Giorgio Zoia \/ Christian Schweizer\u00a0\/ Johannes Sch\u00fctt \/ Linda Cavaliero \/ Basile Zimmermann<\/p>\n<p>SSMN team members biographies<\/p>\n<p><b>Emile Ellberger<\/b>\u00a0has been applying his skills in electroacoustics and digital audio research ever since 1969. As composer, researcher and teacher he has concentrated on issues of physical space and physiological response to sound motion. While integrating spatialization engineering into his musical output, spatialization being an inherent ingredient of musical performance,\u00a0he investigated new strategies in musical notation of spatialization, and in 2004, he began researching into scoring for WFS (Wave Field Synthesis) with Giogio Zoia at the EPFL (2004-2005). Consequently, he undertook a research project on spatial vocabulary and paradigms in Geneva and led a symposium with Bertrand Merlier (2005a). This ongoing research developed into the premises of the present SSMN submission. In parallel, at the Physics Department of the University of Geneva, he researched into spatial multi-media interactivity and designed his audio\/video system <i>Cosmophone-II<\/i> (2004-2007). In the ICST 2008 Sommerkurs in Zurich, he taught the seminar on practical applications in audio spatialization in art installations. A large number of his multi-channel compositions have been created in collaboration with artists, physicians (2005b) and sculptors (2008). As professor of electroacoustics and founder of the computer music division at the Conservatoire Sup\u00e9rieur de Musique de Gen\u00e8ve he organized events and supervised the live-electronics works of student composers wherein spatialization was a primary objective. In this context, he initiated and coordinated collaborations with various institutions (IRCAM, RSR, HES Beaux Arts, AMEG), and lectured on audio applications in installations at the Haute Ecole des Beaux Arts (2001-2006).<\/p>\n<p><b>Johannes Sch\u00fctt<\/b> has done intensive spatialization research work on tool development for implementation of ambisonics with Gerald Bennett at the Swiss Center for Computer Music. Since 2005 at the ICST, he helped to develop VST plug-ins together with Dave Malham (University of York), C-Sound Instruments and the first generation of Max\/MSP Tools. As the person responsible for the computer music studio and for the composers\u2019 residencies program at the ICST, Johannes Sch\u00fctt worked as Musical Assistant to various composers (1). Through his collaboration with them, he was confronted with managing various parameters of spatialization (i.e. orchestration of sound in space, controlling distance, trajectories and masses, virtual room characteristics, etc.). The issue of graphical symbolic representation arose when scoring was needed. As a result, several at temps led to the formalization of the concept of a catalogue of spatialization symbols that could be available to composers and be understood by interpreters. As a composer and interpreter (clarinetist), he has experimented with spatialization notation in his compositions and is currently involved in SSMN research. (Schuett et al. 2010), (Schuett 2007, 2008). Today, Johannes Sch\u00fctt\u2019s activities include courses for computer music students and master students in electroacoustic composition, and continues his activities as Musical Assistant for visiting composers and the performance of their pieces in concert.<\/p>\n<p><b>Giorgio Zoia <\/b>has worked for nine years at EPFL as assistant and scientific advisor in multimedia and signal processing; all along those years he developed research interests spanning from virtual architectures and fast execution engines for digital audio processing, 3D spatialization, audio synthesis and coding, representations and description of sound, interaction and intelligent user interfaces for media control.<br \/>\nHe has been actively collaborating with MPEG since 1997, receiving three times the ISO\u00a0Certificate of Appreciation for work in the audio and systems groups, including one for being co-editor of the synthetic and natural hybrid coding of sound (Structured Audio) and the last one for being chair and co-editor of the Symbolic Music Representation ad-hoc group. This last activity started with a proposal of the MusicNetwork European network of excellence and led to several workshops and development meetings with worldwide experts in the domain of music representation, notation, editing and distribution. An international MPEG standard has been developed in parallel and finally approved by ISO in 2008 for symbolic music representation in electronic format (MPEG-4 SMN); during the last phase of this standardization process, Giorgio Zoia was involved in the SSMN initiative providing technical consulting and IT engineering support. He has also collaborated in the last few years in contemporary music concerts with live electronics and in multimedia artistic expositions in Switzerland and abroad.<\/p>\n<p><b>Germ\u00e1n Toro P\u00e9rez<\/b> is composer, professor for electroacoustic composition and director of the ICST. The study and use of typomorphologies as well as the use of different strategies to represent and describe sound in a discursive or in a graphic manner root on eleven years of experience teaching analysis of electroacoustic music at university level (1999-2010). A paper on composition theory of electroacoustic music deals with the difference between stereo and two-channel and the consequences from the point of view of musical form (Toro P\u00e9rez, 2007). There is a connection to another actual DORE-submission (Disembodied Voice) concerning research of sound typomorphologies. Anyway, the focus on sound typology within artistic research at ICST is new. His catalogue of works includes over 50 compositions for different instrumental groups and media. Among them there are several compositions with different formats and strategies of spatialization (Toro P\u00e9rez, 2010a, 2010b, 2006), (Schuett, Toro P\u00e9rez &amp; Schuetz, 2010).<\/p>\n<p><b>Linda Cavaliero\u00a0<\/b>(SSMN Designer)<br \/>\nBACHELOR IN ARTS &amp; DESIGN, section\u00a0 MEDIA, Central Saint Martins, Londres<br \/>\nDIPLOMA in Foundation studies in Arts &amp; Design, Central Saint Martins, Londres<br \/>\nCERTIFICAT DE MATURITE ARTISTIQUE, Gen\u00e8ve<br \/>\nGRAPHISME et WEB DESIGN free-lance 2003-2011<br \/>\nselon les projets: site web, ligne graphique, logo, flyer, affiche, carte de visite, portfolio, photographie<br \/>\nREALISATION et MONTAGE\u00a0 free-lance 2003-2011<br \/>\n2008-2011 Prise de vue, montage vid\u00e9o, cr\u00e9ation de DVDs ; 2006-2010: Conception d\u2019une vingtaine de vid\u00e9os ; 2007 Cr\u00e9ation d\u2019un morphing ; 2004-2005: R\u00e9alisation de documentaire et Montage vid\u00e9o<br \/>\nInstallations vid\u00e9o, exposition: Galerie Hors-Jeu (2004 Gen\u00e8ve), Freud Museum (2001 Londres), Bar Local (1999 Barcelone), Central Saint Martins (1998 et 2002 Londres)<\/p>\n<p><strong>Basile Zimmermann<\/strong> is Assistant Professor of Chinese Studies at the\u00a0University of Geneva, Switzerland, where he teaches China studies and\u00a0conducts research in the fields of Chinese studies, science and\u00a0technology studies, and sociology of art. He is also director of the\u00a0Confucius Institute at the University of Geneva, a platform for\u00a0scientific exchange between China and the West.\u00a0He is the author of <i>Waves and Forms: Electronic Music Devices and Computer Encodings in China<\/i> (MIT Press, Inside Technology, 2015).<\/p>\n<p>&nbsp;<\/p>\n<p>&nbsp;<\/p>\n<\/div>\n","protected":false},"excerpt":{"rendered":"<p>&nbsp; OVERVIEW A RESEARCH PROJECT AT THE ICST (ZHdK) SSMN intends to develop a conceptual framework and a tool set that allows composers to integrate spatialization in musical notation from the onset of the creation process. As the composition takes &hellip; <a href=\"https:\/\/blog.zhdk.ch\/ssmn\/about\/\">Continue reading <span class=\"meta-nav\">&rarr;<\/span><\/a><\/p>\n","protected":false},"author":896,"featured_media":0,"parent":0,"menu_order":0,"comment_status":"open","ping_status":"open","template":"","meta":{"ngg_post_thumbnail":0,"footnotes":""},"class_list":["post-479","page","type-page","status-publish","hentry"],"_links":{"self":[{"href":"https:\/\/blog.zhdk.ch\/ssmn\/wp-json\/wp\/v2\/pages\/479","targetHints":{"allow":["GET"]}}],"collection":[{"href":"https:\/\/blog.zhdk.ch\/ssmn\/wp-json\/wp\/v2\/pages"}],"about":[{"href":"https:\/\/blog.zhdk.ch\/ssmn\/wp-json\/wp\/v2\/types\/page"}],"author":[{"embeddable":true,"href":"https:\/\/blog.zhdk.ch\/ssmn\/wp-json\/wp\/v2\/users\/896"}],"replies":[{"embeddable":true,"href":"https:\/\/blog.zhdk.ch\/ssmn\/wp-json\/wp\/v2\/comments?post=479"}],"version-history":[{"count":27,"href":"https:\/\/blog.zhdk.ch\/ssmn\/wp-json\/wp\/v2\/pages\/479\/revisions"}],"predecessor-version":[{"id":1882,"href":"https:\/\/blog.zhdk.ch\/ssmn\/wp-json\/wp\/v2\/pages\/479\/revisions\/1882"}],"wp:attachment":[{"href":"https:\/\/blog.zhdk.ch\/ssmn\/wp-json\/wp\/v2\/media?parent=479"}],"curies":[{"name":"wp","href":"https:\/\/api.w.org\/{rel}","templated":true}]}}