{"id":11,"date":"2013-04-23T07:39:52","date_gmt":"2013-04-23T05:39:52","guid":{"rendered":"https:\/\/blog.zhdk.ch\/stadtforschung\/?page_id=11"},"modified":"2013-05-07T16:40:50","modified_gmt":"2013-05-07T14:40:50","slug":"studierendenprojekte","status":"publish","type":"page","link":"https:\/\/blog.zhdk.ch\/stadtforschung\/studierendenprojekte\/","title":{"rendered":"Studierendenprojekte Z\u00fcrich"},"content":{"rendered":"<p style=\"text-align: justify\"><em><\/em><strong>Cargo-kultige Bew\u00e4ltigungsstrategien f\u00fcr Z\u00fcrich West<\/strong><br \/>\n<em><span style=\"text-decoration: underline;color: #000000\"><a href=\"mailto:sereina.deplazes@zhdk.ch\"><span style=\"color: #000000;text-decoration: underline\">Sereina Deplazes<\/span><\/a><\/span> (MAE bilden &amp; vermitteln ZHdK)<\/em><br \/>\n<em><span style=\"text-decoration: underline\"><span style=\"color: #000000\"><a href=\"mailto:patricia.nocon@zhdk.ch\"><span style=\"color: #000000;text-decoration: underline\">Patricia Nocon<\/span><\/a><\/span><\/span> (Master Transdisziplinarit\u00e4t ZHdK)<\/em><\/p>\n<p style=\"text-align: justify\"><a href=\"https:\/\/blog.zhdk.ch\/stadtforschung\/files\/2013\/04\/Bildschirmfoto-2013-05-04-um-20.10.441.png\"><img loading=\"lazy\" decoding=\"async\" class=\"alignnone size-medium wp-image-711\" alt=\"Bildschirmfoto 2013-05-04 um 20.10.44\" src=\"https:\/\/blog.zhdk.ch\/stadtforschung\/files\/2013\/04\/Bildschirmfoto-2013-05-04-um-20.10.441-300x197.png\" width=\"300\" height=\"197\" srcset=\"https:\/\/blog.zhdk.ch\/stadtforschung\/files\/2013\/04\/Bildschirmfoto-2013-05-04-um-20.10.441-300x197.png 300w, https:\/\/blog.zhdk.ch\/stadtforschung\/files\/2013\/04\/Bildschirmfoto-2013-05-04-um-20.10.441-1024x674.png 1024w\" sizes=\"auto, (max-width: 300px) 100vw, 300px\" \/><\/a><\/p>\n<p style=\"text-align: justify\"><a href=\"https:\/\/blog.zhdk.ch\/stadtforschung\/files\/2013\/04\/Bildschirmfoto-2013-05-04-um-20.11.141.png\"><img loading=\"lazy\" decoding=\"async\" class=\"alignnone size-medium wp-image-709\" alt=\"Bildschirmfoto 2013-05-04 um 20.11.14\" src=\"https:\/\/blog.zhdk.ch\/stadtforschung\/files\/2013\/04\/Bildschirmfoto-2013-05-04-um-20.11.141-300x199.png\" width=\"300\" height=\"199\" srcset=\"https:\/\/blog.zhdk.ch\/stadtforschung\/files\/2013\/04\/Bildschirmfoto-2013-05-04-um-20.11.141-300x199.png 300w, https:\/\/blog.zhdk.ch\/stadtforschung\/files\/2013\/04\/Bildschirmfoto-2013-05-04-um-20.11.141-1024x679.png 1024w\" sizes=\"auto, (max-width: 300px) 100vw, 300px\" \/><\/a><\/p>\n<p style=\"text-align: justify\"><a href=\"https:\/\/blog.zhdk.ch\/stadtforschung\/files\/2013\/04\/Bildschirmfoto-2013-05-04-um-20.11.171.png\"><img loading=\"lazy\" decoding=\"async\" class=\"alignnone size-medium wp-image-707\" alt=\"Bildschirmfoto 2013-05-04 um 20.11.17\" src=\"https:\/\/blog.zhdk.ch\/stadtforschung\/files\/2013\/04\/Bildschirmfoto-2013-05-04-um-20.11.171-300x224.png\" width=\"300\" height=\"224\" srcset=\"https:\/\/blog.zhdk.ch\/stadtforschung\/files\/2013\/04\/Bildschirmfoto-2013-05-04-um-20.11.171-300x224.png 300w, https:\/\/blog.zhdk.ch\/stadtforschung\/files\/2013\/04\/Bildschirmfoto-2013-05-04-um-20.11.171-1024x765.png 1024w, https:\/\/blog.zhdk.ch\/stadtforschung\/files\/2013\/04\/Bildschirmfoto-2013-05-04-um-20.11.171.png 1931w\" sizes=\"auto, (max-width: 300px) 100vw, 300px\" \/><\/a><\/p>\n<p style=\"text-align: justify\">Das Thema der Simulation und gleichzeitigen Vermarktung unserer Wirklichkeit haben Sereina Deplazes und Patricia Nocon in Bezug auf den Stadtteil Z\u00fcrich-West untersucht, da mit dem Umzug in die ehemalige Toni-Molkerei das Trendquartier auch f\u00fcr sie bald zur ernsten Realit\u00e4t wird.<\/p>\n<p style=\"text-align: justify\">Im Zuge dieser stadtsoziologischen Untersuchungen haben sie f\u00fcr sich Bew\u00e4ltigungsstrategien entwickelt, die an Cargo-Kulte der s\u00fcdpazifischen Inselgruppen anlehnen.<\/p>\n<p style=\"text-align: justify\"><em><\/em><strong>Modell: Dispositive der Architektur<\/strong><br \/>\n<span style=\"color: #000000\"><a href=\"mailto:sandra.neugaertner@zhdk.ch\"><span style=\"color: #000000\"><em><span style=\"text-decoration: underline\">Sandra Neug\u00e4rtner<\/span><\/em><\/span><\/a><\/span><em> (MAE ausstellen &amp; vermitteln ZHdK)<\/em><\/p>\n<p style=\"text-align: justify\"><a href=\"https:\/\/blog.zhdk.ch\/stadtforschung\/files\/2013\/04\/Bildschirmfoto-2013-05-04-um-20.27.57.png\"><img loading=\"lazy\" decoding=\"async\" class=\"alignnone size-medium wp-image-719\" alt=\"Bildschirmfoto 2013-05-04 um 20.27.57\" src=\"https:\/\/blog.zhdk.ch\/stadtforschung\/files\/2013\/04\/Bildschirmfoto-2013-05-04-um-20.27.57-300x143.png\" width=\"300\" height=\"143\" srcset=\"https:\/\/blog.zhdk.ch\/stadtforschung\/files\/2013\/04\/Bildschirmfoto-2013-05-04-um-20.27.57-300x143.png 300w, https:\/\/blog.zhdk.ch\/stadtforschung\/files\/2013\/04\/Bildschirmfoto-2013-05-04-um-20.27.57-1024x490.png 1024w, https:\/\/blog.zhdk.ch\/stadtforschung\/files\/2013\/04\/Bildschirmfoto-2013-05-04-um-20.27.57.png 2037w\" sizes=\"auto, (max-width: 300px) 100vw, 300px\" \/><\/a><\/p>\n<p style=\"text-align: justify\">Mit meinem Beitrag f\u00fcr eine vergleichende Stadtforschung m\u00f6chte ich eine vornehmlich visuelle Reflexion raumbildender Strukturen und Prozesse und ihrer dynamischen Wechselwirkungen erm\u00f6glichen um aufzuzeigen, in welchem Ma\u00dfe \u00d6ffentlichkeit innerhalb urbaner R\u00e4ume m\u00f6glich ist, bzw. hergestellt werden kann. Das Ziel des Projektes besteht darin, ein Modell zu entwickeln, welches einen Diskurs \u00fcber einen \u00f6ffentlichen Raum abbildet, auch wenn dieser beispielsweise noch nicht exis- tiert. Ausgehend von den Industriequatieren Z\u00fcrich-West und Hamburg HafenCity folgt das Modell einer organischen Idee, die sich entsprechend der wechselnden Bedingungen umwandeln kann, also weder an Zeit, Ort oder Nation gebunden sein soll. Der Ausgangspunkt besteht darin, die ma\u00dfgeblichen Parameter zu definieren, anhand derer je nach Theorieverst\u00e4ndnis beantwortet werden kann, in welcher Form in spezifischen Stadtr\u00e4umen \u00d6ffentlichkeit m\u00f6glich ist und wie sich Diskurse und Interaktionen entfalten k\u00f6nnen. Der Zweck des Modells besteht darin, dass Vergleichbarkeit zwischen unterschiedlichen Orten mit \u00e4hnlichen Konstellationen und Anforderungen abbildbar werden, und so beispielsweise Handlungsempfehlungen im Umgang mit wiederholt auftretenden Fragestellungen gelingen k\u00f6nnen.<\/p>\n<p style=\"text-align: justify\"><em><\/em><strong>Tonivisionen 2.0<\/strong><br \/>\n<span style=\"color: #000000\"><a href=\"mailto:antonia.schneemann@zhdk.ch\"><span style=\"color: #000000\"><em><span style=\"text-decoration: underline\">Antonia Schneemann<\/span><\/em><\/span><\/a><\/span><em> (MAE ausstellen &amp; vermitteln ZHdK)<\/em><\/p>\n<p style=\"text-align: justify\"><a href=\"https:\/\/blog.zhdk.ch\/stadtforschung\/files\/2013\/04\/Antonia_Gucki.jpg\"><img loading=\"lazy\" decoding=\"async\" alt=\"Antonia_Gucki\" src=\"https:\/\/blog.zhdk.ch\/stadtforschung\/files\/2013\/04\/Antonia_Gucki.jpg\" width=\"300\" height=\"225\" \/><\/a><\/p>\n<p style=\"text-align: justify\">\u201eTonivisionen 2.0\u201c kreiert k\u00fcnstliche Zukunftsportraits des Toni-Areals &#8211; des k\u00fcnftigen Standortes der Z\u00fcrcher Hochschule der K\u00fcnste.\u00a0Die Umsetzung erfolgt in Bildmontagen, die Realit\u00e4t und Vision vereinen.\u00a0Als Inspiration dient das sogenannte \u201eGucki\u201c. Dabei handelt es sich um ein kleines Souvenir, ein Kunststoffk\u00e4stchen, meist in Form eines Fernsehers, welches Bilderserien von Stadtansichten oder Sehensw\u00fcrdigkeiten zeigt. Das \u201eGucki\u201c wird transformiert und forciert so eine kreative Auseinandersetzung mit dem Areal und seiner Umgebung. Zu sehen sind Zukunftsszenarien, die verschiedene Aspekte des Areals beleuchten. Einerseits bilden pers\u00f6nliche Wahrnehmungsspazierg\u00e4nge die Grundlage der Futurologie, w\u00e4hrend andererseits die Geschichte der Anlage, die architektonischen Ans\u00e4tze des B\u00fcros EM2N sowie die Werbung der Stadt Z\u00fcrich f\u00fcr das Toni-Areal und die Medienarbeit der Hochschule selbst den Fundus bilden.<\/p>\n<p style=\"text-align: justify\">Der Besucher bekommt die Freiheit, unterschiedliche Blicke in die Zukunft zu werfen und anschlie\u00dfend eigene Visionen zu entwickeln.<\/p>\n<div title=\"Page 1\">\n<p><strong>flagship calling, toni do you read me?<\/strong><br \/>\n<span style=\"color: #000000\"><a href=\"mailto:alice.mccabe@zhdk.ch\"><span style=\"color: #000000\"><em><span style=\"text-decoration: underline\">Alice McCabe<\/span><\/em><\/span><\/a>\u00a0<\/span><em>(MAE ausstellen &amp; vermitteln ZHdK)<\/em><br \/>\n<em><\/em><em><a href=\"mailto:alfred.vorster@zhdk.ch\"><span><span style=\"color: #000000;text-decoration: underline\">Alfred Vorster<\/span>\u00a0<\/span><\/a>(Master Transdisziplinarit\u00e4t ZHdK)<\/em><\/p>\n<p><a href=\"https:\/\/blog.zhdk.ch\/stadtforschung\/files\/2013\/04\/AlAl_n.jpg\"><img loading=\"lazy\" decoding=\"async\" class=\"alignnone size-medium wp-image-303\" alt=\"Al&amp;Al_n\" src=\"https:\/\/blog.zhdk.ch\/stadtforschung\/files\/2013\/04\/AlAl_n-300x199.jpg\" width=\"300\" height=\"199\" srcset=\"https:\/\/blog.zhdk.ch\/stadtforschung\/files\/2013\/04\/AlAl_n-300x199.jpg 300w, https:\/\/blog.zhdk.ch\/stadtforschung\/files\/2013\/04\/AlAl_n-1024x680.jpg 1024w\" sizes=\"auto, (max-width: 300px) 100vw, 300px\" \/><\/a><\/p>\n<p>FLAGSHIP TO FLAGSHIP, NON-PLACE to NON-SPACE to PLACE&#8230;.<\/p>\n<p>Toni Areal and HCU are built as outposts in the yet to be fully developed and defined landscapes of Zuri West and Hamburg City Hafen port respectively. What are both University buildings missing?&#8230; Their completion dates and centring force of the student body.<\/p>\n<p>Toni Areal has been developed from the husk of a joghurt factory into a creative milking machine, but the HCU has been built from scratch. Given this difference, we choose to name the Toni using part of Marc Auge\u2019s definition of a \u201cnon-place\u201d (having lived a previous history, which it is unconnected to) and the HCU as a \u201cnon- space\u201d (having physically not existed in time or space, being at best an architectonic assemblage of constructed details).\u00a0Toni-Areal is also the sum of minute urban details, as forbidden access means all but the students\u2019 eye can traverse its exterior.<\/p>\n<p>Using pictures of urban details from both areas, combined with documentary photos from the current University classroom environments, we have created an alphabet of images for both buildings. This is an urban re-design of the nautical flag code which crops up in Hafen City Port. By projecting this system of coded communication (punctuated by a musical refrain to illustrate which building is talking) onto the buildings themselves, we give the buildings the means to express their feelings of space and loneliness within their wider environments.\u00a0We hope these projected conversations will help prepare the buildings themselves for new sets of constructed relationships and the onslaught of \u201canthropological space\u201d (Merleau-Ponty), as well as the passers by and residents with an insight into STUDENTS AT WORK.<\/p>\n<p><em>The conversation between the buildings will be beamed at 9pm on the 23rd of May, on Toni Areal in Zurich<\/em><br \/>\n<em> on the 5th of June, on HCU in Hamburg.\u00a0<\/em><em>An urban alphabet guide will be available for sale from the 4th May in Cabaret Voltaire and Paranoia City Books, Zurich.<\/em><\/p>\n<p><strong>Kein Wort von mir.<\/strong><br \/>\n<em><span style=\"text-decoration: underline;color: #000000\"><a href=\"mailto:leonie.kraehenbuehl@zhdk.ch\"><span style=\"color: #000000;text-decoration: underline\">Leonie Kr\u00e4henb\u00fchl<\/span><\/a><\/span>\u00a0(MAE publizieren &amp; vermitteln ZHdK)<\/em><\/p>\n<p><a href=\"https:\/\/blog.zhdk.ch\/stadtforschung\/files\/2013\/04\/IMG_1548.jpeg\"><img loading=\"lazy\" decoding=\"async\" class=\"alignnone size-medium wp-image-1075\" alt=\"IMG_1548\" src=\"https:\/\/blog.zhdk.ch\/stadtforschung\/files\/2013\/04\/IMG_1548-225x300.jpeg\" width=\"225\" height=\"300\" srcset=\"https:\/\/blog.zhdk.ch\/stadtforschung\/files\/2013\/04\/IMG_1548-225x300.jpeg 225w, https:\/\/blog.zhdk.ch\/stadtforschung\/files\/2013\/04\/IMG_1548.jpeg 652w\" sizes=\"auto, (max-width: 225px) 100vw, 225px\" \/><\/a><br \/>\nGentrification.\u00a0Loftcharakter.\u00a0Aufwertung.\u00a0Erdgeschossnutzung.<\/p>\n<p>Hipstertum.\u00a0Masterplan.\u00a0Begegnungszone.<\/p>\n<p>Zwischennutzung.\u00a0Industriecharme. Kreativindustrie.<\/p>\n<p>Kreativstandort. Kulturmeile.<\/p>\n<p>Revitalisierungsmassnahmen.\u00a0Latte-Macchiato-isierung. Verslumung. \u00a0Mischnutzung.<\/p>\n<p>\u00dcber die Stadt und die Prozesse, die sich darin abspielen, wird viel gesprochen, nachgedacht, diskutiert.<br \/>\nMein Projekt sammelt Worte, Satzversatzst\u00fccke und S\u00e4tze aus der Stadt und \u00fcber die Stadt. Als Quellen dienen wissenschaftliche und PR-Texte, Zeitungsberichte und Wortfundst\u00fccke aus dem \u00f6ffentlichen Raum.<br \/>\nWas macht die Sprache mit der Stadt? Was macht die Stadtsprache mit uns?<\/p>\n<div title=\"Page 1\"><\/div>\n<\/div>\n<p><strong>Stadtforschung der Tr\u00e4ume<\/strong><br \/>\n<span style=\"color: #000000\"><a href=\"mailto:alice.gut@zhdk.ch\"><span style=\"color: #000000\"><em><span style=\"text-decoration: underline\">Alice Gut<\/span><\/em><\/span><\/a>\u00a0<\/span><em>(MAE bilden &amp; vermitteln ZHdK)<\/em><br \/>\n<em><\/em><em><a href=\"mailto:carlo.dellachiesa@zhdk.ch\"><span><span style=\"color: #000000;text-decoration: underline\">Carlo della Chiesa<\/span>\u00a0<\/span><\/a>(MAE bilden &amp; vermitteln ZHdK)<\/em><\/p>\n<p>Wir interessierten uns f\u00fcr die Tr\u00e4ume, W\u00fcnsche und Visionen der Bewohner und Nutzer von Z\u00fcrich West und der Hafencity. Unser Ziel war es, diese Tr\u00e4ume in Form einer k\u00fcnstlerischen Umsetzung zur\u00fcck in die Quartiere zu spielen.<\/p>\n<p>So besuchten wir Bewohner von Z\u00fcrich-West in ihren Wohnungen und f\u00fchrten Gespr\u00e4che mit ihnen. F\u00fcr die Arbeit in der Hafencity entwickelten wir den \u201eParticipator\u201c, ein Ger\u00e4t, welches W\u00fcnsche und Visionen im direkten Kontakt mit den Quartiersnutzern sammelte.<\/p>\n<p>Wir erkannten: In beiden Quartieren besteht ein Mangel an identifikationsstiftenden Faktoren; die Bewohner k\u00f6nnen sich nicht mit ihrem Quartier identifizieren.<\/p>\n<p>Ein von uns kreiertes Produkt, das unsere Leidenschaft f\u00fcr kulinarische Besonderheiten zum Ausdruck bringt, soll Abhilfe schaffen. Unsere identit\u00e4tsstifende Quartierspezialit\u00e4t wird am 23. Mai pr\u00e4sentiert. Sie ist das erste Produkt des neu gegr\u00fcndeten Lebensmittellabels WEST WARE.<\/p>\n<p><strong>Public New Plaza School<\/strong><br \/>\n<span style=\"color: #000000\"><a href=\"mailto:martin.loetscher@zhdk.ch\"><span style=\"color: #000000\"><em><span style=\"text-decoration: underline\">Martin L\u00f6tscher<\/span><\/em><\/span><\/a>\u00a0<\/span><em>(Master Transdisziplinarit\u00e4t ZHdK)<\/em><\/p>\n<p><a href=\"https:\/\/blog.zhdk.ch\/stadtforschung\/files\/2013\/04\/Bildschirmfoto-2013-05-04-um-20.03.59.png\"><img loading=\"lazy\" decoding=\"async\" class=\"alignnone size-medium wp-image-693\" alt=\"Bildschirmfoto 2013-05-04 um 20.03.59\" src=\"https:\/\/blog.zhdk.ch\/stadtforschung\/files\/2013\/04\/Bildschirmfoto-2013-05-04-um-20.03.59-300x231.png\" width=\"300\" height=\"231\" srcset=\"https:\/\/blog.zhdk.ch\/stadtforschung\/files\/2013\/04\/Bildschirmfoto-2013-05-04-um-20.03.59-300x231.png 300w, https:\/\/blog.zhdk.ch\/stadtforschung\/files\/2013\/04\/Bildschirmfoto-2013-05-04-um-20.03.59-1024x789.png 1024w, https:\/\/blog.zhdk.ch\/stadtforschung\/files\/2013\/04\/Bildschirmfoto-2013-05-04-um-20.03.59.png 1979w\" sizes=\"auto, (max-width: 300px) 100vw, 300px\" \/><\/a><\/p>\n<p>Dieses angewandte, k\u00fcnstlerische Forschungsprojekt will einen \u00f6ffentlichen Diskurs hinsichtlich der Realisierung des Kunstprojektes \u201ePublic New Plaza School&#8220; initiieren. \u201ePNPS\u201c steht f\u00fcr eine Betonskulptur auf dem Turbinenplatz in Z\u00fcrich West. Die Skulptur verf\u00fcgt \u00fcber mehrere Sitzreihen, ein Rednerpodest und ein grosses Display, welches mittels einer Website angesteuert, bzw. mit Pr\u00e4sentationen gef\u00fcttert (Upload von PDF, Keynote, Powerpoint, Prezi Dokumenten) und f\u00fcr eine 45min Lektion (Abspielzeit) gebucht werden kann. Ein ausgekl\u00fcgeltes Audiosystem erm\u00f6glicht im Radius von 25 Metern eine akustische Teilnahme an diesen \u00f6ffentlichen Lektionen, welche jedoch f\u00fcr die weiteren Teilnehmer des \u00f6ffentlichen Raumes (Turbinenplatz), eher ein abstraktes Prozedere darstellen. Die vermittelten Inhalte werden zus\u00e4tzlich auf einer Website und in einer ausgew\u00e4hlten und aufbereiteten Form auch als ein digitales Magazin publiziert. F\u00fcr die Finanzierung und Realisierung dieses multidimensionalen Projektes wird ein manifestartiger Prozess angewendet, welcher eine Finanzierung des Projektes zu 51% per Crowdsourcing vorschreibt. Bei Erreichen dieser ersten H\u00fcrde muss zwingend eine \u00f6ffentliche Abstimmung durchgef\u00fchrt werden, welche sodann die Restfinanzierung durch Steuergelder erm\u00f6glicht. Nach einer erfolgten Realisierung in Z\u00fcrich sollen Hamburg und weitere St\u00e4dte folgen.<\/p>\n<p>&nbsp;<\/p>\n<p>&nbsp;<\/p>\n","protected":false},"excerpt":{"rendered":"<p>Cargo-kultige Bew\u00e4ltigungsstrategien f\u00fcr Z\u00fcrich West Sereina Deplazes (MAE bilden &amp; vermitteln ZHdK) Patricia Nocon (Master Transdisziplinarit\u00e4t ZHdK) Das Thema der Simulation und gleichzeitigen Vermarktung unserer Wirklichkeit haben Sereina Deplazes und Patricia Nocon in Bezug auf den Stadtteil Z\u00fcrich-West untersucht, da mit dem Umzug in die ehemalige Toni-Molkerei das Trendquartier auch f\u00fcr sie bald zur ernsten [&hellip;]<\/p>\n","protected":false},"author":1587,"featured_media":0,"parent":0,"menu_order":3,"comment_status":"open","ping_status":"open","template":"","meta":{"footnotes":""},"class_list":["post-11","page","type-page","status-publish","hentry"],"_links":{"self":[{"href":"https:\/\/blog.zhdk.ch\/stadtforschung\/wp-json\/wp\/v2\/pages\/11","targetHints":{"allow":["GET"]}}],"collection":[{"href":"https:\/\/blog.zhdk.ch\/stadtforschung\/wp-json\/wp\/v2\/pages"}],"about":[{"href":"https:\/\/blog.zhdk.ch\/stadtforschung\/wp-json\/wp\/v2\/types\/page"}],"author":[{"embeddable":true,"href":"https:\/\/blog.zhdk.ch\/stadtforschung\/wp-json\/wp\/v2\/users\/1587"}],"replies":[{"embeddable":true,"href":"https:\/\/blog.zhdk.ch\/stadtforschung\/wp-json\/wp\/v2\/comments?post=11"}],"version-history":[{"count":103,"href":"https:\/\/blog.zhdk.ch\/stadtforschung\/wp-json\/wp\/v2\/pages\/11\/revisions"}],"predecessor-version":[{"id":337,"href":"https:\/\/blog.zhdk.ch\/stadtforschung\/wp-json\/wp\/v2\/pages\/11\/revisions\/337"}],"wp:attachment":[{"href":"https:\/\/blog.zhdk.ch\/stadtforschung\/wp-json\/wp\/v2\/media?parent=11"}],"curies":[{"name":"wp","href":"https:\/\/api.w.org\/{rel}","templated":true}]}}