{"id":15,"date":"2013-04-23T07:40:23","date_gmt":"2013-04-23T07:40:23","guid":{"rendered":"https:\/\/blog.zhdk.ch\/stadtforschung\/?page_id=15"},"modified":"2013-05-07T22:59:21","modified_gmt":"2013-05-07T20:59:21","slug":"gaste-im-kooperationsprojekt","status":"publish","type":"page","link":"https:\/\/blog.zhdk.ch\/stadtforschung\/gaste-im-kooperationsprojekt\/","title":{"rendered":"G\u00e4ste des Kooperationsprojekts"},"content":{"rendered":"<p><a href=\"https:\/\/blog.zhdk.ch\/stadtforschung\/files\/2013\/04\/DSC_1197.jpg\"><img loading=\"lazy\" decoding=\"async\" class=\"alignnone size-medium wp-image-167\" alt=\"DSC_1197\" src=\"https:\/\/blog.zhdk.ch\/stadtforschung\/files\/2013\/04\/DSC_1197-300x200.jpg\" width=\"300\" height=\"200\" srcset=\"https:\/\/blog.zhdk.ch\/stadtforschung\/files\/2013\/04\/DSC_1197-300x200.jpg 300w, https:\/\/blog.zhdk.ch\/stadtforschung\/files\/2013\/04\/DSC_1197-1024x682.jpg 1024w\" sizes=\"auto, (max-width: 300px) 100vw, 300px\" \/><\/a><\/p>\n<p>Im Januar und Februar 2013 haben sich die Studierenden je eine Woche besucht, um sich in Bezug auf die Recherche, Wahrnehmung und Umsetzung auszutauschen und die Zwischenergebnisse vorzustellen. Nebst der Lekt\u00fcre von Methodentexten zu Mapping oder Ethnographie, theoretischen Positionen zu Urbanit\u00e4t, zur Aneignung des Raums oder zu Themen wie Gentrification und Kunst in der Stadt boten G\u00e4ste dem Projekt ein Forum f\u00fcr kritische Auseinandersetzung und Diskussion:<\/p>\n<p><strong>G\u00e4ste Z\u00fcrich:<\/strong><\/p>\n<p><span style=\"color: #000000\"><a href=\"http:\/\/www.stadt-zuerich.ch\/content\/ted\/de\/index\/gsz\/ueber_uns\/organisation\/geschaeftsbereich_planung_und_bau.html\"><span style=\"color: #000000\"><span style=\"text-decoration: underline\">\u2192\u00a0<\/span><span style=\"text-decoration: underline\">Paul Bauer<\/span><\/span><\/a>,<\/span> stv. Direktor <span style=\"color: #000000\"><a href=\"http:\/\/www.stadt-zuerich.ch\/gsz\"><span style=\"color: #000000\">\u2192\u00a0<span style=\"text-decoration: underline\">Gr\u00fcn Stadt Z\u00fcrich<\/span><\/span><\/a><\/span>, erkl\u00e4rte das kooperative Planungsverfahren in Z\u00fcrich-West<\/p>\n<p><span style=\"color: #000000\"><a href=\"mailto:peter.eberhard@zhdk.ch\"><span style=\"text-decoration: underline;color: #000000\">\u2192\u00a0<\/span><\/a><\/span><span style=\"text-decoration: underline\"><span style=\"color: #000000;text-decoration: underline\"><a href=\"mailto:peter.eberhard@zhdk.ch\"><span style=\"color: #000000;text-decoration: underline\">Peter Eberhard<\/span><\/a><\/span>, <\/span> Architekt und ehemaliger Nutzervertreter der ZHdK im Projekt im Toni-Areal, gab Einblicke zum Bauprojekt<\/p>\n<p><span style=\"color: #000000\"><a href=\"http:\/\/www.gysimarketing.ch\/people.html\"><span style=\"color: #000000\"><span style=\"text-decoration: underline\">\u2192\u00a0<\/span><span style=\"text-decoration: underline\">Christoph Gysi<\/span><\/span><\/a>,<\/span> Pr\u00e4sident der <span style=\"color: #000000\"><a href=\"www.kulturmeile.ch\"><span style=\"text-decoration: underline;color: #000000\">\u2192Kulturmeile<\/span><\/a><\/span>, berichtete \u00fcber die Aktivit\u00e4ten dieser Vereinigung in Z\u00fcrich West<\/p>\n<p>eine Gespr\u00e4chsrunde mit dem K\u00fcnstler <span style=\"color: #000000\"><a href=\"http:\/\/www.museumsankeller.ch\"><span style=\"color: #000000\"><span style=\"text-decoration: underline\">\u2192\u00a0<\/span><span style=\"text-decoration: underline\">San<\/span><span style=\"text-decoration: underline\"> Keller<\/span><\/span><\/a><\/span> und dem Kurator von <a href=\"http:\/\/www.artandthecity.ch\"><span style=\"text-decoration: underline;color: #000000\"><span style=\"color: #000000;text-decoration: underline\">\u2192<\/span>\u201eArt and the City\u201c<\/span><\/a>, <span style=\"text-decoration: underline;color: #000000\"><span style=\"text-decoration: underline\"><a href=\"http:\/\/www.stadt-zuerich.ch\/content\/dam\/stzh\/ted\/Deutsch\/oeffentlicher_raum\/Kunst\/Publikationen_und_Broschueren\/Vita_Doswald.pdf\"><span style=\"color: #000000;text-decoration: underline\">\u2192\u00a0Christoph Doswald<\/span><\/a><\/span><\/span><span style=\"color: #000000\">,\u00a0<\/span>beleuchtete das Verh\u00e4ltnis von Kunst und Stadt.<\/p>\n<p><strong>G\u00e4ste Hamburg:<\/strong><\/p>\n<p><span style=\"color: #000000\">Der Filmemacher\u00a0Steffen J\u00f6rg\u00a0(<span style=\"text-decoration: underline\">\u2192\u00a0&#8222;<a href=\"http:\/\/www.empire-stpauli.de\"><span style=\"color: #000000;text-decoration: underline\">Empire St. Pauli<\/span><\/a><\/span>&#8222;)\u00a0f\u00fchrte gemeinsam mit Janne Kempe des<a href=\"http:\/\/www.gwa-stpauli.de\/index.php?id=9\"><span style=\"color: #000000\">\u00a0<span style=\"text-decoration: underline\">\u2192\u00a0GWA St. Pauli<\/span><\/span><\/a>\u00a0durch das geschichtstr\u00e4chtige Hamburger Quartier St. Pauli.<\/span><\/p>\n<p><span style=\"color: #000000\">Der Stadtsoziologe<strong>\u00a0<\/strong><span style=\"text-decoration: underline\"><a href=\"http:\/\/www.springerarchitektur.at\/marcus-menzl\/\"><span style=\"color: #000000;text-decoration: underline\">\u2192\u00a0Marcus Menzl<\/span><\/a><\/span>\u00a0berichtete \u00fcber seine Arbeit als \u201eembedded scientist\u201c bei der\u00a0<\/span><span style=\"text-decoration: underline\"><span style=\"color: #000000;text-decoration: underline\"><a href=\"www.hafencity.de\"><span style=\"color: #000000;text-decoration: underline\">\u2192\u00a0HafenCity Hamburg GmbH<\/span><\/a>, <\/span><\/span>\u00fcber deren Ziele der Vorsitzende der Gesch\u00e4ftsf\u00fchrung\u00a0<span style=\"text-decoration: underline\"><span style=\"color: #000000\"><a href=\"http:\/\/www.hafencity.com\/de\/geschaeftsfuehrung\/juergen-bruns-berentelg.html\"><span style=\"color: #000000;text-decoration: underline\">\u2192\u00a0J\u00fcrgen Bruns-Berentelg<\/span><\/a><\/span><\/span>\u00a0informierte.<\/p>\n","protected":false},"excerpt":{"rendered":"<p>Im Januar und Februar 2013 haben sich die Studierenden je eine Woche besucht, um sich in Bezug auf die Recherche, Wahrnehmung und Umsetzung auszutauschen und die Zwischenergebnisse vorzustellen. Nebst der Lekt\u00fcre von Methodentexten zu Mapping oder Ethnographie, theoretischen Positionen zu Urbanit\u00e4t, zur Aneignung des Raums oder zu Themen wie Gentrification und Kunst in der Stadt [&hellip;]<\/p>\n","protected":false},"author":1587,"featured_media":0,"parent":0,"menu_order":6,"comment_status":"open","ping_status":"closed","template":"","meta":{"footnotes":""},"class_list":["post-15","page","type-page","status-publish","hentry"],"_links":{"self":[{"href":"https:\/\/blog.zhdk.ch\/stadtforschung\/wp-json\/wp\/v2\/pages\/15","targetHints":{"allow":["GET"]}}],"collection":[{"href":"https:\/\/blog.zhdk.ch\/stadtforschung\/wp-json\/wp\/v2\/pages"}],"about":[{"href":"https:\/\/blog.zhdk.ch\/stadtforschung\/wp-json\/wp\/v2\/types\/page"}],"author":[{"embeddable":true,"href":"https:\/\/blog.zhdk.ch\/stadtforschung\/wp-json\/wp\/v2\/users\/1587"}],"replies":[{"embeddable":true,"href":"https:\/\/blog.zhdk.ch\/stadtforschung\/wp-json\/wp\/v2\/comments?post=15"}],"version-history":[{"count":13,"href":"https:\/\/blog.zhdk.ch\/stadtforschung\/wp-json\/wp\/v2\/pages\/15\/revisions"}],"predecessor-version":[{"id":463,"href":"https:\/\/blog.zhdk.ch\/stadtforschung\/wp-json\/wp\/v2\/pages\/15\/revisions\/463"}],"wp:attachment":[{"href":"https:\/\/blog.zhdk.ch\/stadtforschung\/wp-json\/wp\/v2\/media?parent=15"}],"curies":[{"name":"wp","href":"https:\/\/api.w.org\/{rel}","templated":true}]}}