{"id":27,"date":"2013-04-23T07:42:01","date_gmt":"2013-04-23T05:42:01","guid":{"rendered":"https:\/\/blog.zhdk.ch\/stadtforschung\/?page_id=27"},"modified":"2013-05-14T21:59:23","modified_gmt":"2013-05-14T19:59:23","slug":"projektteam","status":"publish","type":"page","link":"https:\/\/blog.zhdk.ch\/stadtforschung\/projektteam\/","title":{"rendered":"Projektteam"},"content":{"rendered":"<p><strong>Projektteam Z\u00fcrich ZHdK<\/strong><br \/>\n<span style=\"text-decoration: underline\">\u2192\u00a0<\/span><span style=\"text-decoration: underline;color: #000000\"><a href=\"http:\/\/www.zhdk.ch\/?person\/detail&amp;id=10322\"><span style=\"color: #000000;text-decoration: underline\">Janine Schiller<\/span><\/a><\/span>, lic.phil. \/ MAS ETH gta, Dozentin Master Art Education<br \/>\n<span style=\"color: #000000\"><a href=\"http:\/\/www.zhdk.ch\/?person\/detail&amp;id=11115\"><span style=\"text-decoration: underline;color: #000000\">\u2192\u00a0Basil Rogger<\/span><\/a><\/span>, lic. phil., Dozent Master Transdisziplinarit\u00e4t und Master Art Education<br \/>\nWissenschaftliche Mitarbeit:<span style=\"text-decoration: underline\"><span style=\"color: #000000;text-decoration: underline\"> <a href=\"http:\/\/www.zhdk.ch\/?person\/detail&amp;id=11115\">\u2192\u00a0<\/a><a href=\"http:\/\/www.zhdk.ch\/?person\/detail&amp;id=31753\"><span style=\"color: #000000;text-decoration: underline\">Fran\u00e7oise Krattinger<\/span><\/a><\/span><\/span>, dipl. Arch. ETH, Master Art Education<br \/>\nWissenschaftliche Beobachterin: <a href=\"http:\/\/www.zhdk.ch\/?person\/detail&amp;id=7848\">Prof. Irene V\u00f6geli<\/a>, Dozentin Master Transdisziplinarit\u00e4t<\/p>\n<p><strong>Projektteam Hamburg HCU<\/strong><br \/>\n<span style=\"text-decoration: underline\"><a href=\"http:\/\/www.zhdk.ch\/?person\/detail&amp;id=11115\">\u2192\u00a0<\/a><\/span><span style=\"text-decoration: underline;color: #000000\"><a href=\"http:\/\/www.gesa-ziemer.ch\"><span style=\"color: #000000;text-decoration: underline\">Prof. Dr. Gesa Ziemer<\/span><\/a><\/span>, Vizepr\u00e4sidentin Forschung<br \/>\n<span style=\"text-decoration: underline\"><a href=\"http:\/\/www.zhdk.ch\/?person\/detail&amp;id=11115\">\u2192\u00a0<\/a><\/span><span style=\"text-decoration: underline;color: #000000\"><a href=\"https:\/\/www.hcu-hamburg.de\/research\/arbeitsgebiete\/professorinnen\/\"><span style=\"color: #000000;text-decoration: underline\">Prof. Dr. Kathrin Wildner<\/span><\/a><\/span>, Stadtethnologin<br \/>\nAkademische Tutorin: <span style=\"color: #000000\"><span style=\"text-decoration: underline\"><a href=\"http:\/\/www.zhdk.ch\/?person\/detail&amp;id=11115\"><span style=\"color: #000000;text-decoration: underline\">\u2192\u00a0<\/span><\/a><\/span><span style=\"text-decoration: underline\"><span style=\"text-decoration: underline\"><a href=\"https:\/\/www.hcu-hamburg.de\/bachelor\/kultur-der-metropole\/das-team\/tutorinnen-hilfskraefte\/\"><span style=\"color: #000000;text-decoration: underline\">Maja Mijatovic<\/span><\/a>,<\/span><\/span> <\/span>B.A. Architektur, cand. M.Sc. Urban Design<\/p>\n","protected":false},"excerpt":{"rendered":"<p>Projektteam Z\u00fcrich ZHdK \u2192\u00a0Janine Schiller, lic.phil. \/ MAS ETH gta, Dozentin Master Art Education \u2192\u00a0Basil Rogger, lic. phil., Dozent Master Transdisziplinarit\u00e4t und Master Art Education Wissenschaftliche Mitarbeit: \u2192\u00a0Fran\u00e7oise Krattinger, dipl. Arch. ETH, Master Art Education Wissenschaftliche Beobachterin: Prof. Irene V\u00f6geli, Dozentin Master Transdisziplinarit\u00e4t Projektteam Hamburg HCU \u2192\u00a0Prof. Dr. Gesa Ziemer, Vizepr\u00e4sidentin Forschung \u2192\u00a0Prof. Dr. Kathrin [&hellip;]<\/p>\n","protected":false},"author":1587,"featured_media":0,"parent":0,"menu_order":9,"comment_status":"open","ping_status":"closed","template":"","meta":{"footnotes":""},"class_list":["post-27","page","type-page","status-publish","hentry"],"_links":{"self":[{"href":"https:\/\/blog.zhdk.ch\/stadtforschung\/wp-json\/wp\/v2\/pages\/27","targetHints":{"allow":["GET"]}}],"collection":[{"href":"https:\/\/blog.zhdk.ch\/stadtforschung\/wp-json\/wp\/v2\/pages"}],"about":[{"href":"https:\/\/blog.zhdk.ch\/stadtforschung\/wp-json\/wp\/v2\/types\/page"}],"author":[{"embeddable":true,"href":"https:\/\/blog.zhdk.ch\/stadtforschung\/wp-json\/wp\/v2\/users\/1587"}],"replies":[{"embeddable":true,"href":"https:\/\/blog.zhdk.ch\/stadtforschung\/wp-json\/wp\/v2\/comments?post=27"}],"version-history":[{"count":13,"href":"https:\/\/blog.zhdk.ch\/stadtforschung\/wp-json\/wp\/v2\/pages\/27\/revisions"}],"predecessor-version":[{"id":1159,"href":"https:\/\/blog.zhdk.ch\/stadtforschung\/wp-json\/wp\/v2\/pages\/27\/revisions\/1159"}],"wp:attachment":[{"href":"https:\/\/blog.zhdk.ch\/stadtforschung\/wp-json\/wp\/v2\/media?parent=27"}],"curies":[{"name":"wp","href":"https:\/\/api.w.org\/{rel}","templated":true}]}}