{"id":497,"date":"2013-05-01T17:32:13","date_gmt":"2013-05-01T15:32:13","guid":{"rendered":"https:\/\/blog.zhdk.ch\/stadtforschung\/?page_id=497"},"modified":"2013-09-15T16:12:46","modified_gmt":"2013-09-15T14:12:46","slug":"veranstaltungen-2","status":"publish","type":"page","link":"https:\/\/blog.zhdk.ch\/stadtforschung\/veranstaltungen-2\/","title":{"rendered":"Veranstaltungen"},"content":{"rendered":"<p><a href=\"https:\/\/blog.zhdk.ch\/stadtforschung\/files\/2013\/04\/DSC_1172.jpg\"><img loading=\"lazy\" decoding=\"async\" class=\"alignnone size-medium wp-image-173\" alt=\"DSC_1172\" src=\"https:\/\/blog.zhdk.ch\/stadtforschung\/files\/2013\/04\/DSC_1172-200x300.jpg\" width=\"200\" height=\"300\" srcset=\"https:\/\/blog.zhdk.ch\/stadtforschung\/files\/2013\/04\/DSC_1172-200x300.jpg 200w, https:\/\/blog.zhdk.ch\/stadtforschung\/files\/2013\/04\/DSC_1172-682x1024.jpg 682w\" sizes=\"auto, (max-width: 200px) 100vw, 200px\" \/><\/a><\/p>\n<p><strong>Abschlussveranstaltung und Walking Conference in Hamburg<\/strong><\/p>\n<p>am 6. Juni 2013 fanden in Hamburg der Projektabschluss und eine Walking Conference statt:<\/p>\n<p><a href=\"https:\/\/blog.zhdk.ch\/stadtforschung\/files\/2013\/05\/IMG_3568.jpg\"><img loading=\"lazy\" decoding=\"async\" class=\"alignnone size-medium wp-image-1205\" alt=\"IMG_3568\" src=\"https:\/\/blog.zhdk.ch\/stadtforschung\/files\/2013\/05\/IMG_3568-300x225.jpg\" width=\"300\" height=\"225\" srcset=\"https:\/\/blog.zhdk.ch\/stadtforschung\/files\/2013\/05\/IMG_3568-300x225.jpg 300w, https:\/\/blog.zhdk.ch\/stadtforschung\/files\/2013\/05\/IMG_3568-1060x795.jpg 1060w, https:\/\/blog.zhdk.ch\/stadtforschung\/files\/2013\/05\/IMG_3568.jpg 1600w\" sizes=\"auto, (max-width: 300px) 100vw, 300px\" \/><\/a> <a href=\"https:\/\/blog.zhdk.ch\/stadtforschung\/files\/2013\/05\/IMG_3578.jpg\"><img loading=\"lazy\" decoding=\"async\" class=\"alignnone size-medium wp-image-1207\" alt=\"IMG_3578\" src=\"https:\/\/blog.zhdk.ch\/stadtforschung\/files\/2013\/05\/IMG_3578-300x225.jpg\" width=\"300\" height=\"225\" srcset=\"https:\/\/blog.zhdk.ch\/stadtforschung\/files\/2013\/05\/IMG_3578-300x225.jpg 300w, https:\/\/blog.zhdk.ch\/stadtforschung\/files\/2013\/05\/IMG_3578-1060x795.jpg 1060w, https:\/\/blog.zhdk.ch\/stadtforschung\/files\/2013\/05\/IMG_3578.jpg 1600w\" sizes=\"auto, (max-width: 300px) 100vw, 300px\" \/><\/a><\/p>\n<p>&nbsp;<\/p>\n<p><strong>Alle Projektveranstaltungen:<\/strong><\/p>\n<p><strong>Walking Conference Z\u00fcrich, 23. Mai 2013<\/strong><br \/>\nAm 23. Mai 2013 findet in Z\u00fcrich eine Walking Conference statt.<br \/>\nPr\u00e4sentiert werden die Ergebnisse der Studierenden aus Z\u00fcrich und Hamburg. Als GastkritikerInnen werden Saskia Sassen und Thomas Hengartner auf die Projekte eingehen.<\/p>\n<p>(nur f\u00fcr Studierende und Dozierende aus Z\u00fcrich und Hamburg)<\/p>\n<p>Treffpunkt: 15h beim Turbinenplatz<\/p>\n<p>&nbsp;<\/p>\n<p><strong>Kunst \u2013 Wissen \u2013 Stadt. \u00d6ffentlichkeit und Stadtentwicklung in Z\u00fcrich West und HafenCity Hamburg<\/strong><br \/>\nF\u00fcr die Abschlusspr\u00e4sentation in Z\u00fcrich konnten die international renommierte Stadtforscherin, Soziologin und Wirtschaftswissenschaftlerin von der Columbia University New York,\u00a0<a href=\"http:\/\/www.saskiasassen.com\"><span style=\"text-decoration: underline;color: #000000\"><span style=\"color: #000000;text-decoration: underline\">\u2192\u00a0<\/span> <\/span><span style=\"text-decoration: underline;color: #000000\">Saskia Sassen<\/span><\/a>, bekannt durch den Ansatz der \u201eGlobal Cities\u201c sowie der renommierte Stadtforscher und Leibniz-Preistr\u00e4ger <a href=\"http:\/\/www.ipk.uzh.ch\/aboutus\/people\/hengartner.html\"><span style=\"color: #000000\"><span style=\"text-decoration: underline\"><span style=\"color: #000000;text-decoration: underline\">\u2192\u00a0<\/span><\/span><span style=\"text-decoration: underline\"><span style=\"color: #000000;text-decoration: underline\">T<\/span>homas Hengartner<\/span><\/span><\/a>, Leiter des Instituts f\u00fcr Popul\u00e4re Kulturen der Universit\u00e4t Z\u00fcrich, ehemaliger Professor und Dekan der Universit\u00e4t Hamburg, als Gastkritiker gewonnen werden.<\/p>\n<p>23. Mai 2013, 18\u201320 Uhr. (Schiffbauplatz 5). Platzzahl beschr\u00e4nkt.<\/p>\n<p>Diese Veranstaltung entstand in Zusammenarbeit mit der Vortragsreihe Positionen und Diskurse in Kultur und Gesellschaft des Master of Arts in Art Education und des Master of Arts in Transdisziplinarit\u00e4t der ZHdK.<\/p>\n<p><a href=\"http:\/\/www.zhdk.ch\/?agenda\/detail&amp;vid=17909&amp;uldl%5Bmode%5D=p&amp;uldl%5Bid%5D=120503\"><span style=\"color: #000000\"><span style=\"text-decoration: underline\"><span style=\"color: #000000;text-decoration: underline\">\u2192\u00a0Flyer<\/span>\u00a0Kunst \u2013 Wissen \u2013 Stadt<\/span><\/span><\/a><\/p>\n<p><span style=\"text-decoration: underline\"><span style=\"color: #000000;text-decoration: underline\"><a href=\"http:\/\/www.zhdk.ch\/index.php?id=41755\"><span style=\"color: #000000;text-decoration: underline\">\u2192\u00a0<\/span><\/a><a href=\"http:\/\/www.zhdk.ch\/index.php?id=41755\"><span style=\"color: #000000;text-decoration: underline\">Veranstaltung<\/span><\/a><a href=\"http:\/\/www.zhdk.ch\/index.php?id=41755\"><span style=\"color: #000000;text-decoration: underline\">\u00a0Positionen und Diskurse<\/span><\/a><\/span><\/span><\/p>\n<p>&nbsp;<\/p>\n<p><strong>Ausstellung vom 31. Mai &#8211; 13. Juni 2013 \u00fcber das Kooperationsprojekt der ZHdK mit der HCU<\/strong><br \/>\n<strong><\/strong><strong>im Rahmen der Diplomausstellung der ZHdK<\/strong><br \/>\nGezeigt werden die <span style=\"text-decoration: underline\">Studierendenprojekte<\/span> aus <span style=\"color: #000000\"><a title=\"Studierendenprojekte Z\u00fcrich\" href=\"https:\/\/blog.zhdk.ch\/stadtforschung\/studierendenprojekte\/\"><span style=\"color: #000000\"><span style=\"text-decoration: underline\">\u2192\u00a0<\/span><span style=\"text-decoration: underline\">Z\u00fcrich<\/span><\/span><\/a><\/span> und <span style=\"color: #000000\"><a title=\"Studierendenprojekte Hamburg\" href=\"https:\/\/blog.zhdk.ch\/stadtforschung\/hamburg\/\"><span style=\"color: #000000\"><span style=\"text-decoration: underline\">\u2192\u00a0<\/span><span style=\"text-decoration: underline\">Hamburg<\/span><\/span><\/a><\/span><\/p>\n<p>Wo: Hafnerstrasse 41, Dachstock<\/p>\n<p>Wann: Ge\u00f6ffnet t\u00e4glich von 12-20h<\/p>\n<p><span style=\"color: #000000\"><span style=\"text-decoration: underline\"><span style=\"text-decoration: underline\"><span style=\"text-decoration: underline\"><a href=\"http:\/\/www.zhdk.ch\/?agenda\/detail&amp;vid=17909&amp;uldl%5Bmode%5D=p&amp;uldl%5Bid%5D=120503\"><span style=\"color: #000000;text-decoration: underline\">\u2192<\/span><\/a>\u00a0<\/span><\/span><\/span><span style=\"text-decoration: underline\"><a href=\"http:\/\/www.zhdk.ch\/index.php?id=diplomveranstaltungen\"><span style=\"text-decoration: underline;color: #000000\">Di<\/span><\/a><\/span><span style=\"text-decoration: underline\"><span style=\"text-decoration: underline\"><a href=\"http:\/\/www.zhdk.ch\/index.php?id=diplomveranstaltungen\"><span style=\"text-decoration: underline;color: #000000\">plomausstellung ZHdK 2013<\/span><\/a><\/span><\/span><\/span><span style=\"color: #000000\"><strong><span style=\"text-decoration: underline\"><span style=\"color: #000000;text-decoration: underline\"><br \/>\n<\/span><\/span><\/strong><\/span><\/p>\n<p><span style=\"color: #000000\"><span style=\"text-decoration: underline\"><span style=\"text-decoration: underline\"><a href=\"http:\/\/www.zhdk.ch\/?agenda\/detail&amp;vid=17909&amp;uldl%5Bmode%5D=p&amp;uldl%5Bid%5D=120503\"><span style=\"color: #000000;text-decoration: underline\">\u2192<\/span><\/a>\u00a0<a href=\"http:\/\/www.openingscene.ch\"><span style=\"color: #000000;text-decoration: underline\">opening scene (Diplomprojekte Master of Arts in Art Education)<\/span><\/a><\/span><\/span><\/span><br \/>\nF\u00fchrung und Diskussionsveranstaltung am 1. Juni 2013, 17 Uhr mit Patricia Nocon und Sereina Deplazes.<\/p>\n<p>&nbsp;<\/p>\n<p><strong>Workshopwoche in Z\u00fcrich, 08.01.2013 &#8211; 11.01.2013, mit den Studierenden aus Hamburg<\/strong><\/p>\n<div title=\"Page 1\">\n<p>Der Workshop diente der Vertiefung der bereits begonnenen Arbeit an den Projekten zur Stadtforschung in Zuerich-West und HafenCity. Die Studierenden stellten die Zwischenergebnisse ihrer k\u00fcnstlerisch-wissenschaftlichen und plurimedial angelegten Forschungen vor. Es fanden Begehungen und Vertiefungen der Feldforschungen vor Ort statt. Zudem wurde in gemeinsamer Lekt\u00fcre der kritische Diskurs vertieft. Hierbei ging es vor allem um:<\/p>\n<p>&#8211; kritische Diskurse zum Thema Gentrifizierung, Stadtmarketing und Tourismus bez\u00fcglich Stadtenwicklung<\/p>\n<p>&#8211; \u00dcberblick \u00fcber den aktuellen Diskurs zu interventionistischer Stadtkunst (z.B. Akademie einer anderen Stadt: Vork\u00f6per\/Knobloch, B\u00fcro f\u00fcr St\u00e4dtereisen: Boris Sieverts, Global Prayers: Kathrin Wildner u.a.)<\/p>\n<\/div>\n<div title=\"Page 2\">\n<div>\n<div>\n<p><em id=\"__mceDel\"> &#8211; <\/em>Diskussion \u00fcber die Anwendung von Methoden im Kontext k\u00fcnstlerischer Forschung der eigenen Projekte<\/p>\n<\/div>\n<\/div>\n<\/div>\n<p>Inputs verschiedener <span style=\"text-decoration: underline\">\u2192\u00a0<\/span><span style=\"color: #000000\"><a title=\"G\u00e4ste des Kooperationsprojekts\" href=\"https:\/\/blog.zhdk.ch\/stadtforschung\/gaste-im-kooperationsprojekt\/\"><span style=\"color: #000000\"><span style=\"text-decoration: underline\">G\u00e4ste<\/span><\/span><\/a><\/span> rundeten die Workshopwoche ab.<\/p>\n<p>&nbsp;<\/p>\n<p><strong>Workshopwoche in Hamburg, 31.01.2013 &#8211; 04.02.2013, mit den Studierenden aus Z\u00fcrich.<\/strong><\/p>\n<p>Weitere Vertiefung der Projektarbeiten, offizielle Zwischenpr\u00e4sentation der HCU-Projekte.<\/p>\n<p>Programm mit <span style=\"text-decoration: underline;color: #000000\"><a title=\"G\u00e4ste des Kooperationsprojekts\" href=\"https:\/\/blog.zhdk.ch\/stadtforschung\/gaste-im-kooperationsprojekt\/\"><span style=\"color: #000000;text-decoration: underline\">\u2192\u00a0G\u00e4steinputs.<\/span><\/a><\/span><\/p>\n<p>&nbsp;<\/p>\n<p>&nbsp;<\/p>\n<p>&nbsp;<\/p>\n","protected":false},"excerpt":{"rendered":"<p>Abschlussveranstaltung und Walking Conference in Hamburg am 6. Juni 2013 fanden in Hamburg der Projektabschluss und eine Walking Conference statt: &nbsp; Alle Projektveranstaltungen: Walking Conference Z\u00fcrich, 23. Mai 2013 Am 23. Mai 2013 findet in Z\u00fcrich eine Walking Conference statt. Pr\u00e4sentiert werden die Ergebnisse der Studierenden aus Z\u00fcrich und Hamburg. Als GastkritikerInnen werden Saskia Sassen [&hellip;]<\/p>\n","protected":false},"author":1595,"featured_media":0,"parent":0,"menu_order":5,"comment_status":"closed","ping_status":"closed","template":"","meta":{"footnotes":""},"class_list":["post-497","page","type-page","status-publish","hentry"],"_links":{"self":[{"href":"https:\/\/blog.zhdk.ch\/stadtforschung\/wp-json\/wp\/v2\/pages\/497","targetHints":{"allow":["GET"]}}],"collection":[{"href":"https:\/\/blog.zhdk.ch\/stadtforschung\/wp-json\/wp\/v2\/pages"}],"about":[{"href":"https:\/\/blog.zhdk.ch\/stadtforschung\/wp-json\/wp\/v2\/types\/page"}],"author":[{"embeddable":true,"href":"https:\/\/blog.zhdk.ch\/stadtforschung\/wp-json\/wp\/v2\/users\/1595"}],"replies":[{"embeddable":true,"href":"https:\/\/blog.zhdk.ch\/stadtforschung\/wp-json\/wp\/v2\/comments?post=497"}],"version-history":[{"count":28,"href":"https:\/\/blog.zhdk.ch\/stadtforschung\/wp-json\/wp\/v2\/pages\/497\/revisions"}],"predecessor-version":[{"id":1203,"href":"https:\/\/blog.zhdk.ch\/stadtforschung\/wp-json\/wp\/v2\/pages\/497\/revisions\/1203"}],"wp:attachment":[{"href":"https:\/\/blog.zhdk.ch\/stadtforschung\/wp-json\/wp\/v2\/media?parent=497"}],"curies":[{"name":"wp","href":"https:\/\/api.w.org\/{rel}","templated":true}]}}