{"id":7,"date":"2013-04-23T07:38:52","date_gmt":"2013-04-23T07:38:52","guid":{"rendered":"https:\/\/blog.zhdk.ch\/stadtforschung\/?page_id=7"},"modified":"2013-05-06T17:38:53","modified_gmt":"2013-05-06T15:38:53","slug":"jahresprojekt","status":"publish","type":"page","link":"https:\/\/blog.zhdk.ch\/stadtforschung\/jahresprojekt\/","title":{"rendered":"\u00dcber das Kooperationsprojekt"},"content":{"rendered":"<p><a href=\"https:\/\/blog.zhdk.ch\/stadtforschung\/files\/2013\/04\/IMG_0358.jpg\"><img loading=\"lazy\" decoding=\"async\" class=\"alignnone size-medium wp-image-181\" alt=\"IMG_0358\" src=\"https:\/\/blog.zhdk.ch\/stadtforschung\/files\/2013\/04\/IMG_0358-300x225.jpg\" width=\"300\" height=\"225\" srcset=\"https:\/\/blog.zhdk.ch\/stadtforschung\/files\/2013\/04\/IMG_0358-300x225.jpg 300w, https:\/\/blog.zhdk.ch\/stadtforschung\/files\/2013\/04\/IMG_0358-1024x768.jpg 1024w\" sizes=\"auto, (max-width: 300px) 100vw, 300px\" \/><\/a><\/p>\n<p>Im Zentrum des Kooperationsprojekts der Studieng\u00e4nge <span style=\"text-decoration: underline\">\u2192\u00a0<span style=\"color: #000000;text-decoration: underline\"><a href=\"http:\/\/www.zhdk.ch\/?mae\"><span style=\"color: #000000;text-decoration: underline\">Art Education<\/span><\/a><\/span><\/span> und <span style=\"text-decoration: underline\">\u2192\u00a0<span style=\"color: #000000;text-decoration: underline\"><a href=\"http:\/\/www.zhdk.ch\/?trans\"><span style=\"color: #000000;text-decoration: underline\">Transdisziplinarit\u00e4<\/span><\/a>t<\/span><\/span> der <span style=\"text-decoration: underline\">\u2192\u00a0<\/span><span style=\"text-decoration: underline\"><span style=\"color: #000000;text-decoration: underline\"><a href=\"http:\/\/www.zhdk.ch\"><span style=\"color: #000000;text-decoration: underline\">Z\u00fcrcher Hochschule der K\u00fcnste (ZHdK)<\/span><\/a><\/span><\/span> und <span style=\"text-decoration: underline\">\u2192\u00a0<span style=\"color: #000000\"><a href=\"http:\/\/www.hcu-hamburg.de\/bachelor\/kultur-der-metropole\/\"><span style=\"color: #000000;text-decoration: underline\">Kultur der Metropole<\/span><\/a><\/span><\/span> der <span style=\"text-decoration: underline\">\u2192\u00a0<\/span><span style=\"text-decoration: underline\"><span style=\"color: #000000\"><a href=\"http:\/\/www.hcu-hamburg.de\"><span style=\"color: #000000;text-decoration: underline\">HafenCity Universit\u00e4t (HCU)<\/span><\/a><\/span><\/span> Hamburg steht die vergleichende Perspektive sowie die Verbindung von Kulturwissenschaften und K\u00fcnsten. Das Lehrprojekt bietet die M\u00f6glichkeit, im Vergleich die Spezifika des neuen Stadtteils zu erkunden und sich w\u00e4hrend eines Jahres (Laufzeit September 2012 bis Juni 2013) intensiv mit der k\u00fcnftigen Umgebung des Hochschulstandorts durch Stadtforschung auseinander zu setzen.<\/p>\n<p><strong>Aus dem Vorlesungsverzeichnis der ZHdK, HS 2012:<\/strong><\/p>\n<blockquote><p>Z\u00fcrich-West und HafenCity. Eine vergleichende Stadtforschung<\/p>\n<p>Stadtforschung und Stadtwahrnehmung er\u00f6ffnen Perspektiven f\u00fcr k\u00fcnstlerische und kulturwissenschaftliche Betrachtungsweisen, die f\u00fcr angehende Profis im Feld Kulturanalysen und Vermittlung hohe Bedeutung haben. Das Angebot bietet die M\u00f6glichkeit, sich w\u00e4hrend eines Jahres vertieft mit der Stadtforschung und Stadtwahrnehmung auseinander zu setzen, als Gruppe ein Teil-Projekt zu realisieren und die Ergebnisse mit Studierenden aus Z\u00fcrich und Hamburg vergleichend zu diskutieren und zu pr\u00e4sentieren. Es richtet sich an alle an Stadtforschung interessierten Studierenden des Master Art Education (alle Vertiefungen) und des Master Transdisziplinarit\u00e4t, die ihre Neugierde und Kreativit\u00e4t, ihr Interesse an Methoden und Diskursen der Stadtforschung und sowie ihre besonderen Kompetenzen in das Projekt einbringen m\u00f6chten.<\/p>\n<p>Lernziele:<\/p>\n<p>Die Studierenden kennen einzelne Positionen aus der Geschichte und Theorie der Stadtforschung; sie verf\u00fcgen \u00fcber ein vertieftes Verst\u00e4ndnis ausgew\u00e4hlter Methoden der Stadtforschung (wie situationistische Verfahren, qualitative Interviews, teilnehmende Beobachtung, Videodokumentation, Mapping etc.); sie kennen Motive und Hintergr\u00fcnde der aktuellen Debatten \u00fcber die Stadt im Feld der K\u00fcnste und der Wissenschaften.<\/p><\/blockquote>\n<p>&nbsp;<\/p>\n<p><strong>Zeitplan <\/strong>(siehe <span style=\"color: #000000\"><a title=\"Veranstaltungen\" href=\"https:\/\/blog.zhdk.ch\/stadtforschung\/veranstaltungen-2\/\"><span style=\"text-decoration: underline;color: #000000\"><span style=\"text-decoration: underline\">\u2192\u00a0<\/span>Veranstaltungen<\/span><\/a>)<\/span><\/p>\n<p style=\"text-align: justify\">Einf\u00fchrungswoche:\u00a010. &#8211; 13. September 2012<\/p>\n<p style=\"text-align: justify\">Interdisziplin\u00e4rer Workshop zur Stadtforschung: 07. &#8211; 13. Januar 2013 (mit Studierenden aus Hamburg)<\/p>\n<p style=\"text-align: justify\">Reise nach Hamburg: \u00a031. Januar &#8211; 04. Februar 2013<\/p>\n<p style=\"text-align: justify\"><span style=\"color: #000000\"><span style=\"color: #000000\">Abschlusspr\u00e4sentation in Z\u00fcrich<\/span><\/span>: Woche vom 20. &#8211; 25. Mai 2013 (mit Studierenden aus Hamburg)<\/p>\n<p style=\"text-align: justify\">Reise nach Hamburg, <span style=\"color: #000000\"><span style=\"color: #000000\">Abschlusspr\u00e4sentation in Hamburg<\/span><\/span>: Woche vom 06. &#8211; 09. Juni 2013<\/p>\n<p>&nbsp;<\/p>\n","protected":false},"excerpt":{"rendered":"<p>Im Zentrum des Kooperationsprojekts der Studieng\u00e4nge \u2192\u00a0Art Education und \u2192\u00a0Transdisziplinarit\u00e4t der \u2192\u00a0Z\u00fcrcher Hochschule der K\u00fcnste (ZHdK) und \u2192\u00a0Kultur der Metropole der \u2192\u00a0HafenCity Universit\u00e4t (HCU) Hamburg steht die vergleichende Perspektive sowie die Verbindung von Kulturwissenschaften und K\u00fcnsten. Das Lehrprojekt bietet die M\u00f6glichkeit, im Vergleich die Spezifika des neuen Stadtteils zu erkunden und sich w\u00e4hrend eines Jahres [&hellip;]<\/p>\n","protected":false},"author":1587,"featured_media":0,"parent":0,"menu_order":1,"comment_status":"open","ping_status":"closed","template":"","meta":{"footnotes":""},"class_list":["post-7","page","type-page","status-publish","hentry"],"_links":{"self":[{"href":"https:\/\/blog.zhdk.ch\/stadtforschung\/wp-json\/wp\/v2\/pages\/7","targetHints":{"allow":["GET"]}}],"collection":[{"href":"https:\/\/blog.zhdk.ch\/stadtforschung\/wp-json\/wp\/v2\/pages"}],"about":[{"href":"https:\/\/blog.zhdk.ch\/stadtforschung\/wp-json\/wp\/v2\/types\/page"}],"author":[{"embeddable":true,"href":"https:\/\/blog.zhdk.ch\/stadtforschung\/wp-json\/wp\/v2\/users\/1587"}],"replies":[{"embeddable":true,"href":"https:\/\/blog.zhdk.ch\/stadtforschung\/wp-json\/wp\/v2\/comments?post=7"}],"version-history":[{"count":30,"href":"https:\/\/blog.zhdk.ch\/stadtforschung\/wp-json\/wp\/v2\/pages\/7\/revisions"}],"predecessor-version":[{"id":459,"href":"https:\/\/blog.zhdk.ch\/stadtforschung\/wp-json\/wp\/v2\/pages\/7\/revisions\/459"}],"wp:attachment":[{"href":"https:\/\/blog.zhdk.ch\/stadtforschung\/wp-json\/wp\/v2\/media?parent=7"}],"curies":[{"name":"wp","href":"https:\/\/api.w.org\/{rel}","templated":true}]}}