{"id":135,"date":"2010-02-25T19:36:23","date_gmt":"2010-02-25T17:36:23","guid":{"rendered":"https:\/\/blog.zhdk.ch\/stadtlaborluzern\/?page_id=135"},"modified":"2010-03-31T09:48:28","modified_gmt":"2010-03-31T08:48:28","slug":"atmosphare-untersuchungen-zu-einem-begriff","status":"publish","type":"page","link":"https:\/\/blog.zhdk.ch\/stadtlaborluzern\/atmosphare-untersuchungen-zu-einem-begriff\/","title":{"rendered":"Einleitung"},"content":{"rendered":"<p style=\"text-align: justify\"><span style=\"color: #ff8c00\"><strong>StadtLabor Luzern<\/strong><\/span> hat in einem Zeitraum von zwanzig Monaten<em> <\/em>Erfahrungen mit atmosph\u00e4rischen Wirkungen architekto\u00adnischer Objekte und st\u00e4dtische R\u00e4ume erforscht. Bei der Beschreibung von Orten, Objekten und R\u00e4umen verl\u00e4sst man sich ja in der Regel auf metrisches Vermessen, auf historische, kunstwissenschaftliche, technische und andere Informationen. Doch was ist es, das dar\u00fcber hinaus unsere k\u00f6rperliche, emotionale, mentale, imaginative Erfahrung im Raum bestimmt?<\/p>\n<p style=\"text-align: justify\">Ziel des Projekts war, den theoretisch unscharfen, jedoch in der praktischen Erfahrung mit Architektur und st\u00e4dtischem Leben immer wieder auftretenden Begriff Atmosph\u00e4re in Videointerviews pr\u00e4ziser zu fassen. <strong>In ihren Ausf\u00fchrungen entfalten 29 Experten \u00fcber 700 Aspekte des Atmosph\u00e4rischen<\/strong>. Sie sprechen dar\u00fcber <strong>\u2666<\/strong> welche Wahrnehmungen und Erfahrungen sich anhand konkreter Orte, Objekte und R\u00e4ume aufdecken und formulieren lassen <strong>\u2666<\/strong> wie atmosph\u00e4rische Wirkungen zustande kommen und wovon sie abh\u00e4ngen <strong>\u2666<\/strong> wie sich allt\u00e4gliche r\u00e4umliche Komplexit\u00e4t \u2013 die \u00dcberlagerung realer und mentaler, geschichtlicher und gestalterischer Schichten \u2013 lesen und interpretieren l\u00e4sst.<\/p>\n<p style=\"text-align: justify\"><span style=\"color: #ff8c00\"><strong>StadtLabor Luzern<\/strong><\/span> zielt nicht auf Vollst\u00e4ndigkeit oder eine abschliessende Darstellung, sondern auf eine Sammlung exemplarischer F\u00e4lle, die Kriterien f\u00fcr atmosph\u00e4rische Wirkungen liefern.<\/p>\n<p style=\"text-align: justify\"><span style=\"color: #ff8c00\"><strong>StadtLabor Luzern<\/strong><\/span> m\u00f6chte das fachliche wie f\u00e4cher\u00fcbergreifende \u00f6ffentliche Gespr\u00e4ch \u00fcber architektonische und st\u00e4dtebauliche Interventionen beleben, <strong>neue Spielr\u00e4ume f\u00fcr Lesarten des R\u00e4umlichen<\/strong>, aber auch f\u00fcr Entwurfs- und Inszenierungsm\u00f6glichkeiten schaffen und so die Kultur der Wahrnehmung und Gestaltung r\u00e4umlicher Erfahrungen erweitern. <strong>Das Projekt will damit einen Beitrag leisten zu einer affektiven Kultur allt\u00e4glicher Raumerfahrungen. <\/strong><\/p>\n<p style=\"text-align: justify\"><span style=\"color: #ff8c00\"><strong>StadtLabor Luzern<\/strong><\/span> hat seine Resultate im Herbst 2008 in einer<strong> promenade urbaine<em> <\/em><\/strong>pr\u00e4sentiert:<strong> 31 Videointerviews an 17 Stationen in der Stadt<\/strong>. Architekten, Historiker, Filmemacher, K\u00fcnstler, Kunstwissenschaftler, Denkmalpfleger und andere \u201aFachleute des Hinsehens\u2019 sprechen \u00fcber ihre individuelle Sicht von architektonischen Objekten und st\u00e4dtischen R\u00e4umen, reflektieren ihre Wahrnehmungen an prominenten wie verborgenen Orten der Stadt, \u00e4ussern sich zu ihren eigenen theoretischen und \u00e4sthetischen Analysen, Konzepten und Erfahrungen, gehen Spuren der Erinnerung nach.<\/p>\n<p style=\"text-align: justify\"><span style=\"color: #ff8c00\"><strong>StadtLabor Luzern.<\/strong> <\/span>Die hier vorgelegten sieben Thesen, die ihnen zugeordneten Themenfelder und die Belegstellen aus den Videointerviews sind <strong>Ergebnis der zweiten Auswertungsstufe. Ziel der ersten Stufe (Videointerviews) war die Aufspaltung des komplexen Begriffs \u201aAtmosph\u00e4re\u2019 in m\u00f6glichst viele, pr\u00e4zis entfaltete Argumente<\/strong>, die mit Hilfe einer inhaltlichen Schnitttechnik in den Zwischentiteln der Videos bezeichnet sind. Etwa 10 Prozent von ihnen sind den Thesen hier zugeordnet. <strong>Dieses Booklet ist zugleich eine Anleitung f\u00fcr die dritte Stufe der Auswertung, die wir hiermit in die H\u00e4nde der Leserinnen und Leser legen.<\/strong><\/p>\n","protected":false},"excerpt":{"rendered":"<p>StadtLabor Luzern hat in einem Zeitraum von zwanzig Monaten Erfahrungen mit atmosph\u00e4rischen Wirkungen architekto\u00adnischer Objekte und st\u00e4dtische R\u00e4ume erforscht. Bei der Beschreibung von Orten, Objekten und R\u00e4umen verl\u00e4sst man sich ja in der Regel auf metrisches Vermessen, auf historische, kunstwissenschaftliche, technische und andere Informationen. Doch was ist es, das dar\u00fcber hinaus unsere k\u00f6rperliche, emotionale, mentale, [&hellip;]<\/p>\n","protected":false},"author":211,"featured_media":0,"parent":0,"menu_order":2,"comment_status":"open","ping_status":"open","template":"","meta":{"footnotes":""},"class_list":["post-135","page","type-page","status-publish","hentry"],"_links":{"self":[{"href":"https:\/\/blog.zhdk.ch\/stadtlaborluzern\/wp-json\/wp\/v2\/pages\/135","targetHints":{"allow":["GET"]}}],"collection":[{"href":"https:\/\/blog.zhdk.ch\/stadtlaborluzern\/wp-json\/wp\/v2\/pages"}],"about":[{"href":"https:\/\/blog.zhdk.ch\/stadtlaborluzern\/wp-json\/wp\/v2\/types\/page"}],"author":[{"embeddable":true,"href":"https:\/\/blog.zhdk.ch\/stadtlaborluzern\/wp-json\/wp\/v2\/users\/211"}],"replies":[{"embeddable":true,"href":"https:\/\/blog.zhdk.ch\/stadtlaborluzern\/wp-json\/wp\/v2\/comments?post=135"}],"version-history":[{"count":32,"href":"https:\/\/blog.zhdk.ch\/stadtlaborluzern\/wp-json\/wp\/v2\/pages\/135\/revisions"}],"predecessor-version":[{"id":414,"href":"https:\/\/blog.zhdk.ch\/stadtlaborluzern\/wp-json\/wp\/v2\/pages\/135\/revisions\/414"}],"wp:attachment":[{"href":"https:\/\/blog.zhdk.ch\/stadtlaborluzern\/wp-json\/wp\/v2\/media?parent=135"}],"curies":[{"name":"wp","href":"https:\/\/api.w.org\/{rel}","templated":true}]}}