{"id":2,"date":"2010-02-26T15:40:23","date_gmt":"2010-02-26T13:40:23","guid":{"rendered":""},"modified":"2010-04-27T13:03:57","modified_gmt":"2010-04-27T11:03:57","slug":"eine-seite","status":"publish","type":"page","link":"https:\/\/blog.zhdk.ch\/stadtlaborluzern\/eine-seite\/","title":{"rendered":"Thesen \/ Videoausschnitte"},"content":{"rendered":"<h3><a href=\"https:\/\/blog.zhdk.ch\/stadtlaborluzern\/2010\/02\/25\/these1\/\"><span style=\"color: #ff8c00\">These 1 <\/span><\/a><span style=\"color: #333333\"><span style=\"color: #ff8c00\"><a href=\"https:\/\/blog.zhdk.ch\/stadtlaborluzern\/2010\/02\/25\/these1\/\"><span style=\"color: #000000\">|<\/span><\/a> <\/span><\/span><strong>Vom Ort \u201aan sich\u2018 zum Ort \u201af\u00fcr sich\u2018 <\/strong><\/h3>\n<h4>In der Wahrnehmung und Erfahrung von Orten und architektonischen Objekten geht es nicht allein um objektive Tatbest\u00e4nde \u2013 nicht um ein \u201aAn sich\u2018 \u2013, sondern um deren Wirkungsweisen f\u00fcr das Subjekt \u2013 um das \u201aF\u00fcr sich\u2018.<\/h4>\n<h3><a href=\"https:\/\/blog.zhdk.ch\/stadtlaborluzern\/2010\/02\/25\/these1\/\"><span style=\"color: #ff8c00\">These 2<span style=\"color: #000000\"> <\/span><\/span><strong><span style=\"color: #000000\">|<\/span><\/strong><\/a><strong><a href=\"https:\/\/blog.zhdk.ch\/stadtlaborluzern\/2010\/02\/25\/these1\/\"> <\/a>Wissensarchive im Dialog <\/strong><\/h3>\n<h4>Die \u00dcbersetzung einer Situation \u201aan sich\u2018 in eine Situation \u201af\u00fcr sich\u2018 geschieht in einem assoziativ gepr\u00e4gten Dialog zwischen Subjekt und Ort, zwischen eigenen und fremden Wissensarchiven (Referenzmaterialien).<\/h4>\n<h3><a href=\"https:\/\/blog.zhdk.ch\/stadtlaborluzern\/2010\/02\/27\/these-3-auslosende-momente\/\" target=\"_self\"><span style=\"color: #ff6600\"><span style=\"color: #ff8c00\">These 3<\/span> <\/span><\/a><span style=\"color: #333333\"><span style=\"color: #000000\">|<\/span> <\/span>Ausl\u00f6sende Momente<\/h3>\n<h4><strong>Jeder dialogische Prozess braucht ausl\u00f6sende Momente, an die sich eigene Erfahrungen, Erinnerungen, Einf\u00e4lle heften k\u00f6nnen.<\/strong><\/h4>\n<h3><a href=\"https:\/\/blog.zhdk.ch\/stadtlaborluzern\/2010\/02\/27\/these-4-assoziative-brucken-transporte\/\"><span style=\"color: #ff8c00\">These 4 <\/span><\/a><span style=\"color: #333333\"><a href=\"https:\/\/blog.zhdk.ch\/stadtlaborluzern\/2010\/02\/27\/these-4-assoziative-brucken-transporte\/\"><strong><span style=\"color: #000000\">|<\/span><\/strong><\/a><\/span> Assoziative Br\u00fccken, Transporte<\/h3>\n<h3><strong><strong> <\/strong><\/strong><\/h3>\n<h4><strong>Die in eigenen und fremden Wissensarchiven geweckten Elemente werden \u00fcber assoziative Br\u00fccken zum jeweiligen Ort transportiert und lassen diesen in anderem Licht erscheinen.<\/strong><\/h4>\n<h3><a href=\"https:\/\/blog.zhdk.ch\/stadtlaborluzern\/2010\/02\/27\/these-5-re-lekturen\/\" target=\"_self\"><span style=\"color: #ff6600\"><span style=\"color: #ff8c00\">These 5<\/span> <\/span><\/a><span style=\"color: #333333\">|<\/span> Re-Lekt\u00fcren<\/h3>\n<h4><strong>Die Re-Lekt\u00fcre eines Ortes oder Objekts ist Resultat von Erkundungstouren durch eigene und fremde Wissensarchive. Die transportierten Referenzmaterialien profilieren Ausgangsorte \u00fcberraschend neu oder anders. So erm\u00f6glichen sie <\/strong><strong>ein ver\u00e4ndertes Lesen und Verstehen der Ausgangssituation. <\/strong><\/h4>\n<h3><a href=\"https:\/\/blog.zhdk.ch\/stadtlaborluzern\/2010\/02\/27\/these-6-provokation-des-fluchtigen\/\" target=\"_self\"><span style=\"color: #ff8c00\">These 6 <\/span><\/a><span style=\"color: #333333\">|<\/span><strong> Provokation des Fl\u00fcchtigen <\/strong><\/h3>\n<h4>Atmosph\u00e4ren sind meist fl\u00fcchtig. Sie zeigen sich im unmittelbaren Jetzt und sind \u2013 jenseits der \u201ahard-facts\u2018 \u2013 von lediglich tempor\u00e4rer Signifikanz: Resultate fragiler, passagerer, gleichwohl hoch wirksamer Operationen flinker, sprunghafter Geister auf der Suche nach Erz\u00e4hlungen zu einem Ort.<\/h4>\n<h3><span style=\"color: #ff6600\"><a href=\"https:\/\/blog.zhdk.ch\/stadtlaborluzern\/2010\/02\/27\/these-7-prekare-erfahrungen\/\" target=\"_self\"><span style=\"color: #ff8c00\">These 7<\/span><\/a><span style=\"color: #333333\"> <\/span><\/span><span style=\"color: #333333\">|<\/span> Prek\u00e4re Erfahrungen<\/h3>\n<h4>Wo das Risiko einer r\u00e4umlichen T\u00e4uschung, eines Eingeschlossen- oder Ausgeschlossenseins besteht, wo wir uns unberechtigt in R\u00e4ume vorwagen oder eine pl\u00f6tzliche Begegnung mit dem Unerwarteten oder Bedrohlichen eintritt, werden r\u00e4umliche Erfahrungen f\u00fcr uns prek\u00e4r.<\/h4>\n","protected":false},"excerpt":{"rendered":"<p>These 1 | Vom Ort \u201aan sich\u2018 zum Ort \u201af\u00fcr sich\u2018 In der Wahrnehmung und Erfahrung von Orten und architektonischen Objekten geht es nicht allein um objektive Tatbest\u00e4nde \u2013 nicht um ein \u201aAn sich\u2018 \u2013, sondern um deren Wirkungsweisen f\u00fcr das Subjekt \u2013 um das \u201aF\u00fcr sich\u2018. These 2 | Wissensarchive im Dialog Die \u00dcbersetzung [&hellip;]<\/p>\n","protected":false},"author":211,"featured_media":0,"parent":0,"menu_order":5,"comment_status":"closed","ping_status":"closed","template":"","meta":{"footnotes":""},"class_list":["post-2","page","type-page","status-publish","hentry"],"_links":{"self":[{"href":"https:\/\/blog.zhdk.ch\/stadtlaborluzern\/wp-json\/wp\/v2\/pages\/2","targetHints":{"allow":["GET"]}}],"collection":[{"href":"https:\/\/blog.zhdk.ch\/stadtlaborluzern\/wp-json\/wp\/v2\/pages"}],"about":[{"href":"https:\/\/blog.zhdk.ch\/stadtlaborluzern\/wp-json\/wp\/v2\/types\/page"}],"author":[{"embeddable":true,"href":"https:\/\/blog.zhdk.ch\/stadtlaborluzern\/wp-json\/wp\/v2\/users\/211"}],"replies":[{"embeddable":true,"href":"https:\/\/blog.zhdk.ch\/stadtlaborluzern\/wp-json\/wp\/v2\/comments?post=2"}],"version-history":[{"count":35,"href":"https:\/\/blog.zhdk.ch\/stadtlaborluzern\/wp-json\/wp\/v2\/pages\/2\/revisions"}],"predecessor-version":[{"id":8,"href":"https:\/\/blog.zhdk.ch\/stadtlaborluzern\/wp-json\/wp\/v2\/pages\/2\/revisions\/8"}],"wp:attachment":[{"href":"https:\/\/blog.zhdk.ch\/stadtlaborluzern\/wp-json\/wp\/v2\/media?parent=2"}],"curies":[{"name":"wp","href":"https:\/\/api.w.org\/{rel}","templated":true}]}}