{"id":347,"date":"2010-03-17T12:39:10","date_gmt":"2010-03-17T10:39:10","guid":{"rendered":"https:\/\/blog.zhdk.ch\/stadtlaborluzern\/?page_id=347"},"modified":"2010-03-31T10:32:17","modified_gmt":"2010-03-31T09:32:17","slug":"der-begriff-atmosphare-als-unscharfe-raumliche-konstruktion","status":"publish","type":"page","link":"https:\/\/blog.zhdk.ch\/stadtlaborluzern\/der-begriff-atmosphare-als-unscharfe-raumliche-konstruktion\/","title":{"rendered":"Atmosph\u00e4re"},"content":{"rendered":"<p style=\"text-align: justify\"><strong> <\/strong><\/p>\n<h3 style=\"text-align: justify\"><span style=\"color: #ff8c00\">Der Begriff &#8218;Atmosph\u00e4re&#8216; als unscharfe r\u00e4umliche Konstruktion<\/span><\/h3>\n<p style=\"text-align: justify\">\n<p style=\"text-align: justify\"><em>Der Begriff ben\u00f6tigt einen Spielraum f\u00fcr all das Konkrete, was seiner Klassifikation unterliegen soll. <\/em><\/p>\n<p style=\"text-align: justify\"><em>Hans Blumenberg, Theorie der Unbegrifflichkeit<\/em><\/p>\n<p style=\"text-align: justify\"><em><br \/>\n<\/em><\/p>\n<p style=\"text-align: justify\"><strong><em> <\/em><\/strong><\/p>\n<p style=\"text-align: justify\">Eine Untersuchung, die von einem Allerweltsbegriff wie<strong> <\/strong>\u201aAtmosph\u00e4re\u2019 ausgeht, darf von der Erwartung ausgehen, diesen irgendwann definieren zu k\u00f6nnen. Schon eher sollte ein solcher Begriff als komplexe r\u00e4umliche wie gedankliche Konstruktion betrachtet werden, \u00e4hnlich einer unscharfen Wolke, deren Dimensionen und Figuren sich nur \u00fcber zahlreiche \u201ascharfe Schnitte\u2019 erschliessen lassen, wie sie in unseren Videointerviews in mehr als 700 Zwischentiteln festgehalten sind.<\/p>\n","protected":false},"excerpt":{"rendered":"<p>Der Begriff &#8218;Atmosph\u00e4re&#8216; als unscharfe r\u00e4umliche Konstruktion Der Begriff ben\u00f6tigt einen Spielraum f\u00fcr all das Konkrete, was seiner Klassifikation unterliegen soll. Hans Blumenberg, Theorie der Unbegrifflichkeit Eine Untersuchung, die von einem Allerweltsbegriff wie \u201aAtmosph\u00e4re\u2019 ausgeht, darf von der Erwartung ausgehen, diesen irgendwann definieren zu k\u00f6nnen. Schon eher sollte ein solcher Begriff als komplexe r\u00e4umliche wie [&hellip;]<\/p>\n","protected":false},"author":211,"featured_media":0,"parent":0,"menu_order":1,"comment_status":"open","ping_status":"open","template":"","meta":{"footnotes":""},"class_list":["post-347","page","type-page","status-publish","hentry"],"_links":{"self":[{"href":"https:\/\/blog.zhdk.ch\/stadtlaborluzern\/wp-json\/wp\/v2\/pages\/347","targetHints":{"allow":["GET"]}}],"collection":[{"href":"https:\/\/blog.zhdk.ch\/stadtlaborluzern\/wp-json\/wp\/v2\/pages"}],"about":[{"href":"https:\/\/blog.zhdk.ch\/stadtlaborluzern\/wp-json\/wp\/v2\/types\/page"}],"author":[{"embeddable":true,"href":"https:\/\/blog.zhdk.ch\/stadtlaborluzern\/wp-json\/wp\/v2\/users\/211"}],"replies":[{"embeddable":true,"href":"https:\/\/blog.zhdk.ch\/stadtlaborluzern\/wp-json\/wp\/v2\/comments?post=347"}],"version-history":[{"count":14,"href":"https:\/\/blog.zhdk.ch\/stadtlaborluzern\/wp-json\/wp\/v2\/pages\/347\/revisions"}],"predecessor-version":[{"id":369,"href":"https:\/\/blog.zhdk.ch\/stadtlaborluzern\/wp-json\/wp\/v2\/pages\/347\/revisions\/369"}],"wp:attachment":[{"href":"https:\/\/blog.zhdk.ch\/stadtlaborluzern\/wp-json\/wp\/v2\/media?parent=347"}],"curies":[{"name":"wp","href":"https:\/\/api.w.org\/{rel}","templated":true}]}}