{"id":47,"date":"2010-03-17T12:36:41","date_gmt":"2010-03-17T10:36:41","guid":{"rendered":"https:\/\/blog.zhdk.ch\/stadtlaborluzern\/?page_id=47"},"modified":"2010-03-31T09:49:27","modified_gmt":"2010-03-31T08:49:27","slug":"versuchsanordnung-fur-die-feldforschung","status":"publish","type":"page","link":"https:\/\/blog.zhdk.ch\/stadtlaborluzern\/versuchsanordnung-fur-die-feldforschung\/","title":{"rendered":"Versuchsanordnung"},"content":{"rendered":"<p style=\"text-align: justify\"><strong><span style=\"color: #ff8c00\">Versuchsanordnung f\u00fcr die Feldforschung:<\/span> <\/strong>Wir sind davon ausgegangen, <strong>dass jedes Individuum<\/strong> \u2013 um eine Metapher zu gebrauchen \u2013 <strong>einem riesigen Archiv gleicht, <\/strong>in dessen verschiedenen Schichten<em> <\/em>sein Wissen, seine Erfahrungen und seine Erinnerungen an Orte und architektonische Objekte<em> <\/em>gespeichert sind. <strong>Auch ein Ort oder ein architektonisches Objekt gleicht einem Archiv<\/strong> mit vielen Schichten \u2013 historischen, \u00e4sthetischen, politischen, geographischen, geologischen, realen, mythologischen, sichtbaren, unsichtbaren, tabuisierten, vergessenen, verdr\u00e4ngten, erinnerten und so weiter \u2013, in denen gespeichert ist, was je zu einem Ort oder einem Objekt geh\u00f6rt hat, alles, was sich hier zugetragen hat: topographische, r\u00e4umliche, funktionale, bauliche und andere Ver\u00e4nderungen, die zu einem Ort geh\u00f6ren. Als dritte Instanz in der <strong>Dreiecks-Konstellation<\/strong> des Interviews agiert das Archiv der Befragerin.<\/p>\n<p style=\"text-align: justify\"><span style=\"color: #ff8c00\"><strong>Archive zum Dialogisieren bringen:<\/strong><\/span><strong> <\/strong>Um die Elemente eines Archivs wecken zu k\u00f6nnen, bieten sich grunds\u00e4tzlich zwei M\u00f6glichkeiten an: Die befragte Person reagiert, weil ihr Archiv durch eine Frage direkt angesprochen wird, oder sie reagiert indirekt auf das, was die Frage zum Ort in ihrem Kopf in Bewegung bringt. Immer ging es darum, Fragen so zu stellen, dass bestimmte Schichten und Elemente der Archive eines Kunstwissenschafters oder einer K\u00fcnstlerin, eines Historikers oder eines Architekten, eines Filmschaffenden oder einer Theaterwissenschafterin, eines Planers oder einer Politikerin in Kontakt kamen mit spezifischen Schichten eines Ortes. Es ging auch darum, die Fragen so zu stellen, dass sich unerwartete theoretische wie praktische Argumente f\u00fcr atmosph\u00e4rische Wirkungen aufgreifen und im weiteren Gespr\u00e4ch auf m\u00f6gliche assoziative Br\u00fccken hin pr\u00fcfen liessen.<\/p>\n<p style=\"text-align: justify\">Der Fragenkatalog bezog sich <strong>\u2666 <\/strong>auf das Archiv (soweit bekannt oder vermutet) der befragten Person, auf ihre Erfahrungs- und Wissensschichten\u00a0<strong>\u2666<\/strong><strong> <\/strong>auf das Archiv des Ortes oder des Objekts, auf einzelne seiner materiellen, historischen, \u00e4sthetischen, geologischen, geographischen, metereologischen und anderer Schichten\u00a0<strong>\u2666<\/strong><strong> <\/strong>auf theoretische Texte zum Begriff des Atmosph\u00e4rischen.<\/p>\n","protected":false},"excerpt":{"rendered":"<p>Versuchsanordnung f\u00fcr die Feldforschung: Wir sind davon ausgegangen, dass jedes Individuum \u2013 um eine Metapher zu gebrauchen \u2013 einem riesigen Archiv gleicht, in dessen verschiedenen Schichten sein Wissen, seine Erfahrungen und seine Erinnerungen an Orte und architektonische Objekte gespeichert sind. Auch ein Ort oder ein architektonisches Objekt gleicht einem Archiv mit vielen Schichten \u2013 historischen, [&hellip;]<\/p>\n","protected":false},"author":211,"featured_media":0,"parent":0,"menu_order":4,"comment_status":"open","ping_status":"open","template":"","meta":{"footnotes":""},"class_list":["post-47","page","type-page","status-publish","hentry"],"_links":{"self":[{"href":"https:\/\/blog.zhdk.ch\/stadtlaborluzern\/wp-json\/wp\/v2\/pages\/47","targetHints":{"allow":["GET"]}}],"collection":[{"href":"https:\/\/blog.zhdk.ch\/stadtlaborluzern\/wp-json\/wp\/v2\/pages"}],"about":[{"href":"https:\/\/blog.zhdk.ch\/stadtlaborluzern\/wp-json\/wp\/v2\/types\/page"}],"author":[{"embeddable":true,"href":"https:\/\/blog.zhdk.ch\/stadtlaborluzern\/wp-json\/wp\/v2\/users\/211"}],"replies":[{"embeddable":true,"href":"https:\/\/blog.zhdk.ch\/stadtlaborluzern\/wp-json\/wp\/v2\/comments?post=47"}],"version-history":[{"count":8,"href":"https:\/\/blog.zhdk.ch\/stadtlaborluzern\/wp-json\/wp\/v2\/pages\/47\/revisions"}],"predecessor-version":[{"id":416,"href":"https:\/\/blog.zhdk.ch\/stadtlaborluzern\/wp-json\/wp\/v2\/pages\/47\/revisions\/416"}],"wp:attachment":[{"href":"https:\/\/blog.zhdk.ch\/stadtlaborluzern\/wp-json\/wp\/v2\/media?parent=47"}],"curies":[{"name":"wp","href":"https:\/\/api.w.org\/{rel}","templated":true}]}}