{"id":3,"date":"2018-03-20T16:30:53","date_gmt":"2018-03-20T16:30:53","guid":{"rendered":"https:\/\/blog.zhdk.ch\/suedkaukasus\/?page_id=2"},"modified":"2019-09-09T14:53:46","modified_gmt":"2019-09-09T14:53:46","slug":"art-matters","status":"publish","type":"page","link":"https:\/\/blog.zhdk.ch\/suedkaukasus\/","title":{"rendered":"The Project Art Matters"},"content":{"rendered":"<p><em><strong>Art Matters <\/strong><\/em><\/p>\n<p>An exchange between young art educators from Switzerland and from countries of the South Caucasus. In the Art Matters project, prospective young art teachers, educated in Universities in Switzerland and the South Caucasus, come together for an exchange; the first one between students from Zurich and Sukhum\/i*, the second one between Zurich and Yerevan. In each exchange, the participants discuss didactic and methodological issues with the local tutors and lecture in short internships in the local schools. In addition, representatives of the different city\u2019s school authorities meet to discuss their working contexts and options for action and future perspectives.<\/p>\n<p>The main goal of the project is to promote the exchange between young people from two different cultural backgrounds. By comparing pedagogical approaches from very different contexts, the taken-for-granted within one\u2019s own culture should become visible. An awareness of the respective cultural heritage in educational approaches should create space for new impulses, for impulses, which can be passed on in the classroom in the future. An acquaintance with another culture, and the ability to imagine an everyday-life under completely different conditions, constitute an important tool for prospective educators, working in an increasingly multi-cultural society.<\/p>\n<p>2018 Sukhum\/i* \u2013 Zurich<br \/>\nApril 9.-20.: Workshop and practical work in Sukhum\/i*, Abkhazia*<br \/>\nSept. 3.-14.: Workshop and practical work in Zurich<\/p>\n<p>2019 Yerevan \u2013 Zurich<br \/>\nApril 7.-19.: Workshop and practical work in Yerevan, Armenia<br \/>\nSept 1.-15.: Workshop and practical work in Zurich<\/p>\n<p>The project was initiated by <a href=\"http:\/\/www.artasfoundation.ch\/en\/artmatters\"><i class=\"\">artasfoundation<\/i> <\/a><\/p>\n<p><strong>Partner organizations:<\/strong><\/p>\n<p>Armenian State Pedagogical University<br \/>\nUniversity and the Art College in Sukhum\/i*<br \/>\nZurich University of the Arts \u2013 <a href=\"https:\/\/www.zhdk.ch\/arteducation\">BA and MA Art Education Program of the ZHdK<\/a><br \/>\n<a href=\"https:\/\/www.stiftung-mercator.ch\/de\/projekte\/auswahl\/\">Mercator Foundation Switzerland<\/a><\/p>\n<p><img loading=\"lazy\" decoding=\"async\" class=\"alignnone  wp-image-841\" src=\"https:\/\/blog.zhdk.ch\/suedkaukasus\/files\/2018\/03\/Mercator_Rot_RGB-300x148.jpg\" alt=\"\" width=\"146\" height=\"72\" srcset=\"https:\/\/blog.zhdk.ch\/suedkaukasus\/files\/2018\/03\/Mercator_Rot_RGB-300x148.jpg 300w, https:\/\/blog.zhdk.ch\/suedkaukasus\/files\/2018\/03\/Mercator_Rot_RGB.jpg 522w\" sizes=\"auto, (max-width: 146px) 100vw, 146px\" \/><\/p>\n<p>* <em>artasfoundation<\/em> would like to underline that its use of names and titles particularly with regard to the conflict regions should not be construed as implying any form of recognition or non-recognition by the foundation or as having any other political connotation whatsoever.<\/p>\n<p>&#8212;<\/p>\n<p><em><strong>Art Matters <\/strong><\/em><\/p>\n<p>Ein Austausch zwischen jungen Kunstp\u00e4dagog_innen aus der Schweiz und aus den L\u00e4ndern des S\u00fcdkaukasus<\/p>\n<p>Im Projekt <em>Art Matters<\/em> kommen junge Menschen, die in der Schweiz und im S\u00fcdkaukasus zu Lehrpersonen f\u00fcr den Kunstunterricht an Schulen ausgebildet werden, zu einem Austausch zusammen. Einmal in Z\u00fcrich und in Suchum\/i*, einmal in Z\u00fcrich und Jerewan. An beiden Orten nehmen sie an gemeinsamen Workshops teil, diskutieren mit den dortigen Dozent_innen didaktische und methodische Fragestellungen und erproben diese in einem kurzen Schulpraktikum. Zudem treffen sich Vertreter_innen der Schulbeh\u00f6rden zu einem Austausch \u00fcber ihre Arbeitskontexte, Handlungsoptionen und zuk\u00fcnftige Herausforderungen.<\/p>\n<p>Oberstes Ziel des Projektes ist es, den Austausch zwischen jungen Menschen aus zwei verschiedenen Kulturr\u00e4umen zu f\u00f6rdern. Durch den Austausch \u00fcber p\u00e4dagogische Ans\u00e4tze aus sehr unterschiedlichen Kontexten sollen f\u00fcr selbstverst\u00e4ndlich genommene Vorgehensweisen hinterfragbar werden. Ein Bewusstsein f\u00fcr das jeweilige kulturelle Erbe in Erziehungsfragen soll Raum f\u00fcr neue Impulse schaffen, Impulse, die sp\u00e4ter im Unterricht weitergegeben werden k\u00f6nnen. Ein Wissen um andere Kulturen und ein Vorstellungsverm\u00f6gen f\u00fcr andere Lebensverh\u00e4ltnisse bilden ein wichtiges R\u00fcstzeug f\u00fcr die angehenden P\u00e4dagog_innen, die in einer zunehmend multi-kulturellen Gesellschaft unterrichten werden.<\/p>\n<p>2018 Suchum\/i* \u2013 Zurich<br \/>\nApril 9.-20.: Workshop und praktische Arbeit in Sukhum\/i*, Abchasien*<br \/>\nSept. 3.-14.: Workshop und praktische Arbeit in Z\u00fcrich<\/p>\n<p>2019 Jerewan \u2013 Z\u00fcrich<br \/>\nApril 7.-19.: Workshop und praktische Arbeit in Jerewan, Armenien<br \/>\nSept 1.-15.: Workshop und praktische Arbeit in Z\u00fcrich<\/p>\n<p>Das Projekt wurde initiiert von <a href=\"http:\/\/www.artasfoundation.ch\/en\/artmatters\"><i class=\"\">artasfoundation<\/i><\/a><\/p>\n<p><strong>Partner:<\/strong><\/p>\n<p>Armenian State Pedagogical University<br \/>\nUniversity and the Art College in Sukhum\/i*<br \/>\nZurich University of the Arts \u2013 <a href=\"https:\/\/www.zhdk.ch\/arteducation\">BA and MA Art Education Program of the ZHdK<\/a><br \/>\n<a href=\"https:\/\/www.stiftung-mercator.ch\/de\/projekte\/auswahl\/\">Mercator Foundation Switzerland<\/a><\/p>\n<p><img loading=\"lazy\" decoding=\"async\" class=\"alignnone  wp-image-841\" src=\"https:\/\/blog.zhdk.ch\/suedkaukasus\/files\/2018\/03\/Mercator_Rot_RGB-300x148.jpg\" alt=\"\" width=\"146\" height=\"72\" srcset=\"https:\/\/blog.zhdk.ch\/suedkaukasus\/files\/2018\/03\/Mercator_Rot_RGB-300x148.jpg 300w, https:\/\/blog.zhdk.ch\/suedkaukasus\/files\/2018\/03\/Mercator_Rot_RGB.jpg 522w\" sizes=\"auto, (max-width: 146px) 100vw, 146px\" \/><\/p>\n<p>* <em>artasfoundation<\/em> betont, dass die Nutzung von Bezeichnungen und Namen, besonders im Hinblick auf die Konfliktregionen, nicht als Anerkennung oder Nichtanerkennung durch die Stiftung ausgelegt werden sollen. Sie haben in diesem Zusammenhang keinerlei politische Konnotationen.<\/p>\n<p>&#8212;<\/p>\n<p><strong>\u00ab\u0425\u0443\u0434\u043e\u0436\u0435\u0441\u0442\u0432\u0435\u043d\u043d\u044b\u0435 \u0432\u043e\u043f\u0440\u043e\u0441\u044b\u00bb<\/strong><\/p>\n<p>\u041e\u0431\u043c\u0435\u043d \u043c\u0435\u0436\u0434\u0443 \u043c\u043e\u043b\u043e\u0434\u044b\u043c\u0438 \u043f\u0440\u0435\u043f\u043e\u0434\u0430\u0432\u0430\u0442\u0435\u043b\u044f\u043c\u0438 \u0438\u0441\u043a\u0443\u0441\u0441\u0442\u0432\u0430 \u0438\u0437 \u0428\u0432\u0435\u0439\u0446\u0430\u0440\u0438\u0438 \u0438 \u0438\u0437 \u0441\u0442\u0440\u0430\u043d \u042e\u0436\u043d\u043e\u0433\u043e \u041a\u0430\u0432\u043a\u0430\u0437\u0430.<br \/>\n\u041f\u0440\u043e\u0435\u043a\u0442 \u00ab\u0425\u0443\u0434\u043e\u0436\u0435\u0441\u0442\u0432\u0435\u043d\u043d\u044b\u0435 \u0432\u043e\u043f\u0440\u043e\u0441\u044b\u00bb \u043e\u0431\u044a\u0435\u0434\u0438\u043d\u044f\u0435\u0442 \u043c\u043e\u043b\u043e\u0434\u044b\u0445 \u043b\u044e\u0434\u0435\u0439, \u043a\u043e\u0442\u043e\u0440\u044b\u0435 \u0433\u043e\u0442\u043e\u0432\u044f\u0442\u0441\u044f \u043f\u0440\u0435\u043f\u043e\u0434\u0430\u0432\u0430\u0442\u044c \u0445\u0443\u0434\u043e\u0436\u0435\u0441\u0442\u0432\u0435\u043d\u043d\u043e\u0435 \u043e\u0431\u0440\u0430\u0437\u043e\u0432\u0430\u043d\u0438\u0435 \u0432 \u0448\u043a\u043e\u043b\u0430\u0445 \u0438 \u0436\u0438\u0432\u0443\u0449\u0438\u0445 \u0432 \u0428\u0432\u0435\u0439\u0446\u0430\u0440\u0438\u0438 \u0438 \u043d\u0430 \u042e\u0436\u043d\u043e\u043c \u041a\u0430\u0432\u043a\u0430\u0437\u0435. \u041f\u0440\u043e\u0435\u043a\u0442 \u043f\u0440\u0435\u0434\u043f\u043e\u043b\u0430\u0433\u0430\u0435\u0442 \u0441\u043e\u0442\u0440\u0443\u0434\u043d\u0438\u0447\u0435\u0441\u0442\u0432\u043e \u0438 \u043e\u0431\u043c\u0435\u043d \u043e\u043f\u044b\u0442\u043e\u043c.<br \/>\n\u0412\u0441\u0442\u0440\u0435\u0447\u0438 \u0441\u043e\u0441\u0442\u043e\u044f\u0442\u0441\u044f \u0432 \u0426\u044e\u0440\u0438\u0445\u0435 \u0438 \u0421\u0443\u0445\u0443\u043c\u0435, \u0438 \u0432 \u0441\u043b\u0435\u0434\u0443\u044e\u0449\u0435\u043c \u0433\u043e\u0434\u0443 \u0432 \u0426\u044e\u0440\u0438\u0445\u0435 \u0438 \u0415\u0440\u0435\u0432\u0430\u043d\u0435.<br \/>\n\u0412 \u043e\u0431\u043e\u0438\u0445 \u043c\u0435\u0441\u0442\u0430\u0445 \u043e\u043d\u0438 \u0411\u0443\u0434\u0443\u0442 \u0443\u0447\u0430\u0441\u0442\u0432\u043e\u0432\u0430\u0442\u044c \u0432 \u0441\u043e\u0432\u043c\u0435\u0441\u0442\u043d\u044b\u0445 \u0441\u0435\u043c\u0438\u043d\u0430\u0440\u0430\u0445,<br \/>\n\u043e\u0431\u0441\u0443\u0436\u0434\u0430\u0442\u044c \u0441 \u043f\u0440\u0435\u043f\u043e\u0434\u0430\u0432\u0430\u0442\u0435\u043b\u044f\u043c\u0438 \u0434\u0438\u0434\u0430\u043a\u0442\u0438\u0447\u0435\u0441\u043a\u0438\u0435 \u0438 \u043c\u0435\u0442\u043e\u0434\u0438\u0447\u0435\u0441\u043a\u0438\u0435 \u0432\u043e\u043f\u0440\u043e\u0441\u044b<br \/>\n\u0438 \u0442\u0435\u0441\u0442\u0438\u0440\u043e\u0432\u0430\u0442\u044c \u0438\u0445 \u0432 \u043a\u043e\u0440\u043e\u0442\u043a\u043e\u0439 \u0448\u043a\u043e\u043b\u044c\u043d\u043e\u0439 \u043f\u0440\u0430\u043a\u0442\u0438\u043a\u0435. \u0422\u0430\u043a\u0436\u0435 \u0441\u043e\u0441\u0442\u043e\u0438\u0442\u0441\u044f \u0432\u0441\u0442\u0440\u0435\u0447\u0430 \u043c\u0435\u0436\u0434\u0443 \u043f\u0440\u0435\u0434\u0441\u0442\u0430\u0432\u0438\u0442\u0435\u043b\u044f\u043c\u0438<br \/>\n\u0448\u043a\u043e\u043b. \u041e\u043d\u0438 \u043e\u0431\u043c\u0435\u043d\u044f\u044e\u0442\u0441\u044f \u043c\u043d\u0435\u043d\u0438\u044f\u043c\u0438 \u043e \u0441\u0432\u043e\u0435\u043c \u0440\u0430\u0431\u043e\u0447\u0435\u043c \u043a\u043e\u043d\u0442\u0435\u043a\u0441\u0442\u0435, \u0432\u043e\u043f\u0440\u043e\u0441\u0430\u0445 \u043f\u0440\u0435\u043f\u043e\u0434\u0430\u0432\u0430\u043d\u0438\u044f \u0438 \u0440\u0430\u0437\u0440\u0435\u0448\u0435\u043d\u0438\u0438<br \/>\n\u043f\u0440\u0430\u043a\u0442\u0438\u0447\u0435\u0441\u043a\u0438\u0445 \u0438 \u0442\u0435\u043e\u0440\u0435\u0442\u0438\u0447\u0435\u0441\u043a\u0438\u0445 \u043f\u0440\u043e\u0431\u043b\u0435\u043c.<br \/>\n\u041a\u043e\u043d\u0435\u0447\u043d\u043e\u0439 \u0446\u0435\u043b\u044c\u044e \u043f\u0440\u043e\u0435\u043a\u0442\u0430 \u044f\u0432\u043b\u044f\u0435\u0442\u0441\u044f \u0441\u043e\u0434\u0435\u0439\u0441\u0442\u0432\u0438\u0435 \u043e\u0431\u043c\u0435\u043d\u0443 \u043c\u0435\u0436\u0434\u0443 \u043c\u043e\u043b\u043e\u0434\u044b\u043c\u0438 \u043b\u044e\u0434\u044c\u043c\u0438 \u0438\u0437 \u0434\u0432\u0443\u0445 \u0441\u0442\u0440\u0430\u043d<br \/>\n\u0438 \u0438\u0437 \u0440\u0430\u0437\u043d\u044b\u0445 \u043a\u0443\u043b\u044c\u0442\u0443\u0440\u043d\u044b\u0445 \u043a\u043e\u043d\u0442\u0435\u043a\u0441\u0442\u043e\u0432. \u0420\u0430\u0437\u043d\u0438\u0446\u0430 \u0432 \u0443\u0447\u0435\u0431\u043d\u044b\u0445 \u043f\u043e\u0434\u0445\u043e\u0434\u0430\u0445 \u0438\u0437 \u043e\u0447\u0435\u043d\u044c \u0440\u0430\u0437\u043d\u044b\u0445 \u043f\u0435\u0434\u0430\u0433\u043e\u0433\u0438\u0447\u0435\u0441\u043a\u0438\u0445 \u0441\u0438\u0441\u0442\u0435\u043c \u0432\u043f\u043e\u043b\u043d\u0435 \u043e\u0436\u0438\u0434\u0430\u0435\u043c\u0430.<br \/>\n\u041e\u0441\u043e\u0437\u043d\u0430\u043d\u0438\u0435 \u0440\u0430\u0437\u043b\u0438\u0447\u043d\u043e\u0433\u043e \u043a\u0443\u043b\u044c\u0442\u0443\u0440\u043d\u043e\u0433\u043e \u043e\u043f\u044b\u0442\u0430 \u0432 \u0432\u043e\u043f\u0440\u043e\u0441\u0430\u0445 \u043e\u0431\u0440\u0430\u0437\u043e\u0432\u0430\u043d\u0438\u044f \u0434\u043e\u043b\u0436\u043d\u043e \u043f\u0440\u0435\u0434\u043e\u0441\u0442\u0430\u0432\u0438\u0442\u044c \u043f\u0440\u043e\u0441\u0442\u0440\u0430\u043d\u0441\u0442\u0432\u043e \u0434\u043b\u044f \u043d\u043e\u0432\u044b\u0445 \u0438\u043c\u043f\u0443\u043b\u044c\u0441\u043e\u0432, \u043a\u043e\u0442\u043e\u0440\u044b\u0435 \u043c\u043e\u0433\u0443\u0442 \u0431\u044b\u0442\u044c \u0440\u0435\u0430\u043b\u0438\u0437\u043e\u0432\u0430\u043d\u044b \u043f\u043e\u0437\u0436\u0435, \u0432\u043e \u0432\u0440\u0435\u043c\u044f \u043f\u0440\u0435\u043f\u043e\u0434\u0430\u0432\u0430\u043d\u0438\u044f \u0432 \u043a\u043b\u0430\u0441\u0441\u0435.<br \/>\n\u0417\u043d\u0430\u043d\u0438\u0435 \u0434\u0440\u0443\u0433\u0438\u0445 \u043a\u0443\u043b\u044c\u0442\u0443\u0440 \u0438 \u043f\u043e\u043d\u0438\u043c\u0430\u043d\u0438\u0435 \u0441\u043e\u0432\u0435\u0440\u0448\u0435\u043d\u043d\u043e \u0434\u0440\u0443\u0433\u0438\u0445 \u0443\u0441\u043b\u043e\u0432\u0438\u0439 \u0436\u0438\u0437\u043d\u0438 &#8211; \u0432\u0430\u0436\u043d\u044b\u0439 \u0438\u043d\u0441\u0442\u0440\u0443\u043c\u0435\u043d\u0442 \u0434\u043b\u044f \u043d\u0430\u0447\u0438\u043d\u0430\u044e\u0449\u0438\u0445 \u043f\u0435\u0434\u0430\u0433\u043e\u0433\u043e\u0432, \u043a\u043e\u0442\u043e\u0440\u044b\u0435 \u0443\u0447\u0430\u0442\u0441\u044f \u0440\u0430\u0431\u043e\u0442\u0430\u0442\u044c \u0432 \u043e\u0431\u0449\u0435\u0441\u0442\u0432\u0435, \u043a\u043e\u0442\u043e\u0440\u043e\u0435 \u0441\u0442\u0430\u043d\u043e\u0432\u0438\u0442\u0441\u044f \u0432\u0441\u0435 \u0431\u043e\u043b\u0435\u0435 \u043c\u0443\u043b\u0442\u0438\u043a\u0443\u043b\u044c\u0442\u0443\u0440\u043d\u044b\u043c.<\/p>\n<p>2018 \u0421\u0443\u0445\u0443\u043c \/ \u0426\u044e\u0440\u0438\u0445<br \/>\n9-20 \u0430\u043f\u0440\u0435\u043b\u044f: \u0421\u0435\u043c\u0438\u043d\u0430\u0440 \u0438 \u043f\u0440\u0430\u043a\u0442\u0438\u0447\u0435\u0441\u043a\u0430\u044f \u0440\u0430\u0431\u043e\u0442\u0430 \u0432 \u0421\u0443\u0445\u0443\u043c\u0435 \/ \u0418, \u0410\u0431\u0445\u0430\u0437\u0438\u044f *<br \/>\n3.-14 \u0421\u0435\u043d\u0442\u044f\u0431\u0440\u044f: \u0421\u0435\u043c\u0438\u043d\u0430\u0440 \u0438 \u043f\u0440\u0430\u043a\u0442\u0438\u0447\u0435\u0441\u043a\u0430\u044f \u0440\u0430\u0431\u043e\u0442\u0430 \u0432 \u0426\u044e\u0440\u0438\u0445\u0435<br \/>\n2019 \u0410\u0440\u043c\u0435\u043d\u0438\u044f-\u0428\u0432\u0435\u0439\u0446\u0430\u0440\u0438\u044f<br \/>\n\u0410\u043f\u0440\u0435\u043b\u044c 2019 \u0433\u043e\u0434\u0430, 14-\u0434\u043d\u0435\u0432\u043d\u044b\u0439 \u0441\u0435\u043c\u0438\u043d\u0430\u0440 \u0438 \u043f\u0440\u0430\u043a\u0442\u0438\u0447\u0435\u0441\u043a\u0430\u044f \u0440\u0430\u0431\u043e\u0442\u0430 \u0432 \u0422\u0430\u0432\u0443\u0448, \u0410\u0440\u043c\u0435\u043d\u0438\u044f<br \/>\n\u0421\u0435\u043d\u0442\u044f\u0431\u0440\u044c 2019: 14-\u0434\u043d\u0435\u0432\u043d\u044b\u0439 \u0441\u0435\u043c\u0438\u043d\u0430\u0440 \u0438 \u0440\u0430\u043a\u0442\u0438\u0447\u0435\u0441\u043a\u0430\u044f \u0440\u0430\u0431\u043e\u0442\u0430 \u0432 \u0426\u044e\u0440\u0438\u0445\u0435<\/p>\n<p><a href=\"http:\/\/www.artasfoundation.ch\/en\/artmatters\"><i class=\"\">artasfoundation<\/i><\/a><\/p>\n<p>Armenian State Pedagogical University<br \/>\nUniversity and the Art College in Sukhum\/i*<br \/>\nZurich University of the Arts \u2013 <a href=\"https:\/\/www.zhdk.ch\/arteducation\">BA and MA Art Education Program of the ZHdK<\/a><br \/>\n<a href=\"https:\/\/www.stiftung-mercator.ch\/de\/projekte\/auswahl\/\">Mercator Foundation Switzerland<\/a><\/p>\n<p><img loading=\"lazy\" decoding=\"async\" class=\"alignnone  wp-image-841\" src=\"https:\/\/blog.zhdk.ch\/suedkaukasus\/files\/2018\/03\/Mercator_Rot_RGB-300x148.jpg\" alt=\"\" width=\"146\" height=\"72\" srcset=\"https:\/\/blog.zhdk.ch\/suedkaukasus\/files\/2018\/03\/Mercator_Rot_RGB-300x148.jpg 300w, https:\/\/blog.zhdk.ch\/suedkaukasus\/files\/2018\/03\/Mercator_Rot_RGB.jpg 522w\" sizes=\"auto, (max-width: 146px) 100vw, 146px\" \/><\/p>\n","protected":false},"excerpt":{"rendered":"<p>Art Matters An exchange between young art educators from Switzerland and from countries of the South Caucasus. In the Art Matters project, prospective young art teachers, educated in Universities in Switzerland and the South Caucasus, come together for an exchange; the first one between students from Zurich and Sukhum\/i*, the second one between Zurich and [&hellip;]<\/p>\n","protected":false},"author":13,"featured_media":0,"parent":0,"menu_order":1,"comment_status":"closed","ping_status":"closed","template":"","meta":{"footnotes":""},"class_list":["post-3","page","type-page","status-publish","hentry","post-preview"],"_links":{"self":[{"href":"https:\/\/blog.zhdk.ch\/suedkaukasus\/wp-json\/wp\/v2\/pages\/3","targetHints":{"allow":["GET"]}}],"collection":[{"href":"https:\/\/blog.zhdk.ch\/suedkaukasus\/wp-json\/wp\/v2\/pages"}],"about":[{"href":"https:\/\/blog.zhdk.ch\/suedkaukasus\/wp-json\/wp\/v2\/types\/page"}],"author":[{"embeddable":true,"href":"https:\/\/blog.zhdk.ch\/suedkaukasus\/wp-json\/wp\/v2\/users\/13"}],"replies":[{"embeddable":true,"href":"https:\/\/blog.zhdk.ch\/suedkaukasus\/wp-json\/wp\/v2\/comments?post=3"}],"version-history":[{"count":10,"href":"https:\/\/blog.zhdk.ch\/suedkaukasus\/wp-json\/wp\/v2\/pages\/3\/revisions"}],"predecessor-version":[{"id":2789,"href":"https:\/\/blog.zhdk.ch\/suedkaukasus\/wp-json\/wp\/v2\/pages\/3\/revisions\/2789"}],"wp:attachment":[{"href":"https:\/\/blog.zhdk.ch\/suedkaukasus\/wp-json\/wp\/v2\/media?parent=3"}],"curies":[{"name":"wp","href":"https:\/\/api.w.org\/{rel}","templated":true}]}}