{"id":39,"date":"2018-03-20T19:48:36","date_gmt":"2018-03-20T19:48:36","guid":{"rendered":"https:\/\/blog.zhdk.ch\/suedkaukasus\/?page_id=39"},"modified":"2019-11-26T20:50:06","modified_gmt":"2019-11-26T20:50:06","slug":"buelach-kzu","status":"publish","type":"page","link":"https:\/\/blog.zhdk.ch\/suedkaukasus\/buelach-kzu\/","title":{"rendered":"Workshop Z\u00fcrich\/B\u00fclach 2018"},"content":{"rendered":"<p><strong>Some impressions from a visit at\u00a0Kantonsschule\u00a0B\u00fclach\u00a0where\u00a0there is an exhibition on how to become a citizen of Zurich_5.Juni 2018_jv<\/strong><\/p>\n<p><strong> <img loading=\"lazy\" decoding=\"async\" class=\"alignnone size-medium wp-image-947\" src=\"https:\/\/blog.zhdk.ch\/suedkaukasus\/files\/2018\/06\/KZU_IMG_5762-300x225.jpg\" alt=\"\" width=\"300\" height=\"225\" srcset=\"https:\/\/blog.zhdk.ch\/suedkaukasus\/files\/2018\/06\/KZU_IMG_5762-300x225.jpg 300w, https:\/\/blog.zhdk.ch\/suedkaukasus\/files\/2018\/06\/KZU_IMG_5762-768x576.jpg 768w, https:\/\/blog.zhdk.ch\/suedkaukasus\/files\/2018\/06\/KZU_IMG_5762-1024x768.jpg 1024w, https:\/\/blog.zhdk.ch\/suedkaukasus\/files\/2018\/06\/KZU_IMG_5762-676x507.jpg 676w\" sizes=\"auto, (max-width: 300px) 100vw, 300px\" \/>\u00a0\u00a0<img loading=\"lazy\" decoding=\"async\" class=\"alignnone size-medium wp-image-949\" src=\"https:\/\/blog.zhdk.ch\/suedkaukasus\/files\/2018\/06\/KZU_IMG_5763-300x225.jpg\" alt=\"\" width=\"300\" height=\"225\" srcset=\"https:\/\/blog.zhdk.ch\/suedkaukasus\/files\/2018\/06\/KZU_IMG_5763-300x225.jpg 300w, https:\/\/blog.zhdk.ch\/suedkaukasus\/files\/2018\/06\/KZU_IMG_5763-768x576.jpg 768w, https:\/\/blog.zhdk.ch\/suedkaukasus\/files\/2018\/06\/KZU_IMG_5763-1024x768.jpg 1024w, https:\/\/blog.zhdk.ch\/suedkaukasus\/files\/2018\/06\/KZU_IMG_5763-676x507.jpg 676w\" sizes=\"auto, (max-width: 300px) 100vw, 300px\" \/> <img loading=\"lazy\" decoding=\"async\" class=\"alignnone size-medium wp-image-951\" src=\"https:\/\/blog.zhdk.ch\/suedkaukasus\/files\/2018\/06\/KZU_IMG_5764-225x300.jpg\" alt=\"\" width=\"225\" height=\"300\" srcset=\"https:\/\/blog.zhdk.ch\/suedkaukasus\/files\/2018\/06\/KZU_IMG_5764-225x300.jpg 225w, https:\/\/blog.zhdk.ch\/suedkaukasus\/files\/2018\/06\/KZU_IMG_5764-768x1024.jpg 768w, https:\/\/blog.zhdk.ch\/suedkaukasus\/files\/2018\/06\/KZU_IMG_5764-676x901.jpg 676w\" sizes=\"auto, (max-width: 225px) 100vw, 225px\" \/> <img loading=\"lazy\" decoding=\"async\" class=\"alignnone size-medium wp-image-953\" src=\"https:\/\/blog.zhdk.ch\/suedkaukasus\/files\/2018\/06\/KZU_IMG_5765-225x300.jpg\" alt=\"\" width=\"225\" height=\"300\" srcset=\"https:\/\/blog.zhdk.ch\/suedkaukasus\/files\/2018\/06\/KZU_IMG_5765-225x300.jpg 225w, https:\/\/blog.zhdk.ch\/suedkaukasus\/files\/2018\/06\/KZU_IMG_5765-768x1024.jpg 768w, https:\/\/blog.zhdk.ch\/suedkaukasus\/files\/2018\/06\/KZU_IMG_5765-676x901.jpg 676w\" sizes=\"auto, (max-width: 225px) 100vw, 225px\" \/> <\/strong><\/p>\n<p><strong>Actual works of classes exhibited at the Kantonsschule Z\u00fcrcher Unterland in B\u00fclach _5.Juni 2018_jv<\/strong><\/p>\n<p><strong><img loading=\"lazy\" decoding=\"async\" class=\"alignnone size-medium wp-image-955\" src=\"https:\/\/blog.zhdk.ch\/suedkaukasus\/files\/2018\/06\/KZU_IMG_5772-300x225.jpg\" alt=\"\" width=\"300\" height=\"225\" srcset=\"https:\/\/blog.zhdk.ch\/suedkaukasus\/files\/2018\/06\/KZU_IMG_5772-300x225.jpg 300w, https:\/\/blog.zhdk.ch\/suedkaukasus\/files\/2018\/06\/KZU_IMG_5772-768x576.jpg 768w, https:\/\/blog.zhdk.ch\/suedkaukasus\/files\/2018\/06\/KZU_IMG_5772-1024x768.jpg 1024w, https:\/\/blog.zhdk.ch\/suedkaukasus\/files\/2018\/06\/KZU_IMG_5772-676x507.jpg 676w\" sizes=\"auto, (max-width: 300px) 100vw, 300px\" \/> <img loading=\"lazy\" decoding=\"async\" class=\"alignnone size-medium wp-image-957\" src=\"https:\/\/blog.zhdk.ch\/suedkaukasus\/files\/2018\/06\/KZU_IMG_5773-300x225.jpg\" alt=\"\" width=\"300\" height=\"225\" srcset=\"https:\/\/blog.zhdk.ch\/suedkaukasus\/files\/2018\/06\/KZU_IMG_5773-300x225.jpg 300w, https:\/\/blog.zhdk.ch\/suedkaukasus\/files\/2018\/06\/KZU_IMG_5773-768x576.jpg 768w, https:\/\/blog.zhdk.ch\/suedkaukasus\/files\/2018\/06\/KZU_IMG_5773-1024x768.jpg 1024w, https:\/\/blog.zhdk.ch\/suedkaukasus\/files\/2018\/06\/KZU_IMG_5773-676x507.jpg 676w\" sizes=\"auto, (max-width: 300px) 100vw, 300px\" \/><\/strong><\/p>\n<p><strong>Some photographs of the partner-school: the Kantonsschule Z\u00fcrcher Unterland in B\u00fclach_February 2018_jv<\/strong><\/p>\n<p><img loading=\"lazy\" decoding=\"async\" class=\"alignnone size-medium wp-image-225\" src=\"https:\/\/blog.zhdk.ch\/suedkaukasus\/files\/2018\/03\/csm_kzu_lageplan_27fb2981b2-200x300.jpg\" alt=\"\" width=\"200\" height=\"300\" srcset=\"https:\/\/blog.zhdk.ch\/suedkaukasus\/files\/2018\/03\/csm_kzu_lageplan_27fb2981b2-200x300.jpg 200w, https:\/\/blog.zhdk.ch\/suedkaukasus\/files\/2018\/03\/csm_kzu_lageplan_27fb2981b2.jpg 399w\" sizes=\"auto, (max-width: 200px) 100vw, 200px\" \/><img loading=\"lazy\" decoding=\"async\" class=\"alignnone size-medium wp-image-217\" src=\"https:\/\/blog.zhdk.ch\/suedkaukasus\/files\/2018\/03\/csm_campus_617765589a-300x200.jpg\" alt=\"\" width=\"300\" height=\"200\" srcset=\"https:\/\/blog.zhdk.ch\/suedkaukasus\/files\/2018\/03\/csm_campus_617765589a-300x200.jpg 300w, https:\/\/blog.zhdk.ch\/suedkaukasus\/files\/2018\/03\/csm_campus_617765589a-768x511.jpg 768w, https:\/\/blog.zhdk.ch\/suedkaukasus\/files\/2018\/03\/csm_campus_617765589a-676x450.jpg 676w, https:\/\/blog.zhdk.ch\/suedkaukasus\/files\/2018\/03\/csm_campus_617765589a.jpg 800w\" sizes=\"auto, (max-width: 300px) 100vw, 300px\" \/><img loading=\"lazy\" decoding=\"async\" class=\"alignnone size-medium wp-image-219\" src=\"https:\/\/blog.zhdk.ch\/suedkaukasus\/files\/2018\/03\/csm_Dachausblick_6e0b099256-300x225.jpg\" alt=\"\" width=\"300\" height=\"225\" srcset=\"https:\/\/blog.zhdk.ch\/suedkaukasus\/files\/2018\/03\/csm_Dachausblick_6e0b099256-300x225.jpg 300w, https:\/\/blog.zhdk.ch\/suedkaukasus\/files\/2018\/03\/csm_Dachausblick_6e0b099256-768x576.jpg 768w, https:\/\/blog.zhdk.ch\/suedkaukasus\/files\/2018\/03\/csm_Dachausblick_6e0b099256-676x507.jpg 676w, https:\/\/blog.zhdk.ch\/suedkaukasus\/files\/2018\/03\/csm_Dachausblick_6e0b099256.jpg 800w\" sizes=\"auto, (max-width: 300px) 100vw, 300px\" \/><\/p>\n<p>&nbsp;<\/p>\n<p><img loading=\"lazy\" decoding=\"async\" class=\"alignnone size-medium wp-image-223\" src=\"https:\/\/blog.zhdk.ch\/suedkaukasus\/files\/2018\/03\/csm_Gebetsfahnen_4135074045-200x300.jpg\" alt=\"\" width=\"200\" height=\"300\" srcset=\"https:\/\/blog.zhdk.ch\/suedkaukasus\/files\/2018\/03\/csm_Gebetsfahnen_4135074045-200x300.jpg 200w, https:\/\/blog.zhdk.ch\/suedkaukasus\/files\/2018\/03\/csm_Gebetsfahnen_4135074045.jpg 399w\" sizes=\"auto, (max-width: 200px) 100vw, 200px\" \/>\u00a0\u00a0 <img loading=\"lazy\" decoding=\"async\" class=\"alignnone size-medium wp-image-221\" src=\"https:\/\/blog.zhdk.ch\/suedkaukasus\/files\/2018\/03\/csm_eingang_schueler_512862606f-300x200.jpg\" alt=\"\" width=\"300\" height=\"200\" srcset=\"https:\/\/blog.zhdk.ch\/suedkaukasus\/files\/2018\/03\/csm_eingang_schueler_512862606f-300x200.jpg 300w, https:\/\/blog.zhdk.ch\/suedkaukasus\/files\/2018\/03\/csm_eingang_schueler_512862606f-768x511.jpg 768w, https:\/\/blog.zhdk.ch\/suedkaukasus\/files\/2018\/03\/csm_eingang_schueler_512862606f-676x450.jpg 676w, https:\/\/blog.zhdk.ch\/suedkaukasus\/files\/2018\/03\/csm_eingang_schueler_512862606f.jpg 800w\" sizes=\"auto, (max-width: 300px) 100vw, 300px\" \/><\/p>\n<p>Here the possible rooms where the classes will be held.<\/p>\n<p><img loading=\"lazy\" decoding=\"async\" class=\"alignnone size-medium wp-image-41\" src=\"https:\/\/blog.zhdk.ch\/suedkaukasus\/files\/2018\/03\/IMG_5454-300x225.jpg\" alt=\"\" width=\"300\" height=\"225\" srcset=\"https:\/\/blog.zhdk.ch\/suedkaukasus\/files\/2018\/03\/IMG_5454-300x225.jpg 300w, https:\/\/blog.zhdk.ch\/suedkaukasus\/files\/2018\/03\/IMG_5454-768x576.jpg 768w, https:\/\/blog.zhdk.ch\/suedkaukasus\/files\/2018\/03\/IMG_5454-1024x768.jpg 1024w, https:\/\/blog.zhdk.ch\/suedkaukasus\/files\/2018\/03\/IMG_5454-676x507.jpg 676w\" sizes=\"auto, (max-width: 300px) 100vw, 300px\" \/><img loading=\"lazy\" decoding=\"async\" class=\"size-medium wp-image-43 alignleft\" src=\"https:\/\/blog.zhdk.ch\/suedkaukasus\/files\/2018\/03\/IMG_5455-1-300x225.jpg\" alt=\"\" width=\"300\" height=\"225\" srcset=\"https:\/\/blog.zhdk.ch\/suedkaukasus\/files\/2018\/03\/IMG_5455-1-300x225.jpg 300w, https:\/\/blog.zhdk.ch\/suedkaukasus\/files\/2018\/03\/IMG_5455-1-768x576.jpg 768w, https:\/\/blog.zhdk.ch\/suedkaukasus\/files\/2018\/03\/IMG_5455-1-1024x768.jpg 1024w, https:\/\/blog.zhdk.ch\/suedkaukasus\/files\/2018\/03\/IMG_5455-1-676x507.jpg 676w\" sizes=\"auto, (max-width: 300px) 100vw, 300px\" \/>\u00a0 <img loading=\"lazy\" decoding=\"async\" class=\"size-medium wp-image-51 alignleft\" src=\"https:\/\/blog.zhdk.ch\/suedkaukasus\/files\/2018\/03\/IMG_5459-1-300x225.jpg\" alt=\"\" width=\"300\" height=\"225\" srcset=\"https:\/\/blog.zhdk.ch\/suedkaukasus\/files\/2018\/03\/IMG_5459-1-300x225.jpg 300w, https:\/\/blog.zhdk.ch\/suedkaukasus\/files\/2018\/03\/IMG_5459-1-768x576.jpg 768w, https:\/\/blog.zhdk.ch\/suedkaukasus\/files\/2018\/03\/IMG_5459-1-1024x768.jpg 1024w, https:\/\/blog.zhdk.ch\/suedkaukasus\/files\/2018\/03\/IMG_5459-1-676x507.jpg 676w\" sizes=\"auto, (max-width: 300px) 100vw, 300px\" \/>\u00a0 <img loading=\"lazy\" decoding=\"async\" class=\"size-medium wp-image-55 alignleft\" src=\"https:\/\/blog.zhdk.ch\/suedkaukasus\/files\/2018\/03\/IMG_5461-1-300x225.jpg\" alt=\"\" width=\"300\" height=\"225\" srcset=\"https:\/\/blog.zhdk.ch\/suedkaukasus\/files\/2018\/03\/IMG_5461-1-300x225.jpg 300w, https:\/\/blog.zhdk.ch\/suedkaukasus\/files\/2018\/03\/IMG_5461-1-768x576.jpg 768w, https:\/\/blog.zhdk.ch\/suedkaukasus\/files\/2018\/03\/IMG_5461-1-1024x768.jpg 1024w, https:\/\/blog.zhdk.ch\/suedkaukasus\/files\/2018\/03\/IMG_5461-1-676x507.jpg 676w\" sizes=\"auto, (max-width: 300px) 100vw, 300px\" \/><\/p>\n","protected":false},"excerpt":{"rendered":"<p>Some impressions from a visit at\u00a0Kantonsschule\u00a0B\u00fclach\u00a0where\u00a0there is an exhibition on how to become a citizen of Zurich_5.Juni 2018_jv \u00a0\u00a0 Actual works of classes exhibited at the Kantonsschule Z\u00fcrcher Unterland in B\u00fclach _5.Juni 2018_jv Some photographs of the partner-school: the Kantonsschule Z\u00fcrcher Unterland in B\u00fclach_February 2018_jv &nbsp; \u00a0\u00a0 Here the possible rooms where the classes will [&hellip;]<\/p>\n","protected":false},"author":1351,"featured_media":0,"parent":0,"menu_order":0,"comment_status":"closed","ping_status":"closed","template":"","meta":{"footnotes":""},"class_list":["post-39","page","type-page","status-publish","hentry","post-preview"],"_links":{"self":[{"href":"https:\/\/blog.zhdk.ch\/suedkaukasus\/wp-json\/wp\/v2\/pages\/39","targetHints":{"allow":["GET"]}}],"collection":[{"href":"https:\/\/blog.zhdk.ch\/suedkaukasus\/wp-json\/wp\/v2\/pages"}],"about":[{"href":"https:\/\/blog.zhdk.ch\/suedkaukasus\/wp-json\/wp\/v2\/types\/page"}],"author":[{"embeddable":true,"href":"https:\/\/blog.zhdk.ch\/suedkaukasus\/wp-json\/wp\/v2\/users\/1351"}],"replies":[{"embeddable":true,"href":"https:\/\/blog.zhdk.ch\/suedkaukasus\/wp-json\/wp\/v2\/comments?post=39"}],"version-history":[{"count":14,"href":"https:\/\/blog.zhdk.ch\/suedkaukasus\/wp-json\/wp\/v2\/pages\/39\/revisions"}],"predecessor-version":[{"id":3062,"href":"https:\/\/blog.zhdk.ch\/suedkaukasus\/wp-json\/wp\/v2\/pages\/39\/revisions\/3062"}],"wp:attachment":[{"href":"https:\/\/blog.zhdk.ch\/suedkaukasus\/wp-json\/wp\/v2\/media?parent=39"}],"curies":[{"name":"wp","href":"https:\/\/api.w.org\/{rel}","templated":true}]}}