{"id":95,"date":"2014-08-20T15:39:35","date_gmt":"2014-08-20T13:39:35","guid":{"rendered":"https:\/\/blog.zhdk.ch\/toniblog\/?page_id=95"},"modified":"2014-09-16T18:19:36","modified_gmt":"2014-09-16T16:19:36","slug":"ueber-den-toniblog","status":"publish","type":"page","link":"https:\/\/blog.zhdk.ch\/toniblog\/ueber-den-toniblog\/","title":{"rendered":"\u00dcber den Toniblog"},"content":{"rendered":"<p>Der Toniblog dokumentiert, wie sich die Studierenden, Mitarbeitenden und Besucherinnen und Besucher den Campus Toni-Areal zu eigen machen. Wie wird das Toni-Areal genutzt? Wie wird das Neue angenommen? Und wie und wo l\u00e4sst sich das beobachten?<\/p>\n<p>Weil Aneignung immer ein Prozess ist, der Interaktivit\u00e4t und Beteiligung voraussetzt, bietet der Toniblog das entsprechende Format f\u00fcr eine solche Dokumentation von Gebrauchsspuren. Alle Einzelpersonen, Projektgruppen und Studieng\u00e4nge sind herzlich dazu eingeladen, ihre Projekte, die innerhalb der ZHdK mit einem Konnex zum Toni-Areal realisiert werden, auf dieser Plattform zu ver\u00f6ffentlichen. Die Beobachtungsformen d\u00fcrfen hierbei so verschieden wie experimentell sein: Befragungen, Interviews, Audio- und Videofiles, Fotos, Skizzen, Listen, Karten \u2026 Auch Hinweise auf Spuren nehmen wir gerne entgegen!<\/p>\n<p>Der Toniblog geht mit Semesterstart im September 2014 online und wird voraussichtlich f\u00fcr die Dauer von 12 Monaten gepflegt.<\/p>\n","protected":false},"excerpt":{"rendered":"<p class=\"post-excerpt\">Der Toniblog dokumentiert, wie sich die Studierenden, Mitarbeitenden und Besucherinnen und Besucher den Campus Toni-Areal zu eigen machen. Wie wird&#8230;<\/p>\n","protected":false},"author":889,"featured_media":0,"parent":0,"menu_order":1,"comment_status":"open","ping_status":"closed","template":"","meta":{"ngg_post_thumbnail":0,"footnotes":""},"class_list":["post-95","page","type-page","status-publish","hentry"],"_links":{"self":[{"href":"https:\/\/blog.zhdk.ch\/toniblog\/wp-json\/wp\/v2\/pages\/95","targetHints":{"allow":["GET"]}}],"collection":[{"href":"https:\/\/blog.zhdk.ch\/toniblog\/wp-json\/wp\/v2\/pages"}],"about":[{"href":"https:\/\/blog.zhdk.ch\/toniblog\/wp-json\/wp\/v2\/types\/page"}],"author":[{"embeddable":true,"href":"https:\/\/blog.zhdk.ch\/toniblog\/wp-json\/wp\/v2\/users\/889"}],"replies":[{"embeddable":true,"href":"https:\/\/blog.zhdk.ch\/toniblog\/wp-json\/wp\/v2\/comments?post=95"}],"version-history":[{"count":7,"href":"https:\/\/blog.zhdk.ch\/toniblog\/wp-json\/wp\/v2\/pages\/95\/revisions"}],"predecessor-version":[{"id":1107,"href":"https:\/\/blog.zhdk.ch\/toniblog\/wp-json\/wp\/v2\/pages\/95\/revisions\/1107"}],"wp:attachment":[{"href":"https:\/\/blog.zhdk.ch\/toniblog\/wp-json\/wp\/v2\/media?parent=95"}],"curies":[{"name":"wp","href":"https:\/\/api.w.org\/{rel}","templated":true}]}}