{"id":37,"date":"2018-06-25T09:02:38","date_gmt":"2018-06-25T09:02:38","guid":{"rendered":"https:\/\/blog.zhdk.ch\/tradingzones\/?page_id=37"},"modified":"2020-02-10T19:01:37","modified_gmt":"2020-02-10T19:01:37","slug":"upcoming","status":"publish","type":"page","link":"https:\/\/blog.zhdk.ch\/tradingzones\/upcoming\/","title":{"rendered":"Upcoming"},"content":{"rendered":"<h1 style=\"text-align: right\">Upcoming<\/h1>\n<hr class=\"ttfmake-hr\" style=\"border-style: solid;border-top-width: 1px\" \/>\n<p>&nbsp;<\/p>\n<p>Lecture and talk, February 25, 2020, 6pm, 3.K01 (H\u00f6rsaal 1)<\/p>\n<h1><strong>Louis Henderson \u2014 Dialect of hurricanes. Patois of rains. Language of storms. Unfolding of life in a spiral.<\/strong><\/h1>\n<p><strong>A collaborative event by IFCAR Institute for Contemporary Art Research and Master Fine Arts, Department of Fine Arts, Zurich University of the Arts<\/strong><\/p>\n<p><img loading=\"lazy\" decoding=\"async\" class=\"alignleft size-full wp-image-1137\" src=\"https:\/\/blog.zhdk.ch\/tradingzones\/files\/2020\/02\/Ouvertures_04.jpeg\" alt=\"\" width=\"1280\" height=\"720\" srcset=\"https:\/\/blog.zhdk.ch\/tradingzones\/files\/2020\/02\/Ouvertures_04.jpeg 1280w, https:\/\/blog.zhdk.ch\/tradingzones\/files\/2020\/02\/Ouvertures_04-300x169.jpeg 300w, https:\/\/blog.zhdk.ch\/tradingzones\/files\/2020\/02\/Ouvertures_04-1024x576.jpeg 1024w, https:\/\/blog.zhdk.ch\/tradingzones\/files\/2020\/02\/Ouvertures_04-768x432.jpeg 768w\" sizes=\"auto, (max-width: 1280px) 100vw, 1280px\" \/><em>Spectre Productions\/The Living and the Dead Ensemble<\/em><\/p>\n<p>Unfurling like a fiddlehead fern fond in a forest, the word \u2018creole\u2019 comes from the Greek root *\u1e31er- meaning to grow, to nourish. Celebrating the vast possibilities of translating both into and from Haitian Creole, this talk will describe how the artist group The Living and the Dead Ensemble unraveled into being by translating the play\u00a0\u00abMonsieur Toussaint<em>\u00bb<\/em>\u00a0by \u00c9douard Glissant, from French to Haitian Creole.\u00a0I will discuss Derrida&#8217;s idea of\u00a0echo-translation\u00a0and how the Ensemble approached this method\u00a0as a means to test the limits of\u00a0Glissant&#8217;s work\u00a0within a contemporary Haitian context, turning to the\u00a0Haitian poet Frank\u00e9tienne\u00a0as\u00a0a way\u00a0forwards\u00a0through the spiraling voice of the We.<\/p>\n<p>I will discuss this and more with excerpts from my new feature film \u00abOuvertures\u00bb (2020), which is currently celebrating its premiere at the Berlinale. Event in English, moderated by Nina Kerschbaumer.<\/p>\n<p><img loading=\"lazy\" decoding=\"async\" class=\"size-full wp-image-1139 alignleft\" src=\"https:\/\/blog.zhdk.ch\/tradingzones\/files\/2020\/02\/Ouvertures_06.jpeg\" alt=\"\" width=\"1280\" height=\"720\" srcset=\"https:\/\/blog.zhdk.ch\/tradingzones\/files\/2020\/02\/Ouvertures_06.jpeg 1280w, https:\/\/blog.zhdk.ch\/tradingzones\/files\/2020\/02\/Ouvertures_06-300x169.jpeg 300w, https:\/\/blog.zhdk.ch\/tradingzones\/files\/2020\/02\/Ouvertures_06-1024x576.jpeg 1024w, https:\/\/blog.zhdk.ch\/tradingzones\/files\/2020\/02\/Ouvertures_06-768x432.jpeg 768w\" sizes=\"auto, (max-width: 1280px) 100vw, 1280px\" \/><\/p>\n<p><em>Spectre Productions\/The Living and the Dead Ensemble<\/em><\/p>\n<p>Louis Henderson is a filmmaker who experiments with different ways of working with people to address and question our current global condition defined by racial capitalism and ever-present histories of the European colonial project. Developing an archaeological method in cinema, his films explore the sonic space of images, listening to the echoes and spirals of the stratigraphic. Since 2017, Henderson has been working within the artist group The Living and the Dead Ensemble. Based between Haiti and France, they focus on theatre, song, slam, poetry and cinema. His work is distributed by LUX, Video Data Bank and Phantom, and produced by Spectre. He lives and works in Paris.<\/p>\n<p>The Living and the Dead Ensemble are a group of artists, performers and poets from Haiti, France and the United Kingdom. They initially came together in Haiti 2017, to produce the Haitian Creole translation and performance of the play Monsieur Toussaint by \u00c9douard Glissant. Initiated from an original idea by Louis Henderson and Olivier Marboeuf, who have been collaborating as a director\/producer partnership since 2014, the Ensemble\u2019s first film \u201cOuvertures\u201d will be premiered in the Forum section of the Berlinale 2020. Their work explores different possible methods of telling the history of Haiti, the first independent black republic in the Americas. Navigating from the utopia of a radical and anticolonial democracy up until the catastrophic situation the country faces today, the Ensemble produce texts, performances, films and installations, that reveal the cultural richness of Haiti from within a social, political and ecological crisis. The Ensemble are: Mackenson Bijou, Rossi Jacques Casimir, Dieuvela Cherestal, James Desiris, James Fleurissaint, Louis Henderson, L\u00e9onard Jean Baptiste, Cynthia Maignan, Sophonie Maignan, Olivier Marboeuf, Mim\u00e9tik N\u00e8g.<\/p>\n<p>&nbsp;<\/p>\n<hr class=\"ttfmake-hr\" style=\"border-style: solid;border-top-width: 1px\" \/>\n<p>&nbsp;<\/p>\n","protected":false},"excerpt":{"rendered":"<p>Upcoming &nbsp; Lecture and talk, February 25, 2020, 6pm, 3.K01 (H\u00f6rsaal 1) Louis Henderson \u2014 Dialect of hurricanes. Patois of rains. Language of storms. Unfolding of life in a spiral. A collaborative event by IFCAR Institute for Contemporary Art Research and Master Fine Arts, Department of Fine Arts, Zurich University of the Arts Spectre Productions\/The &hellip;<\/p>\n","protected":false},"author":3559,"featured_media":0,"parent":0,"menu_order":0,"comment_status":"closed","ping_status":"closed","template":"","meta":{"footnotes":""},"class_list":["post-37","page","type-page","status-publish","hentry"],"_links":{"self":[{"href":"https:\/\/blog.zhdk.ch\/tradingzones\/wp-json\/wp\/v2\/pages\/37","targetHints":{"allow":["GET"]}}],"collection":[{"href":"https:\/\/blog.zhdk.ch\/tradingzones\/wp-json\/wp\/v2\/pages"}],"about":[{"href":"https:\/\/blog.zhdk.ch\/tradingzones\/wp-json\/wp\/v2\/types\/page"}],"author":[{"embeddable":true,"href":"https:\/\/blog.zhdk.ch\/tradingzones\/wp-json\/wp\/v2\/users\/3559"}],"replies":[{"embeddable":true,"href":"https:\/\/blog.zhdk.ch\/tradingzones\/wp-json\/wp\/v2\/comments?post=37"}],"version-history":[{"count":146,"href":"https:\/\/blog.zhdk.ch\/tradingzones\/wp-json\/wp\/v2\/pages\/37\/revisions"}],"predecessor-version":[{"id":1141,"href":"https:\/\/blog.zhdk.ch\/tradingzones\/wp-json\/wp\/v2\/pages\/37\/revisions\/1141"}],"wp:attachment":[{"href":"https:\/\/blog.zhdk.ch\/tradingzones\/wp-json\/wp\/v2\/media?parent=37"}],"curies":[{"name":"wp","href":"https:\/\/api.w.org\/{rel}","templated":true}]}}