{"id":622,"date":"2018-10-01T11:44:13","date_gmt":"2018-10-01T11:44:13","guid":{"rendered":"https:\/\/blog.zhdk.ch\/tradingzones\/?page_id=622"},"modified":"2018-10-01T11:56:14","modified_gmt":"2018-10-01T11:56:14","slug":"622-2","status":"publish","type":"page","link":"https:\/\/blog.zhdk.ch\/tradingzones\/archive\/622-2\/","title":{"rendered":"Goran Gali\u0107 und Gian-Reto Gredig"},"content":{"rendered":"<hr class=\"ttfmake-hr\" style=\"border-style: solid;border-top-width: 1px\" \/>\n<p>&nbsp;<\/p>\n<p>26. September 2018<\/p>\n<h1><strong>GORAN GALI<\/strong><strong><span class=\"st\">\u0106 <\/span>UND GIAN-RETO GREDIG<\/strong><\/h1>\n<h3><strong>\u201eMa Bi\u0107e Bolje\u201c und \u201ePut Mira\u201c \u2013 Dokumentarismen zwischen Kunst und Wissenschaft<\/strong><\/h3>\n<p>Das K\u00fcnstlerduo Goran Gali\u0107 und Gian-Reto Gredig wird in seinem Vortrag die Arbeiten \u201eMa Bi\u0107e Bolje\u201c und \u201ePut Mira \u2013 Die Erinnerungslandschaft Bosnien und Herzegowinas\u201c vorstellen und miteinander vergleichen.<\/p>\n<p>Diese beiden Arbeiten entstanden auf Reisen, die Gali\u0107 und Gredig zwischen 2001 und 2005 in Bosnien-Herzegowina unternahmen. Das Duo traf sich 2002 in Z\u00fcrich; Gali\u0107 studierte damals Fotografie an der ZHdK und Gredig Ethnologie an der Universit\u00e4t Z\u00fcrich. Ihre Zusammenarbeit bestand anf\u00e4nglich aus zwei unabh\u00e4ngigen Projekten: Gali\u0107 erkundete fotografisch die Spuren des Konflikts in Bosnien-Herzegowina, Gredig dokumentierte diese Erkundung mit ethnographischem Blick. Ihre Arbeiten verschmolzen schliesslich zu einer Kollaboration.<\/p>\n<p>Ein erstes Resultat dieser Kollaboration ist \u201eMa Bi\u0107e Bolje\u201c (2005, Dt.: \u201eWird schon wieder\u201c), eine intermediale Kunstinstallation, welche \u00fcber das Spezifische des Dargestellten hinausweist und eine Untersuchung \u00fcber die Konstruktion des Dokumentarischen ist. Sie ist eine komplexe Ansammlung von Fotografie, Video und Text, von Erz\u00e4hlung und Kritik. 2013 wurde \u201eMa Bi\u0107e Bolje\u201c in die Form einer Publikation \u00fcberf\u00fchrt.<\/p>\n<p>\u201ePut Mira \u2013 Die Erinnerungslandschaft Bosnien und Herzegowinas\u201c (2008) ist das zweite Resultat, bestehend aus einem 90min\u00fctigen Dokumentarfilm und einer 60seitigen schriftlichen wissenschaftlichen Arbeit. Der Film thematisiert verschiedene Formen der Erinnerungsarbeit mit der bosnischen Kriegsvergangenheit in Form eines dokumentarischen Roadmovies. Der schriftliche Teil besch\u00e4ftigt sich vertieft mit der Erinnerungskultur in Bosnien im Allgemeinen und in \u201ePut mira\u201c im Speziellen.<\/p>\n<p>Diskutiert werden soll, inwiefern sich die Ans\u00e4tze der beiden dokumentarisch angelegten Arbeiten verschr\u00e4nken, wie sich in ihnen das \u201eWissenschaftliche\u201c resp. \u201eK\u00fcnstlerische\u201c manifestiert und wie sie sich der Zuordnung in diese Genres bedienen resp. entziehen.<\/p>\n<p><a href=\"https:\/\/blog.zhdk.ch\/tradingzones\/files\/2018\/09\/CV_GalicGredig.pdf\">CV_Galic_Gredig<\/a><\/p>\n<p><a href=\"https:\/\/blog.zhdk.ch\/tradingzones\/upcoming\/dokumentation-installation-ma-bice-bolje-2005\/\">Dokumentation Installation Ma Bi\u0107e Bolje 2005<\/a><\/p>\n<p><a href=\"https:\/\/blog.zhdk.ch\/tradingzones\/dokumentation-publikation-ma-bice-bolje-2012\/\">Dokumentation Publikation Ma Bi\u0107e Bolje 2012<\/a><\/p>\n<p><a href=\"https:\/\/blog.zhdk.ch\/tradingzones\/upcoming\/426-2\/\">Dokumentation Put mira 2008<\/a><\/p>\n<p><a href=\"https:\/\/blog.zhdk.ch\/tradingzones\/files\/2018\/09\/1_Ma-Bice-Bolje_Gespraech.pdf\">Gespr\u00e4ch mit Michael Schmid aus der Publikation \u201eMa Bi\u0107e Bolje\u201c, 2012<\/a><\/p>\n<p><a href=\"https:\/\/blog.zhdk.ch\/tradingzones\/files\/2018\/09\/2_Put-mira_Einleitung-und-Epilog.pdf\">Inhaltsverzeichnis, Einleitung und Epilog aus der Lizentiatsarbeit \u201ePut Mira \u2013 Die Erinnerungslandschaft Bosnien und Herzegowinas\u201c, 2008<\/a><\/p>\n<p>&nbsp;<\/p>\n<hr class=\"ttfmake-hr\" style=\"border-style: solid;border-top-width: 1px\" \/>\n<p>&nbsp;<\/p>\n","protected":false},"excerpt":{"rendered":"<p>&nbsp; 26. September 2018 GORAN GALI\u0106 UND GIAN-RETO GREDIG \u201eMa Bi\u0107e Bolje\u201c und \u201ePut Mira\u201c \u2013 Dokumentarismen zwischen Kunst und Wissenschaft Das K\u00fcnstlerduo Goran Gali\u0107 und Gian-Reto Gredig wird in seinem Vortrag die Arbeiten \u201eMa Bi\u0107e Bolje\u201c und \u201ePut Mira \u2013 Die Erinnerungslandschaft Bosnien und Herzegowinas\u201c vorstellen und miteinander vergleichen. Diese beiden Arbeiten entstanden auf &hellip;<\/p>\n","protected":false},"author":3922,"featured_media":0,"parent":35,"menu_order":0,"comment_status":"closed","ping_status":"closed","template":"","meta":{"footnotes":""},"class_list":["post-622","page","type-page","status-publish","hentry"],"_links":{"self":[{"href":"https:\/\/blog.zhdk.ch\/tradingzones\/wp-json\/wp\/v2\/pages\/622","targetHints":{"allow":["GET"]}}],"collection":[{"href":"https:\/\/blog.zhdk.ch\/tradingzones\/wp-json\/wp\/v2\/pages"}],"about":[{"href":"https:\/\/blog.zhdk.ch\/tradingzones\/wp-json\/wp\/v2\/types\/page"}],"author":[{"embeddable":true,"href":"https:\/\/blog.zhdk.ch\/tradingzones\/wp-json\/wp\/v2\/users\/3922"}],"replies":[{"embeddable":true,"href":"https:\/\/blog.zhdk.ch\/tradingzones\/wp-json\/wp\/v2\/comments?post=622"}],"version-history":[{"count":5,"href":"https:\/\/blog.zhdk.ch\/tradingzones\/wp-json\/wp\/v2\/pages\/622\/revisions"}],"predecessor-version":[{"id":650,"href":"https:\/\/blog.zhdk.ch\/tradingzones\/wp-json\/wp\/v2\/pages\/622\/revisions\/650"}],"up":[{"embeddable":true,"href":"https:\/\/blog.zhdk.ch\/tradingzones\/wp-json\/wp\/v2\/pages\/35"}],"wp:attachment":[{"href":"https:\/\/blog.zhdk.ch\/tradingzones\/wp-json\/wp\/v2\/media?parent=622"}],"curies":[{"name":"wp","href":"https:\/\/api.w.org\/{rel}","templated":true}]}}