{"id":9,"date":"2018-06-25T08:44:12","date_gmt":"2018-06-25T08:44:12","guid":{"rendered":"https:\/\/blog.zhdk.ch\/tradingzones\/?page_id=9"},"modified":"2020-02-10T19:13:04","modified_gmt":"2020-02-10T19:13:04","slug":"home","status":"publish","type":"page","link":"https:\/\/blog.zhdk.ch\/tradingzones\/","title":{"rendered":"Home"},"content":{"rendered":"<h2>How can artistic research and ethnography work together? The series of events, organized by the Institute for Contemporary Art IFCAR, illuminates common visual practices and perspectives. The screenings, lectures and workshops are closely related to ongoing research projects of the ZHdK and take up current trends in contemporary art.<\/h2>\n<hr \/>\n<h2 style=\"text-align: left\">Wie k\u00f6nnen k\u00fcnstlerische Forschung und Ethnografie zusammenarbeiten? Die Veranstaltungsreihe, organisiert vom Institut f\u00fcr Gegenwartskunst IFCAR, beleuchtet gemeinsame visuelle Praktiken und Perspektiven.\u00a0Die Screenings, Vortr\u00e4ge und Workshops\u00a0stehen in engem Zusammenhang mit laufenden Forschungsprojekten der ZHdK und\u00a0nehmen aktuelle Tendenzen der Gegenwartskunst auf.<\/h2>\n<p>&nbsp;<\/p>\n<p><img loading=\"lazy\" decoding=\"async\" class=\"alignleft size-full wp-image-1149\" src=\"https:\/\/blog.zhdk.ch\/tradingzones\/files\/2020\/02\/tradingzones1_blau.png\" alt=\"\" width=\"1181\" height=\"787\" srcset=\"https:\/\/blog.zhdk.ch\/tradingzones\/files\/2020\/02\/tradingzones1_blau.png 1181w, https:\/\/blog.zhdk.ch\/tradingzones\/files\/2020\/02\/tradingzones1_blau-300x200.png 300w, https:\/\/blog.zhdk.ch\/tradingzones\/files\/2020\/02\/tradingzones1_blau-1024x682.png 1024w, https:\/\/blog.zhdk.ch\/tradingzones\/files\/2020\/02\/tradingzones1_blau-768x512.png 768w\" sizes=\"auto, (max-width: 1181px) 100vw, 1181px\" \/><\/p>\n<h2><\/h2>\n<h2><\/h2>\n<h2 style=\"text-align: right\"><\/h2>\n<p>&nbsp;<\/p>\n","protected":false},"excerpt":{"rendered":"<p>How can artistic research and ethnography work together? The series of events, organized by the Institute for Contemporary Art IFCAR, illuminates common visual practices and perspectives. The screenings, lectures and workshops are closely related to ongoing research projects of the ZHdK and take up current trends in contemporary art. Wie k\u00f6nnen k\u00fcnstlerische Forschung und Ethnografie &hellip;<\/p>\n","protected":false},"author":3559,"featured_media":0,"parent":0,"menu_order":0,"comment_status":"closed","ping_status":"closed","template":"","meta":{"footnotes":""},"class_list":["post-9","page","type-page","status-publish","hentry"],"_links":{"self":[{"href":"https:\/\/blog.zhdk.ch\/tradingzones\/wp-json\/wp\/v2\/pages\/9","targetHints":{"allow":["GET"]}}],"collection":[{"href":"https:\/\/blog.zhdk.ch\/tradingzones\/wp-json\/wp\/v2\/pages"}],"about":[{"href":"https:\/\/blog.zhdk.ch\/tradingzones\/wp-json\/wp\/v2\/types\/page"}],"author":[{"embeddable":true,"href":"https:\/\/blog.zhdk.ch\/tradingzones\/wp-json\/wp\/v2\/users\/3559"}],"replies":[{"embeddable":true,"href":"https:\/\/blog.zhdk.ch\/tradingzones\/wp-json\/wp\/v2\/comments?post=9"}],"version-history":[{"count":27,"href":"https:\/\/blog.zhdk.ch\/tradingzones\/wp-json\/wp\/v2\/pages\/9\/revisions"}],"predecessor-version":[{"id":1151,"href":"https:\/\/blog.zhdk.ch\/tradingzones\/wp-json\/wp\/v2\/pages\/9\/revisions\/1151"}],"wp:attachment":[{"href":"https:\/\/blog.zhdk.ch\/tradingzones\/wp-json\/wp\/v2\/media?parent=9"}],"curies":[{"name":"wp","href":"https:\/\/api.w.org\/{rel}","templated":true}]}}