



{"id":1745,"date":"2011-08-26T16:46:07","date_gmt":"2011-08-26T14:46:07","guid":{"rendered":"https:\/\/blog.zhdk.ch\/trans\/?page_id=1745"},"modified":"2012-12-10T12:46:30","modified_gmt":"2012-12-10T10:46:30","slug":"uebersicht-praxisbeispiele","status":"publish","type":"page","link":"https:\/\/blog.zhdk.ch\/trans\/uebersicht-praxisbeispiele\/","title":{"rendered":"Beispiele der ZHdK"},"content":{"rendered":"<p>Die transdisziplin\u00e4ren Praxisbeispiele der ZHdK werden eingeteilt in die Kategorien Lehre, Forschung, Veranstaltungen und weitere Projekte.<\/p>\n<h1>Lehre<\/h1>\n<p style=\"margin-top: 6px\">Transdisziplinarit\u00e4t ist an der ZHdK vor allem im <a title=\"Master in Transdisziplinarit\u00e4t\" href=\"http:\/\/trans.zhdk.ch\/\" target=\"_blank\">Master in Transdisziplinarit\u00e4t<\/a> und in den <a title=\"Z-Module\" href=\"http:\/\/z-module.zhdk.ch\/\" target=\"_blank\">Z-Modulen<\/a> Gegenstand des Unterrichts. Der Master in Transdisziplinarit\u00e4t widmet sich den Schnitt- und Nahtstellen zwischen den unterschiedlichsten Disziplinen in Kunst, Wissenschaft und Gesellschaft. Er verbindet transdisziplin\u00e4re Theorie und Praxis. In den Z-Modulen auf Bachelorstufe (Wahlpflicht-Lehrveranstaltungen) reflektieren und kultivieren Dozierende und Studierende aus unterschiedlichen Disziplinen transdisziplin\u00e4re Praktiken und Perspektiven.<\/p>\n<div>\n<table style=\"border-collapse: collapse;font-size: 10px\">\n<tbody>\n<tr>\n<td style=\"border: 0px solid #333333;padding: 0px;padding-right: 10px;vertical-align: baseline\" width=\"133\" height=\"83\"><a href=\"https:\/\/blog.zhdk.ch\/trans\/?p=1119\"><img decoding=\"async\" src=\"https:\/\/blog.zhdk.ch\/trans\/files\/2011\/10\/Abb.1-2rgb_klein.jpg\" alt=\"\" width=\"133\" \/><br \/>\nDigitale Wohnwelten \u2013 \u00dcber den Versuch, eine Bildgattung mit Bildern zu erkunden<\/a><\/td>\n<td style=\"border: 0px solid #333333;padding: 10px;vertical-align: baseline\" width=\"133\"><a href=\"https:\/\/blog.zhdk.ch\/trans\/?p=1127\"><img decoding=\"async\" src=\"https:\/\/blog.zhdk.ch\/trans\/files\/2011\/10\/grenzen_klein.jpg\" alt=\"\" width=\"133\" \/>Grenzen \u2013 Eine Reise an die R\u00e4nder<\/a><\/td>\n<td style=\"border: 0px solid #333333;padding: 10px;vertical-align: baseline\" width=\"133\"><a href=\"https:\/\/blog.zhdk.ch\/trans\/?p=1135\"><img loading=\"lazy\" decoding=\"async\" src=\"https:\/\/blog.zhdk.ch\/trans\/files\/2011\/10\/Raum_Farbeundsound_klein.jpg\" alt=\"\" width=\"133\" height=\"83\" \/>Raum: Farbe und Sound \u2013 Audiovisueller Experimentalworkshop <\/a><\/td>\n<\/tr>\n<\/tbody>\n<\/table>\n<\/div>\n<div>\n<table style=\"border-collapse: collapse;font-size: 10px\">\n<tbody>\n<tr>\n<td style=\"border: 0px solid #333333;padding: 0px;padding-right: 10px;vertical-align: baseline\" width=\"133\" height=\"83\"><a href=\"https:\/\/blog.zhdk.ch\/trans\/?p=1145\"><img decoding=\"async\" src=\"https:\/\/blog.zhdk.ch\/trans\/files\/2011\/10\/Vornehintenobenunten_klein.jpg\" alt=\"\" width=\"133\" \/>Dantes Inferno<\/a><\/td>\n<td style=\"padding: 10px\" width=\"133\"><a href=\"https:\/\/blog.zhdk.ch\/trans\/?p=2049\"><img decoding=\"async\" src=\"https:\/\/blog.zhdk.ch\/trans\/files\/2011\/10\/Zottelrevisited_klein.jpg\" alt=\"\" width=\"133\" \/> Zottel revisited \u2013 Eine filmische Untersuchung der medialen Inszenierung der SVP im Sendungsformat der \u00abArena\u00bb<\/a><\/td>\n<td style=\"border: 0px solid #333333;padding: 10px;vertical-align: baseline\" width=\"133\"><a href=\"https:\/\/blog.zhdk.ch\/trans\/?p=5077\"><img loading=\"lazy\" decoding=\"async\" src=\"https:\/\/blog.zhdk.ch\/trans\/files\/2012\/12\/Hi-CH_-Fu_-Bild.jpg\" alt=\"\" width=\"133\" height=\"83\" \/>Hi CH_ F(u)_ Eine transdisziplin\u00e4re Untersuchung zum Nichtsprachlichen in Bild, Text und Klang<\/a><\/td>\n<\/tr>\n<\/tbody>\n<\/table>\n<\/div>\n<h1>Forschung<\/h1>\n<p style=\"margin-top: 6px\">Transdisziplin\u00e4re Forschungsarbeiten der ZHdK sind in den Forschungsinstitute der verschiedenen Departemente angesiedelt und finden teilweise in\u00a0Kooperation mit externen Institutionen statt.<\/p>\n<div>\n<table style=\"border-collapse: collapse;font-size: 10px\">\n<tbody>\n<tr>\n<td style=\"border: 0px solid #333333;padding: 0px;padding-right: 10px;vertical-align: baseline\" width=\"133\"><a href=\"https:\/\/blog.zhdk.ch\/trans\/?p=1091\"><img decoding=\"async\" src=\"https:\/\/blog.zhdk.ch\/trans\/files\/2011\/10\/still1_klein.jpg\" alt=\"\" width=\"133\" \/><br \/>\nISS \u2013 Immersive Swarm Space<\/a><\/td>\n<td style=\"border: 0px solid #333333;padding: 10px;vertical-align: baseline\" width=\"133\"><a href=\"https:\/\/blog.zhdk.ch\/trans\/?p=1077\"><img decoding=\"async\" src=\"https:\/\/blog.zhdk.ch\/trans\/files\/2011\/10\/forschung_in_den_kuensten_21_klein.jpg\" alt=\"\" width=\"133\" \/><br \/>\nForschung in den K\u00fcnsten und die Transformation der Theorie <\/a><\/td>\n<td style=\"border: 0px solid #333333;padding: 10px;vertical-align: baseline\" width=\"133\"><a href=\"https:\/\/blog.zhdk.ch\/trans\/?p=1095\"><img decoding=\"async\" src=\"https:\/\/blog.zhdk.ch\/trans\/files\/2011\/10\/KiT-Pic-f\u00fcr-Trans-Projektvorstellung_klein.jpg\" alt=\"\" width=\"133\" \/><br \/>\nKunstvermittlung in Transformation <\/a><\/td>\n<\/tr>\n<\/tbody>\n<\/table>\n<table style=\"border-collapse: collapse;font-size: 10px\">\n<tbody>\n<tr>\n<td style=\"border: 0px solid #333333;padding: 0px;padding-right: 10px;vertical-align: baseline\" width=\"133\"><a href=\"https:\/\/blog.zhdk.ch\/trans\/?p=1071\"><img loading=\"lazy\" decoding=\"async\" src=\"https:\/\/blog.zhdk.ch\/trans\/files\/2011\/08\/1130728_bildfolgt.jpg\" alt=\"\" width=\"133\" height=\"88\" \/><br \/>\nDas Spiel mit den Gef\u00fchlen <\/a><\/td>\n<\/tr>\n<\/tbody>\n<\/table>\n<\/div>\n<p>&nbsp;<\/p>\n<h1>Veranstaltungen<\/h1>\n<p style=\"margin-top: 6px\">Die ZHdK programmiert und unterst\u00fctzt Veranstaltungen (Podien, Tagungen, Events), in denen disziplinen\u00fcbergreifende Themen praktisch, theoretisch, k\u00fcnstlerisch, gestalterisch und\/oder wissenschaftlich zur Diskussion gestellt werden.<\/p>\n<div>\n<table style=\"border-collapse: collapse;font-size: 10px\">\n<tbody>\n<tr>\n<td style=\"border: 0px solid #333333;padding: 0px;padding-right: 10px;vertical-align: baseline\" width=\"133\"><a href=\"https:\/\/blog.zhdk.ch\/trans\/?p=1153\"><img decoding=\"async\" src=\"https:\/\/blog.zhdk.ch\/trans\/files\/2011\/08\/1130728_bildfolgt.jpg\" alt=\"\" width=\"133\" \/><br \/>\nKritik zwischen den Disziplinen. Insider, Outsider \u2013 Kritik auf dem Pr\u00fcfstand: ein Experiment in zwei Runden<\/a><\/td>\n<\/tr>\n<\/tbody>\n<\/table>\n<\/div>\n<p>&nbsp;<\/p>\n<h1>Weitere Projekte<\/h1>\n<p style=\"margin-top: 6px\">Die <a title=\"Agentur Z\" href=\"http:\/\/www.zhdk.ch\/index.php?id=agenturz\" target=\"_blank\">Agentur Z<\/a> vergibt quartalsweise Unterst\u00fctzungsbeitr\u00e4ge f\u00fcr transdisziplin\u00e4re Projekte an der ZHdK. Gef\u00f6rdert werden disziplinen\u00fcbergreifende Experimente, Podien, kleinere Tagungen, freie Formate, Events etc.<\/p>\n<div>\n<table style=\"border-collapse: collapse;font-size: 10px\">\n<tbody>\n<tr>\n<td style=\"border: 0px solid #333333;padding: 0px;padding-right: 10px;vertical-align: baseline\" width=\"133\"><a href=\"https:\/\/blog.zhdk.ch\/trans\/?p=1067\"><img loading=\"lazy\" decoding=\"async\" src=\"https:\/\/blog.zhdk.ch\/trans\/files\/2011\/10\/Dialoge1_klein.jpg\" alt=\"\" width=\"133\" height=\"84\" \/><br \/>\nContemporary Improvisation Performance Company Dialoge<\/a><\/td>\n<td style=\"border: 0px solid #333333;padding: 10px;vertical-align: baseline\" width=\"133\"><a href=\"https:\/\/blog.zhdk.ch\/trans\/?p=1087\"><img decoding=\"async\" src=\"https:\/\/blog.zhdk.ch\/trans\/files\/2011\/08\/1130728_bildfolgt.jpg\" alt=\"\" width=\"133\" \/><br \/>\nGrundbegriffe und Glossar: \u00abMaterial\u00bb <\/a><\/td>\n<td style=\"border: 0px solid #333333;padding: 10px;vertical-align: baseline\" width=\"133\"><a href=\"https:\/\/blog.zhdk.ch\/trans\/?p=1157\"><img loading=\"lazy\" decoding=\"async\" src=\"https:\/\/blog.zhdk.ch\/trans\/files\/2011\/10\/transform_klein.jpg\" alt=\"\" width=\"133\" height=\"84\" \/><br \/>\nTrans-form \u2013 Experimentierraum zwischen k\u00fcnstlerischer Forschung und Theorei <\/a><\/td>\n<\/tr>\n<\/tbody>\n<\/table>\n<\/div>\n","protected":false},"excerpt":{"rendered":"<p>Die transdisziplin\u00e4ren Praxisbeispiele der ZHdK werden eingeteilt in die Kategorien Lehre, Forschung, Veranstaltungen und weitere Projekte. Lehre Transdisziplinarit\u00e4t ist an der ZHdK vor allem im Master in Transdisziplinarit\u00e4t und in [&hellip;]<\/p>\n","protected":false},"author":737,"featured_media":0,"parent":0,"menu_order":2,"comment_status":"open","ping_status":"closed","template":"ohne_titel.php","meta":{"footnotes":""},"class_list":["post-1745","page","type-page","status-publish","hentry"],"_links":{"self":[{"href":"https:\/\/blog.zhdk.ch\/trans\/wp-json\/wp\/v2\/pages\/1745","targetHints":{"allow":["GET"]}}],"collection":[{"href":"https:\/\/blog.zhdk.ch\/trans\/wp-json\/wp\/v2\/pages"}],"about":[{"href":"https:\/\/blog.zhdk.ch\/trans\/wp-json\/wp\/v2\/types\/page"}],"author":[{"embeddable":true,"href":"https:\/\/blog.zhdk.ch\/trans\/wp-json\/wp\/v2\/users\/737"}],"replies":[{"embeddable":true,"href":"https:\/\/blog.zhdk.ch\/trans\/wp-json\/wp\/v2\/comments?post=1745"}],"version-history":[{"count":277,"href":"https:\/\/blog.zhdk.ch\/trans\/wp-json\/wp\/v2\/pages\/1745\/revisions"}],"predecessor-version":[{"id":1817,"href":"https:\/\/blog.zhdk.ch\/trans\/wp-json\/wp\/v2\/pages\/1745\/revisions\/1817"}],"wp:attachment":[{"href":"https:\/\/blog.zhdk.ch\/trans\/wp-json\/wp\/v2\/media?parent=1745"}],"curies":[{"name":"wp","href":"https:\/\/api.w.org\/{rel}","templated":true}]}}