



{"id":213,"date":"2011-06-29T15:32:17","date_gmt":"2011-06-29T13:32:17","guid":{"rendered":"https:\/\/blog.zhdk.ch\/trans\/?page_id=213"},"modified":"2012-01-03T12:54:05","modified_gmt":"2012-01-03T10:54:05","slug":"sinn_und_zweck","status":"publish","type":"page","link":"https:\/\/blog.zhdk.ch\/trans\/transdisziplinaritaet\/sinn_und_zweck\/","title":{"rendered":"Sinn und Zweck"},"content":{"rendered":"<h6><\/h6>\n<p>Transdisziplinarit\u00e4t wird grunds\u00e4tzlich aus verschiedenen disziplin\u00e4ren Perspektiven verhandelt, was sich in einer entsprechend diversen Forschungsliteratur zeigt. Die Onlineplattform versammelt Artikel zu ausgew\u00e4hlten zentralen Schlagworten vorerst nur des wissenschaftlichen Diskurses zur Transdisziplinarit\u00e4t.<\/p>\n<p>Diese Artikel bilden einen Ausgangspunkt f\u00fcr eine Weiterentwicklung des Konzepts der Transdisziplinarit\u00e4t in den K\u00fcnsten und im Design. Diese Konzept- und zugeh\u00f6rige Begriffsarbeit wird sich an den Gegebenheiten, Bed\u00fcrfnissen und Potenzialen der ZHdK ausrichten.<\/p>\n","protected":false},"excerpt":{"rendered":"<p>Transdisziplinarit\u00e4t wird grunds\u00e4tzlich aus verschiedenen disziplin\u00e4ren Perspektiven verhandelt, was sich in einer entsprechend diversen Forschungsliteratur zeigt. Die Onlineplattform versammelt Artikel zu ausgew\u00e4hlten zentralen Schlagworten vorerst nur des wissenschaftlichen Diskurses zur [&hellip;]<\/p>\n","protected":false},"author":737,"featured_media":0,"parent":1733,"menu_order":5,"comment_status":"open","ping_status":"closed","template":"","meta":{"footnotes":""},"class_list":["post-213","page","type-page","status-publish","hentry"],"_links":{"self":[{"href":"https:\/\/blog.zhdk.ch\/trans\/wp-json\/wp\/v2\/pages\/213","targetHints":{"allow":["GET"]}}],"collection":[{"href":"https:\/\/blog.zhdk.ch\/trans\/wp-json\/wp\/v2\/pages"}],"about":[{"href":"https:\/\/blog.zhdk.ch\/trans\/wp-json\/wp\/v2\/types\/page"}],"author":[{"embeddable":true,"href":"https:\/\/blog.zhdk.ch\/trans\/wp-json\/wp\/v2\/users\/737"}],"replies":[{"embeddable":true,"href":"https:\/\/blog.zhdk.ch\/trans\/wp-json\/wp\/v2\/comments?post=213"}],"version-history":[{"count":28,"href":"https:\/\/blog.zhdk.ch\/trans\/wp-json\/wp\/v2\/pages\/213\/revisions"}],"predecessor-version":[{"id":4837,"href":"https:\/\/blog.zhdk.ch\/trans\/wp-json\/wp\/v2\/pages\/213\/revisions\/4837"}],"up":[{"embeddable":true,"href":"https:\/\/blog.zhdk.ch\/trans\/wp-json\/wp\/v2\/pages\/1733"}],"wp:attachment":[{"href":"https:\/\/blog.zhdk.ch\/trans\/wp-json\/wp\/v2\/media?parent=213"}],"curies":[{"name":"wp","href":"https:\/\/api.w.org\/{rel}","templated":true}]}}