{"id":127,"date":"2011-12-30T09:24:32","date_gmt":"2011-12-30T09:24:32","guid":{"rendered":"https:\/\/blog.zhdk.ch\/marcusmaeder\/"},"modified":"2016-11-24T08:33:44","modified_gmt":"2016-11-24T08:33:44","slug":"materials","status":"publish","type":"page","link":"https:\/\/blog.zhdk.ch\/trees\/materials\/","title":{"rendered":"Materials"},"content":{"rendered":"<p><strong>Papers<\/strong><\/p>\n<p>Jackson, G. E.\u00a0 and Grace, J. 1996. Field measurements of xylem cavitation: are acoustic emissions useful? Journal of Experimental Botany, Vol. 47, No. 304: 1643-1650<br \/>\n<a href=\"http:\/\/jxb.oxfordjournals.org\/content\/47\/11\/1643.abstract\" target=\"_blank\">Link<\/a><\/p>\n<p>Laschimke, R., M. Burger and H. Vallen. 2006. Acoustic emission analysis and experiments with physical model systems reveal a peculiar nature of the xylem tension. J. Plant Physiol. 163:996\u20131007.<br \/>\n<a href=\"http:\/\/www.ncbi.nlm.nih.gov\/pubmed\/16872717\">Link<\/a><\/p>\n<p>Maeder, M. 2016. \u201etrees: Pinus sylvestris\u201c. Journal for Artistic Research JAR, edition 11<br \/>\n<a href=\"http:\/\/www.jar-online.net\">Link<\/a> <\/p>\n<p>Maeder, M.  Zweifel, R. 2016. \u201etrees: An artistic-scientific observation system\u201c, proceedings SMC\/SMAC Conference 2016, Hamburg, Germany<\/p>\n<p>Maeder, M. 2014. \u201eAmbient culture: Coping musically with the environment\u201c, proceedings ICMC\/SMC Conference, Athens, 2014<\/p>\n<p>Maeder, M. and Zweifel, R. 2013. Downy Oak: Rendering Ecophysiological Processes In Plants Audible. Proceedings SMC\/SMAC 2013, Stockholm, Sweden.<\/p>\n<p>Milburn, J. A. and Ritman, K. T. 1990. Monitoring of ultrasonic and audible emissions from plants with or without vessels. Journal of Experimental Botany, Vol. 42, No. 234: 123-130<br \/>\n<a href=\"http:\/\/jxb.oxfordjournals.org\/content\/42\/1\/123.short\" target=\"_blank\">Link<\/a><\/p>\n<p>Mayr S., Rosner S. 2011. Cavitation in dehydrating xylem of Picea abies: energy properties of ultrasonic emissions reflect tracheid dimensions. Tree Physiology 31, 59\u201367<br \/>\n<a href=\"http:\/\/www.ncbi.nlm.nih.gov\/pubmed\/21389002\">Link<\/a><\/p>\n<p>Milburn, J. A. and Ritman, K. T. 1988. Acoustic emissions from plants: Ultrasonic and audible compared. Journal of Experimental Botany, Vol. 39, No. 206: 1237-1248<br \/>\n<a href=\"http:\/\/jxb.oxfordjournals.org\/content\/39\/9\/1237.abstract\" target=\"_blank\">Link<\/a><\/p>\n<p>Milburn, J. A. and Johnson, R. P. C. 1966. The conduction of sap. II. Detection of vibrations produced by sap cavitation in Ricinus xylem. Planta (Berl.) 69: 43-52<\/p>\n<p>Sandford, A. P. and Grace, J. 1984. The Measurement and Interpretation of Ultrasound from Woody Stems. Journal of Experimental Botany, Volume36, Issue2, Pp. 298-311.<br \/>\n<a href=\"http:\/\/jxb.oxfordjournals.org\/content\/36\/2\/298.short\" target=\"_blank\">Link<\/a><\/p>\n<p>Steppe, K., Zeugin F., and Zweifel R. 2009. Low-dB ultrasonic acoustic emissions are temperature-induced and probably have no biotic origin. New Phytologist 183: 928-931.<br \/>\n<a href=\"http:\/\/www.natkon.ch\/pdf_files\/publikationsseite\/ZweifelZeugin_NP2008.pdf\" target=\"_blank\">Link<\/a><\/p>\n<p>Zweifel R. and Zeugin F. 2008. Ultrasonic acoustic emissions in drought-stressed trees \u2013 more than signals from cavitation? New Phytologist, 179: 1070-1079<br \/>\n<a href=\"http:\/\/www.natkon.ch\/pdf_files\/publikationsseite\/ZweifelZeugin_NP2008.pdf\" target=\"_blank\">Link<\/a><\/p>\n<p>Zweifel, R. 1999. The rhythm of trees \u2013 water storage dynamics in subalpine Norway spruce. Diss. ETH Z\u00fcrich No. 13391, 112 p.<br \/>\n<a href=\"http:\/\/e-collection.ethbib.ethz.ch\/view\/eth:23286\" target=\"_blank\">Link<\/a><\/p>\n<p><strong>Books<\/strong><\/p>\n<p>Larcher, W. 2003. Physiological Plant Ecology: Ecophysiology and Stress Physiology of Functional Groups. Springer, Berlin<\/p>\n<p>Maeder, M. 2014: Der Klang der B\u00e4ume. \u00d6kophysiologische Prozesse h\u00f6rbar machen, in: Christoph Flamm (Ed.): Baum\/Mensch\/Klang\/Kunst, Klagenfurt: Ritter, p. 152 <\/p>\n<p>Morton, Th. 2007. Ecology Without Nature: Rethinking Environmental Aesthetics. Harvard University Press, Cambridge<\/p>\n<p>Werner, D. and Heldmaier G. 2002. Environmental Signal Processing and Adaptation. Springer, Berlin<\/p>\n<p>Krohs, U. 2008. Eine Theorie biologischer Theorien: Status und Gehalt von Funktionsaussagen und informationstheoretischen Modellen. Springer, Berlin<\/p>\n<p><strong>Art projects<br \/>\n<\/strong><\/p>\n<p><a href=\"http:\/\/forestsymphony.ycam.jp\">Forest Symphony<\/a> by Ryuichi Sakamoto and YCAM Lab<\/p>\n<p><a href=\"http:\/\/www.alexmetcalf.co.uk\/AlexMetcalf\/Tree_Listening.html\">Tree listening<\/a> by Alex Metcalf<strong><br \/>\n<\/strong><\/p>\n<p><a href=\"http:\/\/www.lukejerram.com\/projects\/plant_orchestra\" target=\"_blank\">Plant orchestra<\/a> by Luke Jerram<\/p>\n<p><a href=\"http:\/\/www.hoordebomen.nl\/\">Hoor de bomen<\/a> by Justin Bennett (with sound!)<\/p>\n<p>Christa Sommerer and Laurent Mignonneau: <a href=\"http:\/\/books.google.ch\/books?id=CmcaVRcvJoEC&amp;pg=PT9&amp;lpg=PT9&amp;dq=Mignonneau+data+tree&amp;source=bl&amp;ots=1li9zPysBi&amp;sig=wjdojhCu4LdcVeZ77FcRuX2Lx0c&amp;hl=de&amp;ei=osVkTcCiMpSW4gahh6HlBg&amp;sa=X&amp;oi=book_result&amp;ct=result&amp;resnum=1&amp;ved=0CBoQ6AEwAA#v=onepage&amp;q=Mignonneau%20data%20tree&amp;f=false\" target=\"_blank\">Data Tree<\/a><\/p>\n<p><a href=\"http:\/\/www.d.umn.edu\/~lbrush\/terraininstruments.html\">Terrain instruments\/Terrestrial selfbroadcasting sources<\/a> on trees by Leif Brush<\/p>\n<p><strong>Sonification: Research and projects<\/strong><\/p>\n<p>Thomas Hermann&#8217;s <a href=\"http:\/\/sonification.de\/\" target=\"_blank\">research on Sonification, Data Mining and Ambient Intelligence<\/a><\/p>\n<p><a href=\"http:\/\/www.qcd-audio.at\/\" target=\"_blank\">QCD-audio<\/a> works on data of computer physics, stemming from the Institute for Physics at the Karl-Franzens-Universit\u00e4t, Graz<\/p>\n<p><a href=\"http:\/\/sonenvir.at\/\" target=\"_blank\">SonEnvir<\/a> is a research project that investigates applying sonification in a number of scientific disciplines. The project is a collaboration of the Institute of Electronic Music and Acoustics IEM at KUG Graz;  the Theoretical Physics Group &#8211; Institute of Physics, at Uni Graz;  the Institute for Sociology, at Uni Graz;  the University Clinic for Neurology, at Med-Uni Graz;  the Institute for Signal Processing and Speech Communication, at TU Graz.<\/p>\n","protected":false},"excerpt":{"rendered":"<p>Papers Jackson, G. E.\u00a0 and Grace, J. 1996. Field measurements of xylem cavitation: are acoustic emissions useful? Journal of Experimental Botany, Vol. 47, No. 304: 1643-1650 Link Laschimke, R., M. Burger and H. Vallen. 2006. Acoustic emission analysis and experiments &hellip; <a href=\"https:\/\/blog.zhdk.ch\/trees\/materials\/\">Weiterlesen <span class=\"meta-nav\">&rarr;<\/span><\/a><\/p>\n","protected":false},"author":515,"featured_media":0,"parent":0,"menu_order":5,"comment_status":"closed","ping_status":"closed","template":"","meta":{"footnotes":""},"class_list":["post-127","page","type-page","status-publish","hentry"],"_links":{"self":[{"href":"https:\/\/blog.zhdk.ch\/trees\/wp-json\/wp\/v2\/pages\/127","targetHints":{"allow":["GET"]}}],"collection":[{"href":"https:\/\/blog.zhdk.ch\/trees\/wp-json\/wp\/v2\/pages"}],"about":[{"href":"https:\/\/blog.zhdk.ch\/trees\/wp-json\/wp\/v2\/types\/page"}],"author":[{"embeddable":true,"href":"https:\/\/blog.zhdk.ch\/trees\/wp-json\/wp\/v2\/users\/515"}],"replies":[{"embeddable":true,"href":"https:\/\/blog.zhdk.ch\/trees\/wp-json\/wp\/v2\/comments?post=127"}],"version-history":[{"count":2,"href":"https:\/\/blog.zhdk.ch\/trees\/wp-json\/wp\/v2\/pages\/127\/revisions"}],"predecessor-version":[{"id":1121,"href":"https:\/\/blog.zhdk.ch\/trees\/wp-json\/wp\/v2\/pages\/127\/revisions\/1121"}],"wp:attachment":[{"href":"https:\/\/blog.zhdk.ch\/trees\/wp-json\/wp\/v2\/media?parent=127"}],"curies":[{"name":"wp","href":"https:\/\/api.w.org\/{rel}","templated":true}]}}