{"id":16104,"date":"2026-03-19T16:32:50","date_gmt":"2026-03-19T15:32:50","guid":{"rendered":"https:\/\/blog.zhdk.ch\/werkstattlehre\/?page_id=16104"},"modified":"2026-04-22T09:20:32","modified_gmt":"2026-04-22T09:20:32","slug":"e-learning-allgemeine-werkstatteinfuehrung","status":"publish","type":"page","link":"https:\/\/blog.zhdk.ch\/werkstattlehre2026\/e-learning-allgemeine-werkstatteinfuehrung\/","title":{"rendered":"E-Learning Allgemeine Werkstatteinf\u00fchrung"},"content":{"rendered":"\n<p>Wir freuen uns, dass du dich f\u00fcr die Werkst\u00e4tten Lehre der ZHdK interessierst. Auf folgenden Seiten erh\u00e4ltst du die wichtigsten Informationen zur Nutzung der Werkst\u00e4tten.<\/p>\n\n\n\n<p>Den Zugang zu einer Werkstatt erh\u00e4ltst du nach erfolgreich absolviertem Z-Tech-Kurs. Bevor du deinen ersten Z-Tech-Kurs besuchst, musst du dieses E-Learning bearbeitet und die abschliessenden Kontrollfragen richtig beantwortet haben.<\/p>\n\n\n\n<p>F\u00fcr die Nutzung der Werkst\u00e4tten ist eine Unfallversicherung obligatorisch.<\/p>\n\n\n\n<p><a href=\"https:\/\/www.bag.admin.ch\/de\/unfallversicherung-wer-ist-obligatorisch-versichert\">Unfallversicherung BAG<\/a><\/p>\n\n\n\n<hr class=\"wp-block-separator has-alpha-channel-opacity\" \/>\n\n\n\n<h2 class=\"wp-block-heading\">Werkst\u00e4tten Lehre<\/h2>\n\n\n\n<p>In den Werkst\u00e4tten Lehre lernen Studierende verschiedene Verfahren, Materialien und Maschinen anzuwenden und f\u00fcr die Realisation gestalterischer Ideen einzusetzen. Sie k\u00f6nnen den Weg von der gestalterisch-k\u00fcnstlerischen Idee hin zu einem fertigen Exempel oder Gegenstand praktisch vollziehen. Von der Idee, zur Konzeption, bis zur Konkretisierung erweitern sie sukzessive ihr Verfahrenswissen und ihre Produktionskompetenzen.<\/p>\n\n\n\n<figure class=\"wp-block-image size-large\"><a href=\"https:\/\/blog.zhdk.ch\/werkstattlehre2026\/files\/2026\/03\/image-scaled-1.png\"><img decoding=\"async\" src=\"https:\/\/blog.zhdk.ch\/werkstattlehre\/files\/2026\/03\/image-1024x679.png\" alt=\"\" class=\"wp-image-16106\" \/><\/a><\/figure>\n\n\n\n<div class=\"wp-block-columns is-layout-flex wp-container-core-columns-is-layout-28f84493 wp-block-columns-is-layout-flex\">\n<div class=\"wp-block-column is-layout-flow wp-block-column-is-layout-flow\">\n<h2 class=\"wp-block-heading\">LowLevel Werkstatt<\/h2>\n\n\n\n<p>Die LowLevel Werkstatt (3.E07) bietet einen schnellen Zugang zu Maschinen und Werkzeugen und kann so die M\u00f6glichkeiten im eigenen Atelier markant erweitern. Neben Styroporcutter und einfachen Schneidemaschinen bietet die LowLevel Werkstatt auch einen Einstieg in digitale Techniken wie beispielsweise Laserschneiden.<\/p>\n<\/div>\n\n\n\n<div class=\"wp-block-column is-layout-flow wp-block-column-is-layout-flow\">\n<h2 class=\"wp-block-heading\">Holzwerkstatt<\/h2>\n\n\n\n<p>Das breite Spektrum an Holzbearbeitungsmaschinen der Holzwerkstatt (2.E02 \/ 2.E03) erm\u00f6glicht verschiedene Fertigungsprozesse: Von der Platte zum M\u00f6bel, vom Klotzbrett zum selbst verleimten Massivholzbrett, mittels Drechselmaschine zu Rundformen oder mit der Biegetechnik zu geformten Werkst\u00fccken. Oder auch archaisch mit Handwerkzeug vom Rohling zu deiner Skulptur. Die Werkstattverantwortlichen unterst\u00fctzen bei den verschiedenen Arbeitstechniken.<\/p>\n<\/div>\n<\/div>\n\n\n\n<div class=\"wp-block-columns is-layout-flex wp-container-core-columns-is-layout-28f84493 wp-block-columns-is-layout-flex\">\n<div class=\"wp-block-column is-layout-flow wp-block-column-is-layout-flow\">\n<h2 class=\"wp-block-heading\">Metallwerkstatt<\/h2>\n\n\n\n<p>In der Metallwerkstatt (2.D01) k\u00f6nnen grosse und kleine Montagen und Konstruktionen in unterschiedlichen Metallen umgesetzt werden. Zahlreiche Maschinen unterst\u00fctzen den Zuschnitt, die Verformung und die Montage, wobei mit dem Laser unter anderem Teile seriell aus Aluminium oder Stahl gefertigt werden k\u00f6nnen. In enger Zusammenarbeit mit der Feinmetallwerkstatt k\u00f6nnen auch Formen in Metall gegossen werden.<\/p>\n<\/div>\n\n\n\n<div class=\"wp-block-column is-layout-flow wp-block-column-is-layout-flow\">\n<h2 class=\"wp-block-heading\">Keramikwerkstatt<\/h2>\n\n\n\n<p>Ob durch Handaufbau, Freidrehen an der T\u00f6pferscheibe, Giessen in selbst hergestellte Gipsformen oder Printing am 3D Drucker \u2013 in der Keramikwerkstatt (2.E23) steht eine vielseitige Palette an M\u00f6glichkeiten f\u00fcr Objekte im Material Ton zur Verf\u00fcgung, die nach dem Brennprozess weiter bearbeitet und glasiert werden k\u00f6nnen. Beim experimentellen Arbeiten mit Ton, Giessmassen, Engoben und Glasuren entstehen Erprobungen, Modelle, Skulpturen, Gebrauchskeramiken und installative Erzeugnisse. Auch neue und andere keramische Ideen und deren Umsetzungen sind stets willkommen.<\/p>\n<\/div>\n<\/div>\n\n\n\n<div class=\"wp-block-columns is-layout-flex wp-container-core-columns-is-layout-28f84493 wp-block-columns-is-layout-flex\">\n<div class=\"wp-block-column is-layout-flow wp-block-column-is-layout-flow\">\n<h2 class=\"wp-block-heading\">Kunststoffwerkstatt<\/h2>\n\n\n\n<p>In der Kunststoffwerkstatt (2.E06) lassen sich durch Thermoformen, Biegen oder Giessen Formen realisieren, die mit anderen Materialien und Techniken nur schwer umsetzbar sind. Ein weiteres Einsatzgebiet bildet das Laminieren, welches verschiedene Materialien verst\u00e4rken und veredeln l\u00e4sst. Das Arbeiten in Kunststoff eignet sich zus\u00e4tzlich f\u00fcr die Fertigung von Unikaten bis hin zu Kleinserien.<\/p>\n<\/div>\n\n\n\n<div class=\"wp-block-column is-layout-flow wp-block-column-is-layout-flow\">\n<h2 class=\"wp-block-heading\">Siebdruckwerkstatt<\/h2>\n\n\n\n<p>In der Siebdruckwerkstatt (5.E09) lassen sich durch das Schablonen-Druckverfahren unterschiedlichste Materialien wie Papier, Textilien, Kunststoffe, Holz, Metall, Glas und vieles mehr bedrucken. Spannend an dieser Technik ist, dass neben herk\u00f6mmlichen Siebdruckfarben auch unterschiedlichste Materialien wie zum Beispiel Silikon, Leim, Plusterfarben, also diverse dickfl\u00fcssige Substanzen, verdruckt werden k\u00f6nnen.<\/p>\n<\/div>\n<\/div>\n\n\n\n<div class=\"wp-block-columns is-layout-flex wp-container-core-columns-is-layout-28f84493 wp-block-columns-is-layout-flex\">\n<div class=\"wp-block-column is-layout-flow wp-block-column-is-layout-flow\">\n<h2 class=\"wp-block-heading\">Textilwerkstatt<\/h2>\n\n\n\n<p>N\u00e4hen, Sticken, Schweissen, Textildrucken und Plotten. Die Textilwerkstatt (5.E11) bietet ein breites Spektrum an Maschinen, Verarbeitungsm\u00f6glichkeiten und Materialien. Die k\u00fcnstlerische und designorientierte Ausrichtung erm\u00f6glicht Projekte im 2- und 3D Bereich unter Einsatz von analogen und digitalen Techniken.<\/p>\n<\/div>\n\n\n\n<div class=\"wp-block-column is-layout-flow wp-block-column-is-layout-flow\">\n<h2 class=\"wp-block-heading\">Papierwerkstatt<\/h2>\n\n\n\n<p>Die Papierwerkstatt (5.G08 \/ 5.E15) ist der Ort, an dem alle buchbinderischen Arbeiten zusammenlaufen, Techniken rund um die Kartonage und Verpackungen erlernt und erprobt werden. Ger\u00e4tschaften f\u00fcr den analogen und digitalen Zuschnitt bis hin zum Papiersch\u00f6pfen bilden nur einen Teil der M\u00f6glichkeiten, welche die Werkstatt bietet.<\/p>\n<\/div>\n<\/div>\n\n\n\n<div class=\"wp-block-columns is-layout-flex wp-container-core-columns-is-layout-28f84493 wp-block-columns-is-layout-flex\">\n<div class=\"wp-block-column is-layout-flow wp-block-column-is-layout-flow\">\n<h2 class=\"wp-block-heading\">Druckwerkstatt<\/h2>\n\n\n\n<p>In der Manuellen Druckwerkstatt (5.E14) werden Kenntnisse \u00fcber diverse Drucktechniken vermittelt, dazu z\u00e4hlen nebst Hochdruckverfahren wie Holz- und Linolschnitt auch Tiefdruckverfahren wie Kaltnadel, Radierung sowie Aquatinta.<br>Mit Techniken sowie Material darf experimentiert werden: verschiedene Druckverfahren k\u00f6nnen kombiniert, sowie neue Herangehensweisen erprobt werden. Durch das enge Zusammenwirken unserer Werkst\u00e4tten an der ZHdK, k\u00f6nnen digitale und analoge Druckprozesse verschmolzen werden, um technisch und k\u00fcnstlerisch neuartige eigenst\u00e4ndige Darstellungsformen auszuloten. So entstehen Serien wie auch Unikate.<\/p>\n<\/div>\n\n\n\n<div class=\"wp-block-column is-layout-flow wp-block-column-is-layout-flow\">\n<h2 class=\"wp-block-heading\">Modellbauwerkstatt<\/h2>\n\n\n\n<p>Die Infrastruktur der Modellbauwerkstatt (2.E20) &nbsp;ist ausgelegt f\u00fcr den Funktions- und Designmodellbau. Zur Ausr\u00fcstung geh\u00f6rt ein gro\u00dfz\u00fcgiger Maschinenpark zur analogen sowie auch digitalen Bearbeitung diverser Materialien wie Holz, Metall, Kunststoff usw. Die Modellbauwerkstatt richtet sich an Studierende, welche in diversen Materialien experimentieren, entwerfen sowie produktorientierten Prototypen- und Modellbau betreiben.<\/p>\n<\/div>\n<\/div>\n\n\n\n<div class=\"wp-block-group p-md has-background has-global-padding is-layout-constrained wp-block-group-is-layout-constrained\" style=\"background:linear-gradient(0deg,rgb(238,238,238) 0%,rgb(169,184,195) 100%)\">\n<h2 class=\"wp-block-heading m-0\">Wer steckt dahinter?<\/h2>\n\n\n\n<p>Nebst einer fortschrittlichen Infrastruktur steht dir auch professionelle Unterst\u00fctzung f\u00fcr die Realisation deiner Projekte zur Seite.<\/p>\n\n\n\n<p><a href=\"https:\/\/intern.zhdk.ch\/?personensuche&amp;action=DIRECTSEARCH&amp;suchtyp=nach_pers&amp;searchterm[ua1]=Werkst\u00e4tten+Lehre\">Alle Mitarbeitenden der Fachwerkst\u00e4tten<\/a><\/p>\n<\/div>\n\n\n\n<div style=\"height:100px\" aria-hidden=\"true\" class=\"wp-block-spacer\"><\/div>\n\n\n\n<div class=\"wp-block-buttons is-layout-flex wp-block-buttons-is-layout-flex\">\n<div class=\"wp-block-button\"><a class=\"wp-block-button__link wp-element-button\" href=\"https:\/\/blog.zhdk.ch\/werkstattlehre\/e-learning\/\">Starte mit dem E-Learning<\/a><\/div>\n<\/div>\n\n\n\n<p><\/p>\n","protected":false},"excerpt":{"rendered":"<p>Wir freuen uns, dass du dich f\u00fcr die Werkst\u00e4tten Lehre der ZHdK interessierst. Auf folgenden Seiten erh\u00e4ltst du die wichtigsten Informationen zur Nutzung der Werkst\u00e4tten. Den Zugang zu einer Werkstatt erh\u00e4ltst du nach erfolgreich absolviertem Z-Tech-Kurs. Bevor du deinen ersten Z-Tech-Kurs besuchst, musst du dieses E-Learning bearbeitet und die abschliessenden Kontrollfragen richtig beantwortet haben. F\u00fcr [&hellip;]<\/p>\n","protected":false},"author":6767,"featured_media":0,"parent":0,"menu_order":0,"comment_status":"closed","ping_status":"closed","template":"","meta":{"footnotes":""},"class_list":["post-16104","page","type-page","status-publish","hentry"],"_links":{"self":[{"href":"https:\/\/blog.zhdk.ch\/werkstattlehre2026\/wp-json\/wp\/v2\/pages\/16104","targetHints":{"allow":["GET"]}}],"collection":[{"href":"https:\/\/blog.zhdk.ch\/werkstattlehre2026\/wp-json\/wp\/v2\/pages"}],"about":[{"href":"https:\/\/blog.zhdk.ch\/werkstattlehre2026\/wp-json\/wp\/v2\/types\/page"}],"author":[{"embeddable":true,"href":"https:\/\/blog.zhdk.ch\/werkstattlehre2026\/wp-json\/wp\/v2\/users\/6767"}],"replies":[{"embeddable":true,"href":"https:\/\/blog.zhdk.ch\/werkstattlehre2026\/wp-json\/wp\/v2\/comments?post=16104"}],"version-history":[{"count":1,"href":"https:\/\/blog.zhdk.ch\/werkstattlehre2026\/wp-json\/wp\/v2\/pages\/16104\/revisions"}],"predecessor-version":[{"id":16961,"href":"https:\/\/blog.zhdk.ch\/werkstattlehre2026\/wp-json\/wp\/v2\/pages\/16104\/revisions\/16961"}],"wp:attachment":[{"href":"https:\/\/blog.zhdk.ch\/werkstattlehre2026\/wp-json\/wp\/v2\/media?parent=16104"}],"curies":[{"name":"wp","href":"https:\/\/api.w.org\/{rel}","templated":true}]}}