{"id":5756,"date":"2018-08-27T09:30:36","date_gmt":"2018-08-27T07:30:36","guid":{"rendered":"https:\/\/blog.zhdk.ch\/windkanal\/?page_id=5756"},"modified":"2018-09-19T10:50:59","modified_gmt":"2018-09-19T08:50:59","slug":"impressum","status":"publish","type":"page","link":"https:\/\/blog.zhdk.ch\/windkanal\/impressum\/","title":{"rendered":"Impressum"},"content":{"rendered":"<p>Redaktion Blog: Florian Dombois (2012 &amp; 11.2015-heute), Julie Harboe (10.2014-10.2015), Sarine Waltensp\u00fcl (1.2013-10.2014)<\/p>\n<p>Z\u00fcrcher Hochschule der K\u00fcnste<br \/>\nForschungsschwerpunkt Transdisziplinarit\u00e4t<br \/>\nToni-Areal<br \/>\nPfingsweidstrasse 96 \/ Postfach<br \/>\n8031 Z\u00fcrich<\/p>\n","protected":false},"excerpt":{"rendered":"<p>Redaktion Blog: Florian Dombois (2012 &amp; 11.2015-heute), Julie Harboe (10.2014-10.2015), Sarine Waltensp\u00fcl (1.2013-10.2014) Z\u00fcrcher Hochschule der K\u00fcnste Forschungsschwerpunkt Transdisziplinarit\u00e4t Toni-Areal Pfingsweidstrasse 96 \/ Postfach 8031&#8230;<\/p>\n<div class=\"more-link-wrapper\"><a class=\"more-link\" href=\"https:\/\/blog.zhdk.ch\/windkanal\/impressum\/\">Weiter lesen &#8230;<span class=\"screen-reader-text\">Impressum<\/span><\/a><\/div>\n","protected":false},"author":3903,"featured_media":0,"parent":0,"menu_order":0,"comment_status":"closed","ping_status":"closed","template":"","meta":{"ngg_post_thumbnail":0,"footnotes":""},"class_list":["post-5756","page","type-page","status-publish","hentry","entry"],"_links":{"self":[{"href":"https:\/\/blog.zhdk.ch\/windkanal\/wp-json\/wp\/v2\/pages\/5756","targetHints":{"allow":["GET"]}}],"collection":[{"href":"https:\/\/blog.zhdk.ch\/windkanal\/wp-json\/wp\/v2\/pages"}],"about":[{"href":"https:\/\/blog.zhdk.ch\/windkanal\/wp-json\/wp\/v2\/types\/page"}],"author":[{"embeddable":true,"href":"https:\/\/blog.zhdk.ch\/windkanal\/wp-json\/wp\/v2\/users\/3903"}],"replies":[{"embeddable":true,"href":"https:\/\/blog.zhdk.ch\/windkanal\/wp-json\/wp\/v2\/comments?post=5756"}],"version-history":[{"count":5,"href":"https:\/\/blog.zhdk.ch\/windkanal\/wp-json\/wp\/v2\/pages\/5756\/revisions"}],"predecessor-version":[{"id":6028,"href":"https:\/\/blog.zhdk.ch\/windkanal\/wp-json\/wp\/v2\/pages\/5756\/revisions\/6028"}],"wp:attachment":[{"href":"https:\/\/blog.zhdk.ch\/windkanal\/wp-json\/wp\/v2\/media?parent=5756"}],"curies":[{"name":"wp","href":"https:\/\/api.w.org\/{rel}","templated":true}]}}