{"id":2100,"date":"2020-02-06T12:33:42","date_gmt":"2020-02-06T12:33:42","guid":{"rendered":"https:\/\/blog.zhdk.ch\/wordpress\/?page_id=2100"},"modified":"2021-10-24T13:28:13","modified_gmt":"2021-10-24T13:28:13","slug":"6-5-impressum","status":"publish","type":"page","link":"https:\/\/blog.zhdk.ch\/wordpress\/6-inhalte\/6-5-impressum\/","title":{"rendered":"6.5 Impressum"},"content":{"rendered":"\n<p>Als separate Seite erstellen.<\/p>\n\n\n\n<p><a rel=\"noreferrer noopener\" href=\"https:\/\/www.swissanwalt.ch\/impressum-generator.aspx\" target=\"_blank\">https:\/\/www.swissanwalt.ch\/impressum-generator.aspx<\/a><br><a rel=\"noreferrer noopener\" href=\"https:\/\/www.swissanwalt.ch\/datenschutz-generator.aspx\" target=\"_blank\">https:\/\/www.swissanwalt.ch\/datenschutz-generator.aspx<\/a><br><a rel=\"noreferrer noopener\" href=\"https:\/\/muster-vorlage.ch\/impressum\" target=\"_blank\">Vorlage (extern)<\/a><\/p>\n\n\n\n<p><strong><em>Kontakt-Adresse<\/em><\/strong><\/p>\n\n\n\n<p>Deine Adresse<\/p>\n\n\n\n<p>E-Mail:<\/p>\n\n\n\n<p><strong><em>Haftungsausschluss<\/em><\/strong>&nbsp;Der Autor \u00fcbernimmt keinerlei Gew\u00e4hr hinsichtlich der inhaltlichen Richtigkeit, Genauigkeit, Aktualit\u00e4t, Zuverl\u00e4ssigkeit und Vollst\u00e4ndigkeit der Informationen.<\/p>\n\n\n\n<p>Haftungsanspr\u00fcche gegen den Autor wegen Sch\u00e4den materieller oder immaterieller Art, welche aus dem Zugriff oder der Nutzung bzw. Nichtnutzung der ver\u00f6ffentlichten Informationen, durch Missbrauch der Verbindung oder durch technische St\u00f6rungen entstanden sind, werden ausgeschlossen.<\/p>\n\n\n\n<p>Alle Angebote sind unverbindlich. Der Autor beh\u00e4lt es sich ausdr\u00fccklich vor, Teile der Seiten oder das gesamte Angebot ohne besondere Ank\u00fcndigung zu ver\u00e4ndern, zu erg\u00e4nzen, zu l\u00f6schen oder die Ver\u00f6ffentlichung zeitweise oder endg\u00fcltig einzustellen.<\/p>\n\n\n\n<p><strong><em>Haftungsausschluss f\u00fcr Links<\/em><\/strong><\/p>\n\n\n\n<p>Verweise und Links auf Webseiten Dritter liegen ausserhalb unseres Verantwortungsbereichs. Es wird jegliche Verantwortung f\u00fcr solche Webseiten abgelehnt. Der Zugriff und die Nutzung solcher Webseiten erfolgen auf eigene Gefahr des jeweiligen Nutzers.<\/p>\n\n\n\n<p><strong><em>Urheberrechte<\/em><\/strong><\/p>\n\n\n\n<p>Die Urheber- und alle anderen Rechte an Inhalten, Bildern, Fotos oder anderen Dateien auf dieser Website, geh\u00f6ren ausschliesslich\u00a0<strong>DEINE NAME<\/strong>\u00a0oder den speziell genannten Rechteinhabern. F\u00fcr die Reproduktion jeglicher Elemente ist die schriftliche Zustimmung des Urheberrechtstr\u00e4gers im Voraus einzuholen.<br>Quelle:\u00a0<a href=\"https:\/\/www.swissanwalt.ch\/\">SwissAnwalt<\/a><\/p>\n\n\n\n<h2 class=\"wp-block-heading\">Allgemeiner Hinweis<\/h2>\n\n\n\n<p>Gest\u00fctzt auf Artikel 13 der schweizerischen Bundesverfassung und den datenschutzrechtlichen Bestimmungen des Bundes (Datenschutzgesetz, DSG) hat jede Person Anspruch auf Schutz ihrer Privatsph\u00e4re sowie auf Schutz vor Missbrauch ihrer pers\u00f6nlichen Daten. Die Betreiber dieser Seiten nehmen den Schutz Ihrer pers\u00f6nlichen Daten sehr ernst. Wir behandeln Ihre personenbezogenen Daten vertraulich und entsprechend der gesetzlichen Datenschutzvorschriften sowie dieser Datenschutzerkl\u00e4rung.<\/p>\n\n\n\n<p>In Zusammenarbeit mit unseren Hosting-Providern bem\u00fchen wir uns, die Datenbanken so gut wie m\u00f6glich vor fremden Zugriffen, Verlusten, Missbrauch oder vor F\u00e4lschung zu sch\u00fctzen.<\/p>\n\n\n\n<p>Wir weisen darauf hin, dass die Daten\u00fcbertragung im Internet (z.B. bei der Kommunikation per E-Mail) Sicherheitsl\u00fccken aufweisen kann. Ein l\u00fcckenloser Schutz der Daten vor dem Zugriff durch Dritte ist nicht m\u00f6glich.<\/p>\n\n\n\n<p>Durch die Nutzung dieser Website erkl\u00e4ren Sie sich mit der Erhebung, Verarbeitung und Nutzung von Daten gem\u00e4ss der nachfolgenden Beschreibung einverstanden. Diese Website kann grunds\u00e4tzlich ohne Registrierung besucht werden. Dabei werden Daten wie beispielsweise aufgerufene Seiten bzw. Namen der abgerufenen Datei, Datum und Uhrzeit zu statistischen Zwecken auf dem Server gespeichert, ohne dass diese Daten unmittelbar auf Ihre Person bezogen werden. Personenbezogene Daten, insbesondere Name, Adresse oder E-Mail-Adresse werden soweit m\u00f6glich auf freiwilliger Basis erhoben. Ohne Ihre Einwilligung erfolgt keine Weitergabe der Daten an Dritte.<\/p>\n\n\n\n<h2 class=\"wp-block-heading\">Bearbeitung von Personendaten<\/h2>\n\n\n\n<p>Personendaten sind alle Angaben, die sich auf eine bestimmte oder bestimmbare Person beziehen. Eine betroffene Person ist eine Person, \u00fcber die Personendaten bearbeitet werden. Bearbeiten umfasst jeden Umgang mit Personendaten, unabh\u00e4ngig von den angewandten Mitteln und Verfahren, insbesondere das Aufbewahren, Bekanntgeben, Beschaffen, L\u00f6schen, Speichern, Ver\u00e4ndern, Vernichten und Verwenden von Personendaten.<\/p>\n\n\n\n<p>Wir bearbeiten Personendaten im Einklang mit dem schweizerischen Datenschutzrecht. Im \u00dcbrigen bearbeiten wir \u2013 soweit und sofern die EU-DSGVO anwendbar ist \u2013 Personendaten gem\u00e4ss folgenden Rechtsgrundlagen im Zusammenhang mit Art. 6 Abs. 1 DSGVO:<\/p>\n\n\n\n<ul class=\"wp-block-list\"><li class=\"\">lit. a) Bearbeitung von Personendaten mit Einwilligung der betroffenen Person.<\/li><li class=\"\">lit. b) Bearbeitung von Personendaten zur Erf\u00fcllung eines Vertrages mit der betroffenen Person sowie zur Durchf\u00fchrung entsprechender vorvertraglicher Massnahmen.<\/li><li class=\"\">lit. c) Bearbeitung von Personendaten zur Erf\u00fcllung einer rechtlichen Verpflichtung, der wir gem\u00e4ss allenfalls anwendbarem Recht der EU oder gem\u00e4ss allenfalls anwendbarem Recht eines Landes, in dem die DSGVO ganz oder teilweise anwendbar ist, unterliegen.<\/li><li class=\"\">lit. d) Bearbeitung von Personendaten um lebenswichtige Interessen der betroffenen Person oder einer anderen nat\u00fcrlichen Person zu sch\u00fctzen.<\/li><li class=\"\">lit. f) Bearbeitung von Personendaten um die berechtigten Interessen von uns oder von Dritten zu wahren, sofern nicht die Grundfreiheiten und Grundrechte sowie Interessen der betroffenen Person \u00fcberwiegen. Berechtigte Interessen sind insbesondere unser betriebswirtschaftliches Interesse, unsere Website bereitstellen zu k\u00f6nnen, die Informationssicherheit, die Durchsetzung von eigenen rechtlichen Anspr\u00fcchen und die Einhaltung von schweizerischem Recht.<\/li><\/ul>\n\n\n\n<p>Wir bearbeiten Personendaten f\u00fcr jene Dauer, die f\u00fcr den jeweiligen Zweck oder die jeweiligen Zwecke erforderlich ist. Bei l\u00e4nger dauernden Aufbewahrungspflichten aufgrund von gesetzlichen und sonstigen Pflichten, denen wir unterliegen, schr\u00e4nken wir die Bearbeitung entsprechend ein.<\/p>\n\n\n\n<h2 class=\"wp-block-heading\">Datenschutzerkl\u00e4rung f\u00fcr Cookies<\/h2>\n\n\n\n<p>Diese Website verwendet Cookies. Das sind kleine Textdateien, die es m\u00f6glich machen, auf dem Endger\u00e4t des Nutzers spezifische, auf den Nutzer bezogene Informationen zu speichern, w\u00e4hrend er die Website nutzt. Cookies erm\u00f6glichen es, insbesondere Nutzungsh\u00e4ufigkeit und Nutzeranzahl der Seiten zu ermitteln, Verhaltensweisen der Seitennutzung zu analysieren, aber auch unser Angebot kundenfreundlicher zu gestalten. Cookies bleiben \u00fcber das Ende einer Browser-Sitzung gespeichert und k\u00f6nnen bei einem erneuten Seitenbesuch wieder aufgerufen werden. Wenn Sie das nicht w\u00fcnschen, sollten Sie Ihren Internetbrowser so einstellen, dass er die Annahme von Cookies verweigert.<\/p>\n\n\n\n<p>Ein genereller Widerspruch gegen den Einsatz der zu Zwecken des Onlinemarketing eingesetzten Cookies kann bei einer Vielzahl der Dienste, vor allem im Fall des Trackings, \u00fcber die US-amerikanische Seite&nbsp;<a href=\"http:\/\/www.aboutads.info\/choices\/\" class=\"\">http:\/\/www.aboutads.info\/choices\/<\/a>&nbsp;oder die EU-Seite&nbsp;<a href=\"http:\/\/www.youronlinechoices.com\/\" class=\"\">http:\/\/www.youronlinechoices.com\/<\/a>&nbsp;erkl\u00e4rt werden. Des Weiteren kann die Speicherung von Cookies mittels deren Abschaltung in den Einstellungen des Browsers erreicht werden. Bitte beachten Sie, dass dann gegebenenfalls nicht alle Funktionen dieses Onlineangebotes genutzt werden k\u00f6nnen.<\/p>\n\n\n\n<h2 class=\"wp-block-heading\">Datenschutzerkl\u00e4rung f\u00fcr SSL-\/TLS-Verschl\u00fcsselung<\/h2>\n\n\n\n<p>Diese Website nutzt aus Gr\u00fcnden der Sicherheit und zum Schutz der \u00dcbertragung vertraulicher Inhalte, wie zum Beispiel der Anfragen, die Sie an uns als Seitenbetreiber senden, eine SSL-\/TLS-Verschl\u00fcsselung. Eine verschl\u00fcsselte Verbindung erkennen Sie daran, dass die Adresszeile des Browsers von \u201ehttp:\/\/\u201c auf \u201ehttps:\/\/\u201c wechselt und an dem Schloss-Symbol in Ihrer Browserzeile.<\/p>\n\n\n\n<p>Wenn die SSL bzw. TLS Verschl\u00fcsselung aktiviert ist, k\u00f6nnen die Daten, die Sie an uns \u00fcbermitteln, nicht von Dritten mitgelesen werden.<\/p>\n\n\n\n<h2 class=\"wp-block-heading\">Datenschutzerkl\u00e4rung f\u00fcr Server-Log-Files<\/h2>\n\n\n\n<p>Der Provider dieser Website erhebt und speichert automatisch Informationen in so genannten Server-Log Files, die Ihr Browser automatisch an uns \u00fcbermittelt. Dies sind:<\/p>\n\n\n\n<ul class=\"wp-block-list\"><li class=\"\">Browsertyp und Browserversion<\/li><li class=\"\">verwendetes Betriebssystem<\/li><li class=\"\">Referrer URL<\/li><li class=\"\">Hostname des zugreifenden Rechners<\/li><li class=\"\">Uhrzeit der Serveranfrage<\/li><\/ul>\n\n\n\n<p>Diese Daten sind nicht bestimmten Personen zuordenbar. Eine Zusammenf\u00fchrung dieser Daten mit anderen Datenquellen wird nicht vorgenommen. Wir behalten uns vor, diese Daten nachtr\u00e4glich zupr\u00fcfen, wenn uns konkrete Anhaltspunkte f\u00fcr eine rechtswidrige Nutzung bekannt werden.<\/p>\n\n\n\n<h2 class=\"wp-block-heading\">Datenschutzerkl\u00e4rung f\u00fcr Google Analytics<\/h2>\n\n\n\n<p>Diese Website benutzt Google Analytics, einen Webanalysedienst der Google Ireland Limited. Wenn der Verantwortliche f\u00fcr die Datenverarbeitung auf dieser Website ausserhalb des Europ\u00e4ischen Wirtschaftsraumes oder der Schweiz sitzt, dann erfolgt die Google Analytics Datenverarbeitung durch Google LLC. Google LLC und Google Ireland Limited werden nachfolgend \u00abGoogle\u00bb genannt.<\/p>\n\n\n\n<p>\u00dcber die gewonnenen Statistiken k\u00f6nnen wir unser Angebot verbessern und f\u00fcr Sie als Nutzer interessanter ausgestalten. Diese Website verwendet Google Analytics zudem f\u00fcr eine ger\u00e4te\u00fcbergreifende Analyse von Besucherstr\u00f6men, die \u00fcber eine User-ID durchgef\u00fchrt wird. Sofern Sie \u00fcber ein Google-Benutzerkonto verf\u00fcgen, k\u00f6nnen Sie in den dortigen Einstellungen unter \u00abMeine Daten\u00bb, \u00abpers\u00f6nliche Daten\u00bb die ger\u00e4te\u00fcbergreifende Analyse Ihrer Nutzung deaktivieren.<\/p>\n\n\n\n<p>Rechtsgrundlage f\u00fcr die Nutzung von Google Analytics ist Art. 6 Abs. 1 S. 1 lit. f DS-GVO. Die im Rahmen von Google Analytics von Ihrem Browser \u00fcbermittelte IP-Adresse wird nicht mit anderen Daten von Google zusammengef\u00fchrt. Wir weisen Sie darauf hin, dass auf dieser Website Google Analytics um den Code \u00ab_anonymizeIp();\u00bb erweitert wurde, um eine anonymisierte Erfassung von IP-Adressen zu gew\u00e4hrleisten. Dadurch werden IP-Adressen gek\u00fcrzt weiterverarbeitet, eine Personenbeziehbarkeit kann damit ausgeschlossen werden. Soweit den \u00fcber Sie erhobenen Daten ein Personenbezug zukommt, wird dieser also sofort ausgeschlossen und die personenbezogenen Daten damit umgehend gel\u00f6scht.<\/p>\n\n\n\n<p>Nur in Ausnahmef\u00e4llen wird die volle IP-Adresse an einen Server von Google in den USA \u00fcbertragen und dort gek\u00fcrzt. Im Auftrag des Betreibers dieser Website wird Google diese Informationen benutzen, um Ihre Nutzung der Website auszuwerten, um Reports \u00fcber die Websitenaktivit\u00e4ten zusammenzustellen und um weitere mit der Websitennutzung und der Internetnutzung verbundene Dienstleistungen gegen\u00fcber dem Websitenbetreiber zu erbringen. F\u00fcr die Ausnahmef\u00e4lle, in denen personenbezogene Daten in die USA \u00fcbertragen werden, hat sich Google dem EU-US Privacy Shield unterworfen,&nbsp;<a href=\"https:\/\/www.privacyshield.gov\/EU-US-Framework\" class=\"\">https:\/\/www.privacyshield.gov\/EU-US-Framework<\/a>.<\/p>\n\n\n\n<p>Google Analytics verwendet Cookies. Die durch den Cookie erzeugten Informationen \u00fcber Ihre Benutzung dieser Website werden in der Regel an einen Server von Google in den USA \u00fcbertragen und dort gespeichert. Sie k\u00f6nnen die Speicherung der Cookies durch eine entsprechende Einstellung Ihrer Browser-Software verhindern; wir weisen Sie jedoch darauf hin, dass Sie in diesem Fall gegebenenfalls nicht s\u00e4mtliche Funktionen dieser Website vollumf\u00e4nglich werden nutzen k\u00f6nnen. Sie k\u00f6nnen dar\u00fcber hinaus die Erfassung der durch das Cookie erzeugten und auf Ihre Nutzung der Website bezogenen Daten (inkl. Ihrer IP-Adresse) an Google sowie die Verarbeitung dieser Daten durch Google verhindern, indem sie das unter dem folgenden Link verf\u00fcgbare Browser-Plugin herunterladen und installieren:&nbsp;<a href=\"https:\/\/www.swissanwalt.ch\/de\/gaoptout.aspx\" class=\"\">Google Analytics deaktivieren<\/a>.<\/p>\n\n\n\n<p>Ausserdem k\u00f6nnen Sie die Nutzung von Google Analytics auch verhindern, indem sie auf diesen Link klicken:&nbsp;<a href=\"https:\/\/tools.google.com\/dlpage\/gaoptout?hl=de\" class=\"\">Google Analytics deaktivieren<\/a>. Hierdurch wird ein sog. opt-out Cookie auf ihrem Datentr\u00e4ger gespeichert, der die Verarbeitung personenbezogener Daten durch Google Analytics verhindert. Bitte beachten Sie, dass bei einem L\u00f6schen s\u00e4mtlicher Cookies auf Ihrem Endger\u00e4t auch diese Opt-out-Cookies gel\u00f6scht werden, d.h., dass Sie erneut die Opt-out-Cookies setzen m\u00fcssen, wenn Sie weiterhin diese Form der Datenerhebung verhindern wollen. Die Opt-out-Cookies sind pro Browser und Rechner\/Endger\u00e4t gesetzt und m\u00fcssen daher f\u00fcr jeden Browser, Rechner oder anderes Endger\u00e4t gesondert aktiviert werden.<\/p>\n\n\n\n<h2 class=\"wp-block-heading\">Datenschutzerkl\u00e4rung f\u00fcr SoundCloud<\/h2>\n\n\n\n<p>Auf dieser Website k\u00f6nnen Plugins des sozialen Netzwerks SoundCloud (SoundCloud Limited, Berners House, 47-48 Berners Street, London W1T 3NF, Gro\u00dfbritannien.) integriert sein. Die SoundCloud-Plugins erkennen Sie an dem SoundCloud-Logo auf den betroffenen Seiten.<\/p>\n\n\n\n<p>Wenn Sie unsere Seiten besuchen, wird nach Aktivierung des Plugin eine direkte Verbindung zwischen Ihrem Browser und dem SoundCloud-Server hergestellt. SoundCloud erh\u00e4lt dadurch die Information, dass Sie mit Ihrer IP-Adresse unsere Seite besucht haben. Wenn Sie den \u201eLike-Button\u201c oder \u201eShare- Button\u201c anklicken w\u00e4hrend Sie in Ihrem SoundCloud- Benutzerkonto eingeloggt sind, k\u00f6nnen Sie die Inhalte unserer Seiten mit Ihrem SoundCloud-Profil verlinken und\/oder teilen. Dadurch kann SoundCloud Ihrem Benutzerkonto den Besuch unserer Seiten zuordnen. Wir weisen darauf hin, dass wir als Anbieter der Seiten keine Kenntnis vom Inhalt der \u00fcbermittelten Daten sowie deren Nutzung durch SoundCloud erhalten. Weitere Informationen hierzu finden Sie in der Datenschutzerkl\u00e4rung von SoundCloud unter:&nbsp;<a href=\"https:\/\/soundcloud.com\/pages\/privacy\" class=\"\">https:\/\/soundcloud.com\/pages\/privacy<\/a><\/p>\n\n\n\n<p>Wenn Sie nicht w\u00fcnschen, dass Soundcloud den Besuch unserer Seiten Ihrem SoundCloud- Benutzerkonto zuordnet, loggen Sie sich bitte aus Ihrem SoundCloud-Benutzerkonto aus bevor Sie Inhalte des SoundCloud-Plugins aktivieren.<\/p>\n\n\n\n<h2 class=\"wp-block-heading\">Datenschutzerkl\u00e4rung f\u00fcr YouTube<\/h2>\n\n\n\n<p>Auf dieser Website sind Funktionen des Dienstes \u00abYouTube\u00bb eingebunden. \u00abYouTube\u00bb geh\u00f6rt der Google Ireland Limited, einer nach irischem Recht eingetragenen und betriebenen Gesellschaft mit Sitz in Gordon House, Barrow Street, Dublin 4, Irland, welche die Dienste im Europ\u00e4ischen Wirtschaftsraum und der Schweiz betreibt.<\/p>\n\n\n\n<p>Ihre rechtliche Vereinbarung mit \u00abYouTube\u00bb besteht aus den unter folgendem Link zu entnehmenden Bestimmungen und Bedingungen:&nbsp;<a href=\"https:\/\/www.youtube.com\/static?gl=DE&amp;template=terms&amp;hl=de\" class=\"\">https:\/\/www.youtube.com\/static?gl=de&amp;template=terms&amp;hl=de<\/a>. Diese Bestimmungen bilden eine rechtlich bindende Vereinbarung zwischen Ihnen und \u00abYouTube\u00bb bez\u00fcglich der Nutzung der Dienste. In der Datenschutzerkl\u00e4rung von Google wird erl\u00e4utert, wie \u00abYouTube\u00bb mit Ihren personenbezogenen Daten verf\u00e4hrt und Ihre Daten sch\u00fctzt, wenn Sie den Dienst nutzen.<\/p>\n\n\n\n<h2 class=\"wp-block-heading\">Urheberrechte<\/h2>\n\n\n\n<p>Die Urheber- und alle anderen Rechte an Inhalten, Bildern, Fotos oder anderen Dateien auf der Website, geh\u00f6ren ausschliesslich dem Betreiber dieser Website oder den speziell genannten Rechteinhabern. F\u00fcr die Reproduktion von s\u00e4mtlichen Dateien, ist die schriftliche Zustimmung des Urheberrechtstr\u00e4gers im Voraus einzuholen.<\/p>\n\n\n\n<p>Wer ohne Einwilligung des jeweiligen Rechteinhabers eine Urheberrechtsverletzung begeht, kann sich strafbar und allenfalls schadenersatzpflichtig machen.<\/p>\n\n\n\n<h2 class=\"wp-block-heading\">\u00c4nderungen<\/h2>\n\n\n\n<p>Wir k\u00f6nnen diese Datenschutzerkl\u00e4rung jederzeit ohne Vorank\u00fcndigung anpassen. Es gilt die jeweils aktuelle, auf unserer Website publizierte Fassung. Soweit die Datenschutzerkl\u00e4rung Teil einer Vereinbarung mit Ihnen ist, werden wir Sie im Falle einer Aktualisierung \u00fcber die \u00c4nderung per E-Mail oder auf andere geeignete Weise informieren.<\/p>\n\n\n\n<h2 class=\"wp-block-heading\">Fragen an den Datenschutzbeauftragten<\/h2>\n\n\n\n<p>Wenn Sie Fragen zum Datenschutz haben, schreiben Sie uns bitte eine E-Mail oder wenden Sie sich direkt an die f\u00fcr den Datenschutz zu Beginn der Datenschutzerkl\u00e4rung aufgef\u00fchrten, verantwortlichen Person in unserer Organisation. Bern, 14.06.2021<br class=\"\">Quelle:&nbsp;<a href=\"https:\/\/www.swissanwalt.ch\/\" class=\"\">SwissAnwalt<\/a><\/p>\n\n\n\n<p><\/p>\n\n\n\n<p><\/p>\n\n\n\n<p class=\"has-yellow-background-color has-background\">Verlinken im Footer der Homepage \u00fcber ein Navigationsmen\u00fc im FooterWordpress.org<br>Je nach Theme in Theme Einstellungen, via Widget oder als zweites Men\u00fc f\u00fcr den Footer.<\/p>\n\n\n\n<p>WordPress.com<br>via <a href=\"https:\/\/en.support.wordpress.com\/widgets\" target=\"_blank\" rel=\"noreferrer noopener\">Widget<\/a><\/p>\n","protected":false},"excerpt":{"rendered":"<p>Als separate Seite erstellen. https:\/\/www.swissanwalt.ch\/impressum-generator.aspxhttps:\/\/www.swissanwalt.ch\/datenschutz-generator.aspxVorlage (extern) Kontakt-Adresse Deine Adresse E-Mail: Haftungsausschluss&nbsp;Der Autor \u00fcbernimmt keinerlei Gew\u00e4hr hinsichtlich der inhaltlichen Richtigkeit, Genauigkeit, Aktualit\u00e4t, Zuverl\u00e4ssigkeit und Vollst\u00e4ndigkeit der Informationen. Haftungsanspr\u00fcche gegen den Autor wegen Sch\u00e4den materieller oder immaterieller Art, welche aus dem Zugriff oder der Nutzung bzw. Nichtnutzung der ver\u00f6ffentlichten Informationen, durch Missbrauch der Verbindung oder durch technische &hellip; <a href=\"https:\/\/blog.zhdk.ch\/wordpress\/6-inhalte\/6-5-impressum\/\" class=\"more-link\"><span class=\"screen-reader-text\">6.5 Impressum<\/span> weiterlesen<\/a><\/p>\n","protected":false},"author":4030,"featured_media":0,"parent":118,"menu_order":0,"comment_status":"closed","ping_status":"closed","template":"","meta":{"ngg_post_thumbnail":0,"footnotes":""},"class_list":["post-2100","page","type-page","status-publish","hentry"],"_links":{"self":[{"href":"https:\/\/blog.zhdk.ch\/wordpress\/wp-json\/wp\/v2\/pages\/2100","targetHints":{"allow":["GET"]}}],"collection":[{"href":"https:\/\/blog.zhdk.ch\/wordpress\/wp-json\/wp\/v2\/pages"}],"about":[{"href":"https:\/\/blog.zhdk.ch\/wordpress\/wp-json\/wp\/v2\/types\/page"}],"author":[{"embeddable":true,"href":"https:\/\/blog.zhdk.ch\/wordpress\/wp-json\/wp\/v2\/users\/4030"}],"replies":[{"embeddable":true,"href":"https:\/\/blog.zhdk.ch\/wordpress\/wp-json\/wp\/v2\/comments?post=2100"}],"version-history":[{"count":3,"href":"https:\/\/blog.zhdk.ch\/wordpress\/wp-json\/wp\/v2\/pages\/2100\/revisions"}],"predecessor-version":[{"id":3044,"href":"https:\/\/blog.zhdk.ch\/wordpress\/wp-json\/wp\/v2\/pages\/2100\/revisions\/3044"}],"up":[{"embeddable":true,"href":"https:\/\/blog.zhdk.ch\/wordpress\/wp-json\/wp\/v2\/pages\/118"}],"wp:attachment":[{"href":"https:\/\/blog.zhdk.ch\/wordpress\/wp-json\/wp\/v2\/media?parent=2100"}],"curies":[{"name":"wp","href":"https:\/\/api.w.org\/{rel}","templated":true}]}}