{"id":226,"date":"2018-10-02T14:13:23","date_gmt":"2018-10-02T14:13:23","guid":{"rendered":"https:\/\/blog.zhdk.ch\/wordpress\/?page_id=226"},"modified":"2019-05-10T14:00:16","modified_gmt":"2019-05-10T14:00:16","slug":"socialmedia-web-verknuepfung","status":"publish","type":"page","link":"https:\/\/blog.zhdk.ch\/wordpress\/socialmedia-web-verknuepfung\/","title":{"rendered":"Socialmedia &#8211; Web Verkn\u00fcpfung"},"content":{"rendered":"<h2>FACEBOOK (!!! super wichtig !!!)<\/h2>\n<ul>\n<li>Erstelle eine Facebook Seite<\/li>\n<li>F\u00fcgt deine Web-Site hinzu<\/li>\n<li>Verlinke deine Seite mit deiner Facebook Seite<\/li>\n<li>Fertig<\/li>\n<\/ul>\n<h4 class=\"null\"><em>Facebook Seite<\/em> vs. <em>pers\u00f6nliches Profil<\/em><\/h4>\n<p>Es scheint einfacher, sich selbst und seine Musik von einem pers\u00f6nlichen Profil aus zu vermarkten, aber es gibt gute Gr\u00fcnde, warum eine <em>Facebook Seite<\/em> die bessere Wahl ist:<\/p>\n<ul>\n<li><strong>Kein Fan-Limit auf deiner Seite:<\/strong>&nbsp;<em>Facebook Seiten<\/em> haben KEIN Limit f\u00fcr die Anzahl Fans. Bei <em>pers\u00f6nlichen Profilen<\/em> ist die Anzahl &#8222;Freunde&#8220; jedoch auf 5000 limitiert.<\/li>\n<li><strong>Finde heraus, was deine Fans anspricht (und was nicht!):<\/strong>&nbsp;<em>Statistiken<\/em> (eine Funktion, die dem&nbsp;<em>pers\u00f6nlichen Profil<\/em> NICHT zur Verf\u00fcgung steht)&nbsp;sind ein hervorragendes Tool, um herauszufinden&nbsp;woher deine Fans kommen und&nbsp;auf&nbsp;welchen Content (Inhalte, Fotos, Videos etc.) sie am meisten ansprechen.<\/li>\n<li><strong>Beitr\u00e4ge bewerben:<\/strong>&nbsp;Mit einer <em>Facebook Seite<\/em> kannst du Beitr\u00e4ge &#8222;bewerben&#8220;, damit sie mehr Menschen erreichen. Abh\u00e4ngig davon, wieviel du bezahlen m\u00f6chtest, erreicht dein Beitrag auch Leute, welche noch nicht deine Fans sind oder deine Seite noch nicht geliked haben. Dies kann ein erfolgreicher Weg sein, die Sichtbarkeit f\u00fcr deinen Content und deine Musik zu erh\u00f6hen &#8211; aber es kann auch schnell teuer werden.<\/li>\n<li><strong>Ads: <\/strong>Wenn du eine <em>Facebook Seite <\/em>hast, hast du Zugang zu Facebook Ads. Damit kannst du deine Seite promoten, mehr Likes erhalten, Konzerte und CD-Taufen bekannt machen usw. Du kannst sogar auf spezifische Regionen, demografische Gruppen&nbsp;sowie Interessensgruppen zielen. Aber auch hier gilt; Facebook Ads k\u00f6nnen schnell teuer werden. Setze dir also ein Budget.<\/li>\n<\/ul>\n<p>Wer noch mehr \u00fcber Facebook Seiten, Werbung und swt wissen m\u00f6chte, kann diese <a href=\"https:\/\/mailchi.mp\/subitomf\/bist-du-schon-berhmt-das-einmaleins-fr-social-media-marketing\">Newsletter<\/a> lesen.<\/p>\n<h2>INSTAGRAM<\/h2>\n<p>Kein Private Instagram Account, wie bei Facebook beides Verlinken<\/p>\n<h2>TWITTER<\/h2>\n<h2>Google+<\/h2>\n<p>Gibts nicht mehr<\/p>\n<h2>YOUTUBE<\/h2>\n<ul>\n<li>Mit deinem Gmail-Account anmelden<\/li>\n<li>F\u00fchre eine Aktion durch, f\u00fcr die einen Kanal erforderlich ist. Versuche beispielsweise, ein Video hochzuladen, einen Kommentar zu posten oder eine Playlist zu erstellen.<\/li>\n<li>Wenn du noch keinen Kanal hast, erscheint nun eine Aufforderung zur Erstellung eines Kanals.<\/li>\n<li>Pr\u00fcfe, ob die Details korrekt sind, <a href=\"https:\/\/aboutme.google.com\/\" target=\"_blank\" rel=\"noopener noreferrer\">z.&nbsp;B. der Name und das Foto deines Google-Kontos<\/a>, und best\u00e4tige die Erstellung eines neuen Kanals.<\/li>\n<\/ul>\n<h2>Einen Kanal mit Unternehmensnamen oder mit einem anderen Namen erstellen<\/h2>\n<div>\n<p><em>Folge dieser Anleitung zur Erstellung eines Kanals, der \u00fcber mehrere Manager oder Inhaber verf\u00fcgt.&nbsp;<\/em><\/p>\n<p>Du kannst ein Brand-Konto verwenden, um einen Kanal mit einem anderen (zus\u00e4tzlichen) Namen zu erstellen, den du ebenfalls \u00fcber dein Google-Konto verwalten kannst. <a href=\"https:\/\/support.google.com\/accounts\/answer\/7001996\" target=\"_blank\" rel=\"noopener noreferrer\">Weitere Informationen zu Brand-Konten<\/a>&nbsp;<\/p>\n<ol>\n<li>Melde dich auf einem Computer oder \u00fcber die mobile Website in YouTube an.<\/li>\n<li><a href=\"https:\/\/www.youtube.com\/attribution_link?m=ext-hc-ytm-pe-1&amp;u=%2Fchannel_switcher\" target=\"_blank\" rel=\"noopener noreferrer\">Gehe zu deiner Kanalliste.<\/a><\/li>\n<li>W\u00e4hle aus, ob du einen neuen Kanal erstellen oder ein vorhandenes Brand-Konto verwenden m\u00f6chtest.\n<ul>\n<li>Erstelle einen neuen Kanal, indem du auf <strong>Neuen Kanal erstellen<\/strong> klickst.<\/li>\n<li>Erstelle einen YouTube-Kanal f\u00fcr ein von dir verwaltetes Brand-Konto, indem du das entsprechende Brand-Konto aus der Liste ausw\u00e4hlst. Wenn dieses Brand-Konto schon \u00fcber einen Kanal verf\u00fcgt, wirst du keinen neuen erstellen k\u00f6nnen. Du wirst stattdessen beim Ausw\u00e4hlen des Brand-Kontos aus der Liste zu diesem Kanal weitergeleitet.&nbsp;<\/li>\n<\/ul>\n<\/li>\n<li>F\u00fclle die Felder aus, um deinen neuen Kanal zu benennen, und best\u00e4tige dein Konto. Klicke anschlie\u00dfend auf <strong>Fertig<\/strong>. Das neue Brand-Konto ist damit erstellt.&nbsp;<\/li>\n<li>Um einen Kanalmanager hinzuzuf\u00fcgen, folge der Anleitung unter <a href=\"https:\/\/support.google.com\/youtube\/answer\/4628007\">Kanalinhaber und -manager \u00e4ndern<\/a>.<\/li>\n<\/ol>\n<\/div>\n<hr>\n<h6>mehr erfahren \u00fcber <a href=\"https:\/\/blog.zhdk.ch\/wordpress\/bilder-social-media\/\">BILDER F\u00dcR SOCIAL MEDIA!<\/a><\/h6>\n","protected":false},"excerpt":{"rendered":"<p>FACEBOOK (!!! super wichtig !!!) Erstelle eine Facebook Seite F\u00fcgt deine Web-Site hinzu Verlinke deine Seite mit deiner Facebook Seite Fertig Facebook Seite vs. pers\u00f6nliches Profil Es scheint einfacher, sich selbst und seine Musik von einem pers\u00f6nlichen Profil aus zu vermarkten, aber es gibt gute Gr\u00fcnde, warum eine Facebook Seite die bessere Wahl ist: Kein &hellip; <a href=\"https:\/\/blog.zhdk.ch\/wordpress\/socialmedia-web-verknuepfung\/\" class=\"more-link\"><span class=\"screen-reader-text\">Socialmedia &#8211; Web Verkn\u00fcpfung<\/span> weiterlesen<\/a><\/p>\n","protected":false},"author":4030,"featured_media":0,"parent":0,"menu_order":0,"comment_status":"closed","ping_status":"closed","template":"","meta":{"ngg_post_thumbnail":0,"footnotes":""},"class_list":["post-226","page","type-page","status-publish","hentry"],"_links":{"self":[{"href":"https:\/\/blog.zhdk.ch\/wordpress\/wp-json\/wp\/v2\/pages\/226","targetHints":{"allow":["GET"]}}],"collection":[{"href":"https:\/\/blog.zhdk.ch\/wordpress\/wp-json\/wp\/v2\/pages"}],"about":[{"href":"https:\/\/blog.zhdk.ch\/wordpress\/wp-json\/wp\/v2\/types\/page"}],"author":[{"embeddable":true,"href":"https:\/\/blog.zhdk.ch\/wordpress\/wp-json\/wp\/v2\/users\/4030"}],"replies":[{"embeddable":true,"href":"https:\/\/blog.zhdk.ch\/wordpress\/wp-json\/wp\/v2\/comments?post=226"}],"version-history":[{"count":7,"href":"https:\/\/blog.zhdk.ch\/wordpress\/wp-json\/wp\/v2\/pages\/226\/revisions"}],"predecessor-version":[{"id":898,"href":"https:\/\/blog.zhdk.ch\/wordpress\/wp-json\/wp\/v2\/pages\/226\/revisions\/898"}],"wp:attachment":[{"href":"https:\/\/blog.zhdk.ch\/wordpress\/wp-json\/wp\/v2\/media?parent=226"}],"curies":[{"name":"wp","href":"https:\/\/api.w.org\/{rel}","templated":true}]}}