{"id":2320,"date":"2020-10-16T14:17:11","date_gmt":"2020-10-16T12:17:11","guid":{"rendered":"https:\/\/blog.zhdk.ch\/wordpress\/?page_id=2320"},"modified":"2023-11-19T22:45:12","modified_gmt":"2023-11-19T21:45:12","slug":"1-einrichten","status":"publish","type":"page","link":"https:\/\/blog.zhdk.ch\/wordpress\/1-einrichten\/","title":{"rendered":"1 &#8211; Kick-off (Webhosting \u00fcber Hosttech)"},"content":{"rendered":"\n<h2 class=\"wp-block-heading\"><a href=\"https:\/\/www.hosttech.ch\/webhosting\/zhdk\">https:\/\/www.hosttech.ch\/webhosting\/zhdk<\/a><\/h2>\n\n\n\n<div class=\"wp-block-columns is-layout-flex wp-container-core-columns-is-layout-9d6595d7 wp-block-columns-is-layout-flex\">\n<div class=\"wp-block-column is-layout-flow wp-block-column-is-layout-flow\">\n<figure class=\"wp-block-embed is-type-video is-provider-youtube wp-block-embed-youtube wp-embed-aspect-16-9 wp-has-aspect-ratio\"><div class=\"wp-block-embed__wrapper\">\n<iframe loading=\"lazy\" title=\"Wordpress ZHdK - Kickoff Video (DE)\" width=\"660\" height=\"371\" src=\"https:\/\/www.youtube.com\/embed\/5W8dC9bnuyM?feature=oembed\" frameborder=\"0\" allow=\"accelerometer; autoplay; clipboard-write; encrypted-media; gyroscope; picture-in-picture; web-share\" referrerpolicy=\"strict-origin-when-cross-origin\" allowfullscreen><\/iframe>\n<\/div><figcaption class=\"wp-element-caption\">DEUTSCH<\/figcaption><\/figure>\n\n\n\n<figure class=\"wp-block-embed is-type-video is-provider-youtube wp-block-embed-youtube wp-embed-aspect-16-9 wp-has-aspect-ratio\"><div class=\"wp-block-embed__wrapper\">\n<iframe loading=\"lazy\" title=\"Wordpress ZHdK - kickoff in English\" width=\"660\" height=\"371\" src=\"https:\/\/www.youtube.com\/embed\/5f4s8AZWtH4?feature=oembed\" frameborder=\"0\" allow=\"accelerometer; autoplay; clipboard-write; encrypted-media; gyroscope; picture-in-picture; web-share\" referrerpolicy=\"strict-origin-when-cross-origin\" allowfullscreen><\/iframe>\n<\/div><figcaption class=\"wp-element-caption\">ENGLISH<\/figcaption><\/figure>\n<\/div>\n\n\n\n<div class=\"wp-block-column is-layout-flow wp-block-column-is-layout-flow\">\n<ul class=\"wp-block-list\">\n<li>Choose a simple Domain<\/li>\n\n\n\n<li>Use your ZHDK email for the registration<br>(IMPORTANT your ZHdK-Mail is for example firstname.lastname@zhdk.ch, flastname@zhdk.ch&nbsp;is not an email address!)<\/li>\n\n\n\n<li>Forward me one of the three Mails from Hosttech<\/li>\n\n\n\n<li>If you didn&#8217;t received 3 Mails or you are facing any problems, please <a href=\"mailto:elena.gonzalezarias@zhdk.ch\">contact me<\/a><\/li>\n<\/ul>\n<\/div>\n<\/div>\n\n\n\n<p>DIE DREI HOSTTECH-MAILS<\/p>\n\n\n\n<p>MAIL 1: IHRE BESTELLUNG BEI HOSTTECH<\/p>\n\n\n\n<figure class=\"wp-block-image size-large\"><img loading=\"lazy\" decoding=\"async\" width=\"1024\" height=\"305\" src=\"https:\/\/blog.zhdk.ch\/wordpress\/files\/2020\/10\/Bildschirmfoto-2020-10-16-um-16.09.29-1024x305.png\" alt=\"\" class=\"wp-image-2322\" srcset=\"https:\/\/blog.zhdk.ch\/wordpress\/files\/2020\/10\/Bildschirmfoto-2020-10-16-um-16.09.29-1024x305.png 1024w, https:\/\/blog.zhdk.ch\/wordpress\/files\/2020\/10\/Bildschirmfoto-2020-10-16-um-16.09.29-300x89.png 300w, https:\/\/blog.zhdk.ch\/wordpress\/files\/2020\/10\/Bildschirmfoto-2020-10-16-um-16.09.29-768x229.png 768w, https:\/\/blog.zhdk.ch\/wordpress\/files\/2020\/10\/Bildschirmfoto-2020-10-16-um-16.09.29.png 1356w\" sizes=\"auto, (max-width: 1024px) 100vw, 1024px\" \/><\/figure>\n\n\n\n<p><\/p>\n\n\n\n<p>MAILS 2: IHRE HOSTTECH BESTELLUNG #0000: BEST\u00c4TIGUNG \/ ZUGANGSDATEN (wichtig &#8211; PDF runterladen!)<\/p>\n\n\n\n<figure class=\"wp-block-image size-large\"><img loading=\"lazy\" decoding=\"async\" width=\"1024\" height=\"291\" src=\"https:\/\/blog.zhdk.ch\/wordpress\/files\/2020\/10\/Bildschirmfoto-2020-10-16-um-16.09.39-1024x291.png\" alt=\"\" class=\"wp-image-2324\" srcset=\"https:\/\/blog.zhdk.ch\/wordpress\/files\/2020\/10\/Bildschirmfoto-2020-10-16-um-16.09.39-1024x291.png 1024w, https:\/\/blog.zhdk.ch\/wordpress\/files\/2020\/10\/Bildschirmfoto-2020-10-16-um-16.09.39-300x85.png 300w, https:\/\/blog.zhdk.ch\/wordpress\/files\/2020\/10\/Bildschirmfoto-2020-10-16-um-16.09.39-768x218.png 768w, https:\/\/blog.zhdk.ch\/wordpress\/files\/2020\/10\/Bildschirmfoto-2020-10-16-um-16.09.39.png 1346w\" sizes=\"auto, (max-width: 1024px) 100vw, 1024px\" \/><\/figure>\n\n\n\n<p><\/p>\n\n\n\n<p>MAIL 3: HOSTTECH ACCOUNTBEREITSTELLUNG \/ RECHNUNG NR.0000<br>Wichtig: Zahlen einige Tage vor Kurs Anfang!<br>Tipp: Sofortaktivierung und per Kreditkarte zahlen<\/p>\n\n\n\n<figure class=\"wp-block-image size-large\"><img loading=\"lazy\" decoding=\"async\" width=\"1024\" height=\"657\" src=\"https:\/\/blog.zhdk.ch\/wordpress\/files\/2020\/10\/Bildschirmfoto-2020-10-16-um-16.09.59-1024x657.png\" alt=\"\" class=\"wp-image-2326\" srcset=\"https:\/\/blog.zhdk.ch\/wordpress\/files\/2020\/10\/Bildschirmfoto-2020-10-16-um-16.09.59-1024x657.png 1024w, https:\/\/blog.zhdk.ch\/wordpress\/files\/2020\/10\/Bildschirmfoto-2020-10-16-um-16.09.59-300x193.png 300w, https:\/\/blog.zhdk.ch\/wordpress\/files\/2020\/10\/Bildschirmfoto-2020-10-16-um-16.09.59-768x493.png 768w, https:\/\/blog.zhdk.ch\/wordpress\/files\/2020\/10\/Bildschirmfoto-2020-10-16-um-16.09.59.png 1352w\" sizes=\"auto, (max-width: 1024px) 100vw, 1024px\" \/><\/figure>\n\n\n\n<p><\/p>\n\n\n\n<p><strong>\u00dcBERPR\u00dcFEN<\/strong> &#8211; Melde dich daf\u00fcr in myhosttech.eu<\/p>\n\n\n\n<p>Server Produkt heisst bei dir ZHdK und Status ist aktiv<br>Unter Domains findest du dein &#8222;wunschdomain.com bzw. vornamenachname.ch&#8220; unter die registrierte Domains<\/p>\n\n\n\n<figure class=\"wp-block-image size-large\"><img loading=\"lazy\" decoding=\"async\" width=\"1024\" height=\"256\" src=\"https:\/\/blog.zhdk.ch\/wordpress\/files\/2020\/10\/Bildschirmfoto-2020-10-16-um-16.14.22-1024x256.png\" alt=\"\" class=\"wp-image-2328\" srcset=\"https:\/\/blog.zhdk.ch\/wordpress\/files\/2020\/10\/Bildschirmfoto-2020-10-16-um-16.14.22-1024x256.png 1024w, https:\/\/blog.zhdk.ch\/wordpress\/files\/2020\/10\/Bildschirmfoto-2020-10-16-um-16.14.22-300x75.png 300w, https:\/\/blog.zhdk.ch\/wordpress\/files\/2020\/10\/Bildschirmfoto-2020-10-16-um-16.14.22-768x192.png 768w, https:\/\/blog.zhdk.ch\/wordpress\/files\/2020\/10\/Bildschirmfoto-2020-10-16-um-16.14.22-1536x384.png 1536w, https:\/\/blog.zhdk.ch\/wordpress\/files\/2020\/10\/Bildschirmfoto-2020-10-16-um-16.14.22-2048x512.png 2048w\" sizes=\"auto, (max-width: 1024px) 100vw, 1024px\" \/><\/figure>\n\n\n\n<hr class=\"wp-block-separator has-css-opacity\" \/>\n","protected":false},"excerpt":{"rendered":"<p>https:\/\/www.hosttech.ch\/webhosting\/zhdk DIE DREI HOSTTECH-MAILS MAIL 1: IHRE BESTELLUNG BEI HOSTTECH MAILS 2: IHRE HOSTTECH BESTELLUNG #0000: BEST\u00c4TIGUNG \/ ZUGANGSDATEN (wichtig &#8211; PDF runterladen!) MAIL 3: HOSTTECH ACCOUNTBEREITSTELLUNG \/ RECHNUNG NR.0000Wichtig: Zahlen einige Tage vor Kurs Anfang!Tipp: Sofortaktivierung und per Kreditkarte zahlen \u00dcBERPR\u00dcFEN &#8211; Melde dich daf\u00fcr in myhosttech.eu Server Produkt heisst bei dir ZHdK und &hellip; <a href=\"https:\/\/blog.zhdk.ch\/wordpress\/1-einrichten\/\" class=\"more-link\"><span class=\"screen-reader-text\">1 &#8211; Kick-off (Webhosting \u00fcber Hosttech)<\/span> weiterlesen<\/a><\/p>\n","protected":false},"author":4030,"featured_media":0,"parent":0,"menu_order":4,"comment_status":"closed","ping_status":"closed","template":"","meta":{"ngg_post_thumbnail":0,"footnotes":""},"class_list":["post-2320","page","type-page","status-publish","hentry"],"_links":{"self":[{"href":"https:\/\/blog.zhdk.ch\/wordpress\/wp-json\/wp\/v2\/pages\/2320","targetHints":{"allow":["GET"]}}],"collection":[{"href":"https:\/\/blog.zhdk.ch\/wordpress\/wp-json\/wp\/v2\/pages"}],"about":[{"href":"https:\/\/blog.zhdk.ch\/wordpress\/wp-json\/wp\/v2\/types\/page"}],"author":[{"embeddable":true,"href":"https:\/\/blog.zhdk.ch\/wordpress\/wp-json\/wp\/v2\/users\/4030"}],"replies":[{"embeddable":true,"href":"https:\/\/blog.zhdk.ch\/wordpress\/wp-json\/wp\/v2\/comments?post=2320"}],"version-history":[{"count":11,"href":"https:\/\/blog.zhdk.ch\/wordpress\/wp-json\/wp\/v2\/pages\/2320\/revisions"}],"predecessor-version":[{"id":4506,"href":"https:\/\/blog.zhdk.ch\/wordpress\/wp-json\/wp\/v2\/pages\/2320\/revisions\/4506"}],"wp:attachment":[{"href":"https:\/\/blog.zhdk.ch\/wordpress\/wp-json\/wp\/v2\/media?parent=2320"}],"curies":[{"name":"wp","href":"https:\/\/api.w.org\/{rel}","templated":true}]}}