{"id":2980,"date":"2021-10-20T15:35:46","date_gmt":"2021-10-20T15:35:46","guid":{"rendered":"https:\/\/blog.zhdk.ch\/wordpress\/?page_id=2980"},"modified":"2022-10-04T14:30:58","modified_gmt":"2022-10-04T12:30:58","slug":"dokumenten","status":"publish","type":"page","link":"https:\/\/blog.zhdk.ch\/wordpress\/dokumenten\/","title":{"rendered":"Dokumenten"},"content":{"rendered":"\n<h2 class=\"has-medium-pink-color has-text-color wp-block-heading\">DP HS-2021 und FS-2022<\/h2>\n\n\n\n<h3 class=\"wp-block-heading\">Dashboard anpassen und \u00dcbersicht letzte Dokumente-\u00c4nderungen<\/h3>\n\n\n\n<figure class=\"wp-block-video\"><video controls src=\"https:\/\/elenagonzalez.ch\/wp-content\/uploads\/2021\/10\/Digital-Portfolio-Uebersicht-Dokumenten-und-Anpassen-Dashboard.mp4\"><\/video><\/figure>\n\n\n\n<h3 class=\"wp-block-heading\">Neue Version eines Dokuments hinzuf\u00fcgen<\/h3>\n\n\n\n<h4 class=\"wp-block-heading\">Zum Beispiel beim Lebensl\u00e4ufe, CV, Repertoire Liste oder Bewerbungsdossier<\/h4>\n\n\n\n<figure class=\"wp-block-video\"><video controls src=\"https:\/\/elenagonzalez.ch\/wp-content\/uploads\/2021\/10\/Digital-Portfolio-Dokumente-Neue-Version-hochladen.mp4\"><\/video><\/figure>\n\n\n\n<h3 class=\"wp-block-heading\">Ein NEUE Dokument (welche vielleicht ge\u00e4ndert wird, es heisst &#8222;mit Versionen&#8220;) hinzuf\u00fcgen<\/h3>\n\n\n\n<figure class=\"wp-block-video\"><video controls src=\"https:\/\/elenagonzalez.ch\/wp-content\/uploads\/2021\/10\/Digital-Portfolio-Upload-a-NEW-document.mp4\"><\/video><\/figure>\n\n\n\n<h3 class=\"wp-block-heading\">Ein Dokument einbetten<\/h3>\n\n\n\n<h4 class=\"wp-block-heading\">Nur nutzen f\u00fcr Dokumente die nicht ge\u00e4ndert werden (keine Versionierung) zum Beispiel beim Diplome, Zeugnisse, Konzertprogramme.<\/h4>\n\n\n\n<p>Nutze die M\u00f6glichkeit Spalten zu machen um ein bessere Design zu haben.<\/p>\n\n\n\n<figure class=\"wp-block-video\"><video controls src=\"https:\/\/elenagonzalez.ch\/wp-content\/uploads\/2021\/10\/Digital-Portfolio-Embed-Dokumenten.mp4\"><\/video><\/figure>\n","protected":false},"excerpt":{"rendered":"<p>DP HS-2021 und FS-2022 Dashboard anpassen und \u00dcbersicht letzte Dokumente-\u00c4nderungen Neue Version eines Dokuments hinzuf\u00fcgen Zum Beispiel beim Lebensl\u00e4ufe, CV, Repertoire Liste oder Bewerbungsdossier Ein NEUE Dokument (welche vielleicht ge\u00e4ndert wird, es heisst &#8222;mit Versionen&#8220;) hinzuf\u00fcgen Ein Dokument einbetten Nur nutzen f\u00fcr Dokumente die nicht ge\u00e4ndert werden (keine Versionierung) zum Beispiel beim Diplome, Zeugnisse, Konzertprogramme. &hellip; <a href=\"https:\/\/blog.zhdk.ch\/wordpress\/dokumenten\/\" class=\"more-link\"><span class=\"screen-reader-text\">Dokumenten<\/span> weiterlesen<\/a><\/p>\n","protected":false},"author":4030,"featured_media":0,"parent":0,"menu_order":0,"comment_status":"closed","ping_status":"closed","template":"","meta":{"ngg_post_thumbnail":0,"footnotes":""},"class_list":["post-2980","page","type-page","status-publish","hentry"],"_links":{"self":[{"href":"https:\/\/blog.zhdk.ch\/wordpress\/wp-json\/wp\/v2\/pages\/2980","targetHints":{"allow":["GET"]}}],"collection":[{"href":"https:\/\/blog.zhdk.ch\/wordpress\/wp-json\/wp\/v2\/pages"}],"about":[{"href":"https:\/\/blog.zhdk.ch\/wordpress\/wp-json\/wp\/v2\/types\/page"}],"author":[{"embeddable":true,"href":"https:\/\/blog.zhdk.ch\/wordpress\/wp-json\/wp\/v2\/users\/4030"}],"replies":[{"embeddable":true,"href":"https:\/\/blog.zhdk.ch\/wordpress\/wp-json\/wp\/v2\/comments?post=2980"}],"version-history":[{"count":7,"href":"https:\/\/blog.zhdk.ch\/wordpress\/wp-json\/wp\/v2\/pages\/2980\/revisions"}],"predecessor-version":[{"id":3840,"href":"https:\/\/blog.zhdk.ch\/wordpress\/wp-json\/wp\/v2\/pages\/2980\/revisions\/3840"}],"wp:attachment":[{"href":"https:\/\/blog.zhdk.ch\/wordpress\/wp-json\/wp\/v2\/media?parent=2980"}],"curies":[{"name":"wp","href":"https:\/\/api.w.org\/{rel}","templated":true}]}}