{"id":4231,"date":"2023-01-20T14:42:57","date_gmt":"2023-01-20T13:42:57","guid":{"rendered":"https:\/\/blog.zhdk.ch\/wordpress\/?page_id=4231"},"modified":"2023-02-21T14:50:27","modified_gmt":"2023-02-21T13:50:27","slug":"status-quo-ziele-fazit-text","status":"publish","type":"page","link":"https:\/\/blog.zhdk.ch\/wordpress\/status-quo-ziele-fazit-text\/","title":{"rendered":"Status Quo, Ziele, Fazit &#8211;  Text"},"content":{"rendered":"\n<h2 class=\"wp-block-heading\">Status Quo, Ziele, Fazit<\/h2>\n\n\n\n<h4 class=\"wp-block-heading\"><strong>Status Quo&nbsp;(Studiumsbeginn)<\/strong><\/h4>\n\n\n\n<p>Hier reflektieren Sie Ihren aktuellen Stand; k\u00fcnstlerisch und beruflich. Die folgenden Fragen\/Themen sollen Ihnen eine Hilfestellung sein, zur Strukturierung Ihrer Gedanken und der Selbstreflexion.<\/p>\n\n\n\n<p><strong>K\u00fcnstlerisch:<\/strong><\/p>\n\n\n\n<p>Wo liegen meine St\u00e4rken instrumental\/vokal? Wo kann ich verbessern? Wie\/Wo liegen meine Interessen (Repertoire, Sparten, Formate)?<\/p>\n\n\n\n<p><strong>Beruflich:<\/strong><\/p>\n\n\n\n<p>Wieweit ist meine Professionalisierung fortgeschritten? In welchen Bereichen betrachte ich mich bereits als professionell? Wie bin ich vernetzt? Welche Skills habe ich, die mir ein eigenst\u00e4ndiges Berufsleben bereits erm\u00f6glichen?<\/p>\n\n\n\n<p><strong>Umfeld:<\/strong><\/p>\n\n\n\n<p>Wie kann ich mein pers\u00f6nliches Umfeld (Familie, Wohnsituation etc.) gestalten, um meine Studienzeit optimal zu nutzen? Was hilft mir dabei? Was ist hinderlich?<\/p>\n\n\n\n<p><strong>Toni-Areal:<\/strong><\/p>\n\n\n\n<p>Wie kann ich die Infrastruktur des Toni-Areals optimal nutzen, um meine pers\u00f6nlichen F\u00e4higkeiten zur Geltung zu bringen und weiter zu entwickeln?<\/p>\n\n\n\n<p><strong>Meine eigenen Fragestellungen \/ Mein eigener Text:<\/strong><\/p>\n\n\n\n<h2 class=\"wp-block-heading\"><strong>Ziele&nbsp;(Studiumsbeginn)<\/strong><\/h2>\n\n\n\n<p>Hier machen Sie sich Gedanken \u00fcber Ihre k\u00fcnstlerischen und professionellen Ziele. Immer im Hinblick auf den zeitlichen Horizont:<\/p>\n\n\n\n<p>kurzfristig (1. Studiumsteil)<\/p>\n\n\n\n<p>mittelfristig (bis Ende Studium)<\/p>\n\n\n\n<p>l\u00e4ngerfristig (zB in 10 Jahren)<\/p>\n\n\n\n<p><strong>K\u00fcnstlerisch:<\/strong><\/p>\n\n\n\n<p>Was sind meine Ziele punkto instrumentaler\/vokaler Fertigkeit? Wo m\u00f6chte ich mich verbessern\/mit welchem Ziel? Wo habe ich spezifisches Potenzial, das mich auszeichnet und es sich lohnt, speziell zu investieren?<\/p>\n\n\n\n<p>Wohin entwickelt sich mein Repertoire? Was will ich unbedingt gespielt haben? Wer\/was ist mein Publikum? Wer sind meine UCuYguLoDyv0IRI84Au-GbUgmusikalischen Partner?<\/p>\n\n\n\n<p><strong>Beruflich<\/strong>:<\/p>\n\n\n\n<p>Womit werde ich meine berufliche Lebenszeit zuk\u00fcnftig verbringen? Welche Bereiche sind wichtig zum Erreichen dieser beruflichen Ziele?<\/p>\n\n\n\n<p><strong>Studium:<\/strong><\/p>\n\n\n\n<p>Welche Chancen bietet mir die ZHdK zur Erreichung meiner Ziele? Welche Kurse\/Programme m\u00f6chte ich besuchen um meine Ziele zu erreichen?<\/p>\n\n\n\n<h2 class=\"wp-block-heading\"><strong>Fazit<\/strong>&nbsp;(Studienende)<\/h2>\n\n\n\n<p>Hier schauen Sie zur\u00fcck auf Ihr Masterstudium. Sie konstatieren ihren aktuellen Stand, nehmen Bezug auf die Analyse zu Beginn Ihres Studiums, den anf\u00e4nglich gesteckten Zielen und reflektieren \u00fcber Ihre bisherige Studienzeit, Ihre Lernkurven und wagen einen Blick in die n\u00e4here Zukunft.&nbsp;<\/p>\n","protected":false},"excerpt":{"rendered":"<p>Status Quo, Ziele, Fazit Status Quo&nbsp;(Studiumsbeginn) Hier reflektieren Sie Ihren aktuellen Stand; k\u00fcnstlerisch und beruflich. Die folgenden Fragen\/Themen sollen Ihnen eine Hilfestellung sein, zur Strukturierung Ihrer Gedanken und der Selbstreflexion. K\u00fcnstlerisch: Wo liegen meine St\u00e4rken instrumental\/vokal? Wo kann ich verbessern? Wie\/Wo liegen meine Interessen (Repertoire, Sparten, Formate)? Beruflich: Wieweit ist meine Professionalisierung fortgeschritten? In welchen &hellip; <a href=\"https:\/\/blog.zhdk.ch\/wordpress\/status-quo-ziele-fazit-text\/\" class=\"more-link\"><span class=\"screen-reader-text\">Status Quo, Ziele, Fazit &#8211;  Text<\/span> weiterlesen<\/a><\/p>\n","protected":false},"author":4030,"featured_media":0,"parent":0,"menu_order":0,"comment_status":"closed","ping_status":"closed","template":"","meta":{"ngg_post_thumbnail":0,"footnotes":""},"class_list":["post-4231","page","type-page","status-publish","hentry"],"_links":{"self":[{"href":"https:\/\/blog.zhdk.ch\/wordpress\/wp-json\/wp\/v2\/pages\/4231","targetHints":{"allow":["GET"]}}],"collection":[{"href":"https:\/\/blog.zhdk.ch\/wordpress\/wp-json\/wp\/v2\/pages"}],"about":[{"href":"https:\/\/blog.zhdk.ch\/wordpress\/wp-json\/wp\/v2\/types\/page"}],"author":[{"embeddable":true,"href":"https:\/\/blog.zhdk.ch\/wordpress\/wp-json\/wp\/v2\/users\/4030"}],"replies":[{"embeddable":true,"href":"https:\/\/blog.zhdk.ch\/wordpress\/wp-json\/wp\/v2\/comments?post=4231"}],"version-history":[{"count":1,"href":"https:\/\/blog.zhdk.ch\/wordpress\/wp-json\/wp\/v2\/pages\/4231\/revisions"}],"predecessor-version":[{"id":4235,"href":"https:\/\/blog.zhdk.ch\/wordpress\/wp-json\/wp\/v2\/pages\/4231\/revisions\/4235"}],"wp:attachment":[{"href":"https:\/\/blog.zhdk.ch\/wordpress\/wp-json\/wp\/v2\/media?parent=4231"}],"curies":[{"name":"wp","href":"https:\/\/api.w.org\/{rel}","templated":true}]}}