{"id":46,"date":"2018-09-28T16:36:31","date_gmt":"2018-09-28T16:36:31","guid":{"rendered":"https:\/\/blog.zhdk.ch\/wordpress\/?page_id=46"},"modified":"2021-10-19T09:15:26","modified_gmt":"2021-10-19T09:15:26","slug":"faq","status":"publish","type":"page","link":"https:\/\/blog.zhdk.ch\/wordpress\/faq\/","title":{"rendered":"FAQ"},"content":{"rendered":"\n<div class=\"wp-block-group alignfull eplus-zm5Ycw ep-apply-bg ep-apply-layout ep-apply-spacing\"><div class=\"wp-block-group__inner-container is-layout-flow wp-block-group-is-layout-flow\">\n<div class=\"wp-block-columns eplus-hXcJdn is-layout-flex wp-container-core-columns-is-layout-9d6595d7 wp-block-columns-is-layout-flex\">\n<div class=\"wp-block-column eplus-HuGszy is-layout-flow wp-block-column-is-layout-flow\" style=\"flex-basis:100%\">\n<h2 class=\"has-text-align-center eplus-lJjHfA has-very-dark-gray-color has-text-color wp-block-heading\"><strong><strong>Frequently Asked Questions<\/strong><\/strong><\/h2>\n<\/div>\n<\/div>\n\n\n\n<div class=\"wp-block-columns eplus-VfGmIW is-layout-flex wp-container-core-columns-is-layout-9d6595d7 wp-block-columns-is-layout-flex\">\n<div class=\"wp-block-column eplus-OlHHnS is-layout-flow wp-block-column-is-layout-flow\">\n<div class=\"wp-block-group eplus-L6VXOp ep-apply-bg ep-apply-secondary ep-apply-radius ep-apply-border ep-apply-shadow\"><div class=\"wp-block-group__inner-container is-layout-flow wp-block-group-is-layout-flow\">\n<h1 class=\"wp-block-heading\">WIE&#8230;<\/h1>\n\n\n\n<h4 class=\"wp-block-heading\">&#8230;loge ich mich in meiner Website ein?<\/h4>\n\n\n\n<p>meindomain.ch\/wp-admin<br>meindomain.ch\/wp-login<\/p>\n\n\n\n<div class=\"wp-block-image\"><figure class=\"aligncenter size-full is-resized\"><img loading=\"lazy\" decoding=\"async\" src=\"https:\/\/blog.zhdk.ch\/wordpress\/files\/2021\/10\/Bildschirmfoto-2021-10-19-um-10.52.51.png\" alt=\"\" class=\"wp-image-2682\" width=\"247\" height=\"318\" srcset=\"https:\/\/blog.zhdk.ch\/wordpress\/files\/2021\/10\/Bildschirmfoto-2021-10-19-um-10.52.51.png 664w, https:\/\/blog.zhdk.ch\/wordpress\/files\/2021\/10\/Bildschirmfoto-2021-10-19-um-10.52.51-233x300.png 233w\" sizes=\"auto, (max-width: 247px) 100vw, 247px\" \/><\/figure><\/div>\n\n\n\n<h4 class=\"wp-block-heading\">&#8230;loge ich mich in mein Portfolio ein?<\/h4>\n\n\n\n<p>dp.meindomain.ch\/wp-admin<br>dp.meindomain.ch\/wp-login<\/p>\n\n\n\n<div class=\"wp-block-image\"><figure class=\"aligncenter size-full is-resized\"><img loading=\"lazy\" decoding=\"async\" src=\"https:\/\/blog.zhdk.ch\/wordpress\/files\/2021\/10\/Bildschirmfoto-2021-10-19-um-10.53.54.png\" alt=\"\" class=\"wp-image-2686\" width=\"253\" height=\"347\" srcset=\"https:\/\/blog.zhdk.ch\/wordpress\/files\/2021\/10\/Bildschirmfoto-2021-10-19-um-10.53.54.png 620w, https:\/\/blog.zhdk.ch\/wordpress\/files\/2021\/10\/Bildschirmfoto-2021-10-19-um-10.53.54-218x300.png 218w\" sizes=\"auto, (max-width: 253px) 100vw, 253px\" \/><\/figure><\/div>\n\n\n\n<p>Falls \u00fcber die ZHdK:<br>https:\/\/dp.zhdk.ch\/deine-name\/wp-admin\/<br>Statt &#8222;student&#8220; nutzt deine ZHdK Email-Adresse<\/p>\n\n\n\n<h4 class=\"wp-block-heading\">&#8230;.loge ich mich in Hosttech ein?<\/h4>\n\n\n\n<p>Sucht deine Zugangsdatenblatt (per Email via download-link bekommen)<br>Gehe auf hosttech.ch und nutzt die erste Gruppe von Credentials.<\/p>\n\n\n\n<figure class=\"wp-block-image size-large\"><img loading=\"lazy\" decoding=\"async\" width=\"1024\" height=\"557\" src=\"https:\/\/blog.zhdk.ch\/wordpress\/files\/2021\/10\/Bildschirmfoto-2021-10-19-um-11.00.18-1024x557.png\" alt=\"\" class=\"wp-image-2692\" srcset=\"https:\/\/blog.zhdk.ch\/wordpress\/files\/2021\/10\/Bildschirmfoto-2021-10-19-um-11.00.18-1024x557.png 1024w, https:\/\/blog.zhdk.ch\/wordpress\/files\/2021\/10\/Bildschirmfoto-2021-10-19-um-11.00.18-300x163.png 300w, https:\/\/blog.zhdk.ch\/wordpress\/files\/2021\/10\/Bildschirmfoto-2021-10-19-um-11.00.18-768x418.png 768w, https:\/\/blog.zhdk.ch\/wordpress\/files\/2021\/10\/Bildschirmfoto-2021-10-19-um-11.00.18.png 1298w\" sizes=\"auto, (max-width: 1024px) 100vw, 1024px\" \/><\/figure>\n\n\n\n<h4 class=\"wp-block-heading\">&#8230;.loge ich mich in den Control-Panel (Plesk) ein?<\/h4>\n\n\n\n<p>\u00dcber myhosttech wenn du schon eingelegt bist,<\/p>\n\n\n\n<p>oder direkt:<br>Gehe auf Login CP Plesk Adresse (in dein pdf kannst einfach clicken)<br>Nutze die dazugeh\u00f6rige Password und Benutzername<\/p>\n\n\n\n<figure class=\"wp-block-image size-large\"><img loading=\"lazy\" decoding=\"async\" width=\"1024\" height=\"759\" src=\"https:\/\/blog.zhdk.ch\/wordpress\/files\/2021\/10\/Bildschirmfoto-2021-10-19-um-11.01.16-1024x759.png\" alt=\"\" class=\"wp-image-2694\" srcset=\"https:\/\/blog.zhdk.ch\/wordpress\/files\/2021\/10\/Bildschirmfoto-2021-10-19-um-11.01.16-1024x759.png 1024w, https:\/\/blog.zhdk.ch\/wordpress\/files\/2021\/10\/Bildschirmfoto-2021-10-19-um-11.01.16-300x222.png 300w, https:\/\/blog.zhdk.ch\/wordpress\/files\/2021\/10\/Bildschirmfoto-2021-10-19-um-11.01.16-768x570.png 768w, https:\/\/blog.zhdk.ch\/wordpress\/files\/2021\/10\/Bildschirmfoto-2021-10-19-um-11.01.16.png 1246w\" sizes=\"auto, (max-width: 1024px) 100vw, 1024px\" \/><\/figure>\n\n\n\n<p><\/p>\n\n\n\n<h4 class=\"wp-block-heading\">&#8230;.wie viele verschiedenen Passw\u00f6rter habe ich?<\/h4>\n\n\n\n<ol class=\"wp-block-list\"><li>Das Password und Username f\u00fcr <strong>myhosttech Kundencenter<\/strong> (in Zugangsdatenblatt)<\/li><li>Das Password und Username f\u00fcr den <strong>Control Panel (Plesk)<\/strong> (in Zugangsdatenblatt)<\/li><li>Das Password und Username  f\u00fcr <strong>deine WordPress Installation<\/strong> (selber ausgew\u00e4hlt als du WordPress in den Control Panel installiert hast).<\/li><li>Das Password und &#8222;Student&#8220; als Username f\u00fcr dein <strong>DigitalPortfolio-Wordpress<\/strong> (password hast du selber ge\u00e4ndert und ausgew\u00e4hlt)<\/li><li>Das Password f\u00fcr <strong>WordPress.com<\/strong> wegen den Nutzung von das Plugin Jetpack.<\/li><\/ol>\n\n\n\n<h1 class=\"wp-block-heading\">WAS IST&#8230;<\/h1>\n\n\n\n<h3 class=\"wp-block-heading\">&#8230;ein Domain?<\/h3>\n\n\n\n<p>www.meine-adresse-in-internet.ch<br>www.meine-domain.com<\/p>\n\n\n\n<h3 class=\"wp-block-heading\">&#8230;Hosting?<\/h3>\n\n\n\n<p>Wo meine Website-Inhalte gespeichert sind<\/p>\n\n\n\n<h3 class=\"wp-block-heading\">&#8230;Wordpress?<\/h3>\n\n\n\n<p>WordPress.org ist ein Open-Source-Softwaresystem, mit dem Millionen von Menschen auf der ganzen Welt sch\u00f6ne Websites und Blogs erstellen. Es ist vollst\u00e4ndig anpassbar durch die Verwendung von <a href=\"http:\/\/wordpress.org\/themes\/\">Themes<\/a> und <a href=\"http:\/\/wordpress.org\/plugins\/\">Plugins<\/a>.<\/p>\n\n\n\n<h3 class=\"wp-block-heading\">&#8230;Theme?<\/h3>\n\n\n\n<p>Bei WordPress ist ein Theme (Thema) das Design der Website. Ein Template Vorlage) ist eine Schablone f\u00fcr das Aussehen einer WordPress-Seite. In einem Theme gibt es eine Standardseite und individuelle Seiten f\u00fcr bestimmte Anforderungen. F\u00fcr diese individuellen Anforderungen wird ein Template erstellt. Templates haben ein eigenes Seitendesign und sind ein Teil des Themes. In anderen CMS wird statt Theme der Begriff Template verwendet.<\/p>\n\n\n\n<hr class=\"wp-block-separator\" \/>\n\n\n\n<h3 class=\"wp-block-heading\">&#8230;SEO?<\/h3>\n\n\n\n<p>Search Engine Optimization = Suchmachinenoptimierung.<\/p>\n\n\n\n<hr class=\"wp-block-separator\" \/>\n\n\n\n<h3 class=\"wp-block-heading\">&#8230;SSL?<\/h3>\n\n\n\n<p>Eine&nbsp;<strong>SSL<\/strong>-Verbindung (Secure Socket Layer) ist eine&nbsp;<strong>verschl\u00fcsselte<\/strong> Netzverbindung zwischen einem Server und einem Client (Browser).<br>Webs mit SSL Zertifikat haben eine URL wie http<strong>s<\/strong>:\/\/meinweb.ch statt http:\/\/meinweb.ch und ein kleine Schloss wird in Browser angezeigt neben den URL<\/p>\n\n\n\n<h3 class=\"wp-block-heading\" id=\"firstHeading\">&#8230;Open Source?<\/h3>\n\n\n\n<p>Als <strong>Open Source<\/strong> (aus englisch <em>open source<\/em>, w\u00f6rtlich <em>offene Quelle<\/em>) wird Software bezeichnet, deren Quelltext \u00f6ffentlich und von Dritten eingesehen, ge\u00e4ndert und genutzt werden kann. Open-Source-Software kann meistens kostenlos genutzt werden.<\/p>\n\n\n\n<hr class=\"wp-block-separator\" \/>\n\n\n\n<h3 class=\"wp-block-heading\">&#8230;SFTP bzw. FTP?<\/h3>\n\n\n\n<p>SFTP und FTPS sind der sichere Weg, um Daten \u00fcber einen verschl\u00fcsselten Kanal aufs Webhosting hochzuladen. &nbsp;(FTP = unverschl\u00fcsselt)<\/p>\n\n\n\n<hr class=\"wp-block-separator\" \/>\n\n\n\n<h3 class=\"wp-block-heading\">&#8230;HTML?<\/h3>\n\n\n\n<p>Hier stehen Texte, Links (zu Medien oder anderen Web-Inhalten) und Basisformatierungen (z.B. bestimmt der h1-Tag, dass das Wort \u201eHTML\u201c oben sehr gross geschrieben wird. Dies ist f\u00fcr Suchmaschinen besonders wichtig).<\/p>\n\n\n\n<hr class=\"wp-block-separator\" \/>\n\n\n\n<h3 class=\"wp-block-heading\">&#8230;CSS?<\/h3>\n\n\n\n<p>Mittels CSS wird das Design bestimmt, also das Layout, die Schriftarten, die Gr\u00f6sse von Elementen, die Farben von Elementen und vieles mehr.<\/p>\n\n\n\n<p><strong>CSS ist die Abk\u00fcrzung f\u00fcr \u201eCascading Style Sheets\u201c<\/strong>. Diese Style-Vorlagen werden also kaskadiert angewendet, d.h. man kann z.B. ein CSS-Code anwenden, der f\u00fcr die ganze Homepage gilt, ein anderes CSS, das f\u00fcr alle \u00dcberschriften gilt und ein anderes CSS, das nur f\u00fcr \u00dcberschriften vom Typ \u201eh3\u201c gilt. Oder ein weiteres, welches nur f\u00fcr einen Typ \u00dcberschrift gilt, welcher mit einem bestimmten Klassennamen versehen ist.<\/p>\n\n\n\n<hr class=\"wp-block-separator\" \/>\n\n\n\n<h3 class=\"wp-block-heading\"><strong>&#8230;PHP?<br>&#8230;JavaScript?<\/strong><\/h3>\n\n\n\n<p>Dies sind die Script-Sprachen, welche automatische oder interaktive Inhalte f\u00fcr die Homepage generieren k\u00f6nnen. Z.B. WordPress basiert im Wesentlichen auf PHP. Dank PHP und JavaScript entstehen die Men\u00fcs, das grobe Layout der Elemente, die Widgets, die Bilder-Galerien etc.<\/p>\n\n\n\n<hr class=\"wp-block-separator\" \/>\n\n\n\n<h3 class=\"wp-block-heading\"><strong>&#8230;MySQL?<\/strong><\/h3>\n\n\n\n<p>Dies ist die Datenbank, in der Inhalte auf dem Server gespeichert werden. WordPress benutzt MySQL z.B. um all die Inhalte, die man erstellt, zu speichern -&gt; vgl.&nbsp;<a href=\"https:\/\/en.wikipedia.org\/wiki\/WordPress\" target=\"_blank\" rel=\"noreferrer noopener\">https:\/\/en.wikipedia.org\/wiki\/WordPress<\/a><\/p>\n\n\n\n<hr class=\"wp-block-separator\" \/>\n<\/div><\/div>\n\n\n\n<div class=\"wp-block-group eplus-F5AmaP ep-apply-bg ep-apply-secondary ep-apply-radius ep-apply-border ep-apply-shadow\"><div class=\"wp-block-group__inner-container is-layout-flow wp-block-group-is-layout-flow\"><\/div><\/div>\n\n\n\n<div class=\"wp-block-group eplus-MjNFGr ep-apply-bg ep-apply-secondary ep-apply-radius ep-apply-border ep-apply-shadow\"><div class=\"wp-block-group__inner-container is-layout-flow wp-block-group-is-layout-flow\"><\/div><\/div>\n<\/div>\n<\/div>\n<\/div><\/div>\n","protected":false},"excerpt":{"rendered":"<p>Frequently Asked Questions WIE&#8230; &#8230;loge ich mich in meiner Website ein? meindomain.ch\/wp-adminmeindomain.ch\/wp-login &#8230;loge ich mich in mein Portfolio ein? dp.meindomain.ch\/wp-admindp.meindomain.ch\/wp-login Falls \u00fcber die ZHdK:https:\/\/dp.zhdk.ch\/deine-name\/wp-admin\/Statt &#8222;student&#8220; nutzt deine ZHdK Email-Adresse &#8230;.loge ich mich in Hosttech ein? Sucht deine Zugangsdatenblatt (per Email via download-link bekommen)Gehe auf hosttech.ch und nutzt die erste Gruppe von Credentials. &#8230;.loge ich mich &hellip; <a href=\"https:\/\/blog.zhdk.ch\/wordpress\/faq\/\" class=\"more-link\"><span class=\"screen-reader-text\">FAQ<\/span> weiterlesen<\/a><\/p>\n","protected":false},"author":4030,"featured_media":0,"parent":0,"menu_order":0,"comment_status":"closed","ping_status":"closed","template":"","meta":{"ngg_post_thumbnail":0,"footnotes":""},"class_list":["post-46","page","type-page","status-publish","hentry"],"_links":{"self":[{"href":"https:\/\/blog.zhdk.ch\/wordpress\/wp-json\/wp\/v2\/pages\/46","targetHints":{"allow":["GET"]}}],"collection":[{"href":"https:\/\/blog.zhdk.ch\/wordpress\/wp-json\/wp\/v2\/pages"}],"about":[{"href":"https:\/\/blog.zhdk.ch\/wordpress\/wp-json\/wp\/v2\/types\/page"}],"author":[{"embeddable":true,"href":"https:\/\/blog.zhdk.ch\/wordpress\/wp-json\/wp\/v2\/users\/4030"}],"replies":[{"embeddable":true,"href":"https:\/\/blog.zhdk.ch\/wordpress\/wp-json\/wp\/v2\/comments?post=46"}],"version-history":[{"count":25,"href":"https:\/\/blog.zhdk.ch\/wordpress\/wp-json\/wp\/v2\/pages\/46\/revisions"}],"predecessor-version":[{"id":2698,"href":"https:\/\/blog.zhdk.ch\/wordpress\/wp-json\/wp\/v2\/pages\/46\/revisions\/2698"}],"wp:attachment":[{"href":"https:\/\/blog.zhdk.ch\/wordpress\/wp-json\/wp\/v2\/media?parent=46"}],"curies":[{"name":"wp","href":"https:\/\/api.w.org\/{rel}","templated":true}]}}