{"id":848,"date":"2018-10-15T20:50:57","date_gmt":"2018-10-15T20:50:57","guid":{"rendered":"https:\/\/blog.zhdk.ch\/wordpress\/?page_id=848"},"modified":"2018-10-15T21:00:39","modified_gmt":"2018-10-15T21:00:39","slug":"app","status":"publish","type":"page","link":"https:\/\/blog.zhdk.ch\/wordpress\/app\/","title":{"rendered":"App"},"content":{"rendered":"<h1>F\u00fcr WordPress.com und WordPress.org<\/h1>\n<p>Funktioniert sehr gut, wenn man keine Page-Builder plugins benutzt werden.<\/p>\n<p><a href=\"https:\/\/play.google.com\/store\/apps\/details?id=org.wordpress.android\">Android<\/a><\/p>\n<p><a href=\"https:\/\/itunes.apple.com\/app\/apple-store\/id335703880?mt=8\">iPhone<\/a><\/p>\n<p>Desktop Apps funktionieren nur mit JetPack<\/p>\n<p><a href=\"https:\/\/apps.wordpress.com\/d\/osx\">Mac OS X<\/a> (version 10.9 und h\u00f6her)<\/p>\n<p><a href=\"https:\/\/apps.wordpress.com\/d\/windows\">Windows<\/a> (7 und h\u00f6her)<\/p>\n<p><a href=\"https:\/\/apps.wordpress.com\/d\/linux-deb\">Linux<\/a>&nbsp;(.deb) (auch m\u00f6glich .tar.gz)<\/p>\n","protected":false},"excerpt":{"rendered":"<p>F\u00fcr WordPress.com und WordPress.org Funktioniert sehr gut, wenn man keine Page-Builder plugins benutzt werden. Android iPhone Desktop Apps funktionieren nur mit JetPack Mac OS X (version 10.9 und h\u00f6her) Windows (7 und h\u00f6her) Linux&nbsp;(.deb) (auch m\u00f6glich .tar.gz)<\/p>\n","protected":false},"author":4030,"featured_media":0,"parent":0,"menu_order":0,"comment_status":"closed","ping_status":"closed","template":"","meta":{"ngg_post_thumbnail":0,"footnotes":""},"class_list":["post-848","page","type-page","status-publish","hentry"],"_links":{"self":[{"href":"https:\/\/blog.zhdk.ch\/wordpress\/wp-json\/wp\/v2\/pages\/848","targetHints":{"allow":["GET"]}}],"collection":[{"href":"https:\/\/blog.zhdk.ch\/wordpress\/wp-json\/wp\/v2\/pages"}],"about":[{"href":"https:\/\/blog.zhdk.ch\/wordpress\/wp-json\/wp\/v2\/types\/page"}],"author":[{"embeddable":true,"href":"https:\/\/blog.zhdk.ch\/wordpress\/wp-json\/wp\/v2\/users\/4030"}],"replies":[{"embeddable":true,"href":"https:\/\/blog.zhdk.ch\/wordpress\/wp-json\/wp\/v2\/comments?post=848"}],"version-history":[{"count":2,"href":"https:\/\/blog.zhdk.ch\/wordpress\/wp-json\/wp\/v2\/pages\/848\/revisions"}],"predecessor-version":[{"id":856,"href":"https:\/\/blog.zhdk.ch\/wordpress\/wp-json\/wp\/v2\/pages\/848\/revisions\/856"}],"wp:attachment":[{"href":"https:\/\/blog.zhdk.ch\/wordpress\/wp-json\/wp\/v2\/media?parent=848"}],"curies":[{"name":"wp","href":"https:\/\/api.w.org\/{rel}","templated":true}]}}