{"id":96,"date":"2018-09-28T17:52:47","date_gmt":"2018-09-28T17:52:47","guid":{"rendered":"https:\/\/blog.zhdk.ch\/wordpress\/?page_id=96"},"modified":"2023-11-19T23:01:21","modified_gmt":"2023-11-19T22:01:21","slug":"3-design","status":"publish","type":"page","link":"https:\/\/blog.zhdk.ch\/wordpress\/3-design\/","title":{"rendered":"3 &#8211; Design"},"content":{"rendered":"\n<div class=\"wp-block-buttons is-layout-flex wp-block-buttons-is-layout-flex\">\n<div class=\"wp-block-button has-custom-width wp-block-button__width-50\"><a class=\"wp-block-button__link wp-element-button\" href=\"https:\/\/wordpress.org\/themes\/\" target=\"_blank\" rel=\"noreferrer noopener\">zu den WordPress Themes  \ud83d\udd17<\/a><\/div>\n\n\n\n<div class=\"wp-block-button\"><a class=\"wp-block-button__link wp-element-button\" href=\"https:\/\/blog.zhdk.ch\/wordpress\/homepages-kurs\/\">zum ausgew\u00e4hlten Themes \ud83d\udd17 <\/a><\/div>\n<\/div>\n\n\n\n<hr class=\"wp-block-separator has-css-opacity\" \/>\n\n\n\n<p>J\u00e4hrliche <strong>Themes von WordPress<\/strong><br>Diese Seite benutzt: <a href=\"https:\/\/de.wordpress.org\/themes\/twentyfifteen\/\" target=\"_blank\" rel=\"noreferrer noopener\">Twenty Fifteen<\/a><br>Neueste: <a href=\"https:\/\/de-ch.wordpress.org\/themes\/twentytwentyfour\/\" target=\"_blank\" rel=\"noreferrer noopener\">Twenty twenty-four<\/a> (Block-Theme!)<br>Popul\u00e4r:  <a href=\"https:\/\/de-ch.wordpress.org\/themes\/twentytwentythree\/\" target=\"_blank\" rel=\"noreferrer noopener\">Twenty twenty-three<\/a>, <a href=\"https:\/\/de-ch.wordpress.org\/themes\/twentytwentytwo\/\" target=\"_blank\" rel=\"noreferrer noopener\">Twenty twenty-two<\/a>, <a href=\"https:\/\/de-ch.wordpress.org\/themes\/twentytwentyone\/\" target=\"_blank\" rel=\"noreferrer noopener\">Twenty twenty-one<\/a>, <a href=\"https:\/\/wordpress.org\/themes\/twentytwenty\/\" target=\"_blank\" rel=\"noreferrer noopener\">Twenty Twenty<\/a>, <a href=\"https:\/\/de.wordpress.org\/themes\/twentynineteen\/\" target=\"_blank\" rel=\"noreferrer noopener\">Twenty Nineteen<\/a>, <a href=\"https:\/\/de.wordpress.org\/themes\/twentyseventeen\/\" target=\"_blank\" rel=\"noreferrer noopener\">Twenty Seventeen<\/a>, <a href=\"https:\/\/de.wordpress.org\/themes\/twentysixteen\/\" target=\"_blank\" rel=\"noreferrer noopener\">Twenty Sixteen<\/a>, <a href=\"https:\/\/de.wordpress.org\/themes\/twentyfourteen\/\" target=\"_blank\" rel=\"noreferrer noopener\">Twenty Fourteen<\/a>, <a href=\"https:\/\/de.wordpress.org\/themes\/twentytwelve\/\" target=\"_blank\" rel=\"noreferrer noopener\">Twenty Twelve<\/a>, <a href=\"https:\/\/de.wordpress.org\/themes\/twentyeleven\/\" target=\"_blank\" rel=\"noreferrer noopener\">Twenty Eleven<\/a><\/p>\n\n\n\n<p>Sontige <strong>Popul\u00e4r Themes<\/strong>:<br><a href=\"https:\/\/de-ch.wordpress.org\/themes\/neve\/\" target=\"_blank\" rel=\"noreferrer noopener\">Neve<\/a> (sehr schnell -&gt; wichtig)<br><a href=\"https:\/\/de.wordpress.org\/themes\/ashe\/\" target=\"_blank\" rel=\"noreferrer noopener\">Ashe<\/a><br><a href=\"https:\/\/de-ch.wordpress.org\/themes\/inspiro\/\" target=\"_blank\" rel=\"noreferrer noopener\">Inspiro<\/a><br><a href=\"https:\/\/de-ch.wordpress.org\/themes\/bravada\/\" target=\"_blank\" rel=\"noreferrer noopener\">Bravada<\/a><br><a href=\"https:\/\/de.wordpress.org\/themes\/velux\/\" target=\"_blank\" rel=\"noreferrer noopener\">Velux<\/a><br><a href=\"https:\/\/de-ch.wordpress.org\/themes\/oceanwp\/\" target=\"_blank\" rel=\"noreferrer noopener\">OceanWP<\/a><br><a href=\"https:\/\/de-ch.wordpress.org\/themes\/customizr\/\">Customizr<\/a><br><a href=\"https:\/\/de-ch.wordpress.org\/themes\/photofocus\/\" target=\"_blank\" rel=\"noreferrer noopener\">PhotoFocus<\/a><br><a href=\"https:\/\/de.wordpress.org\/themes\/kale\/\" target=\"_blank\" rel=\"noreferrer noopener\">Kale<\/a><\/p>\n\n\n\n<p><strong>Suche in WordPress.org nach <a rel=\"noreferrer noopener\" href=\"https:\/\/de.wordpress.org\/themes\/search\/musician\/\" target=\"_blank\">Musician<\/a><\/strong>:<br><a rel=\"noreferrer noopener\" href=\"https:\/\/wordpress.org\/themes\/musican\/\" target=\"_blank\">Musican<\/a><br><a rel=\"noreferrer noopener\" href=\"https:\/\/wordpress.org\/themes\/music-lite\/\" target=\"_blank\">Music Lite<\/a><\/p>\n\n\n\n<p>One Page: <a href=\"https:\/\/de.wordpress.org\/themes\/affinity\/\" target=\"_blank\" rel=\"noreferrer noopener\">Affinity<\/a><br>Store: <a href=\"https:\/\/de.wordpress.org\/themes\/storefront\/\" target=\"_blank\" rel=\"noreferrer noopener\">StoreFront<\/a><br>Blog:<br>Portfolio: <a href=\"https:\/\/de.wordpress.org\/themes\/sketch\/\" target=\"_blank\" rel=\"noreferrer noopener\">Sketch<\/a><\/p>\n\n\n\n<p><strong>Andere WordPress-Themes Anbieter<\/strong><br><a href=\"https:\/\/themeforest.net\/category\/wordpress?gclid=Cj0KCQjwi8fdBRCVARIsAEkDvnIo_SsNN6A5jLw31NybR3U005oB_8GvxOIjE_HuF-WZyG_rQhv2My0aAkyvEALw_wcB&amp;referrer=search&amp;sort=sales&amp;utf8=\u2713&amp;view=grid\">Themeforest<\/a><br><a href=\"https:\/\/www.elegantthemes.com\">Elegantthemes<\/a><br><a href=\"https:\/\/athemes.com\/collections\/free-wordpress-themes\/#\">athemes<\/a><br><a href=\"https:\/\/themeisle.com\/wordpress-themes\/\">themeisle<\/a><br><a href=\"https:\/\/justfreethemes.com\/themes\/blogging\/page\/1\/\">justfreethemes<\/a><\/p>\n\n\n\n<h2 class=\"wp-block-heading\">CHILD-THEME<\/h2>\n\n\n\n<p>Das WordPress-Child-Theme ist ein Theme, das die Funktionen des \u00fcbergeordneten Themes erbt.&nbsp;Mit einem Child-Theme kannst du das \u00fcbergeordnete Theme aktualisieren, wobei deine \u00c4nderungen erhalten bleiben.<\/p>\n\n\n\n<h2 class=\"wp-block-heading\">So erstellst du WordPress-Child-Themes (Fortgeschrittene)<\/h2>\n\n\n\n<p>\u00c4nderungen an deinem Theme vorgenommen, Farben angepasst und Schriftarten ge\u00e4ndert -&gt; nach dem n\u00e4chsten Theme Update sind die \u00c4nderungen einfach weg!!! -&gt; ausser du benutzt ein Child Theme<\/p>\n\n\n\n<p><strong>Via Plugin (Einfache Methode)<\/strong><\/p>\n\n\n\n<figure class=\"wp-block-embed is-type-wp-embed is-provider-plugin-directory wp-block-embed-plugin-directory\"><div class=\"wp-block-embed__wrapper\">\n<blockquote class=\"wp-embedded-content\" data-secret=\"fDWiXDgdIE\"><a href=\"https:\/\/de.wordpress.org\/plugins\/child-theme-configurator\/\">Child Theme Configurator<\/a><\/blockquote><iframe loading=\"lazy\" class=\"wp-embedded-content\" sandbox=\"allow-scripts\" security=\"restricted\" style=\"position: absolute; clip: rect(1px, 1px, 1px, 1px);\" title=\"&#8222;Child Theme Configurator&#8220; &#8212; Plugin Directory\" src=\"https:\/\/de.wordpress.org\/plugins\/child-theme-configurator\/embed\/#?secret=iMs5LZJSQr#?secret=fDWiXDgdIE\" data-secret=\"fDWiXDgdIE\" width=\"600\" height=\"338\" frameborder=\"0\" marginwidth=\"0\" marginheight=\"0\" scrolling=\"no\"><\/iframe>\n<\/div><\/figure>\n\n\n\n<div>\n<p><code><\/code><\/p>\n<\/div>\n\n\n\n<h2 class=\"wp-block-heading\">Dummy Content &#8211; Theme Unit Test<\/h2>\n\n\n\n<p><a href=\"https:\/\/raw.githubusercontent.com\/WPTRT\/theme-unit-test\/master\/themeunittestdata.wordpress.xml\">WordPress Theme Unit Test Data<\/a> &#8211; Bitte Rechts-clic -&gt; Download unter<\/p>\n","protected":false},"excerpt":{"rendered":"<p>J\u00e4hrliche Themes von WordPressDiese Seite benutzt: Twenty FifteenNeueste: Twenty twenty-four (Block-Theme!)Popul\u00e4r: Twenty twenty-three, Twenty twenty-two, Twenty twenty-one, Twenty Twenty, Twenty Nineteen, Twenty Seventeen, Twenty Sixteen, Twenty Fourteen, Twenty Twelve, Twenty Eleven Sontige Popul\u00e4r Themes:Neve (sehr schnell -&gt; wichtig)AsheInspiroBravadaVeluxOceanWPCustomizrPhotoFocusKale Suche in WordPress.org nach Musician:MusicanMusic Lite One Page: AffinityStore: StoreFrontBlog:Portfolio: Sketch Andere WordPress-Themes AnbieterThemeforestElegantthemesathemesthemeislejustfreethemes CHILD-THEME Das WordPress-Child-Theme &hellip; <a href=\"https:\/\/blog.zhdk.ch\/wordpress\/3-design\/\" class=\"more-link\"><span class=\"screen-reader-text\">3 &#8211; Design<\/span> weiterlesen<\/a><\/p>\n","protected":false},"author":4030,"featured_media":0,"parent":0,"menu_order":0,"comment_status":"closed","ping_status":"closed","template":"","meta":{"ngg_post_thumbnail":0,"footnotes":""},"class_list":["post-96","page","type-page","status-publish","hentry"],"_links":{"self":[{"href":"https:\/\/blog.zhdk.ch\/wordpress\/wp-json\/wp\/v2\/pages\/96","targetHints":{"allow":["GET"]}}],"collection":[{"href":"https:\/\/blog.zhdk.ch\/wordpress\/wp-json\/wp\/v2\/pages"}],"about":[{"href":"https:\/\/blog.zhdk.ch\/wordpress\/wp-json\/wp\/v2\/types\/page"}],"author":[{"embeddable":true,"href":"https:\/\/blog.zhdk.ch\/wordpress\/wp-json\/wp\/v2\/users\/4030"}],"replies":[{"embeddable":true,"href":"https:\/\/blog.zhdk.ch\/wordpress\/wp-json\/wp\/v2\/comments?post=96"}],"version-history":[{"count":37,"href":"https:\/\/blog.zhdk.ch\/wordpress\/wp-json\/wp\/v2\/pages\/96\/revisions"}],"predecessor-version":[{"id":4516,"href":"https:\/\/blog.zhdk.ch\/wordpress\/wp-json\/wp\/v2\/pages\/96\/revisions\/4516"}],"wp:attachment":[{"href":"https:\/\/blog.zhdk.ch\/wordpress\/wp-json\/wp\/v2\/media?parent=96"}],"curies":[{"name":"wp","href":"https:\/\/api.w.org\/{rel}","templated":true}]}}