{"id":1091,"date":"2013-11-25T17:13:18","date_gmt":"2013-11-25T15:13:18","guid":{"rendered":"https:\/\/blog.zhdk.ch\/y-hardau\/?page_id=1091"},"modified":"2013-12-02T15:48:55","modified_gmt":"2013-12-02T13:48:55","slug":"y-fotos-und-informationen","status":"publish","type":"page","link":"https:\/\/blog.zhdk.ch\/y-hardau\/y-fotos-und-informationen\/","title":{"rendered":"Informationen zum Y"},"content":{"rendered":"<p>Im Hardaupark erwartet die Passanten und Besucherinnen eine 15 Meter hohe Skulptur, die in der Gestalt eines Ypsilons &#8211; so der Titel &#8211; zum Schaukeln einl\u00e4dt. Gleichzeitig verk\u00f6rpert das Ypsilon eine Steinschleuder, ein Symbol des Widerstands, eine Waffe aus alter Zeit und ein Spielzeug vergangener Kindertage. Das Kunstwerk steht mitten im Park, umgeben von Hochh\u00e4usern und B\u00e4umen. Setzt man sich auf die Schaukel, leuchtet die Skulptur orange und gelb auf. Sie ist in ihrer \u00dcbergr\u00f6sse nicht mehr als Schleuder zu gebrauchen und wirkt vielmehr wie eine \u00fcberdimensionierte Leselampe. Das Kunstwerk stellt die Frage \u00abWarum?\u00bb, so die englische Aussprache von \u00abY\u00bb (why).<\/p>\n<p>Der K\u00fcnstler Sislej Xhafa ging bei der Konzeption des Werks vom Begriff des kulturellen Widerstands aus und bezieht diesen auf die Situation von Emigranten in ihrem Herkunftsland, gleichzeitig aber auch auf die Widerst\u00e4nde, die sie als Immigranten in ihrer neuen Heimat erfahren. Der K\u00fcnstler erl\u00e4utert seinen Ansatz folgendermassen: \u00abDas Werk vermittelt eine doppelte Sichtweise: Die Skulptur hat einen klaren Symbolcharakter, gleichzeitig aber leugnet sie ihre urspr\u00fcngliche Bedeutung. Die \u00fcberdimensionierte Schleuder ist leicht als Symbol des Widerstands zu lesen, jedoch aufgrund ihrer Gr\u00f6sse, des Materials und der Funktion nicht als solche zu verwenden. Die Mehrdeutigkeit regt den Betrachter dazu an, seine eigene Wahrnehmung zu befragen \u2013 eine Wahrnehmung, die zwischen Nostalgie und Pragmatismus pendelt.\u00bb<\/p>\n<p>Der unbescheidene, unz\u00fcrcherische und fast monumentale Ansatz des Werks beeindruckt. Gerade in der Offenheit f\u00fcr unterschiedliche Assoziationen (David und Goliath, Jugendstreich, Widerstand, Schaukel, Lunapark, Glamour, Glace, Spielger\u00e4t) liegt die Chance, dass das Werk von der Quartier\u00f6ffentlichkeit und den Nutzern des Parks gut aufgenommen wird: Es entsteht ein Werk mit hohem Identifikationspotential.<\/p>\n<p>Sislej Xhafa wurde 1970 in Peja (Kosovo) geboren, lebt und arbeitet heute in New York. Mit seinen Installationen, Objekten und Performances thematisiert er vielschichtig und unerschrocken autorit\u00e4re Strukturen, Migration und Illegalit\u00e4t. Ausgehend von seinem biographischen Hintergrund weist Xhafa bissig und k\u00e4mpferisch auf politische und wirtschaftliche Missst\u00e4nde in unserer Gesellschaft hin.<\/p>\n<p>\u00abWerte haben ihren Ursprung in unseren pers\u00f6nlichen Erfahrungen und in unserem pers\u00f6nlichen Hintergrund. Ich folge bestimmten Werten, die ich nicht erkl\u00e4ren kann. Wieso soll alles von einer territorialen Herkunft aus erkl\u00e4rt werden? Kunst ist universell.\u00bb S.X.<\/p>\n<p>Das Projekt \u00abY\u00bb von Sislej Xhafa wurde in einem Studienauftrag zur Ausf\u00fchrung ausgew\u00e4hlt. Die Realisierung wurde von der Schwyzer-Winiker Stiftung, der Baugenossenschaft Zurlinden und vom Migros Kulturprozent finanziell unterst\u00fctzt. Weitere Informationen <a href=\"https:\/\/blog.zhdk.ch\/y-hardau\/grundlagen-zum-projekt\">hier<\/a><\/p>\n<p>Gespr\u00e4ch mit Sislej Xhafa mit Sascha Renner <a href=\"https:\/\/blog.zhdk.ch\/y-hardau\/files\/2013\/11\/gespraech-xhafa-renner.pdf\">PDF download<\/a><\/p>\n<p><img loading=\"lazy\" decoding=\"async\" class=\"alignnone size-large wp-image-1187\" alt=\"rutishauser_8457\" src=\"https:\/\/blog.zhdk.ch\/y-hardau\/files\/2013\/11\/rutishauser_8457.jpg\" width=\"681\" height=\"1024\" srcset=\"https:\/\/blog.zhdk.ch\/y-hardau\/files\/2013\/11\/rutishauser_8457.jpg 681w, https:\/\/blog.zhdk.ch\/y-hardau\/files\/2013\/11\/rutishauser_8457-199x300.jpg 199w\" sizes=\"auto, (max-width: 681px) 100vw, 681px\" \/><\/p>\n<p>In der D\u00e4mmerung und Nachts leutet das Y sobald sich jemand auf die Schaukel setzt.<\/p>\n<p><a href=\"https:\/\/blog.zhdk.ch\/y-hardau\/files\/2013\/11\/IloveY.jpg\"><img loading=\"lazy\" decoding=\"async\" class=\"alignnone size-large wp-image-1189\" alt=\"IloveY\" src=\"https:\/\/blog.zhdk.ch\/y-hardau\/files\/2013\/11\/IloveY.jpg\" width=\"683\" height=\"913\" srcset=\"https:\/\/blog.zhdk.ch\/y-hardau\/files\/2013\/11\/IloveY.jpg 765w, https:\/\/blog.zhdk.ch\/y-hardau\/files\/2013\/11\/IloveY-224x300.jpg 224w\" sizes=\"auto, (max-width: 683px) 100vw, 683px\" \/><\/a><\/p>\n<p>Sympathiekundgebung zum Y.<\/p>\n<p><a href=\"https:\/\/blog.zhdk.ch\/y-hardau\/files\/2013\/11\/lang-fotostop974.jpg\"><img loading=\"lazy\" decoding=\"async\" class=\"alignnone size-full wp-image-1185\" alt=\"lang-fotostop974\" src=\"https:\/\/blog.zhdk.ch\/y-hardau\/files\/2013\/11\/lang-fotostop974.jpg\" width=\"1024\" height=\"821\" srcset=\"https:\/\/blog.zhdk.ch\/y-hardau\/files\/2013\/11\/lang-fotostop974.jpg 1024w, https:\/\/blog.zhdk.ch\/y-hardau\/files\/2013\/11\/lang-fotostop974-300x240.jpg 300w\" sizes=\"auto, (max-width: 1024px) 100vw, 1024px\" \/><\/a><\/p>\n<p>Das Y geh\u00f6rt zu den gerne und oft fotografierten Kunstwerken im \u00f6ffentlichen Raum von Z\u00fcrich.<\/p>\n<p><a href=\"https:\/\/blog.zhdk.ch\/y-hardau\/files\/2013\/09\/IMG-20120626-00120.jpg\"><img loading=\"lazy\" decoding=\"async\" class=\"alignnone size-large wp-image-1121\" alt=\"IMG-20120626-00120\" src=\"https:\/\/blog.zhdk.ch\/y-hardau\/files\/2013\/09\/IMG-20120626-00120-1024x768.jpg\" width=\"1024\" height=\"768\" srcset=\"https:\/\/blog.zhdk.ch\/y-hardau\/files\/2013\/09\/IMG-20120626-00120-1024x768.jpg 1024w, https:\/\/blog.zhdk.ch\/y-hardau\/files\/2013\/09\/IMG-20120626-00120-300x225.jpg 300w\" sizes=\"auto, (max-width: 1024px) 100vw, 1024px\" \/><\/a><\/p>\n<p>Das Y wird von jung und alt gern als Schaukel genutzt.<\/p>\n<p><a href=\"https:\/\/blog.zhdk.ch\/y-hardau\/files\/2013\/11\/dincau-opening.jpg\"><img loading=\"lazy\" decoding=\"async\" class=\"alignnone size-full wp-image-1179\" alt=\"dincau-opening\" src=\"https:\/\/blog.zhdk.ch\/y-hardau\/files\/2013\/11\/dincau-opening.jpg\" width=\"1024\" height=\"646\" srcset=\"https:\/\/blog.zhdk.ch\/y-hardau\/files\/2013\/11\/dincau-opening.jpg 1024w, https:\/\/blog.zhdk.ch\/y-hardau\/files\/2013\/11\/dincau-opening-300x189.jpg 300w\" sizes=\"auto, (max-width: 1024px) 100vw, 1024px\" \/><\/a><\/p>\n<p>Am Er\u00f6ffnungsabend (v.l.n.r.): Iso Asani, Sislej Xhafa, Frederic Levrat, Ben Allen<\/p>\n","protected":false},"excerpt":{"rendered":"<p>Im Hardaupark erwartet die Passanten und Besucherinnen eine 15 Meter hohe Skulptur, die in der Gestalt eines Ypsilons &#8211; so der Titel &#8211; zum Schaukeln einl\u00e4dt. Gleichzeitig verk\u00f6rpert das Ypsilon eine Steinschleuder, ein Symbol des Widerstands, eine Waffe aus alter Zeit und ein Spielzeug vergangener Kindertage. Das Kunstwerk steht mitten im Park, umgeben von Hochh\u00e4usern [&hellip;]<\/p>\n","protected":false},"author":102,"featured_media":0,"parent":0,"menu_order":0,"comment_status":"open","ping_status":"open","template":"","meta":{"footnotes":""},"class_list":["post-1091","page","type-page","status-publish","hentry"],"_links":{"self":[{"href":"https:\/\/blog.zhdk.ch\/y-hardau\/wp-json\/wp\/v2\/pages\/1091","targetHints":{"allow":["GET"]}}],"collection":[{"href":"https:\/\/blog.zhdk.ch\/y-hardau\/wp-json\/wp\/v2\/pages"}],"about":[{"href":"https:\/\/blog.zhdk.ch\/y-hardau\/wp-json\/wp\/v2\/types\/page"}],"author":[{"embeddable":true,"href":"https:\/\/blog.zhdk.ch\/y-hardau\/wp-json\/wp\/v2\/users\/102"}],"replies":[{"embeddable":true,"href":"https:\/\/blog.zhdk.ch\/y-hardau\/wp-json\/wp\/v2\/comments?post=1091"}],"version-history":[{"count":10,"href":"https:\/\/blog.zhdk.ch\/y-hardau\/wp-json\/wp\/v2\/pages\/1091\/revisions"}],"predecessor-version":[{"id":1309,"href":"https:\/\/blog.zhdk.ch\/y-hardau\/wp-json\/wp\/v2\/pages\/1091\/revisions\/1309"}],"wp:attachment":[{"href":"https:\/\/blog.zhdk.ch\/y-hardau\/wp-json\/wp\/v2\/media?parent=1091"}],"curies":[{"name":"wp","href":"https:\/\/api.w.org\/{rel}","templated":true}]}}