{"id":1095,"date":"2013-11-27T13:11:07","date_gmt":"2013-11-27T11:11:07","guid":{"rendered":"https:\/\/blog.zhdk.ch\/y-hardau\/?page_id=1095"},"modified":"2013-12-02T15:52:31","modified_gmt":"2013-12-02T13:52:31","slug":"hardaupark-und-schulhaus-albisriederplatz","status":"publish","type":"page","link":"https:\/\/blog.zhdk.ch\/y-hardau\/hardaupark-und-schulhaus-albisriederplatz\/","title":{"rendered":"Hardaupark und Oberstufenschulhaus Albisriederplatz"},"content":{"rendered":"<p>Das Y von Sislej Xhafa steht im Hardaupark in unmittelbarer N\u00e4he zum Oberstufenschulhaus Albisriederplatz. Das Schulhaus wurde 2009 fertiggestellt, die Architektur stammt vom B\u00fcro <a href=\"www.studersimeonbettler.ch\/\u200e\" target=\"_blank\">studer simeon bettler<\/a>. Im Schulhaus befindet sich die interkulturelle <a href=\"http:\/\/www.pbz.ch\/standorte\/standorte-and-oeffnungszeiten\/hardau\/\" target=\"_blank\">Pestalozzi-Bibliothek<\/a>. Weitere Informationen zum Schulgeb\u00e4ude und zum sich darin befindenen Kunstwerk \u00ab<a href=\"https:\/\/blog.zhdk.ch\/y-hardau\/files\/2009\/08\/Infoblatt_SH-Albisriederplatz.pdf\">Das Haus im Haus<\/a>\u00bb finden sich auf der <a href=\"http:\/\/www.stadt-zuerich.ch\/content\/hbd\/de\/index\/hochbau\/realisierte_bauten\/archive_ab2004\/realisiert_2009\/Schulhaus_Albisriederplatz.html\" target=\"_blank\">Webseite<\/a> des Hochbauadepartements. Eine Baudokumentation kann <a href=\"https:\/\/blog.zhdk.ch\/y-hardau\/files\/2013\/11\/FB-Albisriederplatz_Monitor.pdf\">hier<\/a> heruntergeladen werden. Die inoffizielle <a href=\"http:\/\/www.a-fabrik.ch\/\" target=\"_blank\">Webseite<\/a> des Oberstufenschulhauses Albisriederplatz.<\/p>\n<p><a href=\"https:\/\/blog.zhdk.ch\/y-hardau\/files\/2013\/11\/SH_Albisriederplatz_164.jpg\"><img loading=\"lazy\" decoding=\"async\" class=\"alignnone size-large wp-image-1241\" alt=\"Schulhaus Albisriederplatz\" src=\"https:\/\/blog.zhdk.ch\/y-hardau\/files\/2013\/11\/SH_Albisriederplatz_164-1024x614.jpg\" width=\"1024\" height=\"614\" srcset=\"https:\/\/blog.zhdk.ch\/y-hardau\/files\/2013\/11\/SH_Albisriederplatz_164-1024x614.jpg 1024w, https:\/\/blog.zhdk.ch\/y-hardau\/files\/2013\/11\/SH_Albisriederplatz_164-300x180.jpg 300w\" sizes=\"auto, (max-width: 1024px) 100vw, 1024px\" \/><\/a><\/p>\n<p>Das fertiggestellte Oberstufenschulhaus Albisriederplatz, davor der noch nicht realisierte Hardaupark.<\/p>\n<p><a href=\"https:\/\/blog.zhdk.ch\/y-hardau\/files\/2013\/11\/SH_Albisriederplatz_088.jpg\"><img loading=\"lazy\" decoding=\"async\" class=\"alignnone size-large wp-image-1255\" alt=\"Schulhaus Albisriederplatz\" src=\"https:\/\/blog.zhdk.ch\/y-hardau\/files\/2013\/11\/SH_Albisriederplatz_088-819x1024.jpg\" width=\"800\" height=\"998\" srcset=\"https:\/\/blog.zhdk.ch\/y-hardau\/files\/2013\/11\/SH_Albisriederplatz_088-240x300.jpg 240w, https:\/\/blog.zhdk.ch\/y-hardau\/files\/2013\/11\/SH_Albisriederplatz_088.jpg 1681w\" sizes=\"auto, (max-width: 800px) 100vw, 800px\" \/><\/a><\/p>\n<p>Seit 2012 ist der Hardaupark fertig gestellt. Der Entwurf stammt von den Lanschaftsarchitekten von <a href=\"http:\/\/www.realgruenlandschaftsarchitekten.de\" target=\"_blank\">realgr\u00fcn<\/a> aus M\u00fcnchen, die 2004 den offenen Wettbewerb gewonnen hatten (<a href=\"https:\/\/blog.zhdk.ch\/y-hardau\/files\/2013\/11\/Jurybericht_Hardaupark_2004.pdf\">download<\/a> Jurybericht). Weitere Informationen zum Park auf der Webseite von <a href=\"https:\/\/www.stadt-zuerich.ch\/ted\/de\/index\/gsz\/planung_u_bau\/bauprojekte\/hardaupark.secure.html\">Gr\u00fcn Stadt Z\u00fcrich<\/a>.<\/p>\n<p><a href=\"https:\/\/blog.zhdk.ch\/y-hardau\/files\/2013\/11\/clangIMG_1092.jpg\"><img loading=\"lazy\" decoding=\"async\" class=\"alignnone size-full wp-image-1265\" alt=\"clangIMG_1092\" src=\"https:\/\/blog.zhdk.ch\/y-hardau\/files\/2013\/11\/clangIMG_1092.jpg\" width=\"800\" height=\"600\" srcset=\"https:\/\/blog.zhdk.ch\/y-hardau\/files\/2013\/11\/clangIMG_1092.jpg 800w, https:\/\/blog.zhdk.ch\/y-hardau\/files\/2013\/11\/clangIMG_1092-300x225.jpg 300w\" sizes=\"auto, (max-width: 800px) 100vw, 800px\" \/><\/a><\/p>\n<p>Google-Blick aufs Y und den im letzten Teil noch im Bau befindenen Hardaupark.<\/p>\n<p><a href=\"https:\/\/blog.zhdk.ch\/y-hardau\/files\/2013\/11\/clangIMG_0967.jpg\"><img loading=\"lazy\" decoding=\"async\" class=\"alignnone size-full wp-image-1257\" alt=\"clangIMG_0967\" src=\"https:\/\/blog.zhdk.ch\/y-hardau\/files\/2013\/11\/clangIMG_0967.jpg\" width=\"800\" height=\"600\" srcset=\"https:\/\/blog.zhdk.ch\/y-hardau\/files\/2013\/11\/clangIMG_0967.jpg 800w, https:\/\/blog.zhdk.ch\/y-hardau\/files\/2013\/11\/clangIMG_0967-300x225.jpg 300w\" sizes=\"auto, (max-width: 800px) 100vw, 800px\" \/><\/a><\/p>\n<p>Der Hardaupark bietet neben Gr\u00fcnfl\u00e4chen zwei Spielpl\u00e4tze und einen gedeckten Sitzplatz mit Betongrillstationen.<\/p>\n<p><a href=\"https:\/\/blog.zhdk.ch\/y-hardau\/files\/2013\/11\/clangIMG_1218.jpg\"><img loading=\"lazy\" decoding=\"async\" class=\"alignnone size-full wp-image-1259\" alt=\"clangIMG_1218\" src=\"https:\/\/blog.zhdk.ch\/y-hardau\/files\/2013\/11\/clangIMG_1218.jpg\" width=\"800\" height=\"600\" srcset=\"https:\/\/blog.zhdk.ch\/y-hardau\/files\/2013\/11\/clangIMG_1218.jpg 800w, https:\/\/blog.zhdk.ch\/y-hardau\/files\/2013\/11\/clangIMG_1218-300x225.jpg 300w\" sizes=\"auto, (max-width: 800px) 100vw, 800px\" \/><\/a><\/p>\n<p><a href=\"https:\/\/blog.zhdk.ch\/y-hardau\/files\/2013\/11\/clangIMG_0948.jpg\"><img loading=\"lazy\" decoding=\"async\" class=\"alignnone size-full wp-image-1261\" alt=\"clangIMG_0948\" src=\"https:\/\/blog.zhdk.ch\/y-hardau\/files\/2013\/11\/clangIMG_0948.jpg\" width=\"800\" height=\"600\" srcset=\"https:\/\/blog.zhdk.ch\/y-hardau\/files\/2013\/11\/clangIMG_0948.jpg 800w, https:\/\/blog.zhdk.ch\/y-hardau\/files\/2013\/11\/clangIMG_0948-300x225.jpg 300w\" sizes=\"auto, (max-width: 800px) 100vw, 800px\" \/><\/a><\/p>\n<p>&nbsp;<\/p>\n","protected":false},"excerpt":{"rendered":"<p>Das Y von Sislej Xhafa steht im Hardaupark in unmittelbarer N\u00e4he zum Oberstufenschulhaus Albisriederplatz. Das Schulhaus wurde 2009 fertiggestellt, die Architektur stammt vom B\u00fcro studer simeon bettler. Im Schulhaus befindet sich die interkulturelle Pestalozzi-Bibliothek. Weitere Informationen zum Schulgeb\u00e4ude und zum sich darin befindenen Kunstwerk \u00abDas Haus im Haus\u00bb finden sich auf der Webseite des Hochbauadepartements. [&hellip;]<\/p>\n","protected":false},"author":102,"featured_media":0,"parent":0,"menu_order":0,"comment_status":"open","ping_status":"open","template":"","meta":{"footnotes":""},"class_list":["post-1095","page","type-page","status-publish","hentry"],"_links":{"self":[{"href":"https:\/\/blog.zhdk.ch\/y-hardau\/wp-json\/wp\/v2\/pages\/1095","targetHints":{"allow":["GET"]}}],"collection":[{"href":"https:\/\/blog.zhdk.ch\/y-hardau\/wp-json\/wp\/v2\/pages"}],"about":[{"href":"https:\/\/blog.zhdk.ch\/y-hardau\/wp-json\/wp\/v2\/types\/page"}],"author":[{"embeddable":true,"href":"https:\/\/blog.zhdk.ch\/y-hardau\/wp-json\/wp\/v2\/users\/102"}],"replies":[{"embeddable":true,"href":"https:\/\/blog.zhdk.ch\/y-hardau\/wp-json\/wp\/v2\/comments?post=1095"}],"version-history":[{"count":12,"href":"https:\/\/blog.zhdk.ch\/y-hardau\/wp-json\/wp\/v2\/pages\/1095\/revisions"}],"predecessor-version":[{"id":1311,"href":"https:\/\/blog.zhdk.ch\/y-hardau\/wp-json\/wp\/v2\/pages\/1095\/revisions\/1311"}],"wp:attachment":[{"href":"https:\/\/blog.zhdk.ch\/y-hardau\/wp-json\/wp\/v2\/media?parent=1095"}],"curies":[{"name":"wp","href":"https:\/\/api.w.org\/{rel}","templated":true}]}}