{"id":1099,"date":"2013-11-25T14:12:52","date_gmt":"2013-11-25T12:12:52","guid":{"rendered":"https:\/\/blog.zhdk.ch\/y-hardau\/?page_id=1099"},"modified":"2014-01-21T10:36:27","modified_gmt":"2014-01-21T08:36:27","slug":"grundlagen-zum-projekt","status":"publish","type":"page","link":"https:\/\/blog.zhdk.ch\/y-hardau\/grundlagen-zum-projekt\/","title":{"rendered":"Grundlagen zum Projekt"},"content":{"rendered":"<p>Seit \u00fcber zehn Jahren befasst sich das Projekt das \u00ab<a href=\"http:\/\/www.ifcar.ch\/index.php?id=1&amp;lang=d\">Institut f\u00fcr Gegenwartskunst<\/a>\u00bb der <a href=\"http:\/\/www.zhdk.ch\">Z\u00fcrcher Hochschule der K\u00fcnste<\/a> im Rahmen des Forschungsprojekts \u00abKunst \u00d6ffentlichkeit Z\u00fcrich\u00bb mit der Entwicklung von zeitgerechter Kunst im \u00f6ffentlichen Raum. In einer ersten Phase wurde 2004 mit k\u00fcnstlerischen Pilotprojekten von ortsans\u00e4ssigen wie internationalen K\u00fcnstlern und K\u00fcnstlerinnen\u00a0insbesondere im Hardaugebiet eine Basis f\u00fcr ein langfristiges Konzept f\u00fcr die Kunst im \u00f6ffentlichen Raum von Z\u00fcrich erarbeitet. Ende 2006 trat ein im Forschungsprojekt erarbeitetes Leitbild f\u00fcr Kunst im \u00f6ffentlichen Raum in Kraft, ebenso geht die im selben Jahr eingesetzte st\u00e4dtische Arbeitsgruppe Kunst im \u00f6ffentlichen Raum auf ein Organisationskonzept des Forschungsprojekts zur\u00fcck. Dar\u00fcber hinaus wurden seit 2004 mehrere k\u00fcnstlerische Pilotprojekte von ortsans\u00e4ssigen wie internationalen K\u00fcnstlern und K\u00fcnstlerinnen entwickelt und realisiert.<\/p>\n<p>Das <a href=\"http:\/\/www.hardaugebiet.ch\">Hardaugebiet<\/a> bildet einen Schwerpunkt in dieser Zusammenarbeit zwischen Hochschule, Stadt Z\u00fcrich, Stiftungen, Firmen und Privatpersonen. Hier konnten im Fr\u00fchjahr 2005 zwei Aktionen des K\u00fcnstlers San Keller realisiert werden, anschliessend wurden in den Aussenr\u00e4umen \u00fcber zehn Monate speziell f\u00fcr die Siedlung Hardau geschaffene Plakate von f\u00fcnf K\u00fcnstlerinnen und K\u00fcnstlern gezeigt. Im Oktober 2006 schliesslich konnte das Werk der Geschwister Claudia &amp; Julia M\u00fcller eingeweiht werden, n\u00e4mlich die am n\u00f6rdlichen Wohnturm der Siedlung Hardau h\u00e4ngende \u00abGlocke*Hardau*BimBam*2006\u00bb.<\/p>\n<div>\n<dl id=\"attachment_97\">\n<dt>\u00a0<a href=\"https:\/\/blog.zhdk.ch\/y-hardau\/files\/2013\/11\/Bild_22.31.jpg\"><img loading=\"lazy\" decoding=\"async\" class=\"alignnone  wp-image-1299\" alt=\"Bild_22.31\" src=\"https:\/\/blog.zhdk.ch\/y-hardau\/files\/2013\/11\/Bild_22.31-767x1024.jpg\" width=\"668\" height=\"890\" \/><\/a>\u00a0<\/dt>\n<dt>San Keller: Freinacht in der Hardau<\/dt>\n<\/dl>\n<\/div>\n<div>\n<dl id=\"attachment_98\">\n<dt><a href=\"https:\/\/blog.zhdk.ch\/y-hardau\/files\/2013\/11\/B_Glocke.jpg\"><img loading=\"lazy\" decoding=\"async\" class=\"alignnone  wp-image-1317\" alt=\"B_Glocke\" src=\"https:\/\/blog.zhdk.ch\/y-hardau\/files\/2013\/11\/B_Glocke-1024x681.jpg\" width=\"800\" height=\"531\" srcset=\"https:\/\/blog.zhdk.ch\/y-hardau\/files\/2013\/11\/B_Glocke-1024x681.jpg 1024w, https:\/\/blog.zhdk.ch\/y-hardau\/files\/2013\/11\/B_Glocke-300x199.jpg 300w\" sizes=\"auto, (max-width: 800px) 100vw, 800px\" \/><\/a><\/dt>\n<dt>Claudia und Julia M\u00fcller: Glocke*Hardau*BimBam*2006<\/dt>\n<\/dl>\n<\/div>\n<div>\n<dl id=\"attachment_99\">\n<dt><a href=\"https:\/\/blog.zhdk.ch\/y-hardau\/files\/2013\/11\/R001-015.jpg\"><img loading=\"lazy\" decoding=\"async\" class=\"alignnone size-full wp-image-1297\" alt=\"R001-015\" src=\"https:\/\/blog.zhdk.ch\/y-hardau\/files\/2013\/11\/R001-015.jpg\" width=\"800\" height=\"542\" srcset=\"https:\/\/blog.zhdk.ch\/y-hardau\/files\/2013\/11\/R001-015.jpg 800w, https:\/\/blog.zhdk.ch\/y-hardau\/files\/2013\/11\/R001-015-300x203.jpg 300w\" sizes=\"auto, (max-width: 800px) 100vw, 800px\" \/><\/a><\/dt>\n<dt><\/dt>\n<dt><a href=\"https:\/\/blog.zhdk.ch\/y-hardau\/files\/2013\/11\/6333_26.jpg\"><img loading=\"lazy\" decoding=\"async\" class=\"alignnone size-full wp-image-1301\" alt=\"6333_26\" src=\"https:\/\/blog.zhdk.ch\/y-hardau\/files\/2013\/11\/6333_26.jpg\" width=\"800\" height=\"536\" srcset=\"https:\/\/blog.zhdk.ch\/y-hardau\/files\/2013\/11\/6333_26.jpg 800w, https:\/\/blog.zhdk.ch\/y-hardau\/files\/2013\/11\/6333_26-300x201.jpg 300w\" sizes=\"auto, (max-width: 800px) 100vw, 800px\" \/><\/a><\/dt>\n<dt>Plakataktionen verschiedener K\u00fcnstler\/innen<\/dt>\n<\/dl>\n<\/div>\n<p>Bei allen diesen k\u00fcnstlerischen Projekten spielen im Hintergrund gesellschaftliche oder st\u00e4dtebauliche Aspekte eine tragende Rolle. Die Faktoren \u00abSoziales Feld\u00bb und \u00abSt\u00e4dtebau\u00bb umfassen prek\u00e4re wie utopische Momente, die das Quartier Hardau in besonderem Masse pr\u00e4gen. Auch die beiden Kunstprojekte von Zilla Leutenegger und Sislej Xhafa besch\u00e4ftigen sich speziell mit unterschiedlichen Wertmassst\u00e4ben innerhalb unserer Gesellschaft.<\/p>\n<p>W\u00e4hrend das Werk \u00abDas Haus im Haus\u00bb von Zilla Leutenegger im Oberstufenschulhaus Albisriederplatz die pers\u00f6nliche Imagination sowie die Bildung eigener Wertvorstellungen in der Adoleszenz thematisiert, macht die Skulptur \u00abY\u00bb von Sislej Xhafa auf den Wandel kultureller Werte und Lebensformen aufmerksam, die Migranten und Migrantinnen in ihrer neuen Heimat vollziehen. Mit der Bezugnahme auf relevante Themen wie Individuation und Wertepluralismus, die sowohl zu Konfrontation wie zu Assimilation f\u00fchren k\u00f6nnen, gewinnen Kunstwerke im st\u00e4dtischen Kontext an \u00f6ffentlicher Bedeutung.<\/p>\n<p><a href=\"https:\/\/blog.zhdk.ch\/y-hardau\/files\/2009\/08\/Jurybericht_Hardau.pdf\">Download Jurybericht als PDF<\/a><\/p>\n<p>Zum Forschungsprojekt \u00abKunst \u00d6ffentlichkeit Z\u00fcrich\u00bb ist eine umfassende Publikation erschienen: \u00ab<a href=\"http:\/\/www.ifcar.ch\/index.php?id=32\">Kunst und \u00d6ffentlichkeit \u2013 Kritische Praxis der Kunst in der Stadt Z\u00fcrich<\/a>\u00bb, herausgegeben von Christoph Schenker und Michael Hiltbrunner, JRP\/Ringier Verlag, Z\u00fcrich 2007. Erh\u00e4ltlich im Buchhandel. <a href=\"https:\/\/blog.zhdk.ch\/y-hardau\/files\/2009\/08\/Inhaltsverzeichnis.pdf\">Download Inhaltsverzeichnis<\/a><\/p>\n<p>Zum Projekt \u00abKunst \u00d6ffentlichkeit Hardau\u00bb ist in Zusammenarbeit mit der Fachstelle Kunst und Bau\/Kunst im \u00f6ffentlichen Raum ein Publikation erschienen: \u00ab<a href=\"https:\/\/blog.zhdk.ch\/y-hardau\/files\/2013\/11\/publikation_die_hardau.pdf\">Die Hardau<\/a>\u00bb Textbeitra\u0308ge von Annemarie Bucher, Kathleen Bu\u0308hler, Beat Grossrieder, Michael Hiltbrunner, Ju\u0308rgen Krusche, Christoph Lang, Sascha Renner, Christian Ritter, Christoph Schenker und Charlotte Tschumi. Hrsg. von Stadt Zu\u0308rich, Amt fu\u0308r Hochbauten, Fachstelle Kunst und Bau, in Zusammenarbeit mit dem Institut fu\u0308r Gegenwartskunst der Zu\u0308rcher Hochschule der Ku\u0308nste ZHdK. Zu\u0308rich 2012. Erh\u00e4ltlich bei <a href=\"mailto:ahb@zuerich.ch\" target=\"_blank\">ahb@zuerich.ch<\/a> (Preis 10.-)<\/p>\n<p>Weitere Informationen zum Forschungsprojekt \u00ab<a href=\"https:\/\/blog.zhdk.ch\/y-hardau\/files\/2009\/08\/IFCAR_K%C3%96ZH_2011_3_def.pdf\">Kunst \u00d6ffentlichkeit Z\u00fcrich<\/a>\u00bb.<\/p>\n","protected":false},"excerpt":{"rendered":"<p>Seit \u00fcber zehn Jahren befasst sich das Projekt das \u00abInstitut f\u00fcr Gegenwartskunst\u00bb der Z\u00fcrcher Hochschule der K\u00fcnste im Rahmen des Forschungsprojekts \u00abKunst \u00d6ffentlichkeit Z\u00fcrich\u00bb mit der Entwicklung von zeitgerechter Kunst im \u00f6ffentlichen Raum. In einer ersten Phase wurde 2004 mit k\u00fcnstlerischen Pilotprojekten von ortsans\u00e4ssigen wie internationalen K\u00fcnstlern und K\u00fcnstlerinnen\u00a0insbesondere im Hardaugebiet eine Basis f\u00fcr ein [&hellip;]<\/p>\n","protected":false},"author":102,"featured_media":0,"parent":0,"menu_order":0,"comment_status":"open","ping_status":"open","template":"","meta":{"footnotes":""},"class_list":["post-1099","page","type-page","status-publish","hentry"],"_links":{"self":[{"href":"https:\/\/blog.zhdk.ch\/y-hardau\/wp-json\/wp\/v2\/pages\/1099","targetHints":{"allow":["GET"]}}],"collection":[{"href":"https:\/\/blog.zhdk.ch\/y-hardau\/wp-json\/wp\/v2\/pages"}],"about":[{"href":"https:\/\/blog.zhdk.ch\/y-hardau\/wp-json\/wp\/v2\/types\/page"}],"author":[{"embeddable":true,"href":"https:\/\/blog.zhdk.ch\/y-hardau\/wp-json\/wp\/v2\/users\/102"}],"replies":[{"embeddable":true,"href":"https:\/\/blog.zhdk.ch\/y-hardau\/wp-json\/wp\/v2\/comments?post=1099"}],"version-history":[{"count":8,"href":"https:\/\/blog.zhdk.ch\/y-hardau\/wp-json\/wp\/v2\/pages\/1099\/revisions"}],"predecessor-version":[{"id":1321,"href":"https:\/\/blog.zhdk.ch\/y-hardau\/wp-json\/wp\/v2\/pages\/1099\/revisions\/1321"}],"wp:attachment":[{"href":"https:\/\/blog.zhdk.ch\/y-hardau\/wp-json\/wp\/v2\/media?parent=1099"}],"curies":[{"name":"wp","href":"https:\/\/api.w.org\/{rel}","templated":true}]}}