{"id":605,"date":"2011-09-01T22:00:49","date_gmt":"2011-09-01T20:00:49","guid":{"rendered":"https:\/\/blog.zhdk.ch\/y-hardau\/?page_id=605"},"modified":"2013-12-02T15:56:46","modified_gmt":"2013-12-02T13:56:46","slug":"presse","status":"publish","type":"page","link":"https:\/\/blog.zhdk.ch\/y-hardau\/presse\/","title":{"rendered":"Presse"},"content":{"rendered":"<p><strong>Informationen zur Skulptur <em>Y<\/em> von Sislej Xhafa:<\/strong><\/p>\n<p>Medienmitteilung Stadt Z\u00fcrich <a href=\"https:\/\/blog.zhdk.ch\/y-hardau\/files\/2011\/09\/MM_Einweihung_Y_Hardaupark.pdf\" target=\"_blank\">Download PDF<\/a><br \/>\nInfoblatt <a href=\"https:\/\/blog.zhdk.ch\/y-hardau\/files\/2011\/09\/Xhafa_Y_Infoblatt.pdf\">Download PDF<\/a><br \/>\nFaktenblatt <a href=\"https:\/\/blog.zhdk.ch\/y-hardau\/files\/2011\/09\/Xhafa_Y_Faktenblatt.pdf\">Download PDF<\/a><br \/>\nEinladungskarte zur Er\u00f6ffnung <a href=\"https:\/\/blog.zhdk.ch\/y-hardau\/files\/2011\/09\/Xhafa_Y_Einladungskarte.pdf\">Download PDF<\/a><br \/>\nRede von Prof. Christoph Schenker zur Er\u00f6ffnung des Y <a href=\"https:\/\/blog.zhdk.ch\/y-hardau\/files\/2011\/09\/Schenker_Xhafa_Einfu\u0308hrung.pdf\">Download PDF<\/a><\/p>\n<p><strong>Informationen zum K\u00fcnstler Sislej Xhafa:<\/strong><\/p>\n<p>Infoblatt 2011 <a title=\"S. Xhafa_ Info_2011\" href=\"https:\/\/blog.zhdk.ch\/y-hardau\/files\/2011\/09\/Xhafa_Info_2011.pdf\" target=\"_blank\">Download PDF<\/a><br \/>\nDossier 2011 <a href=\"https:\/\/blog.zhdk.ch\/y-hardau\/files\/2011\/09\/Xhafa_Dossier_Magazzino_2011.pdf\">Download PDF<\/a><strong><\/strong><\/p>\n<p><strong>Jurybericht zum Studienauftrag:<\/strong><\/p>\n<p>Bericht des Beurteilungsgremiums <a href=\"https:\/\/blog.zhdk.ch\/y-hardau\/files\/2011\/09\/Jurybericht_Hardau.pdf\">Download PDF<\/a><\/p>\n<p><strong> Institutioneller Hintergrund:<\/strong><\/p>\n<p>Infoblatt IFCAR <a href=\"https:\/\/blog.zhdk.ch\/y-hardau\/files\/2011\/09\/IFCAR_Info_20111.pdf\">Download PDF<\/a><strong><br \/>\n<\/strong>Link <a href=\"http:\/\/www.ifcar.ch\" target=\"_blank\">www.ifcar.ch<\/a><strong><\/strong><\/p>\n<p>Infoblatt Forschungsprojekt &#8222;Kunst \u00d6ffentlichkeit Z\u00fcrich&#8220; <a href=\"https:\/\/blog.zhdk.ch\/y-hardau\/files\/2011\/09\/IFCAR_K%C3%96ZH_20111.pdf\">Download PDF<\/a><strong><br \/>\n<\/strong>Link <a href=\"http:\/\/www.stadtkunst.ch\/0\/1\/\" target=\"_blank\">www.stadtkunst.ch<\/a><strong><\/strong><\/p>\n<p>Infoblatt Fachstelle Kunst und Bau <a href=\"https:\/\/blog.zhdk.ch\/y-hardau\/files\/2011\/09\/Infoblatt_KuB_2010.pdf\">Download PDF<\/a><strong><br \/>\n<\/strong>Link <a href=\"http:\/\/www.stadt-zuerich.ch\/hbd\/de\/index\/hochbau\/kunst_und_bau.html#\" target=\"_blank\">www.stadt-zuerich.ch<\/a><strong><br \/>\n<\/strong><\/p>\n<p>Infoblatt zum Projekt \u00abDas Haus im Haus\u00bb von Zilla Leutenegger <a href=\"https:\/\/blog.zhdk.ch\/y-hardau\/files\/2009\/08\/Infoblatt_SH-Albisriederplatz.pdf\">Download PDF<\/a><\/p>\n<p><strong>Hochaufgel\u00f6ste Fotos zum Download:<\/strong><\/p>\n<p>stehen nach der Fertigstellung hier zur Verf\u00fcgung. Bei Bedarf das <a href=\"http:\/\/www.ifcar.ch\">Institut f\u00fcr Gegenwartskunst<\/a> anfragen.<\/p>\n<p><strong>Ausgew\u00e4hlte Presseberichte:<\/strong><\/p>\n<p>\u00abHardaupark: Spielwiese und Kunstraum\u00bb Baublatt vom 4. Februar 2011 <a href=\"https:\/\/blog.zhdk.ch\/y-hardau\/files\/2011\/09\/Baublatt-Hardaupark.pdf\">Download PDF<\/a><br \/>\n\u00abKulturelle Bereicherung: Kosovare versch\u00f6nert Stadtpark\u00bb Tages-Anzeiger vom 31. August 2011 <a href=\"https:\/\/blog.zhdk.ch\/y-hardau\/files\/2011\/09\/ta-31082011.pdf\">Download PDF<\/a><br \/>\n\u00ab\u00dcberdimensionale Steinschleuder im Hardau-Park\u00bb Radiobeitrag von Sascha Renner auf DRS2aktuell 19. September 2011 (4:35 Minuten) <a href=\"http:\/\/www.drs2.ch\/www\/de\/drs2\/sendungen\/drs2aktuell\/2643.bt10194088.html\">hier h\u00f6ren<\/a><br \/>\n\u00abPark mit Migrationshintergrund\u00bb NZZ vom 2. Juli 2012 <a href=\"http:\/\/www.nzz.ch\/aktuell\/zuerich\/uebersicht\/park-mit-migrationshintergrund-1.17307615\" target=\"_blank\">hier lesen<\/a><\/p>\n<p><strong>Kontakt:<\/strong><\/p>\n<p><a href=\"https:\/\/www.stadt-zuerich.ch\/gsz.secure.html\" target=\"_blank\">Gr\u00fcnstadt Z\u00fcrich<\/a><br \/>\n<a href=\"https:\/\/www.stadt-zuerich.ch\/hbd\/de\/index\/hochbau\/kunst_und_bau.secure.html\" target=\"_blank\">Fachstelle Kunst und Bau \/ Kunst im \u00f6ffentlichen Raum<\/a><br \/>\n<a href=\"http:\/\/www.ifcar.ch\" target=\"_blank\">Institut f\u00fcr Gegenwartskunst<\/a><\/p>\n","protected":false},"excerpt":{"rendered":"<p>Informationen zur Skulptur Y von Sislej Xhafa: Medienmitteilung Stadt Z\u00fcrich Download PDF Infoblatt Download PDF Faktenblatt Download PDF Einladungskarte zur Er\u00f6ffnung Download PDF Rede von Prof. Christoph Schenker zur Er\u00f6ffnung des Y Download PDF Informationen zum K\u00fcnstler Sislej Xhafa: Infoblatt 2011 Download PDF Dossier 2011 Download PDF Jurybericht zum Studienauftrag: Bericht des Beurteilungsgremiums Download PDF [&hellip;]<\/p>\n","protected":false},"author":102,"featured_media":0,"parent":0,"menu_order":0,"comment_status":"open","ping_status":"open","template":"","meta":{"footnotes":""},"class_list":["post-605","page","type-page","status-publish","hentry"],"_links":{"self":[{"href":"https:\/\/blog.zhdk.ch\/y-hardau\/wp-json\/wp\/v2\/pages\/605","targetHints":{"allow":["GET"]}}],"collection":[{"href":"https:\/\/blog.zhdk.ch\/y-hardau\/wp-json\/wp\/v2\/pages"}],"about":[{"href":"https:\/\/blog.zhdk.ch\/y-hardau\/wp-json\/wp\/v2\/types\/page"}],"author":[{"embeddable":true,"href":"https:\/\/blog.zhdk.ch\/y-hardau\/wp-json\/wp\/v2\/users\/102"}],"replies":[{"embeddable":true,"href":"https:\/\/blog.zhdk.ch\/y-hardau\/wp-json\/wp\/v2\/comments?post=605"}],"version-history":[{"count":44,"href":"https:\/\/blog.zhdk.ch\/y-hardau\/wp-json\/wp\/v2\/pages\/605\/revisions"}],"predecessor-version":[{"id":1313,"href":"https:\/\/blog.zhdk.ch\/y-hardau\/wp-json\/wp\/v2\/pages\/605\/revisions\/1313"}],"wp:attachment":[{"href":"https:\/\/blog.zhdk.ch\/y-hardau\/wp-json\/wp\/v2\/media?parent=605"}],"curies":[{"name":"wp","href":"https:\/\/api.w.org\/{rel}","templated":true}]}}