{"id":11173,"date":"2021-06-10T11:04:33","date_gmt":"2021-06-10T09:04:33","guid":{"rendered":"https:\/\/blog.zhdk.ch\/zdok\/?page_id=11173"},"modified":"2023-02-02T14:49:31","modified_gmt":"2023-02-02T13:49:31","slug":"filme21","status":"publish","type":"page","link":"https:\/\/blog.zhdk.ch\/zdok\/filme21\/","title":{"rendered":"Filme 2021"},"content":{"rendered":"<h3>Making Waves &#8211; the art of cinematic sound<\/h3>\n<p>Regie, Produktion: Midge Costin<\/p>\n<p><a href=\"https:\/\/blog.zhdk.ch\/zdok\/files\/2021\/06\/REV-MakingWaves-FEAT2.jpg\"><img loading=\"lazy\" decoding=\"async\" class=\"size-large wp-image-11189 alignnone\" src=\"https:\/\/blog.zhdk.ch\/zdok\/files\/2021\/06\/REV-MakingWaves-FEAT2-1240x615.jpg\" alt=\"\" width=\"960\" height=\"476\" srcset=\"https:\/\/blog.zhdk.ch\/zdok\/files\/2021\/06\/REV-MakingWaves-FEAT2-1240x615.jpg 1240w, https:\/\/blog.zhdk.ch\/zdok\/files\/2021\/06\/REV-MakingWaves-FEAT2-300x149.jpg 300w, https:\/\/blog.zhdk.ch\/zdok\/files\/2021\/06\/REV-MakingWaves-FEAT2-768x381.jpg 768w, https:\/\/blog.zhdk.ch\/zdok\/files\/2021\/06\/REV-MakingWaves-FEAT2-1536x762.jpg 1536w, https:\/\/blog.zhdk.ch\/zdok\/files\/2021\/06\/REV-MakingWaves-FEAT2.jpg 1600w\" sizes=\"auto, (max-width: 960px) 100vw, 960px\" \/><\/a><\/p>\n<p><em>&#8222;The award-winning 94-minute feature documentary, released in 2019, Making Waves: The Art of Cinematic Sound, illustrates the history, artistry, technological advances, and power of sound design in cinema &#8211; as discussed by George Lucas, Steven Spielberg, Francis Ford Coppola, Barbra Streisand, Robert Redford, Ang Lee, and Ryan Coogler, with their artistic collaborators, the sound designers.&#8220; <\/em>(&gt; Quelle)<\/p>\n<p><a href=\"http:\/\/www.youtube.com\/watch?v=WsIE4x3xU0Y\">&gt; Trailer<\/a> \u00a0| <a href=\"http:\/\/www.makingwavesmovie.com\/\">&gt; Website<\/a><\/p>\n<hr \/>\n<h3>Das Spiel<\/h3>\n<p>Regie: Roman Hodel<\/p>\n<p>Ton\/Sounddesign: Oscar Van Hoogevest<\/p>\n<p><a href=\"https:\/\/blog.zhdk.ch\/zdok\/files\/2021\/06\/DS_Keyvisual_2K_1.jpg\"><img loading=\"lazy\" decoding=\"async\" class=\"size-large wp-image-11185 alignnone\" src=\"https:\/\/blog.zhdk.ch\/zdok\/files\/2021\/06\/DS_Keyvisual_2K_1-1240x519.jpg\" alt=\"\" width=\"960\" height=\"402\" srcset=\"https:\/\/blog.zhdk.ch\/zdok\/files\/2021\/06\/DS_Keyvisual_2K_1-1240x519.jpg 1240w, https:\/\/blog.zhdk.ch\/zdok\/files\/2021\/06\/DS_Keyvisual_2K_1-300x126.jpg 300w, https:\/\/blog.zhdk.ch\/zdok\/files\/2021\/06\/DS_Keyvisual_2K_1-768x322.jpg 768w, https:\/\/blog.zhdk.ch\/zdok\/files\/2021\/06\/DS_Keyvisual_2K_1-1536x644.jpg 1536w, https:\/\/blog.zhdk.ch\/zdok\/files\/2021\/06\/DS_Keyvisual_2K_1.jpg 2048w\" sizes=\"auto, (max-width: 960px) 100vw, 960px\" \/><\/a><\/p>\n<p class=\"font_2\"><em>&#8222;Ein Pfiff. Auf den Zuschauerr\u00e4ngen wird es laut. Die Spieler protestieren aufgebracht. Die Kommentatoren verfolgen energisch das Geschehen auf dem Feld. Mitten drin, der Schiedsrichter. Das ganze Stadion schaut auf ihn. Jetzt muss er entscheiden und die Energie eines ganzen Stadions dirigieren.<\/em>&#8220; (&gt; <a href=\"https:\/\/www.romanhodel.com\/dasspiel\">Quelle<\/a>)<\/p>\n<p><span style=\"font-size: 1.5rem\"><a href=\"http:\/\/vimeo.com\/439943594\">&gt; Trailer<\/a> | \u00a0<a href=\"https:\/\/www.romanhodel.com\">&gt; Website<\/a>\u00a0<\/span><\/p>\n<hr \/>\n<h3>Honeyland<\/h3>\n<p>Regie: Ljubo Stefanov<\/p>\n<p>Produktion, Schnitt: Atanas Georgiev<\/p>\n<p>Sound Design: Rana Eid<\/p>\n<p><a href=\"https:\/\/blog.zhdk.ch\/zdok\/files\/2021\/06\/Filmstill_HONEYLAND_Photo-byLjuboStefanov20170828-_D5D2777-15-scaled.jpg\"><img loading=\"lazy\" decoding=\"async\" class=\"size-large wp-image-11187 alignnone\" src=\"https:\/\/blog.zhdk.ch\/zdok\/files\/2021\/06\/Filmstill_HONEYLAND_Photo-byLjuboStefanov20170828-_D5D2777-15-1240x828.jpg\" alt=\"\" width=\"960\" height=\"641\" srcset=\"https:\/\/blog.zhdk.ch\/zdok\/files\/2021\/06\/Filmstill_HONEYLAND_Photo-byLjuboStefanov20170828-_D5D2777-15-1240x828.jpg 1240w, https:\/\/blog.zhdk.ch\/zdok\/files\/2021\/06\/Filmstill_HONEYLAND_Photo-byLjuboStefanov20170828-_D5D2777-15-300x200.jpg 300w, https:\/\/blog.zhdk.ch\/zdok\/files\/2021\/06\/Filmstill_HONEYLAND_Photo-byLjuboStefanov20170828-_D5D2777-15-768x513.jpg 768w, https:\/\/blog.zhdk.ch\/zdok\/files\/2021\/06\/Filmstill_HONEYLAND_Photo-byLjuboStefanov20170828-_D5D2777-15-1536x1025.jpg 1536w, https:\/\/blog.zhdk.ch\/zdok\/files\/2021\/06\/Filmstill_HONEYLAND_Photo-byLjuboStefanov20170828-_D5D2777-15-2048x1367.jpg 2048w\" sizes=\"auto, (max-width: 960px) 100vw, 960px\" \/><\/a><\/p>\n<p><em>&#8222;When a nomadic family moves in and breaks Honeyland\u2019s basic rule, the last female wild beekeeper in Europe must save the bees and restore natural balance.&#8220; <\/em>(<a href=\"https:\/\/honeyland.earth\/story\/\">&gt; Quelle<\/a>)<\/p>\n<p><a href=\"http:\/\/www.youtube.com\/watch?v=B27ORUHlp6E\">&gt; Trailer<\/a> | \u00a0<a href=\"https:\/\/honeyland.earth\">&gt; Website<\/a>\u00a0| <a href=\"https:\/\/filmsfortheearth.org\/de\/filme\/honeyland\">&gt; Film anschauen (vimeo on demand)<\/a><\/p>\n<hr \/>\n<h3>Radiograph of a Family<\/h3>\n<p>Regie: Firouzeh\u00a0Khosrovani<\/p>\n<p>Sound Design\/Ton: Ensieh Maliki,\u00a0<span style=\"font-size: 1.5rem\">Hugo Ekornes\u00a0<\/span><\/p>\n<p><a href=\"https:\/\/blog.zhdk.ch\/zdok\/files\/2021\/06\/Still_ROAF_05-scaled-1.jpg\"><img loading=\"lazy\" decoding=\"async\" class=\"size-large wp-image-11191 alignnone\" src=\"https:\/\/blog.zhdk.ch\/zdok\/files\/2021\/06\/Still_ROAF_05-scaled-1-1240x669.jpg\" alt=\"\" width=\"960\" height=\"518\" srcset=\"https:\/\/blog.zhdk.ch\/zdok\/files\/2021\/06\/Still_ROAF_05-scaled-1-1240x669.jpg 1240w, https:\/\/blog.zhdk.ch\/zdok\/files\/2021\/06\/Still_ROAF_05-scaled-1-300x162.jpg 300w, https:\/\/blog.zhdk.ch\/zdok\/files\/2021\/06\/Still_ROAF_05-scaled-1-768x415.jpg 768w, https:\/\/blog.zhdk.ch\/zdok\/files\/2021\/06\/Still_ROAF_05-scaled-1-1536x829.jpg 1536w, https:\/\/blog.zhdk.ch\/zdok\/files\/2021\/06\/Still_ROAF_05-scaled-1-2048x1106.jpg 2048w\" sizes=\"auto, (max-width: 960px) 100vw, 960px\" \/><\/a><\/p>\n<p><em>&#8222;I am the product of Iran\u2019s struggle between secularism and the Islamic ideology. My parents\u2019 love story takes us from the Shah era to the Islamic Revolution and the hardships during the Iran-Iraq War, up to the present day \u2013 all in our home in Tehran. In my childhood, I was constantly forced to choose between my parents; each day, I endured imposition from one side and acceptance from the other.&#8220; <\/em>(<a href=\"https:\/\/usercontent.one\/wp\/www.radiographofafamily.com\/wp-content\/uploads\/2020\/10\/ROAF_PressMaterial.pdf\">&gt; Quelle<\/a>)<\/p>\n<p><a href=\"http:\/\/vimeo.com\/469937476\">&gt; Trailer<\/a> |\u00a0<a href=\"https:\/\/www.radiographofafamily.com\">&gt; Website<\/a><\/p>\n<hr \/>\n<h3>The Reason I Jump<\/h3>\n<p><big><small>Regie: Jerry Rothwell<\/small><\/big><\/p>\n<p><big><small>Sound Design: Nick Ryan\u00a0<\/small><\/big><\/p>\n<p><big><small>Composer: Nainita Desai<\/small><\/big><\/p>\n<p><a href=\"https:\/\/blog.zhdk.ch\/zdok\/files\/2021\/06\/191355216_4081689858543223_6329069855650848280_n.jpg\"><img loading=\"lazy\" decoding=\"async\" class=\"size-large wp-image-11183 alignnone\" src=\"https:\/\/blog.zhdk.ch\/zdok\/files\/2021\/06\/191355216_4081689858543223_6329069855650848280_n-1240x698.jpg\" alt=\"\" width=\"960\" height=\"540\" srcset=\"https:\/\/blog.zhdk.ch\/zdok\/files\/2021\/06\/191355216_4081689858543223_6329069855650848280_n-1240x698.jpg 1240w, https:\/\/blog.zhdk.ch\/zdok\/files\/2021\/06\/191355216_4081689858543223_6329069855650848280_n-300x169.jpg 300w, https:\/\/blog.zhdk.ch\/zdok\/files\/2021\/06\/191355216_4081689858543223_6329069855650848280_n-768x432.jpg 768w, https:\/\/blog.zhdk.ch\/zdok\/files\/2021\/06\/191355216_4081689858543223_6329069855650848280_n-1536x864.jpg 1536w, https:\/\/blog.zhdk.ch\/zdok\/files\/2021\/06\/191355216_4081689858543223_6329069855650848280_n.jpg 1920w\" sizes=\"auto, (max-width: 960px) 100vw, 960px\" \/><\/a><\/p>\n<div class=\"page\" title=\"Page 2\">\n<div class=\"section\">\n<div class=\"layoutArea\">\n<div class=\"column\">\n<p><em>&#8222;Based on the best-selling book by Naoki Higashida, THE REASON I JUMP is an immersive film exploring the experiences of nonspeaking autistic people from around the world.&#8220; <\/em>(<a href=\"https:\/\/4f399d350e4882ff73b9-0f00c87f9e216dcd5acfbe5f7dfb64d7.ssl.cf2.rackcdn.com\/production\/documents\/THE%20REASON%20I%20JUMP%20_%20Press%20Notes%20-%20FINAL%20(1).pdf\">&gt; Quelle<\/a>)<\/p>\n<\/div>\n<\/div>\n<\/div>\n<\/div>\n<p><a href=\"https:\/\/www.youtube.com\/watch?v=J9ZxvR_cm94\">&gt; Trailer<\/a> | \u00a0<a href=\"http:\/\/thereasonijumpfilm.com\">&gt; Website<\/a><\/p>\n<hr \/>\n<h3>The Art of Silence<\/h3>\n<p>Regie: Maurizius Staerkle-Drux<\/p>\n<p>Sound Design: Maurizius Staerkle-Drux<\/p>\n<p><a href=\"https:\/\/blog.zhdk.ch\/zdok\/files\/2021\/06\/1Stille_MM_pic-scaled.jpg\"><img loading=\"lazy\" decoding=\"async\" class=\"size-large wp-image-11181 alignnone\" src=\"https:\/\/blog.zhdk.ch\/zdok\/files\/2021\/06\/1Stille_MM_pic-1240x634.jpg\" alt=\"\" width=\"960\" height=\"491\" srcset=\"https:\/\/blog.zhdk.ch\/zdok\/files\/2021\/06\/1Stille_MM_pic-1240x634.jpg 1240w, https:\/\/blog.zhdk.ch\/zdok\/files\/2021\/06\/1Stille_MM_pic-300x153.jpg 300w, https:\/\/blog.zhdk.ch\/zdok\/files\/2021\/06\/1Stille_MM_pic-768x393.jpg 768w, https:\/\/blog.zhdk.ch\/zdok\/files\/2021\/06\/1Stille_MM_pic-1536x785.jpg 1536w, https:\/\/blog.zhdk.ch\/zdok\/files\/2021\/06\/1Stille_MM_pic-2048x1047.jpg 2048w\" sizes=\"auto, (max-width: 960px) 100vw, 960px\" \/><\/a><\/p>\n<p><em>&#8222;Dies ist der erste Kino-Dokumentarfilm \u00fcber den legend\u00e4ren Pantomimen Marcel Marceau. Er inspirierte mehrere K\u00fcnstlergenerationen, darunter auch sein Enkel und seine Familie, die ein neues Licht auf sein Lebenswerk werfen. Als Kind erlebt Marceau die Hinrichtung seines j\u00fcdischen Vaters durch die Nazis. Ein Trauma, das ihn motiviert, sich dem franz\u00f6sischen Widerstand anzuschliessen und seine tiefe \u00dcberzeugung in der Kunst des Schweigens befl\u00fcgelt.&#8220; <\/em>(<u><a href=\"https:\/\/www.swissfilms.ch\/de\/film_search\/filmdetails\/-\/id_film\/6B57E6017AF746ECA0CD3B9C202299AF\">&gt;Quelle<\/a>)<\/u><\/p>\n<p><a href=\"http:\/\/ensemblefilm.ch\/portfolio\/art-of-silence-by-maurizius-staerkle-drux\/\">&gt; Website<\/a><\/p>\n<hr \/>\n<p>&nbsp;<\/p>\n<h3><a href=\"https:\/\/blog.zhdk.ch\/zdok\/\">HOME<\/a> | <a href=\"https:\/\/blog.zhdk.ch\/zdok\/programm-zdok-21\/\">Programm<\/a> | <a href=\"https:\/\/blog.zhdk.ch\/zdok\/gaeste\/\">G\u00e4ste<\/a> |\u00a0<a href=\"https:\/\/blog.zhdk.ch\/zdok\/zdok-21-zeitplan\/\">Zeitplan<\/a><\/h3>\n","protected":false},"excerpt":{"rendered":"<p>Making Waves &#8211; the art of cinematic sound Regie, Produktion: Midge Costin &#8222;The award-winning 94-minute feature documentary, released in 2019, Making Waves: The Art of Cinematic Sound, illustrates the history, artistry, technological advances, and power of sound design in cinema &#8211; as discussed by George Lucas, Steven Spielberg, Francis Ford Coppola, Barbra Streisand, Robert Redford, &hellip;<\/p>\n","protected":false},"author":3675,"featured_media":0,"parent":0,"menu_order":0,"comment_status":"closed","ping_status":"closed","template":"","meta":{"footnotes":""},"class_list":["post-11173","page","type-page","status-publish","hentry"],"_links":{"self":[{"href":"https:\/\/blog.zhdk.ch\/zdok\/wp-json\/wp\/v2\/pages\/11173","targetHints":{"allow":["GET"]}}],"collection":[{"href":"https:\/\/blog.zhdk.ch\/zdok\/wp-json\/wp\/v2\/pages"}],"about":[{"href":"https:\/\/blog.zhdk.ch\/zdok\/wp-json\/wp\/v2\/types\/page"}],"author":[{"embeddable":true,"href":"https:\/\/blog.zhdk.ch\/zdok\/wp-json\/wp\/v2\/users\/3675"}],"replies":[{"embeddable":true,"href":"https:\/\/blog.zhdk.ch\/zdok\/wp-json\/wp\/v2\/comments?post=11173"}],"version-history":[{"count":22,"href":"https:\/\/blog.zhdk.ch\/zdok\/wp-json\/wp\/v2\/pages\/11173\/revisions"}],"predecessor-version":[{"id":12324,"href":"https:\/\/blog.zhdk.ch\/zdok\/wp-json\/wp\/v2\/pages\/11173\/revisions\/12324"}],"wp:attachment":[{"href":"https:\/\/blog.zhdk.ch\/zdok\/wp-json\/wp\/v2\/media?parent=11173"}],"curies":[{"name":"wp","href":"https:\/\/api.w.org\/{rel}","templated":true}]}}