{"id":12294,"date":"2023-02-01T15:06:09","date_gmt":"2023-02-01T14:06:09","guid":{"rendered":"https:\/\/blog.zhdk.ch\/zdok\/?page_id=12294"},"modified":"2023-02-17T11:52:36","modified_gmt":"2023-02-17T10:52:36","slug":"zdok-23","status":"publish","type":"page","link":"https:\/\/blog.zhdk.ch\/zdok\/zdok-23\/","title":{"rendered":"ZDOK.23"},"content":{"rendered":"<p><a href=\"https:\/\/blog.zhdk.ch\/zdok\/files\/2022\/12\/zdok_23_banner2.jpg\"><img loading=\"lazy\" decoding=\"async\" class=\"alignnone size-large wp-image-11884\" src=\"https:\/\/blog.zhdk.ch\/zdok\/files\/2022\/12\/zdok_23_banner2-1240x698.jpg\" alt=\"\" width=\"960\" height=\"540\" srcset=\"https:\/\/blog.zhdk.ch\/zdok\/files\/2022\/12\/zdok_23_banner2-1240x698.jpg 1240w, https:\/\/blog.zhdk.ch\/zdok\/files\/2022\/12\/zdok_23_banner2-300x169.jpg 300w, https:\/\/blog.zhdk.ch\/zdok\/files\/2022\/12\/zdok_23_banner2-768x432.jpg 768w, https:\/\/blog.zhdk.ch\/zdok\/files\/2022\/12\/zdok_23_banner2.jpg 1280w\" sizes=\"auto, (max-width: 960px) 100vw, 960px\" \/><\/a><\/p>\n<p><strong>Second Hand:<\/strong> Material verwenden, das zuvor jemand anderes gedreht hat. Ein \u00fcbliches Verfahren im Dokumentarfilm, um Vergangenes zu rekonstruieren, Sachlagen zu beweisen oder Ereignisse wieder aufleben zu lassen. Aber durchaus auch, um Gedankeng\u00e4nge zu illustrieren, visuelle Vergleiche anzustellen, satirische Pointen zu setzen.<\/p>\n<p>Jedes nicht selbst gedrehte Material \u2013 sei es nun gefunden, auf dem Flohmarkt erstanden, vom Internet runtergeladen oder aus \u00f6ffentlichen oder kommerziellen Archiven \u2013 hat ein Vorleben. Es wurde in einer Absicht gedreht, tr\u00e4gt einen historisch bedingten kulturellen Code, ist an eine situative Perspektivierung gebunden, widerspiegelt Machtverh\u00e4ltnisse, enth\u00e4lt vielleicht Falschinformationen, diente eventuell propagandistischen Zwecken, wurde m\u00f6glicherweise kulturell, politisch oder in kolonialistischem Kontext angeeignet und hat aufgrund der Kommerzialisierung unseres Bilderbes einen betr\u00e4chtlichen Preis.<\/p>\n<div>\n<p><span lang=\"DE\">Material, das nicht von den Filmschaffenden selbst gedreht wird, stellt eine Herausforderung f\u00fcr sie dar: \u00c4sthetisch, ethisch, politisch, \u00f6konomisch. <\/span>Anhand neuester Filme und historischer Beispiele bietet <strong>ZDOK.23<\/strong> eine vielschichtige Auseinandersetzung mit Filmemacher:innen, wie <a href=\"https:\/\/blog.zhdk.ch\/zdok\/2023\/alan-berliner\/\"><strong>Alan Berliner<\/strong><\/a> (u.a.\u00a0\u00abFirst Cousin Once Removed\u00bb), <a href=\"https:\/\/blog.zhdk.ch\/zdok\/2023\/magnus-gertten\/\"><strong>Magnus Gertten<\/strong><\/a> (u.a. \u00abEvery Face Has a Name\u00bb),<strong><a href=\"https:\/\/blog.zhdk.ch\/zdok\/2023\/giulia-giapponesi\/\"> Giulia Giapponesi<\/a>\u00a0<\/strong>(u.a. \u00abCarracci \u2013 La rivoluzione silenziosa\u00bb), <a href=\"https:\/\/blog.zhdk.ch\/zdok\/2023\/andreas-hoessli\/\"><strong>Andreas Hoessli<\/strong><\/a>\u00a0(u.a. \u00abDer nackte K\u00f6nig\u00bb), <a href=\"https:\/\/blog.zhdk.ch\/zdok\/2023\/igor-ivanko\/\"><strong>Igor Ivanko<\/strong><\/a> (u.a. \u00abFragile Memory\u00bb), <a href=\"https:\/\/blog.zhdk.ch\/zdok\/2023\/richard-misek\/\"><strong>Richard Misek<\/strong><\/a> (University of Kent, UK), <a href=\"https:\/\/blog.zhdk.ch\/zdok\/2023\/jyoti-mistry-2\/\"><strong>Jyoti Mistry<\/strong><\/a>(University of Gothenburg, Schweden)\u00a0und\u00a0<a href=\"https:\/\/blog.zhdk.ch\/zdok\/2023\/marta-popivoda\/\"><strong>Marta Popivoda<\/strong><\/a> (u.a. \u00abPejzazi otpora\u00bb). Ausserdem werden (Film-)Wissenschaftler:innen wie <a href=\"https:\/\/blog.zhdk.ch\/zdok\/2023\/monika-dommann\/\"><strong>Monika Dommann<\/strong><\/a> (Universit\u00e4t Z\u00fcrich, Schweiz), <a href=\"https:\/\/blog.zhdk.ch\/zdok\/2023\/dina-iordanova\/\"><strong>Dina Iordanova<\/strong><\/a> (University of St. Andrews, Schottland, \u00abCinema of the Other Europe\u00bb), <a href=\"https:\/\/blog.zhdk.ch\/zdok\/2023\/ursula-von-keitz\/\"><strong>Ursula von Keitz<\/strong><\/a> (Filmuniversit\u00e4t Babelsberg, Deutschland, \u00abMediale Transformationen des Holocausts\u00bb)\u00a0und <a href=\"https:\/\/blog.zhdk.ch\/zdok\/2023\/dima-saber\/\"><strong>Dima Saber<\/strong><\/a> (Birmingham City University, UK) erg\u00e4nzend Einblick in ihre Arbeit geben. <strong>ZDOK.23<\/strong> f\u00f6rdert so den Diskurs \u00fcber filmgestalterische Positionen im Umgang mit dem Material der Anderen.<\/p>\n<p><em>__<br \/>\nBildquelle: \u00abFragile Memory\u00bb von Igor Ivanko<\/em><\/p>\n<h3><\/h3>\n<hr class=\"ttfmake-hr\" style=\"border-style: solid;border-top-width: 1px\" \/>\n<h3><a href=\"https:\/\/blog.zhdk.ch\/zdok\/programm-zdok-23\/\">Programm<\/a>\u00a0| <a href=\"https:\/\/blog.zhdk.ch\/zdok\/zdok-23\/filme-zdok-23\/\">FILME<\/a>\u00a0| <a href=\"https:\/\/blog.zhdk.ch\/zdok\/gaeste-2023\/\">G\u00c4STE<\/a>\u00a0| <a href=\"https:\/\/blog.zhdk.ch\/zdok\/zdokinfo\/\">TICKETS<\/a><\/h3>\n<h3><\/h3>\n<h3><\/h3>\n<\/div>\n","protected":false},"excerpt":{"rendered":"<p>Second Hand: Material verwenden, das zuvor jemand anderes gedreht hat. Ein \u00fcbliches Verfahren im Dokumentarfilm, um Vergangenes zu rekonstruieren, Sachlagen zu beweisen oder Ereignisse wieder aufleben zu lassen. Aber durchaus auch, um Gedankeng\u00e4nge zu illustrieren, visuelle Vergleiche anzustellen, satirische Pointen zu setzen. Jedes nicht selbst gedrehte Material \u2013 sei es nun gefunden, auf dem Flohmarkt &hellip;<\/p>\n","protected":false},"author":6337,"featured_media":0,"parent":0,"menu_order":0,"comment_status":"closed","ping_status":"closed","template":"","meta":{"footnotes":""},"class_list":["post-12294","page","type-page","status-publish","hentry"],"_links":{"self":[{"href":"https:\/\/blog.zhdk.ch\/zdok\/wp-json\/wp\/v2\/pages\/12294","targetHints":{"allow":["GET"]}}],"collection":[{"href":"https:\/\/blog.zhdk.ch\/zdok\/wp-json\/wp\/v2\/pages"}],"about":[{"href":"https:\/\/blog.zhdk.ch\/zdok\/wp-json\/wp\/v2\/types\/page"}],"author":[{"embeddable":true,"href":"https:\/\/blog.zhdk.ch\/zdok\/wp-json\/wp\/v2\/users\/6337"}],"replies":[{"embeddable":true,"href":"https:\/\/blog.zhdk.ch\/zdok\/wp-json\/wp\/v2\/comments?post=12294"}],"version-history":[{"count":14,"href":"https:\/\/blog.zhdk.ch\/zdok\/wp-json\/wp\/v2\/pages\/12294\/revisions"}],"predecessor-version":[{"id":12969,"href":"https:\/\/blog.zhdk.ch\/zdok\/wp-json\/wp\/v2\/pages\/12294\/revisions\/12969"}],"wp:attachment":[{"href":"https:\/\/blog.zhdk.ch\/zdok\/wp-json\/wp\/v2\/media?parent=12294"}],"curies":[{"name":"wp","href":"https:\/\/api.w.org\/{rel}","templated":true}]}}