{"id":12484,"date":"2023-02-02T18:11:58","date_gmt":"2023-02-02T17:11:58","guid":{"rendered":"https:\/\/blog.zhdk.ch\/zdok\/?page_id=12484"},"modified":"2023-02-28T18:46:44","modified_gmt":"2023-02-28T17:46:44","slug":"filme-zdok-23","status":"publish","type":"page","link":"https:\/\/blog.zhdk.ch\/zdok\/zdok-23\/filme-zdok-23\/","title":{"rendered":"Filme"},"content":{"rendered":"<p>An der Tagung werden die unten aufgelisteten Filme behandelt. Angemeldete Teilnehmer:innen k\u00f6nnen eine Auswahl vom 15.3. bis zum 26.3. kostenfrei streamen.<\/p>\n<p><em>The films listed below will be discussed at the conference. Registered participants can stream a selection free of charge from 15.3. to 26.3.<\/em><\/p>\n<p>&nbsp;<\/p>\n<hr \/>\n<h3>A History Of The World According To Getty Images<\/h3>\n<p>Written and edited by <a href=\"https:\/\/blog.zhdk.ch\/zdok\/2023\/richard-misek\/\">Richard Misek<\/a>, 2022<br \/>\n&gt; Referat: <a href=\"https:\/\/blog.zhdk.ch\/zdok\/2023\/getty\/\">The World According To Getty Images<\/a><\/p>\n<p><a href=\"https:\/\/blog.zhdk.ch\/zdok\/files\/2023\/02\/Misek_World_according_Getty.jpg\"><img loading=\"lazy\" decoding=\"async\" class=\"alignnone size-full wp-image-12516\" src=\"https:\/\/blog.zhdk.ch\/zdok\/files\/2023\/02\/Misek_World_according_Getty.jpg\" alt=\"\" width=\"930\" height=\"523\" srcset=\"https:\/\/blog.zhdk.ch\/zdok\/files\/2023\/02\/Misek_World_according_Getty.jpg 930w, https:\/\/blog.zhdk.ch\/zdok\/files\/2023\/02\/Misek_World_according_Getty-300x169.jpg 300w, https:\/\/blog.zhdk.ch\/zdok\/files\/2023\/02\/Misek_World_according_Getty-768x432.jpg 768w\" sizes=\"auto, (max-width: 930px) 100vw, 930px\" \/><\/a><\/p>\n<p>\u201cThis thought-provoking short film examines the meaning of the term \u201cpublic domain,\u201d and what happens to images whose copyright has expired and theoretically become freely available to all. Why is it that this type of image so often falls into the hands of commercial organizations such as Getty Images, which then requires payment to use them? What are the implications of putting images of historical events behind a paywall?\u201d \u00a0<a href=\"https:\/\/www.idfa.nl\/en\/film\/f2e29b37-216a-4899-ae67-c4367b8b9a36\/a-history-of-the-world-according-to-getty-images\">IDFA 2022<\/a><\/p>\n<p><a href=\"https:\/\/www.ahistoryoftheworldaccordingtogettyimages.com\/\" target=\"_blank\" rel=\"noopener\">&gt; Website<\/a> (incl. download of the film for free)<\/p>\n<hr \/>\n<h3>Bella Ciao &#8211; per la libert\u00e0<\/h3>\n<p>Directed by <a href=\"https:\/\/blog.zhdk.ch\/zdok\/2023\/giulia-giapponesi\/\">Giulia Giapponesi<\/a>, 2022<br \/>\n&gt; Referat: <a href=\"https:\/\/blog.zhdk.ch\/zdok\/2023\/discovering-hidden-origins\/\">Discovering Hidden Origins<\/a><br \/>\n<a href=\"https:\/\/blog.zhdk.ch\/zdok\/files\/2023\/02\/BellaCiao.jpg\"><br \/>\n<img loading=\"lazy\" decoding=\"async\" class=\"alignnone size-large wp-image-12494\" src=\"https:\/\/blog.zhdk.ch\/zdok\/files\/2023\/02\/BellaCiao-1240x698.jpg\" alt=\"\" width=\"960\" height=\"540\" srcset=\"https:\/\/blog.zhdk.ch\/zdok\/files\/2023\/02\/BellaCiao-1240x698.jpg 1240w, https:\/\/blog.zhdk.ch\/zdok\/files\/2023\/02\/BellaCiao-300x169.jpg 300w, https:\/\/blog.zhdk.ch\/zdok\/files\/2023\/02\/BellaCiao-768x432.jpg 768w, https:\/\/blog.zhdk.ch\/zdok\/files\/2023\/02\/BellaCiao-1536x864.jpg 1536w, https:\/\/blog.zhdk.ch\/zdok\/files\/2023\/02\/BellaCiao.jpg 1920w\" sizes=\"auto, (max-width: 960px) 100vw, 960px\" \/><\/a><\/p>\n<p>\u201cFor decades, wherever people have fought against injustice, they have sung \u201cBella ciao.\u201d It is said to have been the anthem of Italian partisans fighting against fascism in the Second World War, but there are those who doubt the truth of this. The origins of the song are unclear. Was it a folk song favored by exploited workers in the rice fields in Italy? The research is based on various speakers and archive material\u2026In the film, the song connects the struggles for liberation by different generations in various countries.\u201d \u00a0\u00a0<a href=\"https:\/\/www.idfa.nl\/en\/film\/0f04f324-7b8e-46d7-8954-f99c71183219\/bella-ciao\">IDFA 2022<\/a><\/p>\n<p><a href=\"https:\/\/youtu.be\/qI6oa_vYl6o\" target=\"_blank\" rel=\"noopener\">&gt; Trailer<\/a> \u00a0| <a href=\"https:\/\/www.imdb.com\/title\/tt19784728\/\" target=\"_blank\" rel=\"noopener\">&gt; IMDB<\/a><\/p>\n<hr \/>\n<h3>Nelly &amp; Nadine<\/h3>\n<p>Directed by <a href=\"https:\/\/blog.zhdk.ch\/zdok\/2023\/magnus-gertten\/\">Magnus Gertten<\/a>, 2022<br \/>\n&gt; Referat: <a href=\"https:\/\/blog.zhdk.ch\/zdok\/2023\/the-secrets-of-an-archive-film-reel\/\">The Secrets of an Archive Film Reel<\/a><\/p>\n<p><a href=\"https:\/\/blog.zhdk.ch\/zdok\/files\/2023\/02\/nellynadine_1280.jpg\"><img loading=\"lazy\" decoding=\"async\" class=\"alignnone wp-image-12669 size-large\" src=\"https:\/\/blog.zhdk.ch\/zdok\/files\/2023\/02\/nellynadine_1280-1240x828.jpg\" alt=\"\" width=\"960\" height=\"641\" srcset=\"https:\/\/blog.zhdk.ch\/zdok\/files\/2023\/02\/nellynadine_1280-1240x828.jpg 1240w, https:\/\/blog.zhdk.ch\/zdok\/files\/2023\/02\/nellynadine_1280-300x200.jpg 300w, https:\/\/blog.zhdk.ch\/zdok\/files\/2023\/02\/nellynadine_1280-768x513.jpg 768w, https:\/\/blog.zhdk.ch\/zdok\/files\/2023\/02\/nellynadine_1280.jpg 1280w\" sizes=\"auto, (max-width: 960px) 100vw, 960px\" \/><\/a><\/p>\n<p style=\"font-weight: 400\">\u00abInmitten des Konzentrationslagers Ravensbr\u00fcck ert\u00f6nt die Stimme der Operns\u00e4ngerin Nelly. Es ist Weihnachten im Jahr 1944 als Nelly und Nadine sich zum ersten Mal begegnen. Heute stellt sich Nellys Enkelin Sylvie dem in einer Kiste verschlossenen Verm\u00e4chtnis ihrer Gro\u00dfmutter. In Fotografien, Super-8- und Audioaufnahmen sowie in poetischen und ersch\u00fctternden Tagebucheintr\u00e4gen st\u00f6\u00dft die Enkelin nicht nur auf die Erinnerungen ihrer Gro\u00dfmutter an das KZ, sondern auch auf Zeugnisse eines gemeinsamen Lebens mit Nadine\u00bb. <a href=\"https:\/\/www.berlinale.de\/de\/2022\/programm\/202209157.html\">Berlinale 2022<\/a><\/p>\n<p><a href=\"https:\/\/youtu.be\/6cVi0gwobeg\" target=\"_blank\" rel=\"noopener\">&gt; Trailer<\/a> \u00a0| <a href=\"https:\/\/www.imdb.com\/title\/tt17074508\/\" target=\"_blank\" rel=\"noopener\">&gt; IMDB<\/a><\/p>\n<hr \/>\n<h3>Fragile Memory<\/h3>\n<p>Directed by <a href=\"https:\/\/blog.zhdk.ch\/zdok\/2023\/igor-ivanko\/\">Igor Ivanko,<\/a> 2022<br \/>\n&gt; Referat: <a href=\"https:\/\/blog.zhdk.ch\/zdok\/2023\/private-memories-collective-loss\/\">Private Memories, Collective Loss<\/a><\/p>\n<p><a href=\"https:\/\/blog.zhdk.ch\/zdok\/files\/2023\/02\/Fragile-Memory_2-scaled.jpeg\"><img loading=\"lazy\" decoding=\"async\" class=\"alignnone size-large wp-image-12518\" src=\"https:\/\/blog.zhdk.ch\/zdok\/files\/2023\/02\/Fragile-Memory_2-1240x738.jpeg\" alt=\"\" width=\"960\" height=\"571\" srcset=\"https:\/\/blog.zhdk.ch\/zdok\/files\/2023\/02\/Fragile-Memory_2-1240x738.jpeg 1240w, https:\/\/blog.zhdk.ch\/zdok\/files\/2023\/02\/Fragile-Memory_2-300x179.jpeg 300w, https:\/\/blog.zhdk.ch\/zdok\/files\/2023\/02\/Fragile-Memory_2-768x457.jpeg 768w, https:\/\/blog.zhdk.ch\/zdok\/files\/2023\/02\/Fragile-Memory_2-1536x914.jpeg 1536w, https:\/\/blog.zhdk.ch\/zdok\/files\/2023\/02\/Fragile-Memory_2-2048x1219.jpeg 2048w\" sizes=\"auto, (max-width: 960px) 100vw, 960px\" \/><\/a><\/p>\n<p>Der sowjetische Kameramann Leonid Burlaka arbeitete in den 1960er Jahren in seiner Geburtsstadt Odesa f\u00fcr das Odesskaja kinostudija in der damaligen Ukrainischen Sozialistischen Sowjetrepublik an Filmen, die um die Welt gingen. Heute ist er achtzig Jahre alt, und mit der Diagnose Alzheimer verblasst sein Ged\u00e4chtnis zusehends. Der Filmemacher Igor Ivanko folgt den Spuren, die sein Gro\u00dfvater hinterlie\u00df, und entdeckt in der Garage ein Archiv von immensem Wert\u2026Ivanko erkennt, dass er einen Schatz von historischer Aussagekraft in den H\u00e4nden h\u00e4lt. <a href=\"https:\/\/www.dok-leipzig.de\/film\/fragile-memory\/archive\">DOK Leipzig 2022<\/a><\/p>\n<p><a href=\"https:\/\/burlakafilms.com\/fragilememory\" target=\"_blank\" rel=\"noopener\">&gt; Website (incl. Trailer)<\/a><\/p>\n<hr \/>\n<h3>The Beatles: Get Back<\/h3>\n<p>Directed by Peter Jackson (UK, USA, NZ 2021)<br \/>\n&gt; Referat\u00a0von Maurizius Staerkle Drux:\u00a0<a href=\"https:\/\/blog.zhdk.ch\/zdok\/2023\/get-back-to-being-there\/\">Get Back to Being There<\/a><\/p>\n<p><a href=\"https:\/\/blog.zhdk.ch\/zdok\/files\/2023\/02\/Beatles_Get-Back.jpg\"><img loading=\"lazy\" decoding=\"async\" class=\"alignnone size-full wp-image-12512\" src=\"https:\/\/blog.zhdk.ch\/zdok\/files\/2023\/02\/Beatles_Get-Back.jpg\" alt=\"\" width=\"780\" height=\"520\" srcset=\"https:\/\/blog.zhdk.ch\/zdok\/files\/2023\/02\/Beatles_Get-Back.jpg 780w, https:\/\/blog.zhdk.ch\/zdok\/files\/2023\/02\/Beatles_Get-Back-300x200.jpg 300w, https:\/\/blog.zhdk.ch\/zdok\/files\/2023\/02\/Beatles_Get-Back-768x512.jpg 768w\" sizes=\"auto, (max-width: 780px) 100vw, 780px\" \/><\/a><\/p>\n<p>In January 1969, the Beatles convened in Twickenham Film Studios. The fascinating thing about watching Get Back, the eight-hour documentary, is how capacious the actual story feels\u2026The intimacy of the footage is not just astonishing, it is surreal. Jackson has labored over this footage for untold hours, piecing together bits of audio with pictures and using AI to isolate and clean up formerly inaudible tracks. He has, in other words, created a narrative. But Get Back flows with the feeling of unmediated reality, of simply being in the room with the Beatles as they existed. <a href=\"https:\/\/pitchfork.com\/thepitch\/the-beatles-get-back-rewrites-the-fab-fours-ending\/\">Pitchfork\/Jayson Greene 2021<\/a><\/p>\n<p><a href=\"https:\/\/www.youtube.com\/watch?v=Auta2lagtw4\" target=\"_blank\" rel=\"noopener\">&gt; Trailer<\/a><\/p>\n<hr \/>\n<h3><b><span lang=\"EN-US\">A Tour Through Some of Alan Berliner&#8217;s Films<\/span><\/b><\/h3>\n<p>&gt; Referat: <a href=\"https:\/\/blog.zhdk.ch\/zdok\/2023\/compilation-collage-counterpoint\/\">Compilation, Collage, Counterpoint<\/a><\/p>\n<figure id=\"attachment_12510\" aria-describedby=\"caption-attachment-12510\" style=\"width: 960px\" class=\"wp-caption alignnone\"><a href=\"https:\/\/blog.zhdk.ch\/zdok\/files\/2023\/02\/image001.jpg\"><img loading=\"lazy\" decoding=\"async\" class=\"wp-image-12510 size-large\" src=\"https:\/\/blog.zhdk.ch\/zdok\/files\/2023\/02\/image001-1240x837.jpg\" alt=\"\" width=\"960\" height=\"648\" srcset=\"https:\/\/blog.zhdk.ch\/zdok\/files\/2023\/02\/image001-1240x837.jpg 1240w, https:\/\/blog.zhdk.ch\/zdok\/files\/2023\/02\/image001-300x203.jpg 300w, https:\/\/blog.zhdk.ch\/zdok\/files\/2023\/02\/image001-768x518.jpg 768w, https:\/\/blog.zhdk.ch\/zdok\/files\/2023\/02\/image001.jpg 1440w\" sizes=\"auto, (max-width: 960px) 100vw, 960px\" \/><\/a><figcaption id=\"caption-attachment-12510\" class=\"wp-caption-text\">Alan Berliner explores his personal archive during the production of &#8222;Letter to the Editor&#8220; (2019).<\/figcaption><\/figure>\n<p>Alan Berliner will talk about his specific approach with found footage over time, using excerpts from key films of his oeuvre. One of his films will be available for streaming.<\/p>\n<p><strong>&gt;<\/strong> For a comprehensive overview of Berliner\u2019s work see\u00a0<a href=\"http:\/\/www.dfusionweb.biz\/letter-to-the-editor\/\" target=\"_blank\" rel=\"noopener\"><strong>here<\/strong><\/a>.<br \/>\n<strong>&gt;<\/strong> For an excerpt of Nobody&#8217;s Business see <a href=\"https:\/\/vimeo.com\/468500052\" target=\"_blank\" rel=\"noopener\">here<\/a>.<\/p>\n<hr \/>\n<h3>Cause of Death<\/h3>\n<p>Directed by <a href=\"https:\/\/blog.zhdk.ch\/zdok\/2023\/jyoti-mistry-2\/\">Jyoti Mistry<\/a>, 2020<br \/>\n&gt; Referat: <a href=\"https:\/\/blog.zhdk.ch\/zdok\/2023\/fabulating-documentary\/\">Fabulating Documentary<\/a><\/p>\n<p><a href=\"https:\/\/blog.zhdk.ch\/zdok\/files\/2023\/02\/cause-of-death.jpg\"><img loading=\"lazy\" decoding=\"async\" class=\"alignnone size-large wp-image-12502\" src=\"https:\/\/blog.zhdk.ch\/zdok\/files\/2023\/02\/cause-of-death-1240x923.jpg\" alt=\"\" width=\"960\" height=\"715\" srcset=\"https:\/\/blog.zhdk.ch\/zdok\/files\/2023\/02\/cause-of-death-1240x923.jpg 1240w, https:\/\/blog.zhdk.ch\/zdok\/files\/2023\/02\/cause-of-death-300x223.jpg 300w, https:\/\/blog.zhdk.ch\/zdok\/files\/2023\/02\/cause-of-death-768x572.jpg 768w, https:\/\/blog.zhdk.ch\/zdok\/files\/2023\/02\/cause-of-death-1536x1143.jpg 1536w, https:\/\/blog.zhdk.ch\/zdok\/files\/2023\/02\/cause-of-death-2048x1524.jpg 2048w\" sizes=\"auto, (max-width: 960px) 100vw, 960px\" \/><\/a><\/p>\n<p>\u201cA timeless and universal phenomenon: violence against women and femicide. Jyoti Mistry expresses her thoughts on the subject through archive material, mainly dating from the first three decades of the last century (from Eye Filmmuseum, Amsterdam). The violence is suggested in short, unrelenting animations that are intertwined or merge with the archive footage. In the background we hear a lament in spoken-word poetry: Cause of death is woman.\u201d <a href=\"https:\/\/www.idfa.nl\/en\/film\/d7612329-9084-4052-b421-974cff13666d\/cause-of-death\">IDFA 2020<\/a><\/p>\n<p><a href=\"https:\/\/vimeo.com\/456174669\" target=\"_blank\" rel=\"noopener\">&gt; Trailer<\/a><\/p>\n<hr \/>\n<h3>Yugoslavia, How Ideology Moved Our Collective Body<\/h3>\n<p>Directed by <a href=\"https:\/\/blog.zhdk.ch\/zdok\/2023\/marta-popivoda\/\">Marta Popivoda,<\/a> 2013<br \/>\n&gt; Referat: <a href=\"https:\/\/blog.zhdk.ch\/zdok\/2023\/between-memory\/\">Between Memory, History and Ideology<\/a><\/p>\n<div class=\"ttfmake-embed-wrapper aligncenter\" style=\"max-width: 960px;\"><iframe loading=\"lazy\" title=\"Yugoslavia, How Ideology Moved Our Collective Body - Trailer\" src=\"https:\/\/player.vimeo.com\/video\/76144935?h=d9250e68a7&amp;dnt=1&amp;app_id=122963\" width=\"960\" height=\"540\" frameborder=\"0\" allow=\"autoplay; fullscreen; picture-in-picture\" allowfullscreen><\/iframe><\/div>\n<p>\u201cUsing over 50 years of impressive archive images from socialist Yugoslavia, the film questions the representation of ideology in official mass rallies as well as in counter-demonstrations. We skim through the key chapters of the history of the country, a progressive model for the Eastern bloc, tinged with notions of fraternity and unity. Then we stop on Milo\u0161evi\u0107\u2019s speech in Kosovo, an event that marked the end of an era, the outbreak of war, the rise of nationalism and capitalism.<br \/>\nThe diverse choreographies of the people translate the socio-political climate and span history with intensity.\u201d <a href=\"https:\/\/www.visionsdureel.ch\/en\/film\/2018\/yugoslavia-how-ideology-moved-our-collective-body\/\">Vision du Reel, 2013<\/a><\/p>\n<p><a href=\"https:\/\/www.imdb.com\/title\/tt2733978\/\" target=\"_blank\" rel=\"noopener\">&gt; IMDB <\/a>| <a href=\"https:\/\/vimeo.com\/ondemand\/yugoslavia\" target=\"_blank\" rel=\"noopener\">&gt; VoD<\/a><\/p>\n<hr \/>\n<h3>Our Memory Belongs to Us<\/h3>\n<p>Directed by Rami Farah, 2021<br \/>\nResearch lead by <a href=\"https:\/\/blog.zhdk.ch\/zdok\/2023\/dima-saber\/\">Dima Saber<\/a><\/p>\n<p>&gt;Referat: <a href=\"https:\/\/blog.zhdk.ch\/zdok\/2023\/whose-stories-will-be-remembered\/\">Whose Stories will be Remembered?<\/a><\/p>\n<div class=\"ttfmake-embed-wrapper aligncenter\" style=\"max-width: 960px;\"><iframe loading=\"lazy\" title=\"Our Memory Belongs to Us - Trailer\" src=\"https:\/\/player.vimeo.com\/video\/540627814?h=2f0f8f4f5a&amp;dnt=1&amp;app_id=122963\" width=\"960\" height=\"540\" frameborder=\"0\" allow=\"autoplay; fullscreen; picture-in-picture\" allowfullscreen><\/iframe><\/div>\n<p>How do you survive? By forgetting or by remembering? This eternal question is still very alive for the three Syrian activists Yadan, Odai, and Rani. Before the war they were, respectively, a law student, a lover of literature, and a volleyball champion. In 2012, Yadan crossed the border into Jordan, carrying a hard disk containing more than 12,000 videos shot by himself and other citizen journalists in Daraa, the birthplace of the Syrian revolution. In this emotion-laden documentary, the old friends meet again in an empty theatre in Paris after a long period of separation. <a href=\"https:\/\/www.idfa.nl\/en\/film\/8961a4c7-76aa-4309-934c-2a8ef9a32f18\/our-memory-belongs-to-us\">IDFA 2021<\/a><\/p>\n<p><a href=\"https:\/\/vimeo.com\/ondemand\/ourmemorybelongstous\" target=\"_blank\" rel=\"noopener\">&gt; VoD<\/a><\/p>\n<hr class=\"ttfmake-hr\" style=\"border-style: solid;border-top-width: 1px\" \/>\n<p>&nbsp;<\/p>\n<h3><a href=\"https:\/\/blog.zhdk.ch\/zdok\/\">HOME<\/a> | <a href=\"https:\/\/blog.zhdk.ch\/zdok\/programm-zdok-23\/\">Programm<\/a> | <a href=\"https:\/\/blog.zhdk.ch\/zdok\/gaeste-2023\/\">G\u00e4ste<\/a> | <a href=\"https:\/\/blog.zhdk.ch\/zdok\/zeitplan-zdok-23\/\">ZEITPLAN<\/a> | <a href=\"https:\/\/blog.zhdk.ch\/zdok\/zdokinfo\/\">TICKETS<\/a><\/h3>\n","protected":false},"excerpt":{"rendered":"<p>An der Tagung werden die unten aufgelisteten Filme behandelt. Angemeldete Teilnehmer:innen k\u00f6nnen eine Auswahl vom 15.3. bis zum 26.3. kostenfrei streamen. The films listed below will be discussed at the conference. Registered participants can stream a selection free of charge from 15.3. to 26.3. &nbsp; A History Of The World According To Getty Images Written &hellip;<\/p>\n","protected":false},"author":6330,"featured_media":0,"parent":12294,"menu_order":0,"comment_status":"closed","ping_status":"closed","template":"","meta":{"footnotes":""},"class_list":["post-12484","page","type-page","status-publish","hentry"],"_links":{"self":[{"href":"https:\/\/blog.zhdk.ch\/zdok\/wp-json\/wp\/v2\/pages\/12484","targetHints":{"allow":["GET"]}}],"collection":[{"href":"https:\/\/blog.zhdk.ch\/zdok\/wp-json\/wp\/v2\/pages"}],"about":[{"href":"https:\/\/blog.zhdk.ch\/zdok\/wp-json\/wp\/v2\/types\/page"}],"author":[{"embeddable":true,"href":"https:\/\/blog.zhdk.ch\/zdok\/wp-json\/wp\/v2\/users\/6330"}],"replies":[{"embeddable":true,"href":"https:\/\/blog.zhdk.ch\/zdok\/wp-json\/wp\/v2\/comments?post=12484"}],"version-history":[{"count":36,"href":"https:\/\/blog.zhdk.ch\/zdok\/wp-json\/wp\/v2\/pages\/12484\/revisions"}],"predecessor-version":[{"id":13010,"href":"https:\/\/blog.zhdk.ch\/zdok\/wp-json\/wp\/v2\/pages\/12484\/revisions\/13010"}],"up":[{"embeddable":true,"href":"https:\/\/blog.zhdk.ch\/zdok\/wp-json\/wp\/v2\/pages\/12294"}],"wp:attachment":[{"href":"https:\/\/blog.zhdk.ch\/zdok\/wp-json\/wp\/v2\/media?parent=12484"}],"curies":[{"name":"wp","href":"https:\/\/api.w.org\/{rel}","templated":true}]}}