{"id":12683,"date":"2023-02-15T23:37:05","date_gmt":"2023-02-15T22:37:05","guid":{"rendered":"https:\/\/blog.zhdk.ch\/zdok\/?page_id=12683"},"modified":"2023-02-17T10:49:04","modified_gmt":"2023-02-17T09:49:04","slug":"gaeste-2023","status":"publish","type":"page","link":"https:\/\/blog.zhdk.ch\/zdok\/gaeste-2023\/","title":{"rendered":"G\u00e4ste 2023"},"content":{"rendered":"<hr class=\"ttfmake-hr\" style=\"border-style: solid;border-top-width: 1px\" \/>\n<h3><a href=\"https:\/\/blog.zhdk.ch\/zdok\/2023\/alan-berliner\/\"><img loading=\"lazy\" decoding=\"async\" class=\"wp-image-12687 size-thumbnail alignleft\" src=\"https:\/\/blog.zhdk.ch\/zdok\/files\/2023\/02\/Alan_Berliner_headshot_BW-1-150x150.jpg\" alt=\"\" width=\"150\" height=\"150\" srcset=\"https:\/\/blog.zhdk.ch\/zdok\/files\/2023\/02\/Alan_Berliner_headshot_BW-1-150x150.jpg 150w, https:\/\/blog.zhdk.ch\/zdok\/files\/2023\/02\/Alan_Berliner_headshot_BW-1-300x300.jpg 300w, https:\/\/blog.zhdk.ch\/zdok\/files\/2023\/02\/Alan_Berliner_headshot_BW-1-768x767.jpg 768w, https:\/\/blog.zhdk.ch\/zdok\/files\/2023\/02\/Alan_Berliner_headshot_BW-1.jpg 960w\" sizes=\"auto, (max-width: 150px) 100vw, 150px\" \/><\/a><a href=\"https:\/\/blog.zhdk.ch\/zdok\/2023\/alan-berliner\/\">Alan BERLINER<\/a><\/h3>\n<p>Filmemacher, Produzent, K\u00fcnstler, New York<\/p>\n<p>ZDOK.23-Beitrag:\u00a0&gt; <a href=\"https:\/\/blog.zhdk.ch\/zdok\/2023\/compilation-collage-counterpoint\/\">Compilation, Collage, Counterpoint<\/a>\u00a0| Donnerstag, 24. M\u00e4rz, 10:15h<\/p>\n<p>&gt; <a href=\"https:\/\/blog.zhdk.ch\/zdok\/2023\/alan-berliner\/\">mehr<\/a><\/p>\n<hr \/>\n<h3><a href=\"https:\/\/blog.zhdk.ch\/zdok\/2023\/monika-dommann\/\"><img loading=\"lazy\" decoding=\"async\" class=\"alignleft wp-image-12689 size-thumbnail\" src=\"https:\/\/blog.zhdk.ch\/zdok\/files\/2023\/02\/DommannSW-150x150.jpg\" alt=\"\" width=\"150\" height=\"150\" srcset=\"https:\/\/blog.zhdk.ch\/zdok\/files\/2023\/02\/DommannSW-150x150.jpg 150w, https:\/\/blog.zhdk.ch\/zdok\/files\/2023\/02\/DommannSW.jpg 300w\" sizes=\"auto, (max-width: 150px) 100vw, 150px\" \/><\/a><a href=\"https:\/\/blog.zhdk.ch\/zdok\/2023\/monika-dommann\/\">MONIKA DOMMANN<\/a><\/h3>\n<p>Historikerin, Universit\u00e4t Z\u00fcrich<\/p>\n<p>ZDOK.23-Beitrag:<a href=\"https:\/\/blog.zhdk.ch\/zdok\/2023\/geschichtsschreibung\/\"> &gt; Geschichtsschreibung am Schnittplatz<\/a> |<strong>\u00a0<\/strong>Freitag, 23. M\u00e4rz, 14:30h<\/p>\n<p>&gt; <a href=\"https:\/\/blog.zhdk.ch\/zdok\/2023\/monika-dommann\/\">mehr<\/a><\/p>\n<hr \/>\n<h3><a href=\"https:\/\/blog.zhdk.ch\/zdok\/2023\/magnus-gertten\/\"><img loading=\"lazy\" decoding=\"async\" class=\"alignleft wp-image-12691 size-thumbnail\" src=\"https:\/\/blog.zhdk.ch\/zdok\/files\/2023\/02\/Gertten-BW-150x150.jpg\" alt=\"\" width=\"150\" height=\"150\" srcset=\"https:\/\/blog.zhdk.ch\/zdok\/files\/2023\/02\/Gertten-BW-150x150.jpg 150w, https:\/\/blog.zhdk.ch\/zdok\/files\/2023\/02\/Gertten-BW-300x300.jpg 300w, https:\/\/blog.zhdk.ch\/zdok\/files\/2023\/02\/Gertten-BW.jpg 600w\" sizes=\"auto, (max-width: 150px) 100vw, 150px\" \/><\/a><a href=\"https:\/\/blog.zhdk.ch\/zdok\/2023\/magnus-gertten\/\">MAGnus Gertten<\/a><\/h3>\n<p>Filmemacher, Produzent, Schweden<\/p>\n<p>ZDOK.23-Beitrag:\u00a0<a href=\"https:\/\/blog.zhdk.ch\/zdok\/2023\/the-secrets-of-an-archive-film-reel\/\">&gt; The Secrets of an Archive Film Reel<\/a><b>\u00a0|\u00a0<\/b>Donnerstag, 23. M\u00e4rz, 14:30h<\/p>\n<p>&gt; <a href=\"https:\/\/blog.zhdk.ch\/zdok\/2023\/magnus-gertten\/\">mehr<\/a><\/p>\n<hr \/>\n<h3><a href=\"https:\/\/blog.zhdk.ch\/zdok\/2023\/giulia-giapponesi\/\"><img loading=\"lazy\" decoding=\"async\" class=\"alignleft wp-image-12701 size-thumbnail\" src=\"https:\/\/blog.zhdk.ch\/zdok\/files\/2023\/02\/Giapponesi_BW-150x150.jpg\" alt=\"\" width=\"150\" height=\"150\" srcset=\"https:\/\/blog.zhdk.ch\/zdok\/files\/2023\/02\/Giapponesi_BW-150x150.jpg 150w, https:\/\/blog.zhdk.ch\/zdok\/files\/2023\/02\/Giapponesi_BW-300x300.jpg 300w, https:\/\/blog.zhdk.ch\/zdok\/files\/2023\/02\/Giapponesi_BW.jpg 600w\" sizes=\"auto, (max-width: 150px) 100vw, 150px\" \/><\/a><a href=\"https:\/\/blog.zhdk.ch\/zdok\/2023\/giulia-giapponesi\/\">GIULIA Giapponesi<\/a><\/h3>\n<p>Filmemacherin, Italien<\/p>\n<p>ZDOK.23-Beitrag:\u00a0<a href=\"https:\/\/blog.zhdk.ch\/zdok\/2023\/discovering-hidden-origins\/\">&gt; Discovering Hidden Origins<\/a> \u00a0I \u00a0Donnerstag, 23. M\u00e4rz, 12:15h<\/p>\n<p>&gt; <a href=\"https:\/\/blog.zhdk.ch\/zdok\/2023\/giulia-giapponesi\/\">mehr<\/a><\/p>\n<hr \/>\n<h3><a href=\"https:\/\/blog.zhdk.ch\/zdok\/2023\/andreas-hoessli\/\"><img loading=\"lazy\" decoding=\"async\" class=\"alignleft wp-image-12705 size-thumbnail\" src=\"https:\/\/blog.zhdk.ch\/zdok\/files\/2023\/02\/Hoessli-150x150.jpeg\" alt=\"\" width=\"150\" height=\"150\" srcset=\"https:\/\/blog.zhdk.ch\/zdok\/files\/2023\/02\/Hoessli-150x150.jpeg 150w, https:\/\/blog.zhdk.ch\/zdok\/files\/2023\/02\/Hoessli-300x300.jpeg 300w, https:\/\/blog.zhdk.ch\/zdok\/files\/2023\/02\/Hoessli.jpeg 600w\" sizes=\"auto, (max-width: 150px) 100vw, 150px\" \/><\/a><a href=\"https:\/\/blog.zhdk.ch\/zdok\/2023\/andreas-hoessli\/\">ANDREAS HOESSLI<\/a><\/h3>\n<p>Filmemacher, Journalist, Z\u00fcrich<\/p>\n<p>ZDOK.23-Beitrag:\u00a0<a href=\"https:\/\/blog.zhdk.ch\/zdok\/2023\/was-ist-das-bild-was-ich\/\">&gt; Was ist das Bild, was ist (war) das Ich?<\/a>\u00a0| Freitag, 24. M\u00e4rz, 11:30h<\/p>\n<p>&gt; <a href=\"https:\/\/blog.zhdk.ch\/zdok\/2023\/andreas-hoessli\/\">mehr<\/a><\/p>\n<hr \/>\n<h3><a href=\"https:\/\/blog.zhdk.ch\/zdok\/2023\/dina-iordanova\/\"><img loading=\"lazy\" decoding=\"async\" class=\"alignleft wp-image-12707 size-thumbnail\" src=\"https:\/\/blog.zhdk.ch\/zdok\/files\/2023\/02\/Iordanova-150x150.png\" alt=\"\" width=\"150\" height=\"150\" srcset=\"https:\/\/blog.zhdk.ch\/zdok\/files\/2023\/02\/Iordanova-150x150.png 150w, https:\/\/blog.zhdk.ch\/zdok\/files\/2023\/02\/Iordanova-300x300.png 300w, https:\/\/blog.zhdk.ch\/zdok\/files\/2023\/02\/Iordanova.png 454w\" sizes=\"auto, (max-width: 150px) 100vw, 150px\" \/><\/a><a href=\"https:\/\/blog.zhdk.ch\/zdok\/2023\/dina-iordanova\/\">DINA Iordanova<\/a><\/h3>\n<p>Filmwissenschaftlerin,\u00a0University of St Andrews, Scotland<\/p>\n<p>ZDOK.23-Beitrag:\u00a0<a href=\"https:\/\/blog.zhdk.ch\/zdok\/2023\/integrating-eastern\/\">&gt; Integrating Eastern Europe&#8217;s Audiovisual Heritage<\/a>\u00a0| Donnerstag, 23. M\u00e4rz, 11:30h<strong><em><br \/>\n<\/em><\/strong><br \/>\n&gt; <a href=\"https:\/\/blog.zhdk.ch\/zdok\/2023\/dina-iordanova\/\">mehr<\/a><\/p>\n<hr \/>\n<h3><a href=\"https:\/\/blog.zhdk.ch\/zdok\/2023\/igor-ivanko\/\">IGOR IVANKO<\/a><a href=\"https:\/\/blog.zhdk.ch\/zdok\/2023\/igor-ivanko\/\"><img loading=\"lazy\" decoding=\"async\" class=\"alignleft wp-image-12711 size-thumbnail\" src=\"https:\/\/blog.zhdk.ch\/zdok\/files\/2023\/02\/Ivanko-director-150x150.jpeg\" alt=\"\" width=\"150\" height=\"150\" srcset=\"https:\/\/blog.zhdk.ch\/zdok\/files\/2023\/02\/Ivanko-director-150x150.jpeg 150w, https:\/\/blog.zhdk.ch\/zdok\/files\/2023\/02\/Ivanko-director-300x300.jpeg 300w, https:\/\/blog.zhdk.ch\/zdok\/files\/2023\/02\/Ivanko-director.jpeg 666w\" sizes=\"auto, (max-width: 150px) 100vw, 150px\" \/><\/a><\/h3>\n<p>Filmemacher, Produzent, Kameramann, Ukraine<\/p>\n<p>ZDOK.23-Beitrag:\u00a0<a href=\"https:\/\/blog.zhdk.ch\/zdok\/2023\/private-memories-collective-loss\/\">&gt; Private Memories, Collective Loss<\/a><strong>\u00a0|\u00a0<\/strong>Donnerstag, 23. M\u00e4rz, 16:30h<\/p>\n<p>&gt; <a href=\"https:\/\/blog.zhdk.ch\/zdok\/2023\/igor-ivanko\/\">mehr<\/a><\/p>\n<hr \/>\n<h3><a href=\"https:\/\/blog.zhdk.ch\/zdok\/2023\/richard-misek\/\">Richard \u00a0MISEK<\/a><a href=\"https:\/\/blog.zhdk.ch\/zdok\/2023\/richard-misek\/\"><img loading=\"lazy\" decoding=\"async\" class=\"alignleft wp-image-12719 size-thumbnail\" src=\"https:\/\/blog.zhdk.ch\/zdok\/files\/2023\/02\/Misek-1-150x150.jpeg\" alt=\"\" width=\"150\" height=\"150\" srcset=\"https:\/\/blog.zhdk.ch\/zdok\/files\/2023\/02\/Misek-1-150x150.jpeg 150w, https:\/\/blog.zhdk.ch\/zdok\/files\/2023\/02\/Misek-1-300x300.jpeg 300w, https:\/\/blog.zhdk.ch\/zdok\/files\/2023\/02\/Misek-1.jpeg 600w\" sizes=\"auto, (max-width: 150px) 100vw, 150px\" \/><\/a><\/h3>\n<p>Filmwissenschaftler, Filmemacher, Dozent, University of Kent, UK<\/p>\n<p>ZDOK.23-Beitrag:\u00a0<a href=\"https:\/\/blog.zhdk.ch\/zdok\/2023\/getty\/\">&gt; The World According to Getty Images<\/a> |\u00a0Donnerstag, 23. M\u00e4rz, 10:15h<\/p>\n<p>&gt; <a href=\"https:\/\/blog.zhdk.ch\/zdok\/2023\/richard-misek\/\">mehr<\/a><\/p>\n<hr \/>\n<h3><a href=\"https:\/\/blog.zhdk.ch\/zdok\/2023\/jyoti-mistry-2\/\"><img loading=\"lazy\" decoding=\"async\" class=\"alignleft wp-image-12723 size-thumbnail\" src=\"https:\/\/blog.zhdk.ch\/zdok\/files\/2023\/02\/Jyoti-Mistry-150x150.jpg\" alt=\"\" width=\"150\" height=\"150\" srcset=\"https:\/\/blog.zhdk.ch\/zdok\/files\/2023\/02\/Jyoti-Mistry-150x150.jpg 150w, https:\/\/blog.zhdk.ch\/zdok\/files\/2023\/02\/Jyoti-Mistry-300x300.jpg 300w, https:\/\/blog.zhdk.ch\/zdok\/files\/2023\/02\/Jyoti-Mistry.jpg 600w\" sizes=\"auto, (max-width: 150px) 100vw, 150px\" \/><\/a><a href=\"https:\/\/blog.zhdk.ch\/zdok\/2023\/jyoti-mistry-2\/\">JYOTI MISTRY<\/a><\/h3>\n<p>Filmwissenschaftlerin, Filmautorin<\/p>\n<p>ZDOK.23-Beitrag:<a href=\"https:\/\/blog.zhdk.ch\/zdok\/2023\/fabulating-documentary\/\">\u00a0&gt; Fabulating Documentary<\/a> | Freitag, 24. M\u00e4rz, 12:15h<\/p>\n<p>&gt; <a href=\"https:\/\/blog.zhdk.ch\/zdok\/2023\/jyoti-mistry-2\/\">mehr<\/a><\/p>\n<hr \/>\n<h3><a href=\"https:\/\/blog.zhdk.ch\/zdok\/2023\/marta-popivoda\/\"><img loading=\"lazy\" decoding=\"async\" class=\"alignleft wp-image-12727 size-thumbnail\" src=\"https:\/\/blog.zhdk.ch\/zdok\/files\/2023\/02\/Popivoda-150x150.jpg\" alt=\"\" width=\"150\" height=\"150\" srcset=\"https:\/\/blog.zhdk.ch\/zdok\/files\/2023\/02\/Popivoda-150x150.jpg 150w, https:\/\/blog.zhdk.ch\/zdok\/files\/2023\/02\/Popivoda-300x300.jpg 300w, https:\/\/blog.zhdk.ch\/zdok\/files\/2023\/02\/Popivoda.jpg 600w\" sizes=\"auto, (max-width: 150px) 100vw, 150px\" \/><\/a><a href=\"https:\/\/blog.zhdk.ch\/zdok\/2023\/marta-popivoda\/\">Marta Popivoda<\/a><\/h3>\n<p>Filmemacherin, Serbien \/ Deutschland<\/p>\n<p>ZDOK.23-Beitrag:\u00a0<a href=\"https:\/\/blog.zhdk.ch\/zdok\/2023\/between-memory\/\">&gt; Between Memory, History and Ideology<\/a><strong>\u00a0|<\/strong> Freitag, 24. M\u00e4rz, 15:15h<\/p>\n<p>&gt; <a href=\"https:\/\/blog.zhdk.ch\/zdok\/2023\/marta-popivoda\/\">mehr<\/a><\/p>\n<hr \/>\n<h3><a href=\"https:\/\/blog.zhdk.ch\/zdok\/2023\/dima-saber\/\"><img loading=\"lazy\" decoding=\"async\" class=\"alignleft wp-image-12777 size-thumbnail\" src=\"https:\/\/blog.zhdk.ch\/zdok\/files\/2023\/02\/Dima_Saber-150x150.jpg\" alt=\"\" width=\"150\" height=\"150\" srcset=\"https:\/\/blog.zhdk.ch\/zdok\/files\/2023\/02\/Dima_Saber-150x150.jpg 150w, https:\/\/blog.zhdk.ch\/zdok\/files\/2023\/02\/Dima_Saber-300x300.jpg 300w, https:\/\/blog.zhdk.ch\/zdok\/files\/2023\/02\/Dima_Saber.jpg 600w\" sizes=\"auto, (max-width: 150px) 100vw, 150px\" \/><\/a><a href=\"https:\/\/blog.zhdk.ch\/zdok\/2023\/dima-saber\/\">Dima SaBEr<\/a><\/h3>\n<p>Filmarchiv-Forscherin, Birmingham, UK<\/p>\n<p>DOK.23-Beitrag:\u00a0<a href=\"https:\/\/blog.zhdk.ch\/zdok\/2023\/whose-stories-will-be-remembered\/\">&gt; Whose Stories will be Remembered?<\/a><a href=\"https:\/\/blog.zhdk.ch\/zdok\/2023\/podium-1\/\"><strong>\u00a0<\/strong><\/a>|\u00a0Freitag, 24. M\u00e4rz, 16:30h<\/p>\n<p>&gt; <a href=\"https:\/\/blog.zhdk.ch\/zdok\/2023\/dima-saber\/\">mehr<\/a><\/p>\n<hr \/>\n<h3><a href=\"https:\/\/blog.zhdk.ch\/zdok\/2023\/anka-schmid\/\"><img loading=\"lazy\" decoding=\"async\" class=\"alignleft wp-image-12839 size-thumbnail\" src=\"https:\/\/blog.zhdk.ch\/zdok\/files\/2023\/02\/anka-schmid-150x150.jpeg\" alt=\"\" width=\"150\" height=\"150\" srcset=\"https:\/\/blog.zhdk.ch\/zdok\/files\/2023\/02\/anka-schmid-150x150.jpeg 150w, https:\/\/blog.zhdk.ch\/zdok\/files\/2023\/02\/anka-schmid-300x300.jpeg 300w, https:\/\/blog.zhdk.ch\/zdok\/files\/2023\/02\/anka-schmid.jpeg 600w\" sizes=\"auto, (max-width: 150px) 100vw, 150px\" \/><\/a><a href=\"https:\/\/blog.zhdk.ch\/zdok\/2023\/anka-schmid\/\">ANKA SCHMID<\/a><\/h3>\n<p>Filmemacherin, K\u00fcnstlerin, Z\u00fcrich<\/p>\n<p>DOK.23-Beitrag:\u00a0&gt;\u00a0<a href=\"https:\/\/blog.zhdk.ch\/zdok\/2023\/podium-1\/\"><strong>Teilnehmerin<\/strong>\u00a0<strong>Podiumsdiskussion I <\/strong><\/a>| Donnerstag, 23. M\u00e4rz, 17:15h<\/p>\n<p>&gt; <a href=\"https:\/\/blog.zhdk.ch\/zdok\/2023\/anka-schmid\/\">mehr<\/a><\/p>\n<hr \/>\n<h3><a href=\"https:\/\/blog.zhdk.ch\/zdok\/2023\/luzia-schmid\/\"><img loading=\"lazy\" decoding=\"async\" class=\"alignleft wp-image-12733 size-thumbnail\" src=\"https:\/\/blog.zhdk.ch\/zdok\/files\/2023\/02\/Schmid_Luzia_BW-150x150.jpg\" alt=\"\" width=\"150\" height=\"150\" srcset=\"https:\/\/blog.zhdk.ch\/zdok\/files\/2023\/02\/Schmid_Luzia_BW-150x150.jpg 150w, https:\/\/blog.zhdk.ch\/zdok\/files\/2023\/02\/Schmid_Luzia_BW-300x300.jpg 300w, https:\/\/blog.zhdk.ch\/zdok\/files\/2023\/02\/Schmid_Luzia_BW-768x768.jpg 768w, https:\/\/blog.zhdk.ch\/zdok\/files\/2023\/02\/Schmid_Luzia_BW.jpg 792w\" sizes=\"auto, (max-width: 150px) 100vw, 150px\" \/><\/a><a href=\"https:\/\/blog.zhdk.ch\/zdok\/2023\/luzia-schmid\/\">LUZIA SCHMID<\/a><\/h3>\n<p>Filmemacherin, K\u00f6ln<\/p>\n<p>DOK.23-Beitrag: &gt;\u00a0<a href=\"https:\/\/blog.zhdk.ch\/zdok\/2023\/podium-1\/\"><strong>Teilnehmerin<\/strong>\u00a0<strong>Podiumsdiskussion I <\/strong><\/a>| Donnerstag, 23. M\u00e4rz, 17:15h<\/p>\n<p>&gt; <a href=\"https:\/\/blog.zhdk.ch\/zdok\/2023\/luzia-schmid\/\">mehr<\/a><\/p>\n<hr \/>\n<h3><a href=\"https:\/\/blog.zhdk.ch\/zdok\/2021\/maurizius-staerkle-drux-2\/\"><img loading=\"lazy\" decoding=\"async\" class=\"alignleft wp-image-12779 size-thumbnail\" src=\"https:\/\/blog.zhdk.ch\/zdok\/files\/2023\/02\/Maurizius_BW-150x150.jpeg\" alt=\"\" width=\"150\" height=\"150\" srcset=\"https:\/\/blog.zhdk.ch\/zdok\/files\/2023\/02\/Maurizius_BW-150x150.jpeg 150w, https:\/\/blog.zhdk.ch\/zdok\/files\/2023\/02\/Maurizius_BW-300x300.jpeg 300w, https:\/\/blog.zhdk.ch\/zdok\/files\/2023\/02\/Maurizius_BW.jpeg 600w\" sizes=\"auto, (max-width: 150px) 100vw, 150px\" \/><\/a><a href=\"https:\/\/blog.zhdk.ch\/zdok\/2021\/maurizius-staerkle-drux-2\/\">Maurizius Staerkle Drux<\/a><\/h3>\n<p>Filmemacher, Sound-Designer, Z\u00fcrich<\/p>\n<p>ZDOK.23-Beitrag: <a href=\"https:\/\/blog.zhdk.ch\/zdok\/2023\/get-back-to-being-there\/\">&gt;\u00a0Get Back to Being There<\/a> <a href=\"https:\/\/blog.zhdk.ch\/zdok\/2023\/podium-1\/\"><strong>\u00a0<\/strong><\/a>|\u00a0Freitag, 24. M\u00e4rz, 09:30h<strong><br \/>\n<\/strong><span style=\"font-size: 1.5rem\"><br \/>\n&gt; <a href=\"https:\/\/blog.zhdk.ch\/zdok\/2021\/maurizius-staerkle-drux-2\/\">mehr<\/a><\/span><\/p>\n<hr \/>\n<h3><a href=\"https:\/\/blog.zhdk.ch\/zdok\/2023\/ursula-von-keitz\/\"><img loading=\"lazy\" decoding=\"async\" class=\"alignleft wp-image-12735 size-thumbnail\" src=\"https:\/\/blog.zhdk.ch\/zdok\/files\/2023\/02\/VonKeitz-150x150.jpg\" alt=\"\" width=\"150\" height=\"150\" srcset=\"https:\/\/blog.zhdk.ch\/zdok\/files\/2023\/02\/VonKeitz-150x150.jpg 150w, https:\/\/blog.zhdk.ch\/zdok\/files\/2023\/02\/VonKeitz-300x300.jpg 300w, https:\/\/blog.zhdk.ch\/zdok\/files\/2023\/02\/VonKeitz.jpg 600w\" sizes=\"auto, (max-width: 150px) 100vw, 150px\" \/><\/a><a href=\"https:\/\/blog.zhdk.ch\/zdok\/2023\/ursula-von-keitz\/\">URsula von keitz<\/a><\/h3>\n<p>Filmwissenschaftlerin, Filmuniversit\u00e4t Potsdam-Babelsberg<\/p>\n<p>ZDOK.23-Beitrag:\u00a0<a href=\"https:\/\/blog.zhdk.ch\/zdok\/2023\/holocaust\/\">&gt; Der dokumentarische Zugang zum Holocaust<\/a> | Donnerstag, 23. M\u00e4rz, 15:15h\u00a0 \u00a0<strong><br \/>\n<\/strong><span style=\"font-size: 1.5rem\"><br \/>\n&gt; <a href=\"https:\/\/blog.zhdk.ch\/zdok\/2023\/ursula-von-keitz\/\">mehr<\/a><\/span><\/p>\n<hr \/>\n<h3><\/h3>\n<p>&nbsp;<\/p>\n<h4><strong><a href=\"https:\/\/blog.zhdk.ch\/zdok\/\">&gt; HOME<\/a><\/strong> \u00a0 | \u00a0<strong> <a href=\"https:\/\/blog.zhdk.ch\/zdok\/zdok-23\/filme-zdok-23\/\">&gt; FILME<\/a>\u00a0<\/strong> \u00a0 | \u00a0<a href=\"https:\/\/blog.zhdk.ch\/zdok\/programm-zdok-23\/\"><strong> &gt; \u00a0PROGRAMM<\/strong> <\/a>\u00a0 | \u00a0 <a href=\"https:\/\/blog.zhdk.ch\/zdok\/zdokinfo\/\"><strong>&gt; TICKETS<\/strong><\/a><\/h4>\n","protected":false},"excerpt":{"rendered":"<p>Alan BERLINER Filmemacher, Produzent, K\u00fcnstler, New York ZDOK.23-Beitrag:\u00a0&gt; Compilation, Collage, Counterpoint\u00a0| Donnerstag, 24. M\u00e4rz, 10:15h &gt; mehr MONIKA DOMMANN Historikerin, Universit\u00e4t Z\u00fcrich ZDOK.23-Beitrag: &gt; Geschichtsschreibung am Schnittplatz |\u00a0Freitag, 23. M\u00e4rz, 14:30h &gt; mehr MAGnus Gertten Filmemacher, Produzent, Schweden ZDOK.23-Beitrag:\u00a0&gt; The Secrets of an Archive Film Reel\u00a0|\u00a0Donnerstag, 23. M\u00e4rz, 14:30h &gt; mehr GIULIA Giapponesi Filmemacherin, Italien &hellip;<\/p>\n","protected":false},"author":3673,"featured_media":0,"parent":0,"menu_order":0,"comment_status":"closed","ping_status":"closed","template":"","meta":{"footnotes":""},"class_list":["post-12683","page","type-page","status-publish","hentry"],"_links":{"self":[{"href":"https:\/\/blog.zhdk.ch\/zdok\/wp-json\/wp\/v2\/pages\/12683","targetHints":{"allow":["GET"]}}],"collection":[{"href":"https:\/\/blog.zhdk.ch\/zdok\/wp-json\/wp\/v2\/pages"}],"about":[{"href":"https:\/\/blog.zhdk.ch\/zdok\/wp-json\/wp\/v2\/types\/page"}],"author":[{"embeddable":true,"href":"https:\/\/blog.zhdk.ch\/zdok\/wp-json\/wp\/v2\/users\/3673"}],"replies":[{"embeddable":true,"href":"https:\/\/blog.zhdk.ch\/zdok\/wp-json\/wp\/v2\/comments?post=12683"}],"version-history":[{"count":32,"href":"https:\/\/blog.zhdk.ch\/zdok\/wp-json\/wp\/v2\/pages\/12683\/revisions"}],"predecessor-version":[{"id":12963,"href":"https:\/\/blog.zhdk.ch\/zdok\/wp-json\/wp\/v2\/pages\/12683\/revisions\/12963"}],"wp:attachment":[{"href":"https:\/\/blog.zhdk.ch\/zdok\/wp-json\/wp\/v2\/media?parent=12683"}],"curies":[{"name":"wp","href":"https:\/\/api.w.org\/{rel}","templated":true}]}}