{"id":13139,"date":"2023-08-28T13:49:43","date_gmt":"2023-08-28T11:49:43","guid":{"rendered":"https:\/\/blog.zhdk.ch\/zdok\/?page_id=13139"},"modified":"2026-03-09T13:19:42","modified_gmt":"2026-03-09T12:19:42","slug":"zdok-23","status":"publish","type":"page","link":"https:\/\/blog.zhdk.ch\/zdok\/zdok-bisher\/zdok-23\/","title":{"rendered":"ZDOK.23"},"content":{"rendered":"<p><a href=\"https:\/\/blog.zhdk.ch\/zdok\/files\/2023\/08\/zdok23_1920_1080.jpg\"><img loading=\"lazy\" decoding=\"async\" class=\"alignnone wp-image-13141\" src=\"https:\/\/blog.zhdk.ch\/zdok\/files\/2023\/08\/zdok23_1920_1080-300x169.jpg\" alt=\"\" width=\"904\" height=\"509\" srcset=\"https:\/\/blog.zhdk.ch\/zdok\/files\/2023\/08\/zdok23_1920_1080-300x169.jpg 300w, https:\/\/blog.zhdk.ch\/zdok\/files\/2023\/08\/zdok23_1920_1080-1240x698.jpg 1240w, https:\/\/blog.zhdk.ch\/zdok\/files\/2023\/08\/zdok23_1920_1080-768x432.jpg 768w, https:\/\/blog.zhdk.ch\/zdok\/files\/2023\/08\/zdok23_1920_1080-1536x864.jpg 1536w, https:\/\/blog.zhdk.ch\/zdok\/files\/2023\/08\/zdok23_1920_1080.jpg 1920w\" sizes=\"auto, (max-width: 904px) 100vw, 904px\" \/><\/a><\/p>\n<h4>REALITY, SECOND HAND. Archivmaterial und Found Footage im Dokumentarfilm.<\/h4>\n<h4>Die Arbeit mit Archivmaterial ist \u00e4sthetisch, ethisch und politisch herausfordernd. Anhand aktueller Filmbeispiele und vielf\u00e4ltigen Diskussionen bot die Dokumentarfilmtagung ZDOK.23 Ende M\u00e4rz eine Auseinandersetzung mit Filmschaffenden und -forschenden. ZDOK f\u00f6rdert damit den Diskurs \u00fcber filmgestalterische Positionen im Umgang mit Archiv.<\/h4>\n<pre>ZDOK.23 fand am <strong>Donnerstag, 23. und Freitag, 24. M\u00e4rz 2023<\/strong>, auf der B\u00fchne A in der Gessnerallee\r\n der Z\u00fcrcher Hochschule der K\u00fcnste (ZHdK) in Z\u00fcrich statt.<\/pre>\n<div class=\"mceTemp\"><\/div>\n<hr \/>\n<h3>Donnerstag, \u00a023. M\u00e4rz<\/h3>\n<h4>Begr\u00fcssung und Einleitung<\/h4>\n<figure id=\"attachment_13151\" aria-describedby=\"caption-attachment-13151\" style=\"width: 370px\" class=\"wp-caption alignnone\"><a href=\"https:\/\/blog.zhdk.ch\/zdok\/files\/2023\/08\/Bildschirmfoto-2023-08-28-um-14.43.18.png\"><img loading=\"lazy\" decoding=\"async\" class=\" wp-image-13151\" src=\"https:\/\/blog.zhdk.ch\/zdok\/files\/2023\/08\/Bildschirmfoto-2023-08-28-um-14.43.18-300x167.png\" alt=\"\" width=\"370\" height=\"206\" srcset=\"https:\/\/blog.zhdk.ch\/zdok\/files\/2023\/08\/Bildschirmfoto-2023-08-28-um-14.43.18-300x167.png 300w, https:\/\/blog.zhdk.ch\/zdok\/files\/2023\/08\/Bildschirmfoto-2023-08-28-um-14.43.18-1240x688.png 1240w, https:\/\/blog.zhdk.ch\/zdok\/files\/2023\/08\/Bildschirmfoto-2023-08-28-um-14.43.18-768x426.png 768w, https:\/\/blog.zhdk.ch\/zdok\/files\/2023\/08\/Bildschirmfoto-2023-08-28-um-14.43.18-1536x853.png 1536w, https:\/\/blog.zhdk.ch\/zdok\/files\/2023\/08\/Bildschirmfoto-2023-08-28-um-14.43.18.png 1902w\" sizes=\"auto, (max-width: 370px) 100vw, 370px\" \/><\/a><figcaption id=\"caption-attachment-13151\" class=\"wp-caption-text\">Sabine Gisiger (Foto: Luca Mengisen \/ \u00a9 ZHdK)<\/figcaption><\/figure>\n<p><a href=\"https:\/\/blog.zhdk.ch\/zdok\/2022\/sabine-gisiger-en\/\">Sabine Gisiger<\/a> | <a href=\"https:\/\/blog.zhdk.ch\/zdok\/2023\/video-begruessung\/\">Video<\/a><\/p>\n<hr \/>\n<h4><a href=\"https:\/\/blog.zhdk.ch\/zdok\/2023\/die-bilder-der-anderen\/\">Die Bilder der Anderen<\/a><\/h4>\n<figure id=\"attachment_13342\" aria-describedby=\"caption-attachment-13342\" style=\"width: 374px\" class=\"wp-caption alignnone\"><a href=\"https:\/\/blog.zhdk.ch\/zdok\/files\/2023\/10\/DSCF3682-scaled.jpg\"><img loading=\"lazy\" decoding=\"async\" class=\" wp-image-13342\" src=\"https:\/\/blog.zhdk.ch\/zdok\/files\/2023\/10\/DSCF3682-300x179.jpg\" alt=\"\" width=\"374\" height=\"223\" srcset=\"https:\/\/blog.zhdk.ch\/zdok\/files\/2023\/10\/DSCF3682-300x179.jpg 300w, https:\/\/blog.zhdk.ch\/zdok\/files\/2023\/10\/DSCF3682-1240x740.jpg 1240w, https:\/\/blog.zhdk.ch\/zdok\/files\/2023\/10\/DSCF3682-768x458.jpg 768w, https:\/\/blog.zhdk.ch\/zdok\/files\/2023\/10\/DSCF3682-1536x917.jpg 1536w, https:\/\/blog.zhdk.ch\/zdok\/files\/2023\/10\/DSCF3682-2048x1222.jpg 2048w\" sizes=\"auto, (max-width: 374px) 100vw, 374px\" \/><\/a><figcaption id=\"caption-attachment-13342\" class=\"wp-caption-text\">Christian Iseli (Foto: Juan Pablo Salazar \/ \u00a9 ZHdK)<\/figcaption><\/figure>\n<p><a href=\"https:\/\/blog.zhdk.ch\/zdok\/2023\/christian-iseli-4\/\">Christian Iseli<\/a> \u0399 <a href=\"https:\/\/blog.zhdk.ch\/zdok\/2023\/video-die-bilder-der-anderen\/\"><strong>Video<\/strong><\/a><\/p>\n<hr \/>\n<h4><a href=\"https:\/\/blog.zhdk.ch\/zdok\/2023\/getty\/\">The World According To Getty Images<\/a><\/h4>\n<figure id=\"attachment_13344\" aria-describedby=\"caption-attachment-13344\" style=\"width: 369px\" class=\"wp-caption alignnone\"><a href=\"https:\/\/blog.zhdk.ch\/zdok\/files\/2023\/10\/DSCF3843-scaled.jpg\"><img loading=\"lazy\" decoding=\"async\" class=\" wp-image-13344\" src=\"https:\/\/blog.zhdk.ch\/zdok\/files\/2023\/10\/DSCF3843-300x200.jpg\" alt=\"\" width=\"369\" height=\"246\" srcset=\"https:\/\/blog.zhdk.ch\/zdok\/files\/2023\/10\/DSCF3843-300x200.jpg 300w, https:\/\/blog.zhdk.ch\/zdok\/files\/2023\/10\/DSCF3843-1240x827.jpg 1240w, https:\/\/blog.zhdk.ch\/zdok\/files\/2023\/10\/DSCF3843-768x512.jpg 768w, https:\/\/blog.zhdk.ch\/zdok\/files\/2023\/10\/DSCF3843-1536x1024.jpg 1536w, https:\/\/blog.zhdk.ch\/zdok\/files\/2023\/10\/DSCF3843-2048x1365.jpg 2048w\" sizes=\"auto, (max-width: 369px) 100vw, 369px\" \/><\/a><figcaption id=\"caption-attachment-13344\" class=\"wp-caption-text\">Richard Misek (Foto: Juan Pablo Salazar \/ \u00a9 ZHdK)<\/figcaption><\/figure>\n<p><a href=\"https:\/\/blog.zhdk.ch\/zdok\/2023\/richard-misek\/\">Richard Misek<\/a> | <a href=\"https:\/\/blog.zhdk.ch\/zdok\/2023\/video-getty\/\"><strong>Video<\/strong><\/a><\/p>\n<hr \/>\n<h4><a href=\"https:\/\/blog.zhdk.ch\/zdok\/2023\/integrating-eastern\/\">Integrating Eastern Europe&#8217;s Audiovisual Heritage<\/a><\/h4>\n<figure id=\"attachment_13348\" aria-describedby=\"caption-attachment-13348\" style=\"width: 369px\" class=\"wp-caption alignnone\"><a href=\"https:\/\/blog.zhdk.ch\/zdok\/files\/2023\/10\/DSCF3885-scaled.jpg\"><img loading=\"lazy\" decoding=\"async\" class=\" wp-image-13348\" src=\"https:\/\/blog.zhdk.ch\/zdok\/files\/2023\/10\/DSCF3885-300x200.jpg\" alt=\"\" width=\"369\" height=\"246\" srcset=\"https:\/\/blog.zhdk.ch\/zdok\/files\/2023\/10\/DSCF3885-300x200.jpg 300w, https:\/\/blog.zhdk.ch\/zdok\/files\/2023\/10\/DSCF3885-1240x827.jpg 1240w, https:\/\/blog.zhdk.ch\/zdok\/files\/2023\/10\/DSCF3885-768x512.jpg 768w, https:\/\/blog.zhdk.ch\/zdok\/files\/2023\/10\/DSCF3885-1536x1024.jpg 1536w, https:\/\/blog.zhdk.ch\/zdok\/files\/2023\/10\/DSCF3885-2048x1365.jpg 2048w\" sizes=\"auto, (max-width: 369px) 100vw, 369px\" \/><\/a><figcaption id=\"caption-attachment-13348\" class=\"wp-caption-text\">Dina Iordanova (Foto: Juan Pablo Salazar \/ \u00a9 ZHdK)<\/figcaption><\/figure>\n<p><a href=\"https:\/\/blog.zhdk.ch\/zdok\/2023\/dina-iordanova\/\">Dina Iordanova<\/a> | <a href=\"https:\/\/blog.zhdk.ch\/zdok\/2023\/video-eastern-eu\/\"><strong>Video<\/strong><\/a><\/p>\n<hr \/>\n<h4><strong><a href=\"https:\/\/blog.zhdk.ch\/zdok\/2023\/discovering-hidden-origins\/\">Discovering Hidden Origins<\/a><\/strong><\/h4>\n<figure id=\"attachment_13354\" aria-describedby=\"caption-attachment-13354\" style=\"width: 369px\" class=\"wp-caption alignnone\"><a href=\"https:\/\/blog.zhdk.ch\/zdok\/files\/2023\/10\/DSCF4008-scaled.jpg\"><img loading=\"lazy\" decoding=\"async\" class=\" wp-image-13354\" src=\"https:\/\/blog.zhdk.ch\/zdok\/files\/2023\/10\/DSCF4008-300x200.jpg\" alt=\"\" width=\"369\" height=\"246\" srcset=\"https:\/\/blog.zhdk.ch\/zdok\/files\/2023\/10\/DSCF4008-300x200.jpg 300w, https:\/\/blog.zhdk.ch\/zdok\/files\/2023\/10\/DSCF4008-1240x827.jpg 1240w, https:\/\/blog.zhdk.ch\/zdok\/files\/2023\/10\/DSCF4008-768x512.jpg 768w, https:\/\/blog.zhdk.ch\/zdok\/files\/2023\/10\/DSCF4008-1536x1024.jpg 1536w, https:\/\/blog.zhdk.ch\/zdok\/files\/2023\/10\/DSCF4008-2048x1365.jpg 2048w\" sizes=\"auto, (max-width: 369px) 100vw, 369px\" \/><\/a><figcaption id=\"caption-attachment-13354\" class=\"wp-caption-text\">Giulia Giapponesi (Foto: Juan Pablo Salazar \/ \u00a9 ZHdK)<\/figcaption><\/figure>\n<p><strong><a href=\"https:\/\/blog.zhdk.ch\/zdok\/2023\/giulia-giapponesi\/\">Giulia Giapponesi<\/a> | <a href=\"https:\/\/blog.zhdk.ch\/zdok\/2023\/video-hidden-origins\/\">Video<\/a><\/strong><\/p>\n<hr \/>\n<h4><strong><a href=\"https:\/\/blog.zhdk.ch\/zdok\/2023\/the-secrets-of-an-archive-film-reel\/\">The Secrets of an Archive Film Reel<\/a><\/strong><\/h4>\n<figure id=\"attachment_13358\" aria-describedby=\"caption-attachment-13358\" style=\"width: 369px\" class=\"wp-caption alignnone\"><a href=\"https:\/\/blog.zhdk.ch\/zdok\/files\/2023\/10\/DSCF4145-scaled.jpg\"><img loading=\"lazy\" decoding=\"async\" class=\" wp-image-13358\" src=\"https:\/\/blog.zhdk.ch\/zdok\/files\/2023\/10\/DSCF4145-300x200.jpg\" alt=\"\" width=\"369\" height=\"246\" srcset=\"https:\/\/blog.zhdk.ch\/zdok\/files\/2023\/10\/DSCF4145-300x200.jpg 300w, https:\/\/blog.zhdk.ch\/zdok\/files\/2023\/10\/DSCF4145-1240x827.jpg 1240w, https:\/\/blog.zhdk.ch\/zdok\/files\/2023\/10\/DSCF4145-768x512.jpg 768w, https:\/\/blog.zhdk.ch\/zdok\/files\/2023\/10\/DSCF4145-1536x1024.jpg 1536w, https:\/\/blog.zhdk.ch\/zdok\/files\/2023\/10\/DSCF4145-2048x1365.jpg 2048w\" sizes=\"auto, (max-width: 369px) 100vw, 369px\" \/><\/a><figcaption id=\"caption-attachment-13358\" class=\"wp-caption-text\">Magnus Gertten (Foto: Juan Pablo Salazar \/ \u00a9 ZHdK)<\/figcaption><\/figure>\n<p><strong><a href=\"https:\/\/blog.zhdk.ch\/zdok\/2023\/magnus-gertten\/\">Magnus Gertten<\/a> | <a href=\"https:\/\/blog.zhdk.ch\/zdok\/2023\/video-secrets-archive\/\">Video<\/a><\/strong><\/p>\n<hr \/>\n<h4><strong><a href=\"https:\/\/blog.zhdk.ch\/zdok\/2023\/holocaust\/\">Der dokumentarische Zugang zum Holocaust<\/a><\/strong><\/h4>\n<figure id=\"attachment_13362\" aria-describedby=\"caption-attachment-13362\" style=\"width: 369px\" class=\"wp-caption alignnone\"><a href=\"https:\/\/blog.zhdk.ch\/zdok\/files\/2023\/10\/DSCF4215-scaled.jpg\"><img loading=\"lazy\" decoding=\"async\" class=\" wp-image-13362\" src=\"https:\/\/blog.zhdk.ch\/zdok\/files\/2023\/10\/DSCF4215-300x200.jpg\" alt=\"\" width=\"369\" height=\"246\" srcset=\"https:\/\/blog.zhdk.ch\/zdok\/files\/2023\/10\/DSCF4215-300x200.jpg 300w, https:\/\/blog.zhdk.ch\/zdok\/files\/2023\/10\/DSCF4215-1240x827.jpg 1240w, https:\/\/blog.zhdk.ch\/zdok\/files\/2023\/10\/DSCF4215-768x512.jpg 768w, https:\/\/blog.zhdk.ch\/zdok\/files\/2023\/10\/DSCF4215-1536x1024.jpg 1536w, https:\/\/blog.zhdk.ch\/zdok\/files\/2023\/10\/DSCF4215-2048x1365.jpg 2048w\" sizes=\"auto, (max-width: 369px) 100vw, 369px\" \/><\/a><figcaption id=\"caption-attachment-13362\" class=\"wp-caption-text\">Ursula von Keitz (Foto: Juan Pablo Salazar \/ \u00a9 ZHdK)<\/figcaption><\/figure>\n<p><strong><a href=\"https:\/\/blog.zhdk.ch\/zdok\/2023\/ursula-von-keitz\/\">Ursula von Keitz<\/a> | <a href=\"https:\/\/blog.zhdk.ch\/zdok\/2023\/video-holocaust\/\">Video<\/a><\/strong><\/p>\n<hr \/>\n<h4><strong><a href=\"https:\/\/blog.zhdk.ch\/zdok\/2023\/private-memories-collective-loss\/\">Private Memories, Collective Loss\u00a0<\/a> <\/strong><\/h4>\n<figure id=\"attachment_13368\" aria-describedby=\"caption-attachment-13368\" style=\"width: 369px\" class=\"wp-caption alignnone\"><a href=\"https:\/\/blog.zhdk.ch\/zdok\/files\/2023\/10\/DSCF4369-scaled.jpg\"><img loading=\"lazy\" decoding=\"async\" class=\" wp-image-13368\" src=\"https:\/\/blog.zhdk.ch\/zdok\/files\/2023\/10\/DSCF4369-300x200.jpg\" alt=\"\" width=\"369\" height=\"246\" srcset=\"https:\/\/blog.zhdk.ch\/zdok\/files\/2023\/10\/DSCF4369-300x200.jpg 300w, https:\/\/blog.zhdk.ch\/zdok\/files\/2023\/10\/DSCF4369-1240x827.jpg 1240w, https:\/\/blog.zhdk.ch\/zdok\/files\/2023\/10\/DSCF4369-768x512.jpg 768w, https:\/\/blog.zhdk.ch\/zdok\/files\/2023\/10\/DSCF4369-1536x1024.jpg 1536w, https:\/\/blog.zhdk.ch\/zdok\/files\/2023\/10\/DSCF4369-2048x1365.jpg 2048w\" sizes=\"auto, (max-width: 369px) 100vw, 369px\" \/><\/a><figcaption id=\"caption-attachment-13368\" class=\"wp-caption-text\">Igor Ivanko (Foto: Juan Pablo Salazar \/ \u00a9 ZHdK)<\/figcaption><\/figure>\n<p><strong><a href=\"https:\/\/blog.zhdk.ch\/zdok\/2023\/igor-ivanko\/\">Igor Ivanko<\/a> | <a href=\"https:\/\/blog.zhdk.ch\/zdok\/2023\/video-private-memories\/\">Video<\/a><\/strong><\/p>\n<hr \/>\n<h4><strong>Podiumsdiskussion I | <a href=\"https:\/\/blog.zhdk.ch\/zdok\/2023\/podium-1\/\">Weiblicher Blick, m\u00e4nnliches Archiv<\/a><\/strong><\/h4>\n<figure id=\"attachment_13374\" aria-describedby=\"caption-attachment-13374\" style=\"width: 369px\" class=\"wp-caption alignnone\"><a href=\"https:\/\/blog.zhdk.ch\/zdok\/files\/2023\/10\/DSCF4467-scaled.jpg\"><img loading=\"lazy\" decoding=\"async\" class=\" wp-image-13374\" src=\"https:\/\/blog.zhdk.ch\/zdok\/files\/2023\/10\/DSCF4467-300x200.jpg\" alt=\"\" width=\"369\" height=\"246\" srcset=\"https:\/\/blog.zhdk.ch\/zdok\/files\/2023\/10\/DSCF4467-300x200.jpg 300w, https:\/\/blog.zhdk.ch\/zdok\/files\/2023\/10\/DSCF4467-1240x827.jpg 1240w, https:\/\/blog.zhdk.ch\/zdok\/files\/2023\/10\/DSCF4467-768x512.jpg 768w, https:\/\/blog.zhdk.ch\/zdok\/files\/2023\/10\/DSCF4467-1536x1024.jpg 1536w, https:\/\/blog.zhdk.ch\/zdok\/files\/2023\/10\/DSCF4467-2048x1366.jpg 2048w\" sizes=\"auto, (max-width: 369px) 100vw, 369px\" \/><\/a><figcaption id=\"caption-attachment-13374\" class=\"wp-caption-text\">Anka Schmid, Luzia Schmid, Sabine Gisiger (Foto: Juan Pablo Salazar \/ \u00a9 ZHdK)<\/figcaption><\/figure>\n<p><a href=\"https:\/\/blog.zhdk.ch\/zdok\/2023\/anka-schmid\/\">Anka Schmid<\/a>, <a href=\"https:\/\/blog.zhdk.ch\/zdok\/2023\/luzia-schmid\/\">Luzia Schmid<\/a>, <a href=\"https:\/\/blog.zhdk.ch\/zdok\/2022\/sabine-gisiger-en\/\">Sabine Gisiger<\/a> | <a href=\"https:\/\/blog.zhdk.ch\/zdok\/2023\/video-podiumsdiskussion1\/\">Video<\/a><\/p>\n<hr \/>\n<h3>Freitag, 24. M\u00e4rz<\/h3>\n<h4><strong><a href=\"https:\/\/blog.zhdk.ch\/zdok\/2023\/get-back-to-being-there\/\">Get Back to Being There<\/a><\/strong><\/h4>\n<figure id=\"attachment_13378\" aria-describedby=\"caption-attachment-13378\" style=\"width: 369px\" class=\"wp-caption alignnone\"><a href=\"https:\/\/blog.zhdk.ch\/zdok\/files\/2023\/10\/DSCF4952-scaled.jpg\"><img loading=\"lazy\" decoding=\"async\" class=\" wp-image-13378\" src=\"https:\/\/blog.zhdk.ch\/zdok\/files\/2023\/10\/DSCF4952-300x200.jpg\" alt=\"\" width=\"369\" height=\"246\" srcset=\"https:\/\/blog.zhdk.ch\/zdok\/files\/2023\/10\/DSCF4952-300x200.jpg 300w, https:\/\/blog.zhdk.ch\/zdok\/files\/2023\/10\/DSCF4952-1240x827.jpg 1240w, https:\/\/blog.zhdk.ch\/zdok\/files\/2023\/10\/DSCF4952-768x512.jpg 768w, https:\/\/blog.zhdk.ch\/zdok\/files\/2023\/10\/DSCF4952-1536x1024.jpg 1536w, https:\/\/blog.zhdk.ch\/zdok\/files\/2023\/10\/DSCF4952-2048x1365.jpg 2048w\" sizes=\"auto, (max-width: 369px) 100vw, 369px\" \/><\/a><figcaption id=\"caption-attachment-13378\" class=\"wp-caption-text\">Maurizius Staerkle Drux (Foto: Juan Pablo Salazar \/ \u00a9 ZHdK)<\/figcaption><\/figure>\n<p><strong><a href=\"https:\/\/blog.zhdk.ch\/zdok\/2021\/maurizius-staerkle-drux-2\/\">Maurizius Staerkle Drux<\/a> | <a href=\"https:\/\/blog.zhdk.ch\/zdok\/2023\/video-get-back\/\">Video<\/a> (<a href=\"mailto:zdok.info@zhdk.ch\">request password<\/a>)<\/strong><\/p>\n<hr \/>\n<h4><strong><a href=\"https:\/\/blog.zhdk.ch\/zdok\/2023\/compilation-collage-counterpoint\/\">Compilation, Collage, Counterpoint<\/a><br \/>\n<\/strong><\/h4>\n<figure id=\"attachment_13384\" aria-describedby=\"caption-attachment-13384\" style=\"width: 369px\" class=\"wp-caption alignnone\"><a href=\"https:\/\/blog.zhdk.ch\/zdok\/files\/2023\/10\/DSCF5101-scaled.jpg\"><img loading=\"lazy\" decoding=\"async\" class=\" wp-image-13384\" src=\"https:\/\/blog.zhdk.ch\/zdok\/files\/2023\/10\/DSCF5101-300x200.jpg\" alt=\"\" width=\"369\" height=\"246\" srcset=\"https:\/\/blog.zhdk.ch\/zdok\/files\/2023\/10\/DSCF5101-300x200.jpg 300w, https:\/\/blog.zhdk.ch\/zdok\/files\/2023\/10\/DSCF5101-1240x827.jpg 1240w, https:\/\/blog.zhdk.ch\/zdok\/files\/2023\/10\/DSCF5101-768x512.jpg 768w, https:\/\/blog.zhdk.ch\/zdok\/files\/2023\/10\/DSCF5101-1536x1024.jpg 1536w, https:\/\/blog.zhdk.ch\/zdok\/files\/2023\/10\/DSCF5101-2048x1365.jpg 2048w\" sizes=\"auto, (max-width: 369px) 100vw, 369px\" \/><\/a><figcaption id=\"caption-attachment-13384\" class=\"wp-caption-text\">Alan Berliner (Foto: Juan Pablo Salazar \/ \u00a9 ZHdK)<\/figcaption><\/figure>\n<p><strong><a href=\"https:\/\/blog.zhdk.ch\/zdok\/2023\/alan-berliner\/\">Alan Berliner<\/a> | <a href=\"https:\/\/blog.zhdk.ch\/zdok\/2023\/video-counterpoint\/\">Video<\/a><\/strong><\/p>\n<hr \/>\n<h4><a href=\"https:\/\/blog.zhdk.ch\/zdok\/2023\/bilder-re-arrangieren\/\">Was ist das Bild, was ist (war) das Ich?<\/a><\/h4>\n<figure id=\"attachment_13388\" aria-describedby=\"caption-attachment-13388\" style=\"width: 369px\" class=\"wp-caption alignnone\"><a href=\"https:\/\/blog.zhdk.ch\/zdok\/files\/2023\/10\/DSCF5188-scaled.jpg\"><img loading=\"lazy\" decoding=\"async\" class=\" wp-image-13388\" src=\"https:\/\/blog.zhdk.ch\/zdok\/files\/2023\/10\/DSCF5188-300x200.jpg\" alt=\"\" width=\"369\" height=\"246\" srcset=\"https:\/\/blog.zhdk.ch\/zdok\/files\/2023\/10\/DSCF5188-300x200.jpg 300w, https:\/\/blog.zhdk.ch\/zdok\/files\/2023\/10\/DSCF5188-1240x827.jpg 1240w, https:\/\/blog.zhdk.ch\/zdok\/files\/2023\/10\/DSCF5188-768x512.jpg 768w, https:\/\/blog.zhdk.ch\/zdok\/files\/2023\/10\/DSCF5188-1536x1024.jpg 1536w, https:\/\/blog.zhdk.ch\/zdok\/files\/2023\/10\/DSCF5188-2048x1365.jpg 2048w\" sizes=\"auto, (max-width: 369px) 100vw, 369px\" \/><\/a><figcaption id=\"caption-attachment-13388\" class=\"wp-caption-text\">Andreas Hoessli (Foto: Juan Pablo Salazar \/ \u00a9 ZHdK)<\/figcaption><\/figure>\n<p><a href=\"https:\/\/blog.zhdk.ch\/zdok\/2023\/andreas-hoessli\/\">Andreas Hoessli<\/a><\/p>\n<hr \/>\n<h4><a href=\"https:\/\/blog.zhdk.ch\/zdok\/2023\/fabulating-documentary\/\">Fabulating Documentary<\/a><\/h4>\n<figure id=\"attachment_13205\" aria-describedby=\"caption-attachment-13205\" style=\"width: 371px\" class=\"wp-caption alignnone\"><a href=\"https:\/\/blog.zhdk.ch\/zdok\/files\/2023\/08\/Bildschirmfoto-2023-08-28-um-15.50.07.png\"><img loading=\"lazy\" decoding=\"async\" class=\" wp-image-13205\" src=\"https:\/\/blog.zhdk.ch\/zdok\/files\/2023\/08\/Bildschirmfoto-2023-08-28-um-15.50.07-300x171.png\" alt=\"\" width=\"371\" height=\"211\" srcset=\"https:\/\/blog.zhdk.ch\/zdok\/files\/2023\/08\/Bildschirmfoto-2023-08-28-um-15.50.07-300x171.png 300w, https:\/\/blog.zhdk.ch\/zdok\/files\/2023\/08\/Bildschirmfoto-2023-08-28-um-15.50.07-1240x708.png 1240w, https:\/\/blog.zhdk.ch\/zdok\/files\/2023\/08\/Bildschirmfoto-2023-08-28-um-15.50.07-768x439.png 768w, https:\/\/blog.zhdk.ch\/zdok\/files\/2023\/08\/Bildschirmfoto-2023-08-28-um-15.50.07-1536x877.png 1536w, https:\/\/blog.zhdk.ch\/zdok\/files\/2023\/08\/Bildschirmfoto-2023-08-28-um-15.50.07.png 1754w\" sizes=\"auto, (max-width: 371px) 100vw, 371px\" \/><\/a><figcaption id=\"caption-attachment-13205\" class=\"wp-caption-text\">Jyoti Mistry (Foto: Luca Mengisen \/ \u00a9 ZHdK)<\/figcaption><\/figure>\n<p><a href=\"https:\/\/blog.zhdk.ch\/zdok\/2023\/jyoti-mistry-2\/\">Jyoti Mistry<\/a><\/p>\n<hr \/>\n<h4><a href=\"https:\/\/blog.zhdk.ch\/zdok\/2023\/geschichtsschreibung\/\">Geschichtsschreibung am Schnittplatz<\/a><\/h4>\n<figure id=\"attachment_13392\" aria-describedby=\"caption-attachment-13392\" style=\"width: 369px\" class=\"wp-caption alignnone\"><a href=\"https:\/\/blog.zhdk.ch\/zdok\/files\/2023\/10\/DSCF5442-scaled.jpg\"><img loading=\"lazy\" decoding=\"async\" class=\" wp-image-13392\" src=\"https:\/\/blog.zhdk.ch\/zdok\/files\/2023\/10\/DSCF5442-300x200.jpg\" alt=\"\" width=\"369\" height=\"246\" srcset=\"https:\/\/blog.zhdk.ch\/zdok\/files\/2023\/10\/DSCF5442-300x200.jpg 300w, https:\/\/blog.zhdk.ch\/zdok\/files\/2023\/10\/DSCF5442-1240x827.jpg 1240w, https:\/\/blog.zhdk.ch\/zdok\/files\/2023\/10\/DSCF5442-768x512.jpg 768w, https:\/\/blog.zhdk.ch\/zdok\/files\/2023\/10\/DSCF5442-1536x1024.jpg 1536w, https:\/\/blog.zhdk.ch\/zdok\/files\/2023\/10\/DSCF5442-2048x1365.jpg 2048w\" sizes=\"auto, (max-width: 369px) 100vw, 369px\" \/><\/a><figcaption id=\"caption-attachment-13392\" class=\"wp-caption-text\">Monika Dommann (Foto: Juan Pablo Salazar \/ \u00a9 ZHdK)<\/figcaption><\/figure>\n<p><a href=\"https:\/\/blog.zhdk.ch\/zdok\/2023\/monika-dommann\/\">Monika Dommann<\/a> | <a href=\"https:\/\/blog.zhdk.ch\/zdok\/2023\/video-geschichtsschreibung\/\"><strong>Video<\/strong><\/a><\/p>\n<hr \/>\n<h4><a href=\"https:\/\/blog.zhdk.ch\/zdok\/2023\/between-memory\/\">Between Memory, History and Ideology<\/a><\/h4>\n<figure id=\"attachment_13394\" aria-describedby=\"caption-attachment-13394\" style=\"width: 369px\" class=\"wp-caption alignnone\"><a href=\"https:\/\/blog.zhdk.ch\/zdok\/files\/2023\/10\/DSCF5519-scaled.jpg\"><img loading=\"lazy\" decoding=\"async\" class=\" wp-image-13394\" src=\"https:\/\/blog.zhdk.ch\/zdok\/files\/2023\/10\/DSCF5519-300x200.jpg\" alt=\"\" width=\"369\" height=\"246\" srcset=\"https:\/\/blog.zhdk.ch\/zdok\/files\/2023\/10\/DSCF5519-300x200.jpg 300w, https:\/\/blog.zhdk.ch\/zdok\/files\/2023\/10\/DSCF5519-1240x827.jpg 1240w, https:\/\/blog.zhdk.ch\/zdok\/files\/2023\/10\/DSCF5519-768x512.jpg 768w, https:\/\/blog.zhdk.ch\/zdok\/files\/2023\/10\/DSCF5519-1536x1024.jpg 1536w, https:\/\/blog.zhdk.ch\/zdok\/files\/2023\/10\/DSCF5519-2048x1365.jpg 2048w\" sizes=\"auto, (max-width: 369px) 100vw, 369px\" \/><\/a><figcaption id=\"caption-attachment-13394\" class=\"wp-caption-text\">Marta Popivoda (Foto: Juan Pablo Salazar \/ \u00a9 ZHdK)<\/figcaption><\/figure>\n<p><a href=\"https:\/\/blog.zhdk.ch\/zdok\/2023\/marta-popivoda\/\">Marta Popivoda<\/a> | <a href=\"https:\/\/blog.zhdk.ch\/zdok\/2023\/video-ideology\/\"><strong>Video<\/strong><\/a><\/p>\n<hr \/>\n<h4><a href=\"https:\/\/blog.zhdk.ch\/zdok\/2023\/whose-stories-will-be-remembered\/\">Whose Stories Will Be Remembered?<\/a><\/h4>\n<figure id=\"attachment_13402\" aria-describedby=\"caption-attachment-13402\" style=\"width: 368px\" class=\"wp-caption alignnone\"><a href=\"https:\/\/blog.zhdk.ch\/zdok\/files\/2023\/10\/DSCF5745-scaled.jpg\"><img loading=\"lazy\" decoding=\"async\" class=\" wp-image-13402\" src=\"https:\/\/blog.zhdk.ch\/zdok\/files\/2023\/10\/DSCF5745-300x200.jpg\" alt=\"\" width=\"368\" height=\"245\" srcset=\"https:\/\/blog.zhdk.ch\/zdok\/files\/2023\/10\/DSCF5745-300x200.jpg 300w, https:\/\/blog.zhdk.ch\/zdok\/files\/2023\/10\/DSCF5745-1240x827.jpg 1240w, https:\/\/blog.zhdk.ch\/zdok\/files\/2023\/10\/DSCF5745-768x512.jpg 768w, https:\/\/blog.zhdk.ch\/zdok\/files\/2023\/10\/DSCF5745-1536x1024.jpg 1536w, https:\/\/blog.zhdk.ch\/zdok\/files\/2023\/10\/DSCF5745-2048x1365.jpg 2048w\" sizes=\"auto, (max-width: 368px) 100vw, 368px\" \/><\/a><figcaption id=\"caption-attachment-13402\" class=\"wp-caption-text\">Dima Saber (Foto: Juan Pablo Salazar \/ \u00a9 ZHdK)<\/figcaption><\/figure>\n<p><a href=\"https:\/\/blog.zhdk.ch\/zdok\/2023\/dima-saber\/\">Dima Saber<\/a> | <a href=\"https:\/\/blog.zhdk.ch\/zdok\/2023\/video-whose-stories\/\"><strong>Video<\/strong><\/a><\/p>\n<hr \/>\n<h4>Panel discussion II | <a href=\"https:\/\/blog.zhdk.ch\/zdok\/2023\/panel-2\/\">A New Approach to Archival Footage?<\/a><\/h4>\n<figure id=\"attachment_13404\" aria-describedby=\"caption-attachment-13404\" style=\"width: 369px\" class=\"wp-caption alignnone\"><a href=\"https:\/\/blog.zhdk.ch\/zdok\/files\/2023\/10\/DSCF5860-scaled.jpg\"><img loading=\"lazy\" decoding=\"async\" class=\" wp-image-13404\" src=\"https:\/\/blog.zhdk.ch\/zdok\/files\/2023\/10\/DSCF5860-300x200.jpg\" alt=\"\" width=\"369\" height=\"246\" srcset=\"https:\/\/blog.zhdk.ch\/zdok\/files\/2023\/10\/DSCF5860-300x200.jpg 300w, https:\/\/blog.zhdk.ch\/zdok\/files\/2023\/10\/DSCF5860-1240x827.jpg 1240w, https:\/\/blog.zhdk.ch\/zdok\/files\/2023\/10\/DSCF5860-768x512.jpg 768w, https:\/\/blog.zhdk.ch\/zdok\/files\/2023\/10\/DSCF5860-1536x1024.jpg 1536w, https:\/\/blog.zhdk.ch\/zdok\/files\/2023\/10\/DSCF5860-2048x1365.jpg 2048w\" sizes=\"auto, (max-width: 369px) 100vw, 369px\" \/><\/a><figcaption id=\"caption-attachment-13404\" class=\"wp-caption-text\">Jyoti Mistry, Alan Berliner, Dima Saber, Christian Iseli (Foto: Juan Pablo Salazar \/ \u00a9 ZHdK)<\/figcaption><\/figure>\n<p><a href=\"https:\/\/blog.zhdk.ch\/zdok\/2023\/jyoti-mistry-2\/\">Jyoti Mistry<\/a>, <a href=\"https:\/\/blog.zhdk.ch\/zdok\/2023\/dima-saber\/\">Dima Saber<\/a>, <a href=\"https:\/\/blog.zhdk.ch\/zdok\/2023\/alan-berliner\/\">Alan Berliner<\/a>, <a href=\"https:\/\/blog.zhdk.ch\/zdok\/2023\/christian-iseli-4\/\">Christian Iseli<\/a> |<a href=\"https:\/\/blog.zhdk.ch\/zdok\/2023\/video-panel-discussion2\/\"> <strong>Video<\/strong><\/a><\/p>\n<hr \/>\n<p>&nbsp;<\/p>\n<p>&nbsp;<\/p>\n","protected":false},"excerpt":{"rendered":"<p>REALITY, SECOND HAND. Archivmaterial und Found Footage im Dokumentarfilm. Die Arbeit mit Archivmaterial ist \u00e4sthetisch, ethisch und politisch herausfordernd. Anhand aktueller Filmbeispiele und vielf\u00e4ltigen Diskussionen bot die Dokumentarfilmtagung ZDOK.23 Ende M\u00e4rz eine Auseinandersetzung mit Filmschaffenden und -forschenden. ZDOK f\u00f6rdert damit den Diskurs \u00fcber filmgestalterische Positionen im Umgang mit Archiv. ZDOK.23 fand am Donnerstag, 23. und &hellip;<\/p>\n","protected":false},"author":6337,"featured_media":0,"parent":77,"menu_order":0,"comment_status":"closed","ping_status":"closed","template":"","meta":{"footnotes":""},"class_list":["post-13139","page","type-page","status-publish","hentry"],"_links":{"self":[{"href":"https:\/\/blog.zhdk.ch\/zdok\/wp-json\/wp\/v2\/pages\/13139","targetHints":{"allow":["GET"]}}],"collection":[{"href":"https:\/\/blog.zhdk.ch\/zdok\/wp-json\/wp\/v2\/pages"}],"about":[{"href":"https:\/\/blog.zhdk.ch\/zdok\/wp-json\/wp\/v2\/types\/page"}],"author":[{"embeddable":true,"href":"https:\/\/blog.zhdk.ch\/zdok\/wp-json\/wp\/v2\/users\/6337"}],"replies":[{"embeddable":true,"href":"https:\/\/blog.zhdk.ch\/zdok\/wp-json\/wp\/v2\/comments?post=13139"}],"version-history":[{"count":71,"href":"https:\/\/blog.zhdk.ch\/zdok\/wp-json\/wp\/v2\/pages\/13139\/revisions"}],"predecessor-version":[{"id":16387,"href":"https:\/\/blog.zhdk.ch\/zdok\/wp-json\/wp\/v2\/pages\/13139\/revisions\/16387"}],"up":[{"embeddable":true,"href":"https:\/\/blog.zhdk.ch\/zdok\/wp-json\/wp\/v2\/pages\/77"}],"wp:attachment":[{"href":"https:\/\/blog.zhdk.ch\/zdok\/wp-json\/wp\/v2\/media?parent=13139"}],"curies":[{"name":"wp","href":"https:\/\/api.w.org\/{rel}","templated":true}]}}