{"id":13475,"date":"2024-03-14T14:02:28","date_gmt":"2024-03-14T13:02:28","guid":{"rendered":"https:\/\/blog.zhdk.ch\/zdok\/?page_id=13475"},"modified":"2024-08-08T18:34:54","modified_gmt":"2024-08-08T16:34:54","slug":"nutzungsbedingungen","status":"publish","type":"page","link":"https:\/\/blog.zhdk.ch\/zdok\/nutzungsbedingungen\/","title":{"rendered":"Rechtliche Hinweise"},"content":{"rendered":"<hr \/>\n<h4>Impressum<\/h4>\n<p style=\"font-weight: 400\">Die Blog-Website https:\/\/blog.zhdk.ch\/zdok\/ (auch erreichbar \u00fcber: www.zdok.ch) ist eine unabh\u00e4ngige Unterseite der <a href=\"https:\/\/zhdk.ch\/\">Z\u00fcrcher Hochschule der K\u00fcnste (ZHdK)<\/a> und wird vom Forschungsschwerpunkt Film im Institute for the Performing Arts and Film verantwortet. Die Z\u00fcrcher Dokumentarfilmtagung ZDOK ist eine Veranstaltung des\u00a0<a href=\"https:\/\/www.zhdk.ch\/ipf\">Institute for the Performing Arts and Film<\/a>\u00a0in Zusammenarbeit mit der\u00a0<a href=\"https:\/\/www.zhdk.ch\/film\">Fachrichtung Film<\/a> der ZHdK. F\u00fcr Korrekturen, Fragen und Anregungen zu dieser Website senden Sie bitte eine E-Mail an: zdok.info@zhdk.ch<\/p>\n<p style=\"font-weight: 400\">Z\u00fcrcher Hochschule der K\u00fcnste, Pfingstweidstrasse 96, Postfach, CH-8031 Z\u00fcrich<\/p>\n<hr \/>\n<h4 style=\"font-weight: 400\">Geistiges Eigentum<\/h4>\n<p style=\"font-weight: 400\">Die digitalen Inhalte der Blog-Website https:\/\/blog.zhdk.ch\/zdok\/ (auch erreichbar \u00fcber: www.zdok.ch) unterliegen dem Urheberrecht. Alle Bilder und Videodarstellungen beziehen sich auf Programminhalte der Z\u00fcrcher Dokumentarfilmtagung oder wurden in diesem Zusammenhang erstellt. Die spezifischen Urheberrechte erschliessen sich aus den Bildunterschriften und Texten zu den Bildern oder Videos. Bei Bildern und Videos, die das Geschehen an der Tagung in Z\u00fcrich dokumentieren, ist die ZHdK als Inhaberin des Copyrights zu identifizieren<\/p>\n<hr \/>\n<h4 style=\"font-weight: 400\">Datenschutzerkl\u00e4rung<\/h4>\n<p style=\"font-weight: 400\"><strong>1) Rechtliche Grundlagen<\/strong><br \/>\nDie Z\u00fcrcher Hochschule der K\u00fcnste beruft sich als \u00f6ffentlich-rechtliche Anstalt auf das kantonale Gesetz \u00fcber den Informations- und Datenschutz (IDG).<\/p>\n<p style=\"font-weight: 400\"><strong>2) Einverst\u00e4ndniserkl\u00e4rung<br \/>\n<\/strong>Mit der Nutzung der ZHdK-Website erkl\u00e4ren Sie sich mit dieser Datenschutzerkl\u00e4rung einverstanden.<\/p>\n<p style=\"font-weight: 400\"><strong>3) Personenbezogene Daten<br \/>\n<\/strong>Wir speichern personenbezogene Daten so lange, wie sie:<br \/>\n\u2013 f\u00fcr die Zwecke, f\u00fcr die sie erhoben werden, notwendig sind bzw. f\u00fcr unser berechtigtes Interesse bestehen,<br \/>\n\u2013 f\u00fcr die Erf\u00fcllung unserer gesetzlichen oder vertraglichen Pflichten erforderlich sind<br \/>\n<span style=\"font-size: 1.5rem\">\u2013 oder bis zu Ihrer Einwilligung widerrufen werden.<br \/>\n<\/span>Danach werden die Personendaten gel\u00f6scht.<br \/>\nIn Bezug auf die Blog-Website https:\/\/blog.zhdk.ch\/zdok\/ (auch erreichbar \u00fcber: www.zdok.ch) entstehen personenbezogene Daten, wenn Benutzerinnen und Benutzer eine Email auf zdok.info@zhdk schicken oder sich f\u00fcr eine Tagung von ZDOK anmelden (vgl. die nachfolgenden Punkte 4 und 5). Andere Methoden der Kontaktaufnahme wie Kommentare, Posts oder Uploads sind nicht implementiert.<\/p>\n<p style=\"font-weight: 400\"><strong>4) Anmeldedaten, Newsletter<br \/>\n<\/strong>Bei der Anmeldung zu unseren Tagungen werden Ihre pers\u00f6nlichen Daten (Name, Email-Adresse) ausschliesslich f\u00fcr die Zusendung von News und Veranstaltungshinweisen im Zusammenhang mit der Z\u00fcrcher Dokumentarfilm Tagung ZDOK und Z\u00fcrcher Spielfilmtagun ZFICTION der verwendet. Mit Ihrer freiwilligen Eingabe und \u00dcbermittlung personenbezogener Daten willigen Sie in die Verarbeitung, Speicherung und Nutzung zu dem oben genannten Zweck ein. Die Daten werden von uns nicht an Dritte weitergegeben. Sie k\u00f6nnen sich jederzeit von den jeweiligen Newslettern abmelden und die Kontaktdaten werden von unseren Servern gel\u00f6scht. Die Abmeldung kann per E-Mail an <a href=\"mailto:zdok.info@zhdk.ch\">zdok.info@zhdk.ch<\/a> erfolgen.<\/p>\n<p style=\"font-weight: 400\"><strong>5) Zahlungsdienstleister<br \/>\n<\/strong>ZDOK verwendet f\u00fcr die Anmeldung sowie f\u00fcr die Bezahlung von Tagungsbeitr\u00e4gen und Mittagessen den Zahlungsdienstleister Eventfrog. Die \u00dcbermittlung erfolgt mit den von Ihnen eingegebenen Zahlungsdaten. F\u00fcr diese Transaktionen gelten die Vertrags- und Datenschutzbestimmungen des Anbieters Eventfrog AG, Neuhardstrasse 38, 4600 Olten, Schweiz. \u2192 <a href=\"https:\/\/eventfrog.ch\/de\/datenschutzerklaerung.html?mtm_campaign=sub-footer-dse\">Datenschutzerkl\u00e4rung \u00a0Eventfrog<\/a><\/p>\n<p style=\"font-weight: 400\"><strong>6) Cookies<br \/>\n<\/strong>Auf der Website werden Cookies verwendet, um bestimmte Einstellungen Ihres Browsers sowie Daten \u00fcber den Austausch zu speichern und die Benutzerfreundlichkeit und Sicherheit unserer Website zu verbessern. Nach dem Schlie\u00dfen des Internetbrowsers werden tempor\u00e4re Cookies automatisch gel\u00f6scht, permanente Cookies bleiben auf Ihrem Computer oder Mobilger\u00e4t gespeichert. Diese Cookies werden verwendet, um das Verhalten der Besucher auf der Website aufzuzeichnen und statistische Informationen \u00fcber die Nutzung der Website zu erstellen.<br \/>\nDurch eine entsprechende Einstellung Ihres Internetbrowsers k\u00f6nnen Sie die Speicherung solcher Cookies jederzeit deaktivieren und so die dauerhafte Verwendung von Cookies verhindern. Bitte beachten Sie, dass dadurch unter Umst\u00e4nden einzelne Funktionen unserer Website nicht mehr richtig funktionieren k\u00f6nnen. Sie k\u00f6nnen auch bereits gespeicherte Cookies mit Hilfe Ihres Browsers oder anderer Softwareprogramme l\u00f6schen.<\/p>\n<p style=\"font-weight: 400\"><strong>7) Zugriffsdaten<br \/>\n<\/strong>Bei jedem Zugriff auf unsere Website werden automatisch folgende Informationen \u00fcber den Zugriff aufgezeichnet:<br \/>\n&#8211; IP-Adresse des anfragenden Rechners oder mobilen Endger\u00e4tes<br \/>\n&#8211; Webseite, von der aus auf unsere Webseite zugegriffen wurde (Referrer)<br \/>\n&#8211; Datum und Uhrzeit des Website-Besuchs<br \/>\n&#8211; die abgerufenen Inhalte<br \/>\n&#8211; die \u00fcbertragene Datenmenge<br \/>\n&#8211; den verwendeten Browser<br \/>\n&#8211; das verwendete Betriebssystem<br \/>\nDiese Informationen werden als Logfiles auf den Servern der ZHdK in der Schweiz (Z\u00fcrich und Winterthur) zu Zwecken der technischen Abwicklung und zur statistischen Auswertung der Zugriffe gespeichert. Diese Auswertung erfolgt ausschliesslich zum Zweck der Verbesserung des Online-Angebots der ZHdK und der dahinter stehenden Technik (siehe Ziffer 8). Um die Sicherheit Ihrer Daten bei der \u00dcbertragung zu sch\u00fctzen, verwenden wir das technisch aktuellste Verschl\u00fcsselungsverfahren (derzeit \u00fcber HTTPS mit Einbindung eines SSL-Zertifikats).<\/p>\n<p style=\"font-weight: 400\"><strong>8) Analyse-Software<br \/>\n<\/strong>Diese Blog-Website verwendet die Analysesoftware WP Statistics, die ein WordPress-Plugin ist, um die Nutzung der Website auszuwerten. Das Institute for the Performing and Film gibt diese Daten nicht an Dritte weiter. Weitere Informationen finden Sie hier: \u2192 <a href=\"https:\/\/wp-statistics.com\/privacy-and-policy\/\">Datenschutzerkl\u00e4rung WP Statistics<\/a>.<\/p>\n<p style=\"font-weight: 400\"><strong>9) Eingebettete Inhalte von Drittanbietern<br \/>\n<\/strong>Diese Website enth\u00e4lt eingebettete Videoinhalte des Drittanbieters Vimeo. Da f\u00fcr die \u00dcbertragung und Darstellung dieser Inhalte die IP-Adresse des Nutzers erforderlich ist, k\u00f6nnen diese Informationen in Cookies auf dem Ger\u00e4t des Nutzers gespeichert werden und k\u00f6nnen technische Informationen \u00fcber den Browser und das Betriebssystem, verweisende Webseiten, den Zeitpunkt des Besuchs sowie weitere Angaben \u00fcber die Nutzung unseres Online-Angebots enthalten. Dar\u00fcber hinaus k\u00f6nnen Drittanbieter solche Informationen weiterverarbeiten, insbesondere wenn der Webseitenbesucher gleichzeitig auf der Plattform des jeweiligen Drittanbieters registriert ist.<br \/>\nDie ZHdK hat keinen Einfluss auf die Art der Daten\u00fcbermittlung und hat ein berechtigtes Interesse an der Einbindung dieser fremden Inhalte. Weitere Informationen finden Sie unter: Vimeo, Inc. 330 West 34th Street, New York, New York 10011, USA \u2192 <a href=\"https:\/\/vimeo.com\/privacy\">Datenschutzerkl\u00e4rung Vimeo<\/a><br \/>\nBei der Beschreibung von Filmen k\u00f6nnen Trailer, Teaser oder Ausschnitte auch von der Plattform\u00abYouTube\u00bb des Drittanbieters Google Ireland Limited, Gordon House, Barrow Street, Dublin 4, Irland, eingebettet oder verlinkt sein. \u2192\u00a0<a href=\"https:\/\/www.google.com\/policies\/privacy\/\">Datenschutzerkl\u00e4rung YouTube<\/a><\/p>\n<p style=\"font-weight: 400\"><strong>10) Verlinkte Webseiten<\/strong><br \/>\nManche Links auf dieser Webseite f\u00fchren zu Webseiten von Dritten. Die Nutzung dieser verlinkten Webseiten erfolgt in eigener Verantwortung und unter Beachtung deren Datenschutzerkl\u00e4rung. F\u00fcr die Richtigkeit, Vollst\u00e4ndigkeit und Rechtm\u00e4ssigkeit der dort enthaltenen Inhalte und Angebote \u00fcbernimmt der Forschungsschwerpunkt Film, die ZHdK, keinerlei Verantwortung.<\/p>\n<p style=\"font-weight: 400\"><strong>11) Rechte der Webseitebesucher:innen<br \/>\n<\/strong>Die Webseitebesucher:innen haben das Recht, jederzeit Auskunft \u00fcber die \u00fcber sie gespeicherten Personendaten und deren Verwendung zu verlangen sowie ein Recht auf Berichtigung, Daten\u00fcbertragbarkeit, Sperrung oder L\u00f6schung dieser Daten. Wenn eine Einwilligung zur Nutzung von Personendaten erteilt wurde, kann diese jederzeit widerrufen werden. Ein Widerruf wirkt sich auf die Wirksamkeit von in der Vergangenheit liegenden Datenbearbeitungsvorg\u00e4ngen nicht aus. Kontaktadresse f\u00fcr Ausk\u00fcnfte, Korrektur- oder L\u00f6schungsantr\u00e4ge: zdok.info@zhdk.ch<\/p>\n<p style=\"font-weight: 400\"><strong>12) Aufsichtsbeh\u00f6rde<\/strong><br \/>\nF\u00fcr Auskunftsbegehren und Anregungen zu Sicherheit und Datenschutz k\u00f6nnen Sie sich auch schriftlich an den Datenschutzbeauftragten des Kantons Z\u00fcrich, Beckenhofstrasse 23, Postfach, 8090 Z\u00fcrich, Schweiz (www.datenschutz.ch) wenden.<\/p>\n<p><strong>13.\u00c4nderungen dieser Datenschutzerkl\u00e4rung<br \/>\n<\/strong>Diese Datenschutzerkl\u00e4rung kann im Zuge der Weiterentwicklung der Webseite sowie der Implementierung neuer Technologien und Gesetzesanpassungen mit sofortiger Wirkung und ohne Ank\u00fcndigung ge\u00e4ndert werden.<\/p>\n<p style=\"font-weight: 400\"><strong>13) Kontaktinformationen<\/strong><br \/>\nZ\u00fcrcher Hochschule der K\u00fcnste, Pfingstweidstrasse 96, Postfach, CH-8031 Z\u00fcrich<br \/>\nBei Fragen zu dieser Website senden Sie bitte eine E-Mail an: zdok.info@zhdk.ch<br \/>\nDieses Dokument wurde zuletzt aktualisiert am 24. M\u00e4rz 2024<\/p>\n<p><a href=\"http:\/\/www.zdok.ch\"><strong>&gt; HOME<\/strong><\/a><\/p>\n<hr \/>\n<p style=\"font-weight: 400\">\n","protected":false},"excerpt":{"rendered":"<p>Impressum Die Blog-Website https:\/\/blog.zhdk.ch\/zdok\/ (auch erreichbar \u00fcber: www.zdok.ch) ist eine unabh\u00e4ngige Unterseite der Z\u00fcrcher Hochschule der K\u00fcnste (ZHdK) und wird vom Forschungsschwerpunkt Film im Institute for the Performing Arts and Film verantwortet. Die Z\u00fcrcher Dokumentarfilmtagung ZDOK ist eine Veranstaltung des\u00a0Institute for the Performing Arts and Film\u00a0in Zusammenarbeit mit der\u00a0Fachrichtung Film der ZHdK. F\u00fcr Korrekturen, Fragen &hellip;<\/p>\n","protected":false},"author":3673,"featured_media":0,"parent":0,"menu_order":0,"comment_status":"closed","ping_status":"closed","template":"","meta":{"footnotes":""},"class_list":["post-13475","page","type-page","status-publish","hentry"],"_links":{"self":[{"href":"https:\/\/blog.zhdk.ch\/zdok\/wp-json\/wp\/v2\/pages\/13475","targetHints":{"allow":["GET"]}}],"collection":[{"href":"https:\/\/blog.zhdk.ch\/zdok\/wp-json\/wp\/v2\/pages"}],"about":[{"href":"https:\/\/blog.zhdk.ch\/zdok\/wp-json\/wp\/v2\/types\/page"}],"author":[{"embeddable":true,"href":"https:\/\/blog.zhdk.ch\/zdok\/wp-json\/wp\/v2\/users\/3673"}],"replies":[{"embeddable":true,"href":"https:\/\/blog.zhdk.ch\/zdok\/wp-json\/wp\/v2\/comments?post=13475"}],"version-history":[{"count":11,"href":"https:\/\/blog.zhdk.ch\/zdok\/wp-json\/wp\/v2\/pages\/13475\/revisions"}],"predecessor-version":[{"id":13526,"href":"https:\/\/blog.zhdk.ch\/zdok\/wp-json\/wp\/v2\/pages\/13475\/revisions\/13526"}],"wp:attachment":[{"href":"https:\/\/blog.zhdk.ch\/zdok\/wp-json\/wp\/v2\/media?parent=13475"}],"curies":[{"name":"wp","href":"https:\/\/api.w.org\/{rel}","templated":true}]}}