{"id":14327,"date":"2025-01-12T15:17:32","date_gmt":"2025-01-12T14:17:32","guid":{"rendered":"https:\/\/blog.zhdk.ch\/zdok\/?page_id=14327"},"modified":"2025-03-12T18:01:19","modified_gmt":"2025-03-12T17:01:19","slug":"guests-2025","status":"publish","type":"page","link":"https:\/\/blog.zhdk.ch\/zdok\/guests-2025\/","title":{"rendered":"G\u00e4ste \/ Guests 2025"},"content":{"rendered":"<p>&nbsp;<\/p>\n<hr \/>\n<h1><span style=\"color: #808080\">&gt; FILMENDE<span style=\"color: #999999\"> \/ FILMMAKERS<\/span><\/span><\/h1>\n<hr \/>\n<h3><a href=\"https:\/\/blog.zhdk.ch\/zdok\/2025\/lisa-gerig\/\"><img loading=\"lazy\" decoding=\"async\" class=\"alignleft wp-image-14509 size-thumbnail\" src=\"https:\/\/blog.zhdk.ch\/zdok\/files\/2025\/01\/LisaGerig_angepasst-104SW-150x150.jpg\" alt=\"\" width=\"150\" height=\"150\" \/><\/a><a href=\"https:\/\/blog.zhdk.ch\/zdok\/2025\/lisa-gerig\/\">Lisa Gerig<\/a><\/h3>\n<p>Filmemacherin, Z\u00fcrich<\/p>\n<p>Referat: <strong>&gt; <a href=\"https:\/\/blog.zhdk.ch\/zdok\/2025\/mein-gegenueber\/\">Mein Gegen\u00fcber<\/a> |\u00a0<\/strong>Deutsch\/Englisch<\/p>\n<p><strong>Donnerstag, 20. M\u00e4rz, \u00a014:30<br \/>\n<span style=\"color: #ffffff\">..<\/span><\/strong><\/p>\n<p><span style=\"color: #ffffff\">..<\/span><strong>&gt; <\/strong><a href=\"https:\/\/blog.zhdk.ch\/zdok\/2025\/lisa-gerig\/\">mehr \/ more<\/a><\/p>\n<hr \/>\n<h3><a href=\"https:\/\/blog.zhdk.ch\/zdok\/2024\/annett-ilijew\/\"><img loading=\"lazy\" decoding=\"async\" class=\"alignleft wp-image-14519 size-thumbnail\" src=\"https:\/\/blog.zhdk.ch\/zdok\/files\/2025\/01\/Annett_Ilijew_zdok-104SW-150x150.jpg\" alt=\"\" width=\"150\" height=\"150\" \/><\/a><a href=\"https:\/\/blog.zhdk.ch\/zdok\/2024\/annett-ilijew\/\">Annett Ilijew<\/a><\/h3>\n<p>Filmemacherin, Editorin, Dozentin, Berlin<\/p>\n<p>Referat: <strong>&gt; <\/strong><a href=\"https:\/\/blog.zhdk.ch\/zdok\/2024\/beharrlichkeit-einvernehmlichkeit\/\">Mit Beharrlichkeit zur Einvernehmlichkeit<\/a> <strong>| <\/strong>Deutsch<br \/>\nPodium: <strong>&gt;<\/strong> <a href=\"https:\/\/blog.zhdk.ch\/zdok\/2025\/podium-konfliktbereiche\/\">Konfliktbereiche der Regiearbeit<\/a>\u00a0| Deutsch<\/p>\n<p><strong>Mittwoch, 19. M\u00e4rz, 10:15<\/strong> | <strong>Mittwoch, 19. M\u00e4rz, 17:15<\/strong><\/p>\n<p><strong><span style=\"color: #ffffff\">..<\/span>&gt; <\/strong><a href=\"https:\/\/blog.zhdk.ch\/zdok\/2024\/annett-ilijew\/\">mehr \/ more<\/a><\/p>\n<hr \/>\n<h3><a href=\"https:\/\/blog.zhdk.ch\/zdok\/2025\/eveline-falk\/\"><img loading=\"lazy\" decoding=\"async\" class=\"alignleft wp-image-15077 size-thumbnail\" src=\"https:\/\/blog.zhdk.ch\/zdok\/files\/2025\/01\/FalkEveline-104SW-150x150.jpg\" alt=\"\" width=\"150\" height=\"150\" \/><\/a><a href=\"https:\/\/blog.zhdk.ch\/zdok\/2025\/eveline-falk\/\">EVELINE FALK<\/a><\/h3>\n<p>Journalistin und Filmemacherin, Rundschau- und DOK-Redaktorin<\/p>\n<p>Podium: <strong>&gt;<\/strong> <a href=\"https:\/\/blog.zhdk.ch\/zdok\/2025\/podium-konfliktbereiche\/\">Konfliktbereiche der Regiearbeit<\/a>\u00a0| Deutsch<\/p>\n<p><strong>Mittwoch, 19. M\u00e4rz, 17:15<\/strong><\/p>\n<p><a href=\"https:\/\/blog.zhdk.ch\/zdok\/2025\/eveline-falk\/\"><span style=\"color: #ffffff\">..<\/span><br \/>\n<\/a><strong>&gt; <\/strong><a href=\"https:\/\/blog.zhdk.ch\/zdok\/2025\/eveline-falk\/\">mehr \/ more<\/a><\/p>\n<hr \/>\n<h3><a href=\"https:\/\/blog.zhdk.ch\/zdok\/2025\/marisa-meier\/\"><img loading=\"lazy\" decoding=\"async\" class=\"alignleft wp-image-14535 size-thumbnail\" src=\"https:\/\/blog.zhdk.ch\/zdok\/files\/2025\/01\/MarisaMeier2018_104SW-150x150.jpg\" alt=\"\" width=\"150\" height=\"150\" \/><\/a><a href=\"https:\/\/blog.zhdk.ch\/zdok\/2025\/marisa-meier\/\">Marisa Meier<\/a><\/h3>\n<p>Autorin, Produzentin, Sch\u00f6nkirchen, D<\/p>\n<p>Gespr\u00e4ch: <strong>&gt; <\/strong><a href=\"https:\/\/blog.zhdk.ch\/zdok\/2025\/einblicke-in-die-partizipative-entstehung-von-tiny-kitten-vs-2nary-system\/\">Die partizipative Entstehung von Tiny Kitten Vs 2nary System<\/a> <strong>| <\/strong>Deutsch<\/p>\n<p><strong>Freitag, 21. M\u00e4rz, \u00a013:30<\/strong><\/p>\n<p><strong>&gt;<\/strong> <a href=\"https:\/\/blog.zhdk.ch\/zdok\/2025\/marisa-meier\/\">mehr \/ more<\/a><\/p>\n<hr \/>\n<h3><a href=\"https:\/\/blog.zhdk.ch\/zdok\/2025\/luisa-ricar\/\"><img loading=\"lazy\" decoding=\"async\" class=\"alignleft wp-image-14719 size-thumbnail\" src=\"https:\/\/blog.zhdk.ch\/zdok\/files\/2025\/01\/Luisa_Ricar_104SW-150x150.jpg\" alt=\"\" width=\"150\" height=\"150\" \/><\/a><a href=\"https:\/\/blog.zhdk.ch\/zdok\/2025\/luisa-ricar\/\">LUISA RICAR<\/a><\/h3>\n<p>Filmemacherin, Autorin, feministische Aktivistin, Z\u00fcrich<\/p>\n<p>Gespr\u00e4ch: <strong>&gt; <\/strong><a href=\"https:\/\/blog.zhdk.ch\/zdok\/2025\/einblicke-in-die-partizipative-entstehung-von-tiny-kitten-vs-2nary-system\/\">Die partizipative Entstehung von Tiny Kitten Vs 2nary System<\/a> <strong>| <\/strong>Deutsch<\/p>\n<p><strong>Freitag, 21. M\u00e4rz, \u00a013:30<\/strong><\/p>\n<p><strong>&gt;<\/strong> <a href=\"https:\/\/blog.zhdk.ch\/zdok\/2025\/luisa-ricar\/\">mehr \/ more<\/a><\/p>\n<hr \/>\n<h3><a href=\"https:\/\/blog.zhdk.ch\/zdok\/files\/2025\/01\/Mehdi-Sahebi_PORTRAIT-104.jpg\"><img loading=\"lazy\" decoding=\"async\" class=\"alignleft wp-image-14543 size-thumbnail\" src=\"https:\/\/blog.zhdk.ch\/zdok\/files\/2025\/01\/Mehdi-Sahebi_PORTRAIT-104-150x150.jpg\" alt=\"\" width=\"150\" height=\"150\" \/><\/a><a href=\"https:\/\/blog.zhdk.ch\/zdok\/2025\/mehdi-sahebi\/\">Mehdi Sahebi<\/a><\/h3>\n<p>Filmemacher, Editor, Dozent, Z\u00fcrich<\/p>\n<p>Podium: <strong>&gt;<\/strong> <a href=\"https:\/\/blog.zhdk.ch\/zdok\/2025\/podium-konfliktbereiche\/\">Konfliktbereiche der Regiearbeit<\/a> | Deutsch<br \/>\nReferat: <strong>&gt; <a href=\"https:\/\/blog.zhdk.ch\/zdok\/2025\/beziehungsbildung-in-langzeitdokumentarfilmen\/\">Beziehungsbildung in Langzeitdokumentarfilmen<\/a> | <\/strong>D<\/p>\n<p><strong>Mittwoch, 19. M\u00e4rz, 17:15h | Freitag, 21. M\u00e4rz, \u00a009:30<\/strong><\/p>\n<p><strong>&gt;<\/strong> <a href=\"https:\/\/blog.zhdk.ch\/zdok\/2025\/mehdi-sahebi\/\">mehr | more<\/a><\/p>\n<hr \/>\n<h3><a href=\"https:\/\/blog.zhdk.ch\/zdok\/2025\/franziska-sonder\/\"><img loading=\"lazy\" decoding=\"async\" class=\"alignleft wp-image-14721 size-thumbnail\" src=\"https:\/\/blog.zhdk.ch\/zdok\/files\/2025\/01\/Franziska-Sonder_v1a-104SW-150x150.jpg\" alt=\"\" width=\"150\" height=\"150\" \/><\/a><a href=\"https:\/\/blog.zhdk.ch\/zdok\/2025\/franziska-sonder\/\">Franziska Sonder<\/a><\/h3>\n<p>Produzentin, Autorin, Ensemble Film, Z\u00fcrich<\/p>\n<p>Gespr\u00e4ch: <strong>&gt; <\/strong><a href=\"https:\/\/blog.zhdk.ch\/zdok\/2025\/einblicke-in-die-partizipative-entstehung-von-tiny-kitten-vs-2nary-system\/\">Die partizipative Entstehung von Tiny Kitten Vs 2nary System<\/a> <strong>| <\/strong>Deutsch<\/p>\n<p><strong>Freitag, 21. M\u00e4rz, \u00a013:30<\/strong><\/p>\n<p><strong>&gt;<\/strong> <a href=\"https:\/\/blog.zhdk.ch\/zdok\/2025\/franziska-sonder\/\">mehr \/ more<\/a><\/p>\n<hr \/>\n<h3><img loading=\"lazy\" decoding=\"async\" class=\"alignleft wp-image-14553 size-thumbnail\" title=\"https:\/\/blog.zhdk.ch\/zdok\/2024\/heidi-specogna\/\" src=\"https:\/\/blog.zhdk.ch\/zdok\/files\/2025\/01\/Heidi_Specogna_2019_104SW-150x150.jpg\" alt=\"\" width=\"150\" height=\"150\" \/><a href=\"https:\/\/blog.zhdk.ch\/zdok\/2024\/heidi-specogna\/\">Heidi Specogna<\/a><\/h3>\n<p>Filmemacherin, Berlin<\/p>\n<p>Gespr\u00e4ch: <strong>&gt;<\/strong> <a href=\"https:\/\/blog.zhdk.ch\/zdok\/2024\/auf-augenhoehe\/\">Auf Augenh\u00f6he<\/a> | Deutsch<\/p>\n<p><strong>Mittwoch, 19. M\u00e4rz, 15:15<\/strong><\/p>\n<p><span style=\"color: #ffffff\">..<\/span><br \/>\n<strong>&gt; <\/strong><a href=\"https:\/\/blog.zhdk.ch\/zdok\/2024\/heidi-specogna\/\">mehr \/ more<\/a><\/p>\n<hr \/>\n<h3><a href=\"https:\/\/blog.zhdk.ch\/zdok\/2025\/fabienne-steiner\/\"><img loading=\"lazy\" decoding=\"async\" class=\"alignleft wp-image-14559 size-thumbnail\" src=\"https:\/\/blog.zhdk.ch\/zdok\/files\/2025\/01\/Steiner_Fabienne_104SW-150x150.jpg\" alt=\"\" width=\"150\" height=\"150\" \/><\/a><a href=\"https:\/\/blog.zhdk.ch\/zdok\/2025\/fabienne-steiner\/\">Fabienne Steiner<\/a><\/h3>\n<p>Fimemacherin, Kamerafrau, Z\u00fcrich<\/p>\n<p>Referat: <strong>&gt; <a href=\"https:\/\/blog.zhdk.ch\/zdok\/2025\/im-schneideraum-mit-50-paar-augen\/\">Im Schneideraum mit 50 Paar Augen<\/a> | <\/strong>Deutsch<\/p>\n<p><strong>Freitag, 21. M\u00e4rz, \u00a011:00<\/strong><\/p>\n<p><span style=\"color: #ffffff\">..<br \/>\n<\/span><strong>&gt; <\/strong><a href=\"https:\/\/blog.zhdk.ch\/zdok\/2025\/fabienne-steiner\/\">mehr \/ more<\/a><\/p>\n<hr \/>\n<h3><a href=\"https:\/\/blog.zhdk.ch\/zdok\/2024\/bigna-tomschin\/\"><img loading=\"lazy\" decoding=\"async\" class=\"alignleft wp-image-14563 size-thumbnail\" src=\"https:\/\/blog.zhdk.ch\/zdok\/files\/2025\/01\/bigna-tomschin-_104SW-150x150.jpg\" alt=\"\" width=\"150\" height=\"150\" \/><\/a><a href=\"https:\/\/blog.zhdk.ch\/zdok\/2024\/bigna-tomschin\/\">Bigna Tomschin<\/a><\/h3>\n<p>Editorin, Autorin, Regisseurin, Z\u00fcrich<\/p>\n<p>Gespr\u00e4ch: <strong>&gt;<\/strong> <a href=\"https:\/\/blog.zhdk.ch\/zdok\/2024\/polish-prayers\/\">Zur Figurendynamik von POLISH PRAYERS<\/a> | Deutsch<\/p>\n<p><strong>Mittwoch, 19. M\u00e4rz, 12:15<\/strong><\/p>\n<p><strong><span style=\"color: #ffffff\">..<\/span><br \/>\n&gt; <\/strong><a href=\"https:\/\/blog.zhdk.ch\/zdok\/2024\/bigna-tomschin\/\">mehr \/ more<\/a><\/p>\n<hr \/>\n<h3><a href=\"https:\/\/blog.zhdk.ch\/zdok\/2025\/maja-tschumi\/\"><img loading=\"lazy\" decoding=\"async\" class=\"alignleft wp-image-14569 size-thumbnail\" src=\"https:\/\/blog.zhdk.ch\/zdok\/files\/2025\/01\/Maja_2023_Portrait_nah-104-150x150.jpg\" alt=\"\" width=\"150\" height=\"150\" \/><\/a><a href=\"https:\/\/blog.zhdk.ch\/zdok\/2025\/maja-tschumi\/\">Maja Tschumi<\/a><\/h3>\n<p>Regisseurin, Autorin, Basel<\/p>\n<p>Referat: <strong>&gt; <a href=\"https:\/\/blog.zhdk.ch\/zdok\/2025\/partizipatives-erzaehlen-im-dokumentarfilm\/\">Partizipatives Erz\u00e4hlen<\/a><\/strong> | Deutsch \/ Englisch<\/p>\n<p><strong>Donnerstag, 20. M\u00e4rz, \u00a016:30<\/strong><\/p>\n<p><span style=\"color: #ffffff\">..<\/span><a href=\"https:\/\/blog.zhdk.ch\/zdok\/2025\/maja-tschumi\/\"><br \/>\n<\/a><strong>&gt; <\/strong><a href=\"https:\/\/blog.zhdk.ch\/zdok\/2025\/maja-tschumi\/\">mehr \/ more<\/a><\/p>\n<hr \/>\n<h1><span style=\"color: #808080\">Gefilmte<\/span> <span style=\"color: #999999\">\/ Contributors<\/span><\/h1>\n<hr \/>\n<h3><a href=\"https:\/\/blog.zhdk.ch\/zdok\/2025\/ahlam\/\"><img loading=\"lazy\" decoding=\"async\" class=\"alignleft wp-image-16036 size-thumbnail\" src=\"https:\/\/blog.zhdk.ch\/zdok\/files\/2025\/03\/Ahlam_03c-150x150.jpg\" alt=\"\" width=\"150\" height=\"150\" \/><\/a><a href=\"https:\/\/blog.zhdk.ch\/zdok\/2025\/ahlam\/\">AHLAM<\/a><\/h3>\n<p>Deutschland (Irak)<\/p>\n<p>Panel : <strong>&gt;<\/strong>\u00a0<a href=\"https:\/\/blog.zhdk.ch\/zdok\/2025\/panel-contributors\/\">What&#8217;s in if for us?<\/a> \/ <a href=\"https:\/\/blog.zhdk.ch\/zdok\/2025\/panel-contributors\/\">Was haben wir davon?<\/a> | English \/ Deutsch<\/p>\n<p><strong>Donnerstag, 20. M\u00e4rz, \u00a017:15<\/strong><\/p>\n<p><strong>&gt; <\/strong><a href=\"https:\/\/blog.zhdk.ch\/zdok\/2025\/ahlam\/\">mehr \/ more<\/a><\/p>\n<hr \/>\n<h3><a href=\"https:\/\/blog.zhdk.ch\/zdok\/files\/2025\/01\/Maia-Arson-Crimew_104SW.jpg\"><img loading=\"lazy\" decoding=\"async\" class=\"alignleft wp-image-14625 size-thumbnail\" src=\"https:\/\/blog.zhdk.ch\/zdok\/files\/2025\/01\/Maia-Arson-Crimew_104SW-150x150.jpg\" alt=\"\" width=\"150\" height=\"150\" \/><\/a><a href=\"https:\/\/blog.zhdk.ch\/zdok\/2025\/maia-arson-crimew\/\">Maia Arson Crimew<\/a><\/h3>\n<p>Hackerin, Schweiz<\/p>\n<p>Gespr\u00e4ch: <strong>&gt;<\/strong> <a href=\"https:\/\/blog.zhdk.ch\/zdok\/2025\/einblicke-in-die-partizipative-entstehung-von-tiny-kitten-vs-2nary-system\/\">Tiny Kitten Vs 2nary System<\/a> | English<\/p>\n<p><strong>Freitag, 21. M\u00e4rz, 13:30<\/strong><\/p>\n<p><strong><br \/>\n&gt; <\/strong><a href=\"https:\/\/blog.zhdk.ch\/zdok\/2025\/maia-arson-crimew\/\">mehr \/ more<\/a><\/p>\n<hr \/>\n<h3><a href=\"https:\/\/blog.zhdk.ch\/zdok\/2025\/melak-madhi\/\"><img loading=\"lazy\" decoding=\"async\" class=\"alignleft wp-image-14629 size-thumbnail\" src=\"https:\/\/blog.zhdk.ch\/zdok\/files\/2025\/01\/Malek-MadhI_104SW-150x150.jpg\" alt=\"\" width=\"150\" height=\"150\" \/><\/a><a href=\"https:\/\/blog.zhdk.ch\/zdok\/2025\/melak-madhi\/\">MElAk MadhI (Milo)<\/a><\/h3>\n<p>Sozialarbeiterin und Fotografin, Berlin (Bagdad)<\/p>\n<p>Referat <strong>&gt;<\/strong> <a href=\"https:\/\/blog.zhdk.ch\/zdok\/2025\/partizipatives-erzaehlen-im-dokumentarfilm\">Partizipatives Erz\u00e4hlen <\/a>\u00a0| Deutsch\/English<\/p>\n<p><strong>Donnerstag, 20. M\u00e4rz, \u00a016:30<\/strong><\/p>\n<p><span style=\"color: #ffffff\">..<\/span><br \/>\n&gt; <a href=\"https:\/\/blog.zhdk.ch\/zdok\/2025\/melak-madhi\/\">mehr \/ more<\/a><\/p>\n<hr \/>\n<h3><a href=\"https:\/\/blog.zhdk.ch\/zdok\/2025\/living-smile-vidya\/\"><img loading=\"lazy\" decoding=\"async\" class=\"alignleft wp-image-15073 size-full\" src=\"https:\/\/blog.zhdk.ch\/zdok\/files\/2025\/01\/Smiley_Small_BW.jpg\" alt=\"\" width=\"150\" height=\"150\" \/><\/a><a href=\"https:\/\/blog.zhdk.ch\/zdok\/2025\/living-smile-vidya\/\">Living Smile Vidya (Smiley)<\/a><\/h3>\n<p>K\u00fcnstlerin, Schweiz<\/p>\n<p><span style=\"font-size: 1.5rem\">Referat <\/span><strong style=\"font-size: 1.5rem\">&gt;<\/strong> <a href=\"https:\/\/blog.zhdk.ch\/zdok\/2025\/mein-gegenueber\/\">Mein Gegen\u00fcber<\/a><span style=\"font-size: 1.5rem\"> | Deutsch\/English<br \/>\nPanel, 2nd day: <strong>&gt;<\/strong> <a href=\"https:\/\/blog.zhdk.ch\/zdok\/2025\/panel-contributors\/\">What&#8217;s in if for us?<\/a> | English\/Deutsch<\/span><\/p>\n<p><strong>Donnerstag, 20. M\u00e4rz,\u00a0 14:30 | Donnerstag, 20. M\u00e4rz, \u00a017:15<br \/>\n<\/strong><strong>&gt; <\/strong><a href=\"https:\/\/blog.zhdk.ch\/zdok\/2025\/living-smile-vidya\/\">mehr \/ more<\/a><\/p>\n<hr \/>\n<h1><span style=\"color: #808080\">&gt; Forschende <span style=\"color: #999999\">\/ RESEARCHERS<\/span><\/span><\/h1>\n<hr \/>\n<h3><a href=\"https:\/\/blog.zhdk.ch\/zdok\/guests-2025\/\"><img loading=\"lazy\" decoding=\"async\" class=\"alignleft wp-image-14441 size-thumbnail\" src=\"https:\/\/blog.zhdk.ch\/zdok\/files\/2025\/01\/Alamouti_notgood-104SW_2-150x150.jpg\" alt=\"\" width=\"150\" height=\"150\" \/><\/a><a href=\"https:\/\/blog.zhdk.ch\/zdok\/2024\/david-alamouti\/\">David Alamouti<\/a><\/h3>\n<p>Lecturer, PhD candidate, filmmaker and producer, London<\/p>\n<p>Talk: <strong>&gt;<\/strong><a href=\"https:\/\/blog.zhdk.ch\/zdok\/2024\/transnational-and-digital-ethics\/\">\u00a0Transnational and Digital Ethics<\/a> | English<\/p>\n<p><strong>Mittwoch, 19. M\u00e4rz, \u00a016:30<\/strong><\/p>\n<p><span style=\"color: #ffffff\">..<\/span><br \/>\n&gt; <a href=\"https:\/\/blog.zhdk.ch\/zdok\/2024\/david-alamouti\/\">mehr \/ more<\/a><\/p>\n<hr \/>\n<h3><a href=\"https:\/\/blog.zhdk.ch\/zdok\/2024\/patricia-aufderheide\/\"><img loading=\"lazy\" decoding=\"async\" class=\"alignleft wp-image-14337 size-thumbnail\" src=\"https:\/\/blog.zhdk.ch\/zdok\/files\/2025\/01\/Aufderheide-Jean-Tsien-150x150.jpg\" alt=\"\" width=\"150\" height=\"150\" \/><\/a><a href=\"https:\/\/blog.zhdk.ch\/zdok\/2024\/patricia-aufderheide\/\">Patricia Aufderheide<\/a><\/h3>\n<p>Professor of Communication Studies, American University<\/p>\n<p>Talk: <strong>&gt; <a href=\"https:\/\/blog.zhdk.ch\/zdok\/2024\/ethical-standards\/\">Filmmakers\u2019 Movements to Assert Ethical Standards<\/a>\u00a0<\/strong><span style=\"font-size: 1.5rem\">\u00a0| English<br \/>\nPanel: <strong>&gt;<\/strong> <a href=\"https:\/\/blog.zhdk.ch\/zdok\/2025\/panel-contributors\/\">What&#8217;s in if for us?<\/a> | English\/Deutsch<\/span><\/p>\n<p><strong>Donnerstag, 20. M\u00e4rz, 12:15 | Donnerstag, 20. M\u00e4rz, \u00a017:15<br \/>\n<\/strong>&gt; <a href=\"https:\/\/blog.zhdk.ch\/zdok\/2024\/patricia-aufderheide\/\">mehr \/ more<\/a><\/p>\n<hr \/>\n<h3><a href=\"https:\/\/blog.zhdk.ch\/zdok\/2025\/rand-beiruty-2\/\"><img loading=\"lazy\" decoding=\"async\" class=\"alignleft wp-image-14365 size-thumbnail\" src=\"https:\/\/blog.zhdk.ch\/zdok\/files\/2025\/01\/RandBeiruty_104SW-150x150.jpg\" alt=\"\" width=\"150\" height=\"150\" \/><\/a><a href=\"https:\/\/blog.zhdk.ch\/zdok\/2025\/rand-beiruty-2\/\">Rand Beiruty<\/a><\/h3>\n<p>Filmmaker, Producer, \u00a0Artistic researcher, \u00a0Amman \/ Berlin<\/p>\n<p>Talk: <strong>&gt;<\/strong> <a style=\"font-size: 1.5rem\" href=\"https:\/\/blog.zhdk.ch\/zdok\/2025\/collaborative-relationships\/\"><strong>Collaborative Relationships<\/strong><\/a>\u00a0<strong style=\"font-size: 1.5rem\">| <\/strong><span style=\"font-size: 1.5rem\">English<br \/>\n<\/span><\/p>\n<p><span style=\"font-size: 1.5rem\">Panel: <strong>&gt;<\/strong> <a href=\"https:\/\/blog.zhdk.ch\/zdok\/2025\/panel-contributors\/\">What&#8217;s in if for us?<\/a> | English\/Deutsch<\/span><\/p>\n<p><strong>Donnerstag, 20. M\u00e4rz, 11:30 | Donnerstag, 20. M\u00e4rz, \u00a017:15<br \/>\n<\/strong>&gt; <a href=\"https:\/\/blog.zhdk.ch\/zdok\/2025\/rand-beiruty-2\/\">mehr \/ more<\/a><\/p>\n<hr \/>\n<h3><a href=\"https:\/\/blog.zhdk.ch\/zdok\/2024\/emily-coleman\/\"><img loading=\"lazy\" decoding=\"async\" class=\"alignleft wp-image-15079 size-thumbnail\" src=\"https:\/\/blog.zhdk.ch\/zdok\/files\/2025\/01\/Emily_Colemann_104SW-v-150x150.jpg\" alt=\"\" width=\"150\" height=\"150\" \/><\/a><a href=\"https:\/\/blog.zhdk.ch\/zdok\/2024\/emily-coleman\/\">Emily Coleman<\/a><\/h3>\n<p>Researcher, \u00a0King\u2019s College London<\/p>\n<p>Talk: <strong>&gt;<\/strong> <strong><a href=\"https:\/\/blog.zhdk.ch\/zdok\/2024\/documentary-relationships\/\">The Work of Documentary Relationships<\/a><\/strong> | English<\/p>\n<p><strong>Mittwoch 19. M\u00e4rz, 14:30<\/strong><\/p>\n<p><span style=\"color: #ffffff\">..<\/span><br \/>\n&gt; <a href=\"https:\/\/blog.zhdk.ch\/zdok\/2024\/emily-coleman\/\">mehr \/ more<\/a><\/p>\n<hr \/>\n<h3><a href=\"https:\/\/blog.zhdk.ch\/zdok\/2025\/jens-eder\/\"><img loading=\"lazy\" decoding=\"async\" class=\"alignleft wp-image-14505 size-thumbnail\" src=\"https:\/\/blog.zhdk.ch\/zdok\/files\/2025\/01\/JensEder_104-150x150.jpg\" alt=\"\" width=\"150\" height=\"150\" \/><\/a><a href=\"https:\/\/blog.zhdk.ch\/zdok\/2025\/jens-eder\/\">Jens Eder<\/a><\/h3>\n<p>Professor f\u00fcr Dramaturgie und \u00c4sthetik audiovisueller Medien, Filmuniversit\u00e4t Babelsberg<\/p>\n<p>Talk: <strong>&gt; <\/strong>Die Uhr der Figur | Deutsch<\/p>\n<p><strong>Mittwoch, 19. M\u00e4rz, 11:30<\/strong><\/p>\n<p><strong>&gt; <\/strong><a href=\"https:\/\/blog.zhdk.ch\/zdok\/2025\/jens-eder\/\">mehr \/ more<\/a><\/p>\n<hr \/>\n<h1><span style=\"color: #808080\">SPECIAL INPUT<\/span><\/h1>\n<hr \/>\n<h3><a href=\"https:\/\/blog.zhdk.ch\/zdok\/2025\/serra-ciliv\/\"><img loading=\"lazy\" decoding=\"async\" class=\"alignleft wp-image-14425 size-thumbnail\" src=\"https:\/\/blog.zhdk.ch\/zdok\/files\/2025\/01\/Serra-Ciliv_104SW-150x150.jpg\" alt=\"\" width=\"150\" height=\"150\" \/><\/a><a href=\"https:\/\/blog.zhdk.ch\/zdok\/2025\/serra-ciliv\/\">Serra Ciliv<\/a><\/h3>\n<p>Process-oriented therapist, Film in Mind, UK<\/p>\n<p>Special Feature: <strong>&gt;<\/strong> <a href=\"https:\/\/blog.zhdk.ch\/zdok\/2025\/processing-together\/\">Processing Together<\/a> | English<br \/>\n<em>Volunteers from the audience participate in an experiment.<\/em><\/p>\n<p><strong>Donnerstag, 20. M\u00e4rz, 09:30<\/strong><\/p>\n<p><strong>&gt; <\/strong><a href=\"https:\/\/blog.zhdk.ch\/zdok\/2025\/serra-ciliv\/\">mehr \/ more<\/a><\/p>\n<hr \/>\n<h3><a href=\"https:\/\/blog.zhdk.ch\/zdok\/2025\/mikael-opstrup\/\"><img loading=\"lazy\" decoding=\"async\" class=\"alignleft wp-image-14641 size-thumbnail\" src=\"https:\/\/blog.zhdk.ch\/zdok\/files\/2025\/01\/Mikael-Opstrup_Portraet-104_corr-150x150.jpg\" alt=\"\" width=\"150\" height=\"150\" \/><\/a><a href=\"https:\/\/blog.zhdk.ch\/zdok\/2025\/mikael-opstrup\/\">Mikael Opstrup<\/a><\/h3>\n<p>Producer and author of \u00abThe Uncertainty\u00bb, Copenhagen<\/p>\n<p>Intervention: <strong>&gt; <\/strong><a href=\"https:\/\/blog.zhdk.ch\/zdok\/2025\/what-are-we-looking-for\/\">What Are We Looking For?<\/a>\u00a0| English<\/p>\n<p><strong>Donnerstag, 20. M\u00e4rz, \u00a015:15<\/strong><\/p>\n<p><a href=\"https:\/\/blog.zhdk.ch\/zdok\/2025\/mikael-opstrup\/\"><br \/>\n<\/a><strong>&gt; <\/strong><a href=\"https:\/\/blog.zhdk.ch\/zdok\/2025\/mikael-opstrup\/\">mehr \/ more<\/a><\/p>\n<hr \/>\n<pre><strong>&gt;<\/strong> <a href=\"https:\/\/blog.zhdk.ch\/zdok\/\">HOME<\/a> | <strong>&gt; <\/strong><a href=\"https:\/\/blog.zhdk.ch\/zdok\/programm-25\/\">PROGRAMM 2025<\/a> |  <strong>&gt;<\/strong><a href=\"https:\/\/blog.zhdk.ch\/zdok\/filme-2025\/\"> FILME 2025<\/a> | <strong>&gt;<\/strong> <a href=\"https:\/\/eventfrog.ch\/de\/p\/kurse-seminare\/kunst-kultur\/zdok-25-zuercher-dokumentarfilmtagung-7283131732487809850.html\" target=\"_blank\" rel=\"noopener\">TICKETS<\/a> |\u00a0<strong>&gt;<\/strong><a href=\"https:\/\/blog.zhdk.ch\/zdok\/2025\/redaktion-moderation\/\"> REDAKTIONSTEAM<\/a><\/pre>\n<p>&nbsp;<\/p>\n<p>&nbsp;<\/p>\n<p>&nbsp;<\/p>\n","protected":false},"excerpt":{"rendered":"<p>&nbsp; &gt; FILMENDE \/ FILMMAKERS Lisa Gerig Filmemacherin, Z\u00fcrich Referat: &gt; Mein Gegen\u00fcber |\u00a0Deutsch\/Englisch Donnerstag, 20. M\u00e4rz, \u00a014:30 .. ..&gt; mehr \/ more Annett Ilijew Filmemacherin, Editorin, Dozentin, Berlin Referat: &gt; Mit Beharrlichkeit zur Einvernehmlichkeit | Deutsch Podium: &gt; Konfliktbereiche der Regiearbeit\u00a0| Deutsch Mittwoch, 19. M\u00e4rz, 10:15 | Mittwoch, 19. M\u00e4rz, 17:15 ..&gt; mehr \/ &hellip;<\/p>\n","protected":false},"author":3673,"featured_media":0,"parent":0,"menu_order":0,"comment_status":"closed","ping_status":"closed","template":"","meta":{"footnotes":""},"class_list":["post-14327","page","type-page","status-publish","hentry"],"_links":{"self":[{"href":"https:\/\/blog.zhdk.ch\/zdok\/wp-json\/wp\/v2\/pages\/14327","targetHints":{"allow":["GET"]}}],"collection":[{"href":"https:\/\/blog.zhdk.ch\/zdok\/wp-json\/wp\/v2\/pages"}],"about":[{"href":"https:\/\/blog.zhdk.ch\/zdok\/wp-json\/wp\/v2\/types\/page"}],"author":[{"embeddable":true,"href":"https:\/\/blog.zhdk.ch\/zdok\/wp-json\/wp\/v2\/users\/3673"}],"replies":[{"embeddable":true,"href":"https:\/\/blog.zhdk.ch\/zdok\/wp-json\/wp\/v2\/comments?post=14327"}],"version-history":[{"count":161,"href":"https:\/\/blog.zhdk.ch\/zdok\/wp-json\/wp\/v2\/pages\/14327\/revisions"}],"predecessor-version":[{"id":16109,"href":"https:\/\/blog.zhdk.ch\/zdok\/wp-json\/wp\/v2\/pages\/14327\/revisions\/16109"}],"wp:attachment":[{"href":"https:\/\/blog.zhdk.ch\/zdok\/wp-json\/wp\/v2\/media?parent=14327"}],"curies":[{"name":"wp","href":"https:\/\/api.w.org\/{rel}","templated":true}]}}