{"id":19,"date":"2017-06-06T08:16:47","date_gmt":"2017-06-06T06:16:47","guid":{"rendered":"https:\/\/blog.zhdk.ch\/cweckema\/?page_id=19"},"modified":"2025-03-04T12:33:07","modified_gmt":"2025-03-04T11:33:07","slug":"zdokinfo","status":"publish","type":"page","link":"https:\/\/blog.zhdk.ch\/zdok\/zdokinfo\/","title":{"rendered":"ZDOK INFO"},"content":{"rendered":"<p>Die Z\u00fcrcher Dokumentarfilmtagung ist eine Veranstaltung des <a href=\"https:\/\/www.zhdk.ch\/ipf\">Institute for the Performing Arts and Film<\/a>\u00a0in Zusammenarbeit mit der <a href=\"https:\/\/www.zhdk.ch\/film\">Fachrichtung Film<\/a> der ZHdK. Die Tagung wird unterst\u00fctzt durch unseren Partner <a href=\"https:\/\/www.srf.ch\/sendungen\/dok\">SRF DOK<\/a>, der Stiftung Weiterbildung Film und Audiovision <a href=\"https:\/\/focal.ch\/\">FOCAL<\/a> und dem Schweizerischen Nationalsfonds <a href=\"https:\/\/www.snf.ch\/de\">SNF<\/a>.<\/p>\n<p><strong>Ticketing-Vorverkauf<br \/>\n<\/strong>Tickets k\u00f6nnen im Vorverkauf bis am 13. M\u00e4rz um 12:00 Uhr <a href=\"https:\/\/eventfrog.ch\/de\/p\/kurse-seminare\/kunst-kultur\/zdok-25-zuercher-dokumentarfilmtagung-7283131732487809850.html\">hier<\/a> erworben werden:<br \/>\n<big><strong>&gt;<\/strong> <\/big><a href=\"https:\/\/eventfrog.ch\/de\/p\/kurse-seminare\/kunst-kultur\/zdok-25-zuercher-dokumentarfilmtagung-7283131732487809850.html\"><big><small>Link zu Eventfrog<\/small><\/big><\/a><\/p>\n<p>Das gekaufte Ticket kann digital per PDF am Welcome Desk pr\u00e4sentiert und in einen Tagungsbadge umgetauscht werden.<br \/>\nDie Best\u00e4tigungsmail wird bis Freitag, 14. M\u00e4rz um 12 Uhr versendet.<\/p>\n<p><strong>Tageskasse<\/strong><br \/>\nWenige Tickets werden an der Tageskasse zur Verf\u00fcgung stehen (Achtung: Nur Kartenzahlung m\u00f6glich!).<\/p>\n<p><strong>Preise<\/strong><\/p>\n<ul>\n<li><span style=\"color: #333333\"><strong>3-Tageskarte<\/strong><\/span> <span lang=\"DE\">(Mi 19., Do 20., Fr 21. M\u00e4rz) <\/span>= CHF 150.&#8211;<br \/>\nreduzierter Tarif f\u00fcr externe Studierende (mit Legi) sowie f\u00fcr Inhaber:innen der KulturLegi = CHF 100.&#8211;<\/li>\n<li><span style=\"color: #333333\"><strong>2-Tageskarte<\/strong><\/span> <span style=\"color: #000000;font-size: 1.5rem\">(Mi 19., Do 20. M\u00e4rz)<\/span> = CHF 130.&#8211;<br \/>\nreduzierter Tarif f\u00fcr externe Studierende (mit Legi) sowie f\u00fcr Inhaber:innen der KulturLegi = CHF 80.&#8211;<\/li>\n<li><span style=\"color: #333333\"><strong>Tageskarte Mittwoch<\/strong><\/span> (19. M\u00e4rz) \u00a0= CHF 90.&#8211;<br \/>\nreduzierter Tarif f\u00fcr externe Studierende (mit Legi) sowie f\u00fcr Inhaber:innen der KulturLegi = CHF 50.&#8211;<\/li>\n<li><span style=\"color: #333333\"><strong>Tageskarte Donnerstag<\/strong><\/span> (20. M\u00e4rz) \u00a0= CHF 90.&#8211;<br \/>\nreduzierter Tarif f\u00fcr externe Studierende (mit Legi) sowie f\u00fcr Inhaber:innen der KulturLegi = CHF 50.&#8211;<\/li>\n<li><span style=\"color: #333333\"><strong>Tageskarte Freitag<\/strong> <\/span>(21. M\u00e4rz) \u00a0= CHF 50.&#8211;<br \/>\nreduzierter Tarif f\u00fcr externe Studierende (mit Legi) sowie f\u00fcr Inhaber:innen der KulturLegi = CHF 20.&#8211;<\/li>\n<li><span style=\"color: #333333\"><strong>ZHdK-Angeh\u00f6rige<\/strong><\/span> <span style=\"font-size: 1.5rem\">(nur mit ZHdK-Ausweis und tageweiser Ticketbuchung)<\/span>\u00a0= CHF 0.&#8211;<\/li>\n<\/ul>\n<p><strong>Sprache<br \/>\n<\/strong>ZDOK ist eine zweisprachige Tagung mit deutschen und englischen Beitr\u00e4gen. Eine Auswahl von deutschen Vortr\u00e4gen wird jeweils simultan ins Englische \u00fcbersetzt. Informationen dazu finden sich im detaillierten Programm.<\/p>\n<p><strong>Forschung und Dokumentarfilm<br \/>\n<\/strong>Seit 2008 f\u00f6rdert die Z\u00fcrcher Dokumentarfilmtagung ZDOK die fachliche Debatte \u00fcber aktuelle Formen des Dokumentarfilmschaffens mit namhafter internationaler Beteiligung. Das Ziel der Tagung ist die Gegen\u00fcberstellung von pr\u00e4gnanten Positionen aus unterschiedlichen Perspektiven. Filmschaffende legen mit ihren Werken und mit Referaten unverwechselbare Haltungen und Arbeitsmethoden dar, w\u00e4hrend Filmwissenschaftler\/innen das jeweilige Tagungsthema aus theoretischer Sicht beleuchten. Diskussionsrunden f\u00fchren die beiden Blickwinkel zusammen.<\/p>\n<p><strong>Presse<br \/>\n<\/strong>F\u00fcr Presseanfragen und Presseakkreditierungen wenden sie sich bitte an <a href=\"mailto:zdok.info@zhdk.ch\">zdok.info@zhdk.ch<\/a>.<\/p>\n<p><strong>Redaktionsgruppe ZDOK.25<br \/>\n<\/strong>Maurizius Staerkle Drux (Leitung), Miriam Loertscher, Christian Iseli, Stefania Burla<\/p>\n<p><strong>Kontakt:<\/strong> zdok.info(at)zhdk.ch<\/p>\n<p><strong>Veranstaltungsorte 2025:<\/strong><br \/>\n\u2013 <strong>Vortragsaal<\/strong>, <strong><a href=\"https:\/\/museum-gestaltung.ch\/de\/besuch\/ausstellungsstrasse\">Museum f\u00fcr Gestaltung an der Ausstellungsstrasse<\/a> <a href=\"https:\/\/museum-gestaltung.ch\/de\/besuch\/ausstellungsstrasse\" target=\"_blank\" rel=\"noopener\">\u279a<\/a><br \/>\n<\/strong>\u2013<strong> Kino TON<\/strong>I, <strong><a href=\"https:\/\/www.zhdk.ch\/kinotoni\/adresse-und-anreise-7358\">Z\u00fcrcher Hochschule der K\u00fcnste<\/a> <a href=\"https:\/\/www.zhdk.ch\/kinotoni\/adresse-und-anreise-7358\" target=\"_blank\" rel=\"noopener\">\u279a<\/a><\/strong><\/p>\n<hr \/>\n<p>The Zurich Documentary Conference ZDOK.23 is an event of the <a href=\"https:\/\/www.zhdk.ch\/ipf\">Institute for the Perfoming Arts<\/a> and Film in cooperation with the <a href=\"https:\/\/www.zhdk.ch\/film\">film education<\/a> at the Zurich University of the Arts ZHdK. The conference is supported by the media partner <a href=\"https:\/\/www.srf.ch\/sendungen\/dok\">SRF<\/a>, Swiss Radio and Television, the Foundation for Continuing Education in Film and Audiovision <a href=\"https:\/\/focal.ch\/\">FOCAL<\/a>\u00a0and the <a href=\"https:\/\/memoriav.ch\/de\/\">Foundation Memoriav<\/a>.<\/p>\n<p><strong>Ticketing<br \/>\n<\/strong>Tickets can be purchased until March 13th at 12:00 via <a href=\"https:\/\/eventfrog.ch\/de\/p\/kurse-seminare\/kunst-kultur\/zdok-25-zuercher-dokumentarfilmtagung-7283131732487809850.html\">Eventfrog<\/a>.<\/p>\n<p>The purchased ticket can be presented digitally as a PDF at the Welcome Desk and exchanged for a conference badge.<\/p>\n<p>The confirmation email will be sent until Friday, March 14th at 12:00.<\/p>\n<ul>\n<li><span style=\"color: #333333\"><strong>3-day pass<\/strong><\/span> <span lang=\"DE\">(Wed 19, Thu 20, Fri \u00a021, March) <\/span>= CHF 150.&#8211;<br \/>\nreduced rate for external students (with Legi) and for holders of the KulturLegi = CHF 100.&#8211;<\/li>\n<li><span style=\"color: #333333\"><strong>2-day pass<\/strong><\/span> <span style=\"color: #000000;font-size: 1.5rem\">(<span lang=\"DE\">Wed 19, Thu 20 \u00a0March<\/span>)<\/span> = CHF 130.&#8211;<br \/>\nreduzierter Tarif f\u00fcr externe Studierende (mit Legi) sowie f\u00fcr Inhaber:innen der KulturLegi = CHF 80.&#8211;<\/li>\n<li><span style=\"color: #333333\"><strong>day pass Wednesday<\/strong><\/span> (March 19) \u00a0= CHF 90.&#8211;<br \/>\nreduzierter Tarif f\u00fcr externe Studierende (mit Legi) sowie f\u00fcr Inhaber:innen der KulturLegi = CHF 50.&#8211;<\/li>\n<li><span style=\"color: #333333\"><strong>day pass Thursday<\/strong><\/span> (March 20 \u00a0= CHF 90.&#8211;<br \/>\nreduzierter Tarif f\u00fcr externe Studierende (mit Legi) sowie f\u00fcr Inhaber:innen der KulturLegi = CHF 50.&#8211;<\/li>\n<li><span style=\"color: #333333\"><strong>day pass Friday<\/strong><\/span> (March 21) \u00a0= CHF 50.&#8211;<br \/>\nreduzierter Tarif f\u00fcr externe Studierende (mit Legi) sowie f\u00fcr Inhaber:innen der KulturLegi = CHF 20.&#8211;<\/li>\n<li><span style=\"color: #333333\"><strong>ZHdK members<\/strong><\/span> <span style=\"font-size: 1.5rem\">(staff and students, only with ZHdK card and ticket booking by the day)<\/span>\u00a0= CHF 0.&#8211;<\/li>\n<\/ul>\n<p><strong>Box office<\/strong><br \/>\nThere is the possibility of purchasing tickets directly at the daily box office. Please note: Card payment only!<\/p>\n<p><strong>Language<\/strong><br \/>\nZDOK is a bilingual conference, offering talks both in German and English. The German talks are translated simultaneously into English. Please bring your own headphones to connect them to your mobile phone in order to listen to the translation.<\/p>\n<p><strong>Research on documentary<\/strong><br \/>\nSince 2008, the Zurich Documentary Conference ZDOK has been promoting the professional debate on current forms of documentary filmmaking with notable international involvement. The aim of the conference is the juxtaposition of positions from different perspectives: Filmmakers use their work to present distinctive attitudes and working methods, while film scholars illuminate the topic of the conference from a theoretical point of view. Panel discussions bring together the two perspectives.<\/p>\n<p><strong>ZDOK.25 team:<\/strong><br \/>\nMaurizius Staerkle Drux (lead), Miriam Loertscher, Christian Iseli, Stefania Burla<\/p>\n<p><strong>Contact:<\/strong> zdok.info(at)zhdk.ch<\/p>\n<p><strong>Venues 2025:<\/strong><br \/>\n\u2013 <strong>Vortragsaal<\/strong>, <strong><a href=\"https:\/\/museum-gestaltung.ch\/de\/besuch\/ausstellungsstrasse\">Museum f\u00fcr Gestaltung an der Ausstellungsstrasse<\/a> <a href=\"https:\/\/museum-gestaltung.ch\/de\/besuch\/ausstellungsstrasse\" target=\"_blank\" rel=\"noopener\">\u279a<\/a><br \/>\n<\/strong>\u2013<strong> Kino TON<\/strong>I, <strong><a href=\"https:\/\/www.zhdk.ch\/kinotoni\/adresse-und-anreise-7358\">Z\u00fcrcher Hochschule der K\u00fcnste<\/a> <a href=\"https:\/\/www.zhdk.ch\/kinotoni\/adresse-und-anreise-7358\" target=\"_blank\" rel=\"noopener\">\u279a<\/a><\/strong><\/p>\n<p><span style=\"color: #ffffff\">.<\/span><\/p>\n<pre><strong>&gt;<\/strong><a href=\"https:\/\/blog.zhdk.ch\/zdok\/programm-25\/\"> PROGRAMM 2025<\/a> |<strong> &gt;<\/strong> <a href=\"https:\/\/blog.zhdk.ch\/zdok\/guests-2025\/\">G\u00c4STE 2025<\/a> | <strong>&gt;<\/strong><a href=\"https:\/\/blog.zhdk.ch\/zdok\/filme-2025\/\"> FILME 2025<\/a> | <strong>&gt;<\/strong> <a href=\"https:\/\/eventfrog.ch\/de\/p\/kurse-seminare\/kunst-kultur\/zdok-25-zuercher-dokumentarfilmtagung-7283131732487809850.html\" target=\"_blank\" rel=\"noopener\">TICKETS<\/a> | <strong>&gt;<\/strong><a href=\"https:\/\/blog.zhdk.ch\/zdok\/2025\/redaktion-moderation\/\"> REDAKTIONSTEAM<\/a><\/pre>\n","protected":false},"excerpt":{"rendered":"<p>Die Z\u00fcrcher Dokumentarfilmtagung ist eine Veranstaltung des Institute for the Performing Arts and Film\u00a0in Zusammenarbeit mit der Fachrichtung Film der ZHdK. Die Tagung wird unterst\u00fctzt durch unseren Partner SRF DOK, der Stiftung Weiterbildung Film und Audiovision FOCAL und dem Schweizerischen Nationalsfonds SNF. Ticketing-Vorverkauf Tickets k\u00f6nnen im Vorverkauf bis am 13. M\u00e4rz um 12:00 Uhr hier &hellip;<\/p>\n","protected":false},"author":3673,"featured_media":0,"parent":0,"menu_order":0,"comment_status":"closed","ping_status":"closed","template":"","meta":{"footnotes":""},"class_list":["post-19","page","type-page","status-publish","hentry"],"_links":{"self":[{"href":"https:\/\/blog.zhdk.ch\/zdok\/wp-json\/wp\/v2\/pages\/19","targetHints":{"allow":["GET"]}}],"collection":[{"href":"https:\/\/blog.zhdk.ch\/zdok\/wp-json\/wp\/v2\/pages"}],"about":[{"href":"https:\/\/blog.zhdk.ch\/zdok\/wp-json\/wp\/v2\/types\/page"}],"author":[{"embeddable":true,"href":"https:\/\/blog.zhdk.ch\/zdok\/wp-json\/wp\/v2\/users\/3673"}],"replies":[{"embeddable":true,"href":"https:\/\/blog.zhdk.ch\/zdok\/wp-json\/wp\/v2\/comments?post=19"}],"version-history":[{"count":78,"href":"https:\/\/blog.zhdk.ch\/zdok\/wp-json\/wp\/v2\/pages\/19\/revisions"}],"predecessor-version":[{"id":16058,"href":"https:\/\/blog.zhdk.ch\/zdok\/wp-json\/wp\/v2\/pages\/19\/revisions\/16058"}],"wp:attachment":[{"href":"https:\/\/blog.zhdk.ch\/zdok\/wp-json\/wp\/v2\/media?parent=19"}],"curies":[{"name":"wp","href":"https:\/\/api.w.org\/{rel}","templated":true}]}}