{"id":249,"date":"2016-05-06T16:54:25","date_gmt":"2016-05-06T14:54:25","guid":{"rendered":"https:\/\/blog.zhdk.ch\/cweckema\/?page_id=249"},"modified":"2018-01-16T11:37:59","modified_gmt":"2018-01-16T10:37:59","slug":"zhdo-2016","status":"publish","type":"page","link":"https:\/\/blog.zhdk.ch\/zdok\/zdok-bisher\/zhdo-2016\/","title":{"rendered":"ZDOK.16"},"content":{"rendered":"<p><img loading=\"lazy\" decoding=\"async\" class=\"alignnone size-full wp-image-1719\" src=\"https:\/\/blog.zhdk.ch\/zdok\/files\/2017\/06\/zdok16_uebersicht-1.jpg\" alt=\"\" width=\"2000\" height=\"1088\" srcset=\"https:\/\/blog.zhdk.ch\/zdok\/files\/2017\/06\/zdok16_uebersicht-1.jpg 2000w, https:\/\/blog.zhdk.ch\/zdok\/files\/2017\/06\/zdok16_uebersicht-1-300x163.jpg 300w, https:\/\/blog.zhdk.ch\/zdok\/files\/2017\/06\/zdok16_uebersicht-1-768x418.jpg 768w, https:\/\/blog.zhdk.ch\/zdok\/files\/2017\/06\/zdok16_uebersicht-1-1024x557.jpg 1024w\" sizes=\"auto, (max-width: 2000px) 100vw, 2000px\" \/><\/p>\n<h4>Die Wiederherstellung von vergangenen Ereignissen, um sie filmisch festzuhalten, hat im Dokumentarfilm eine lange Tradition. An der Tagung ZDOK.16 wurden unterschiedliche Spielformen von Reenactment sowohl aus der Macher\/innen-Perspektive als auch aus theoretischer Sicht zur Diskussion gestellt.<\/h4>\n<p><a href=\"https:\/\/blog.zhdk.ch\/zdok\/files\/2017\/06\/broschuere_zdok_16_web.pdf\" target=\"_blank\" rel=\"noopener\">Programm ZDOK.16 (PDF)<\/a><\/p>\n<hr class=\"ttfmake-hr\" style=\"border-style: solid;border-top-width: 1px\" \/>\n<figure id=\"attachment_4279\" aria-describedby=\"caption-attachment-4279\" style=\"width: 300px\" class=\"wp-caption alignnone\"><a href=\"https:\/\/blog.zhdk.ch\/zdok\/files\/2017\/11\/DSC_0363.jpg\"><img loading=\"lazy\" decoding=\"async\" class=\"wp-image-4279 size-medium\" src=\"https:\/\/blog.zhdk.ch\/zdok\/files\/2017\/11\/DSC_0363-300x200.jpg\" alt=\"\" width=\"300\" height=\"200\" srcset=\"https:\/\/blog.zhdk.ch\/zdok\/files\/2017\/11\/DSC_0363-300x200.jpg 300w, https:\/\/blog.zhdk.ch\/zdok\/files\/2017\/11\/DSC_0363-768x511.jpg 768w, https:\/\/blog.zhdk.ch\/zdok\/files\/2017\/11\/DSC_0363-1240x825.jpg 1240w\" sizes=\"auto, (max-width: 300px) 100vw, 300px\" \/><\/a><figcaption id=\"caption-attachment-4279\" class=\"wp-caption-text\">Christian Iseli<\/figcaption><\/figure>\n<h2>Do it again \u2013 Reenactment im Dokumentarfilm<\/h2>\n<p>Im Einf\u00fchrungsreferat von Christian Iseli wurden verschiedene Spielformen des Reenactments im Hinblick auf Methodik und Wirkung untersucht. Dabei soll auch die Imagination thematisiert werden. Wie kann diese eigentlich zur Entfaltung kommen, wenn den Zuschauer\/innen mit den Reinszenierungen m\u00f6glichst alles gezeigt wird?<\/p>\n<p><a href=\"https:\/\/blog.zhdk.ch\/zdok\/referate\/2017\/do-it-again-reenactment-im-dokumentarfilm-2\/\">Video\u00a0<\/a>\u0399\u00a0<a href=\"https:\/\/blog.zhdk.ch\/zdok\/gaeste\/2017\/christian-iseli-2\/\">Christian Iseli<\/a><\/p>\n<hr \/>\n<figure id=\"attachment_2902\" aria-describedby=\"caption-attachment-2902\" style=\"width: 300px\" class=\"wp-caption alignnone\"><a href=\"https:\/\/blog.zhdk.ch\/zdok\/files\/2017\/11\/Megan_04.jpeg\"><img loading=\"lazy\" decoding=\"async\" class=\"wp-image-2902 size-medium\" src=\"https:\/\/blog.zhdk.ch\/zdok\/files\/2017\/11\/Megan_04-300x169.jpeg\" alt=\"\" width=\"300\" height=\"169\" srcset=\"https:\/\/blog.zhdk.ch\/zdok\/files\/2017\/11\/Megan_04-300x169.jpeg 300w, https:\/\/blog.zhdk.ch\/zdok\/files\/2017\/11\/Megan_04-768x432.jpeg 768w, https:\/\/blog.zhdk.ch\/zdok\/files\/2017\/11\/Megan_04-1240x698.jpeg 1240w, https:\/\/blog.zhdk.ch\/zdok\/files\/2017\/11\/Megan_04.jpeg 1920w\" sizes=\"auto, (max-width: 300px) 100vw, 300px\" \/><\/a><figcaption id=\"caption-attachment-2902\" class=\"wp-caption-text\">Megan Carrigy<\/figcaption><\/figure>\n<h2>Reenactments Make History<\/h2>\n<p>The ways in which reenactments draw attention themselves as reenactments are often closely tied to the historical and cultural circumstances in which they were made. As consequence, their recognisability has sometimes been quite unreliable. What is recognised as acceptable for the reenactment has also continued to change over time. How can reenactments help us think about the mediated nature historical events?<\/p>\n<p><a href=\"https:\/\/blog.zhdk.ch\/zdok\/talks-video\/2016\/english\/2017\/reenactments-make-history\/\">Video\u00a0<\/a>\u0399 <a href=\"https:\/\/blog.zhdk.ch\/zdok\/files\/2017\/07\/referat_carrigy_2016.pdf\">Text<\/a>\u00a0\u0399 <a href=\"https:\/\/blog.zhdk.ch\/zdok\/gaeste\/2017\/megan-carrigy\/\">Megan Carrigy<\/a><\/p>\n<hr \/>\n<figure id=\"attachment_2906\" aria-describedby=\"caption-attachment-2906\" style=\"width: 300px\" class=\"wp-caption alignnone\"><a href=\"https:\/\/blog.zhdk.ch\/zdok\/files\/2017\/11\/Maria_01.jpeg\"><img loading=\"lazy\" decoding=\"async\" class=\"wp-image-2906 size-medium\" src=\"https:\/\/blog.zhdk.ch\/zdok\/files\/2017\/11\/Maria_01-300x200.jpeg\" alt=\"\" width=\"300\" height=\"200\" srcset=\"https:\/\/blog.zhdk.ch\/zdok\/files\/2017\/11\/Maria_01-300x200.jpeg 300w, https:\/\/blog.zhdk.ch\/zdok\/files\/2017\/11\/Maria_01-768x512.jpeg 768w, https:\/\/blog.zhdk.ch\/zdok\/files\/2017\/11\/Maria_01-1240x827.jpeg 1240w\" sizes=\"auto, (max-width: 300px) 100vw, 300px\" \/><\/a><figcaption id=\"caption-attachment-2906\" class=\"wp-caption-text\">Maria Muhle<\/figcaption><\/figure>\n<h2>Die Gretchenfrage des Reenactments<\/h2>\n<p>In seiner Philosophie der Geschichte (1946) bestimmt Robin G. Collingwood \u00abdie Geschichte des Denkens\u00bb \u2013 und damit alle Geschichte \u2013 als \u00abNachvollzug des Denkens der Vergangenheit im Geiste des Geschichtsschreibers\u00bb als: reenactment of past thought. Die Frage nach dem dokumentarischen Anspruch der Praktiken des Reenactments ist damit so etwas wie die \u00abGretchenfrage\u00bb des Reenactments, insofern hier zugleich die Frage nach dem Status der Nachahmung thematisiert wird und deren Praktiken zwischen dem Pol der Historiografie und jenem der Kunst aufgespannt werden.<\/p>\n<p><a href=\"https:\/\/blog.zhdk.ch\/zdok\/referate\/2017\/die-gretchenfrage-des-reenactments\/\">Video\u00a0<\/a>\u0399 <a href=\"https:\/\/blog.zhdk.ch\/zdok\/files\/2017\/07\/referat_muhle_2016.pdf\">Text<\/a>\u00a0\u0399 <a href=\"https:\/\/blog.zhdk.ch\/zdok\/gaeste\/2017\/maria-muhle\/\">Maria Muhle<\/a><\/p>\n<hr \/>\n<div>\n<figure id=\"attachment_2908\" aria-describedby=\"caption-attachment-2908\" style=\"width: 300px\" class=\"wp-caption alignnone\"><a href=\"https:\/\/blog.zhdk.ch\/zdok\/files\/2016\/05\/StellaBruzzi.jpg\"><img loading=\"lazy\" decoding=\"async\" class=\"wp-image-2908 size-medium\" src=\"https:\/\/blog.zhdk.ch\/zdok\/files\/2016\/05\/StellaBruzzi-300x200.jpg\" alt=\"\" width=\"300\" height=\"200\" srcset=\"https:\/\/blog.zhdk.ch\/zdok\/files\/2016\/05\/StellaBruzzi-300x200.jpg 300w, https:\/\/blog.zhdk.ch\/zdok\/files\/2016\/05\/StellaBruzzi-768x511.jpg 768w, https:\/\/blog.zhdk.ch\/zdok\/files\/2016\/05\/StellaBruzzi-1240x825.jpg 1240w\" sizes=\"auto, (max-width: 300px) 100vw, 300px\" \/><\/a><figcaption id=\"caption-attachment-2908\" class=\"wp-caption-text\">Stella Bruzzi<\/figcaption><\/figure>\n<h2>Acting Out and Working Through<\/h2>\n<p>Just as all documentaries are arguably re-enactments, so all re-enactments contain elements of \u2018acting out\u2019. Using Freud\u2019s 1914 essay \u2018Remembering, Repeating and Working Through\u2019 as a springboard, Stella Bruzzi has established how often re-enact- ment can become working through? When does a documentary re-enactment also begin to embody the understanding and resolution of a past action, and become more than \u2018acting out\u2019?<\/p>\n<p><a href=\"https:\/\/blog.zhdk.ch\/zdok\/talks-video\/2016\/english\/2017\/acting-out-and-working-through\/\">Video\u00a0<\/a>\u0399 <a href=\"https:\/\/blog.zhdk.ch\/zdok\/files\/2017\/07\/referat_bruzzi_2016.pdf\">Text<\/a>\u00a0\u0399 <a href=\"https:\/\/blog.zhdk.ch\/zdok\/gaeste\/2017\/stella-bruzzi\/\">Stella Bruzzi<\/a><\/p>\n<hr \/>\n<\/div>\n<figure id=\"attachment_2912\" aria-describedby=\"caption-attachment-2912\" style=\"width: 300px\" class=\"wp-caption alignnone\"><a href=\"https:\/\/blog.zhdk.ch\/zdok\/files\/2017\/11\/DSC_0297.jpg\"><img loading=\"lazy\" decoding=\"async\" class=\"wp-image-2912 size-medium\" src=\"https:\/\/blog.zhdk.ch\/zdok\/files\/2017\/11\/DSC_0297-300x200.jpg\" alt=\"\" width=\"300\" height=\"200\" srcset=\"https:\/\/blog.zhdk.ch\/zdok\/files\/2017\/11\/DSC_0297-300x200.jpg 300w, https:\/\/blog.zhdk.ch\/zdok\/files\/2017\/11\/DSC_0297-768x511.jpg 768w, https:\/\/blog.zhdk.ch\/zdok\/files\/2017\/11\/DSC_0297-1240x825.jpg 1240w\" sizes=\"auto, (max-width: 300px) 100vw, 300px\" \/><\/a><figcaption id=\"caption-attachment-2912\" class=\"wp-caption-text\">Joshua Oppenheimer<\/figcaption><\/figure>\n<h2>Until It Hurts<\/h2>\n<p>Live Video Talk: The double Oscar nominated filmmaker Joshua Oppenheimer talked with Sabine Gisiger and Christian Iseli about his films THE ACT OF KILLING and THE LOOK OF SILENCE.<\/p>\n<p><a href=\"https:\/\/blog.zhdk.ch\/zdok\/talks-video\/2017\/until-it-hurts\/\">Video\u00a0<\/a>\u0399 <a href=\"https:\/\/blog.zhdk.ch\/zdok\/gaeste\/2017\/joshua-oppenheimer\/\">Joshua Oppenheimer<\/a><\/p>\n<hr \/>\n<figure id=\"attachment_2916\" aria-describedby=\"caption-attachment-2916\" style=\"width: 300px\" class=\"wp-caption alignnone\"><a href=\"https:\/\/blog.zhdk.ch\/zdok\/files\/2017\/11\/DSC_0360.jpg\"><img loading=\"lazy\" decoding=\"async\" class=\"wp-image-2916 size-medium\" src=\"https:\/\/blog.zhdk.ch\/zdok\/files\/2017\/11\/DSC_0360-300x200.jpg\" alt=\"\" width=\"300\" height=\"200\" srcset=\"https:\/\/blog.zhdk.ch\/zdok\/files\/2017\/11\/DSC_0360-300x200.jpg 300w, https:\/\/blog.zhdk.ch\/zdok\/files\/2017\/11\/DSC_0360-768x511.jpg 768w, https:\/\/blog.zhdk.ch\/zdok\/files\/2017\/11\/DSC_0360-1240x825.jpg 1240w\" sizes=\"auto, (max-width: 300px) 100vw, 300px\" \/><\/a><figcaption id=\"caption-attachment-2916\" class=\"wp-caption-text\">Annekatrin Hendel, Marille Hahne<\/figcaption><\/figure>\n<h2>Darf man dem Verr\u00e4ter eine Plattform geben?<\/h2>\n<p>In ANDERSON zeigt sich das Reenactment vorwiegend \u00fcber das Szenenbild und stellt sich den Fragen: Wie begegnet man einem Hauptprotagonisten, der zeitweilig zwei Leben gef\u00fchrt hat? Wie begegnet man einem aalglatten Manipulator ohne selbst manipuliert zu werden? Was ist echt, was ist Legende, wie funktioniert T\u00e4uschung und Manipulation, wie enth\u00fcllt sich doppeltes Spiel?<\/p>\n<p><a href=\"https:\/\/blog.zhdk.ch\/zdok\/referate\/2017\/darf-man-dem-verraeter-eine-plattform-geben\/\">Video\u00a0<\/a>\u0399 <a href=\"https:\/\/blog.zhdk.ch\/zdok\/files\/2017\/07\/referat-Annekatrin-Hendel.pdf\">Text<\/a>\u00a0\u0399\u00a0<a href=\"https:\/\/blog.zhdk.ch\/zdok\/gaeste\/2017\/annekatrin-hendel\/\">Annekatrin Hendel<\/a><\/p>\n<hr \/>\n<figure id=\"attachment_1801\" aria-describedby=\"caption-attachment-1801\" style=\"width: 250px\" class=\"wp-caption alignnone\"><a href=\"https:\/\/blog.zhdk.ch\/zdok\/files\/2017\/06\/referat_breloer_16.jpg\"><img loading=\"lazy\" decoding=\"async\" class=\"wp-image-1801\" src=\"https:\/\/blog.zhdk.ch\/zdok\/files\/2017\/06\/referat_breloer_16.jpg\" alt=\"\" width=\"250\" height=\"250\" srcset=\"https:\/\/blog.zhdk.ch\/zdok\/files\/2017\/06\/referat_breloer_16.jpg 300w, https:\/\/blog.zhdk.ch\/zdok\/files\/2017\/06\/referat_breloer_16-150x150.jpg 150w\" sizes=\"auto, (max-width: 250px) 100vw, 250px\" \/><\/a><figcaption id=\"caption-attachment-1801\" class=\"wp-caption-text\">Heinrich Breloer<\/figcaption><\/figure>\n<h2>Von der offenen Form zum Dokudrama<\/h2>\n<p>Der deutsche Autor und Regisseur Heinrich Breloer zeichnet in seinem Vortrag die Entwicklung des Dokudramas nach, die er in seinen Filmen seit den achtziger Jahren vollzogen hat. Der vielfache Adolf-Grimme-Preistr\u00e4ger brachte seine Methode unter anderem in den grossen Mehrteilern DAS TODESSPIEL (1997), DIE MANNS (2001) und SPEER UND ER (2004) zur Geltung.<\/p>\n<p><a href=\"https:\/\/blog.zhdk.ch\/zdok\/files\/2017\/07\/referat_breloer_2016.pdf\" target=\"_blank\" rel=\"noopener\">Text<\/a>\u00a0| <a href=\"https:\/\/blog.zhdk.ch\/zdok\/gaeste\/2017\/heinrich-breloer\/\">Heinrich Breloer<\/a><\/p>\n<hr class=\"ttfmake-hr\" style=\"border-style: solid;border-top-width: 1px\" \/>\n<figure id=\"attachment_2920\" aria-describedby=\"caption-attachment-2920\" style=\"width: 300px\" class=\"wp-caption alignnone\"><a href=\"https:\/\/blog.zhdk.ch\/zdok\/files\/2017\/11\/BillNichols.jpg\"><img loading=\"lazy\" decoding=\"async\" class=\"wp-image-2920 size-medium\" src=\"https:\/\/blog.zhdk.ch\/zdok\/files\/2017\/11\/BillNichols-300x200.jpg\" alt=\"\" width=\"300\" height=\"200\" srcset=\"https:\/\/blog.zhdk.ch\/zdok\/files\/2017\/11\/BillNichols-300x200.jpg 300w, https:\/\/blog.zhdk.ch\/zdok\/files\/2017\/11\/BillNichols-768x511.jpg 768w, https:\/\/blog.zhdk.ch\/zdok\/files\/2017\/11\/BillNichols-1240x825.jpg 1240w\" sizes=\"auto, (max-width: 300px) 100vw, 300px\" \/><\/a><figcaption id=\"caption-attachment-2920\" class=\"wp-caption-text\">Bill Nichols<\/figcaption><\/figure>\n<h2>Fantasmatics and the Documentary<\/h2>\n<p>Bill Nichols describes the most common types of re-enactments and how they are shaped by the fantasmatic. He will explain how a fantasy element generally penetrates the documentary field, shaping certain perspectives on the world, or promoting mocking and self-contradictory attitudes, as is the case with mockumentaries or other ironically narrated films.<\/p>\n<p><a href=\"https:\/\/blog.zhdk.ch\/zdok\/talks-video\/2016\/english\/2017\/fantasmatics-and-the-documentary\/\">Video\u00a0<\/a>\u0399 <a href=\"https:\/\/blog.zhdk.ch\/zdok\/files\/2017\/11\/referat_nichols_2016-2.pdf\">Text<\/a>\u00a0\u0399 <a href=\"https:\/\/blog.zhdk.ch\/zdok\/gaeste\/2017\/bill-nichols\/\">Bill Nichols<\/a><\/p>\n<hr \/>\n<figure id=\"attachment_4285\" aria-describedby=\"caption-attachment-4285\" style=\"width: 275px\" class=\"wp-caption alignnone\"><a href=\"https:\/\/blog.zhdk.ch\/zdok\/files\/2017\/11\/DSC_0511.jpg\"><img loading=\"lazy\" decoding=\"async\" class=\"wp-image-4285\" src=\"https:\/\/blog.zhdk.ch\/zdok\/files\/2017\/11\/DSC_0511-300x272.jpg\" alt=\"\" width=\"275\" height=\"250\" srcset=\"https:\/\/blog.zhdk.ch\/zdok\/files\/2017\/11\/DSC_0511-300x272.jpg 300w, https:\/\/blog.zhdk.ch\/zdok\/files\/2017\/11\/DSC_0511-768x698.jpg 768w, https:\/\/blog.zhdk.ch\/zdok\/files\/2017\/11\/DSC_0511.jpg 1024w\" sizes=\"auto, (max-width: 275px) 100vw, 275px\" \/><\/a><figcaption id=\"caption-attachment-4285\" class=\"wp-caption-text\">Jean-St\u00e9phane Bron<\/figcaption><\/figure>\n<h2>The Authenticity Machine<\/h2>\n<p>Creating often means working with something that already exists. If there is an art that can hardly do without this fundamental relationship to the already existing reality, it must be the documentary film. But what can you do when reality eludes you?<\/p>\n<p><a href=\"https:\/\/blog.zhdk.ch\/zdok\/talks-video\/2016\/english\/2017\/authenticity-machine\/\">Video\u00a0<\/a>\u0399 <a href=\"https:\/\/blog.zhdk.ch\/zdok\/gaeste\/2017\/jean-stephane-bron\/\">Jean-St\u00e9phane Bron<\/a><\/p>\n<hr \/>\n<figure id=\"attachment_2928\" aria-describedby=\"caption-attachment-2928\" style=\"width: 300px\" class=\"wp-caption alignnone\"><a href=\"https:\/\/blog.zhdk.ch\/zdok\/files\/2017\/11\/DSC_0527.jpg\"><img loading=\"lazy\" decoding=\"async\" class=\"wp-image-2928 size-medium\" src=\"https:\/\/blog.zhdk.ch\/zdok\/files\/2017\/11\/DSC_0527-300x200.jpg\" alt=\"\" width=\"300\" height=\"200\" srcset=\"https:\/\/blog.zhdk.ch\/zdok\/files\/2017\/11\/DSC_0527-300x200.jpg 300w, https:\/\/blog.zhdk.ch\/zdok\/files\/2017\/11\/DSC_0527-768x511.jpg 768w, https:\/\/blog.zhdk.ch\/zdok\/files\/2017\/11\/DSC_0527-1240x825.jpg 1240w\" sizes=\"auto, (max-width: 300px) 100vw, 300px\" \/><\/a><figcaption id=\"caption-attachment-2928\" class=\"wp-caption-text\">Milo Rau<\/figcaption><\/figure>\n<h2>Vom traumatischen Raum zum M\u00f6glichkeitsraum<\/h2>\n<p>Entwicklung der Arbeitsmethoden von Milo Rau: vom detailgetreuen Reenactment zu den M\u00f6glichkeitsr\u00e4umen der inszenierten Gerichtsprozesse.<\/p>\n<p><a href=\"https:\/\/blog.zhdk.ch\/zdok\/referate\/2017\/vom-traumatischen-raum-zum-moeglichkeitsraum\/\">Video\u00a0<\/a>\u0399 <a href=\"https:\/\/blog.zhdk.ch\/zdok\/gaeste\/2017\/milo-rau\/\">Milo Rau<\/a><\/p>\n<hr \/>\n<p><a href=\"https:\/\/blog.zhdk.ch\/zdok\/files\/2017\/11\/DSC_0204.jpg\"><img loading=\"lazy\" decoding=\"async\" class=\"alignnone wp-image-2932 size-medium\" src=\"https:\/\/blog.zhdk.ch\/zdok\/files\/2017\/11\/DSC_0204-300x200.jpg\" alt=\"\" width=\"300\" height=\"200\" srcset=\"https:\/\/blog.zhdk.ch\/zdok\/files\/2017\/11\/DSC_0204-300x200.jpg 300w, https:\/\/blog.zhdk.ch\/zdok\/files\/2017\/11\/DSC_0204-768x511.jpg 768w, https:\/\/blog.zhdk.ch\/zdok\/files\/2017\/11\/DSC_0204-1240x825.jpg 1240w\" sizes=\"auto, (max-width: 300px) 100vw, 300px\" \/><\/a><\/p>\n<h2>Praxis Podium I &#8211; Kreative Potentiale CH<\/h2>\n<p>Anja Kofmehl arbeitet bei CHRIS THE SWISS mit den Mitteln der Animation, Dominique Margot reinszeniert in LOOKING LIKE MY MOTHER subjektive Kindheitserinnerungen und Natalie Pfister konfrontiert in FAMILIENBRUCHST\u00dcCK ihre Protagonisten mit ihren eigenen Interview-Aussagen, die von Schauspielern interpretiert werden.<\/p>\n<p><a href=\"https:\/\/blog.zhdk.ch\/zdok\/talks-video\/2016\/deutsch\/2017\/podium-praxis-i\/\">Video\u00a0<\/a>\u0399 <a href=\"https:\/\/blog.zhdk.ch\/zdok\/gaeste\/2017\/anja-kofmel\/\">Anja Kofmel<\/a>\u00a0\u0399 <a href=\"https:\/\/blog.zhdk.ch\/zdok\/gaeste\/2017\/natalie-pfister\/\">Natalie Pfister<\/a>\u00a0\u0399 <a href=\"https:\/\/blog.zhdk.ch\/zdok\/gaeste\/2017\/dominique-margot\/\">Dominique Margot<\/a>\u00a0\u0399 <a href=\"https:\/\/blog.zhdk.ch\/zdok\/gaeste\/2017\/marius-born\/\">Marius Born<\/a><\/p>\n<hr \/>\n<p><a href=\"https:\/\/blog.zhdk.ch\/zdok\/files\/2017\/11\/DSC_0445.jpg\"><img loading=\"lazy\" decoding=\"async\" class=\"alignnone wp-image-2936 size-medium\" src=\"https:\/\/blog.zhdk.ch\/zdok\/files\/2017\/11\/DSC_0445-300x200.jpg\" alt=\"\" width=\"300\" height=\"200\" srcset=\"https:\/\/blog.zhdk.ch\/zdok\/files\/2017\/11\/DSC_0445-300x200.jpg 300w, https:\/\/blog.zhdk.ch\/zdok\/files\/2017\/11\/DSC_0445-768x511.jpg 768w, https:\/\/blog.zhdk.ch\/zdok\/files\/2017\/11\/DSC_0445-1240x825.jpg 1240w\" sizes=\"auto, (max-width: 300px) 100vw, 300px\" \/><\/a><\/p>\n<h2>Praxis Podium II &#8211; Dokudrama CH<\/h2>\n<p>In einer Podiumsdiskussion beurteilen Stefan Haupt (DER KREIS), Nathalie Rufer (stellvertretende Bereichsleiterin Dokumentarfilm und Reportage) und Werner Schweizer (VERLIEBTE FEINDE) die Chancen des Genres und geben Einblick in Machart und Wirkung der diskutierten Filme. Nathalie Rufer wird anhand des Films DER LANDESVERRAT (Hans-J\u00fcrg Zumstein) speziell auf produktionelle Bedingungen und die Publikumswirkung von Dokudramen beim SRF zu sprechen.<\/p>\n<p><a href=\"https:\/\/blog.zhdk.ch\/zdok\/talks-video\/2016\/deutsch\/2017\/podium-praxis-ii\/\">Video<\/a>\u00a0\u0399 <a href=\"https:\/\/blog.zhdk.ch\/zdok\/gaeste\/2017\/stefan-haupt\/\">Stefan Haupt<\/a>\u00a0\u0399 <a href=\"https:\/\/blog.zhdk.ch\/zdok\/gaeste\/2017\/nathalie-rufer\/\">Nathalie Rufer<\/a>\u00a0\u0399 <a href=\"https:\/\/blog.zhdk.ch\/zdok\/gaeste\/2017\/werner-schweizer\/\">Werner Schweizer\u00a0<\/a>\u0399 <a href=\"https:\/\/blog.zhdk.ch\/zdok\/gaeste\/2017\/sabine-gisiger\/\">Sabine Gisiger<\/a><\/p>\n<hr \/>\n<p><a href=\"https:\/\/blog.zhdk.ch\/zdok\/files\/2017\/11\/DSC_0562.jpg\"><img loading=\"lazy\" decoding=\"async\" class=\"alignnone wp-image-2940 size-medium\" src=\"https:\/\/blog.zhdk.ch\/zdok\/files\/2017\/11\/DSC_0562-300x200.jpg\" alt=\"\" width=\"300\" height=\"200\" srcset=\"https:\/\/blog.zhdk.ch\/zdok\/files\/2017\/11\/DSC_0562-300x200.jpg 300w, https:\/\/blog.zhdk.ch\/zdok\/files\/2017\/11\/DSC_0562-768x511.jpg 768w, https:\/\/blog.zhdk.ch\/zdok\/files\/2017\/11\/DSC_0562-1240x825.jpg 1240w\" sizes=\"auto, (max-width: 300px) 100vw, 300px\" \/><\/a><\/p>\n<h2>Schlusspodium &#8211; Authenticity and Repetition<\/h2>\n<p>An der Podiumsdiskussion am Ende des zweiten Tages diskutieren Jean-St\u00e9phane Bron, Stella Bruzzi, Bill Nichlos und Milo Rau \u00fcber die wichtigsten Ans\u00e4tze und Erkenntnisse, die w\u00e4hrend der Tagung ZDOK.16 zu Tage getreten sind. Folgende Fragen sollen behandelt werden: Welche Entwicklungsm\u00f6glichkeiten haben Reenactments in der dokumentarischen Form? Worin liegt das Authentische des DO IT AGAIN? Welcher Wirklichkeitsanspruch kann von ihm ausgehen? Inwiefern dienen Reenactments einem politischen Diskurs?<\/p>\n<p><a href=\"https:\/\/blog.zhdk.ch\/zdok\/talks-video\/2016\/english\/2017\/schlusspodium\/\">Video<\/a><\/p>\n<hr \/>\n<p><small>Redaktionsgruppe: Sabine Gisiger, Marille Hahne, Marius Born und Christian Iseli (Leitung)<\/small><\/p>\n<p><small>\u00a9Fotos: Katrin Haunreiter<\/small><\/p>\n","protected":false},"excerpt":{"rendered":"<p>Die Wiederherstellung von vergangenen Ereignissen, um sie filmisch festzuhalten, hat im Dokumentarfilm eine lange Tradition. An der Tagung ZDOK.16 wurden unterschiedliche Spielformen von Reenactment sowohl aus der Macher\/innen-Perspektive als auch aus theoretischer Sicht zur Diskussion gestellt. Programm ZDOK.16 (PDF) Do it again \u2013 Reenactment im Dokumentarfilm Im Einf\u00fchrungsreferat von Christian Iseli wurden verschiedene Spielformen des &hellip;<\/p>\n","protected":false},"author":3673,"featured_media":0,"parent":77,"menu_order":2,"comment_status":"closed","ping_status":"closed","template":"","meta":{"footnotes":""},"class_list":["post-249","page","type-page","status-publish","hentry"],"_links":{"self":[{"href":"https:\/\/blog.zhdk.ch\/zdok\/wp-json\/wp\/v2\/pages\/249","targetHints":{"allow":["GET"]}}],"collection":[{"href":"https:\/\/blog.zhdk.ch\/zdok\/wp-json\/wp\/v2\/pages"}],"about":[{"href":"https:\/\/blog.zhdk.ch\/zdok\/wp-json\/wp\/v2\/types\/page"}],"author":[{"embeddable":true,"href":"https:\/\/blog.zhdk.ch\/zdok\/wp-json\/wp\/v2\/users\/3673"}],"replies":[{"embeddable":true,"href":"https:\/\/blog.zhdk.ch\/zdok\/wp-json\/wp\/v2\/comments?post=249"}],"version-history":[{"count":87,"href":"https:\/\/blog.zhdk.ch\/zdok\/wp-json\/wp\/v2\/pages\/249\/revisions"}],"predecessor-version":[{"id":5665,"href":"https:\/\/blog.zhdk.ch\/zdok\/wp-json\/wp\/v2\/pages\/249\/revisions\/5665"}],"up":[{"embeddable":true,"href":"https:\/\/blog.zhdk.ch\/zdok\/wp-json\/wp\/v2\/pages\/77"}],"wp:attachment":[{"href":"https:\/\/blog.zhdk.ch\/zdok\/wp-json\/wp\/v2\/media?parent=249"}],"curies":[{"name":"wp","href":"https:\/\/api.w.org\/{rel}","templated":true}]}}