{"id":2958,"date":"2015-06-04T14:40:05","date_gmt":"2015-06-04T12:40:05","guid":{"rendered":"https:\/\/blog.zhdk.ch\/zdok\/?page_id=2958"},"modified":"2018-01-16T13:22:09","modified_gmt":"2018-01-16T12:22:09","slug":"zdok-15","status":"publish","type":"page","link":"https:\/\/blog.zhdk.ch\/zdok\/zdok-15\/","title":{"rendered":"ZDOK.15"},"content":{"rendered":"<section id=\"builder-section-1510234790064\" class=\"builder-section builder-section-prev-banner builder-section-banner builder-section-last\">\n<div class=\"builder-section-content\">\u00a0<img loading=\"lazy\" decoding=\"async\" class=\"alignnone wp-image-4535 size-full\" src=\"https:\/\/blog.zhdk.ch\/zdok\/files\/2017\/11\/zdok15_uebersicht.jpg\" alt=\"\" width=\"2000\" height=\"1088\" srcset=\"https:\/\/blog.zhdk.ch\/zdok\/files\/2017\/11\/zdok15_uebersicht.jpg 2000w, https:\/\/blog.zhdk.ch\/zdok\/files\/2017\/11\/zdok15_uebersicht-300x163.jpg 300w, https:\/\/blog.zhdk.ch\/zdok\/files\/2017\/11\/zdok15_uebersicht-768x418.jpg 768w, https:\/\/blog.zhdk.ch\/zdok\/files\/2017\/11\/zdok15_uebersicht-1240x675.jpg 1240w\" sizes=\"auto, (max-width: 2000px) 100vw, 2000px\" \/><\/div>\n<h2>You Are Leaving the Linear Sector &#8211; Dokumentarfilm, Webdocs, Transmedia<\/h2>\n<h4>Die Digitalisierung hat die Mediennutzung grundlegend ver\u00e4ndert. Der Dokumentarfilm ist davon genauso betroffen wie andere Kulturbereiche. Die Z\u00fcrcher Dokumentarfilmtagung ZDOK hat sich interaktiven Webdocs, nonlinearen Erz\u00e4hlformen sowie partizipativen und spielorientierten Formaten im transmedialen Umfeld gewidmet.<\/h4>\n<p><a href=\"https:\/\/blog.zhdk.ch\/zdok\/files\/2017\/11\/HandoutZDOK15_150501-2.pdf\">Programm ZDOK.15 (pdf)<\/a><\/p>\n<hr \/>\n<figure id=\"attachment_3060\" aria-describedby=\"caption-attachment-3060\" style=\"width: 226px\" class=\"wp-caption alignnone\"><a href=\"https:\/\/blog.zhdk.ch\/zdok\/files\/2017\/11\/iseli_zdok_15.jpg\"><img loading=\"lazy\" decoding=\"async\" class=\"wp-image-3060 size-full\" src=\"https:\/\/blog.zhdk.ch\/zdok\/files\/2017\/11\/iseli_zdok_15.jpg\" alt=\"\" width=\"226\" height=\"156\" \/><\/a><figcaption id=\"caption-attachment-3060\" class=\"wp-caption-text\">Christian Iseli<\/figcaption><\/figure>\n<h2>Von Autoren zu Dienstleistern?<\/h2>\n<p>Der Leiter des Forschungsschwerpunkts Film geht auf die Herausforderungen ein, die mit der sich ver\u00e4ndernden Mediennutzung auf die Dokumentarfilmschaffenden zukommen. Der Wandel betrifft die Produktionsverh\u00e4ltnisse, das Berufsfeld aber auch das erz\u00e4hlerische Handwerk und das Selbstverst\u00e4ndnis der AutorInnen.<\/p>\n<p><a href=\"https:\/\/blog.zhdk.ch\/zdok\/referate\/2017\/von-autoren-zu-dienstleistern\/\">Video\u00a0\u0399\u00a0<\/a><a href=\"https:\/\/blog.zhdk.ch\/zdok\/gaeste\/2017\/christian-iseli-2\/\">Christian Iseli<\/a><\/p>\n<hr \/>\n<figure id=\"attachment_3070\" aria-describedby=\"caption-attachment-3070\" style=\"width: 226px\" class=\"wp-caption alignnone\"><a href=\"https:\/\/blog.zhdk.ch\/zdok\/files\/2017\/11\/dufrense_zdok_15.jpg\"><img loading=\"lazy\" decoding=\"async\" class=\"wp-image-3070 size-full\" src=\"https:\/\/blog.zhdk.ch\/zdok\/files\/2017\/11\/dufrense_zdok_15.jpg\" alt=\"\" width=\"226\" height=\"156\" \/><\/a><figcaption id=\"caption-attachment-3070\" class=\"wp-caption-text\">David Dufresne<\/figcaption><\/figure>\n<h2>iDocs: Temporary Autonomous Zones<\/h2>\n<p>The Canadian transmedia pioneer David Dufresne (Fort McMoney) captured the world of interactive web documentaries (iDocs). In those new formats he sees the potential for temporary autonomous zones, as defined by the American author Hakim Bey.<\/p>\n<p><a href=\"https:\/\/blog.zhdk.ch\/zdok\/talks-video\/2016\/english\/2017\/idocs-temporary-autonomous-zones\/\">Video\u00a0\u0399\u00a0<\/a><a href=\"https:\/\/blog.zhdk.ch\/zdok\/gaeste\/2017\/david-dufrense\/\">David Dufresne<\/a><\/p>\n<hr \/>\n<figure id=\"attachment_3092\" aria-describedby=\"caption-attachment-3092\" style=\"width: 226px\" class=\"wp-caption alignnone\"><a href=\"https:\/\/blog.zhdk.ch\/zdok\/files\/2017\/11\/zimper_andreae_zdok_15.jpg\"><img loading=\"lazy\" decoding=\"async\" class=\"wp-image-3092 size-full\" src=\"https:\/\/blog.zhdk.ch\/zdok\/files\/2017\/11\/zimper_andreae_zdok_15.jpg\" alt=\"\" width=\"226\" height=\"156\" \/><\/a><figcaption id=\"caption-attachment-3092\" class=\"wp-caption-text\">Martin Zimper und Eric Andreae<\/figcaption><\/figure>\n<h2>Best of Webdocs<\/h2>\n<p>Webdokumentationen haben noch keine lange Entwicklungsgeschichte hinter sich. Dieser Vortrag versucht dennoch, diese kurz nachzuzeichnen und in Form von pr\u00e4gnanten Beispielen interaktive dokumentarische Webformate der letzten zehn Jahre zu pr\u00e4sentieren und in Typologien einzuteilen.<\/p>\n<p><a href=\"https:\/\/blog.zhdk.ch\/zdok\/referate\/2017\/best-of-webdocs\/\">Video\u00a0<\/a>\u0399 M<a href=\"https:\/\/blog.zhdk.ch\/zdok\/talks-video\/2016\/deutsch\/2017\/martin-zimper\/\">artin Zimper\u00a0<\/a>\u0399\u00a0<a href=\"https:\/\/blog.zhdk.ch\/zdok\/talks-video\/2016\/deutsch\/2017\/eric-andreae\/\">Eric Andreae<\/a><\/p>\n<hr \/>\n<figure id=\"attachment_3078\" aria-describedby=\"caption-attachment-3078\" style=\"width: 226px\" class=\"wp-caption alignnone\"><a href=\"https:\/\/blog.zhdk.ch\/zdok\/files\/2017\/11\/jaeger_andreae_zdok_15.jpg\"><img loading=\"lazy\" decoding=\"async\" class=\"wp-image-3078 size-full\" src=\"https:\/\/blog.zhdk.ch\/zdok\/files\/2017\/11\/jaeger_andreae_zdok_15.jpg\" alt=\"\" width=\"226\" height=\"156\" \/><\/a><figcaption id=\"caption-attachment-3078\" class=\"wp-caption-text\">Fr\u00e9d\u00e9ric Jaeger<\/figcaption><\/figure>\n<h2>Von der Interaktivit\u00e4t zur Interpassivit\u00e4t und zur\u00fcck<\/h2>\n<p>In seinem Referat gibt Fr\u00e9d\u00e9ric Jaeger einen \u00dcberblick \u00fcber aktuelle Tendenzen und wirft einen kritischen Blick auf Cross- und Transmedia-Produktionen. Dem sonst \u00fcblichen Optimismus neuer interaktiver M\u00f6glichkeiten stellt er die &#8222;Interpassivit\u00e4t&#8220; gegen\u00fcber. Jaeger fordert deshalb aktive Teilhabe anstelle passiver Teilnahme.<\/p>\n<p><a href=\"https:\/\/blog.zhdk.ch\/zdok\/referate\/2017\/von-der-interaktivitaet-zur-interpassivitaet-und-zurueck\/\">Video\u00a0\u0399\u00a0<\/a><a href=\"https:\/\/blog.zhdk.ch\/zdok\/gaeste\/2017\/frederic-jaeger\/\">Fr\u00e9d\u00e9ric Jaeger<\/a><\/p>\n<hr \/>\n<figure id=\"attachment_3086\" aria-describedby=\"caption-attachment-3086\" style=\"width: 226px\" class=\"wp-caption alignnone\"><a href=\"https:\/\/blog.zhdk.ch\/zdok\/files\/2017\/11\/riahi_zdok_15.jpg\"><img loading=\"lazy\" decoding=\"async\" class=\"wp-image-3086 size-full\" src=\"https:\/\/blog.zhdk.ch\/zdok\/files\/2017\/11\/riahi_zdok_15.jpg\" alt=\"\" width=\"226\" height=\"156\" \/><\/a><figcaption id=\"caption-attachment-3086\" class=\"wp-caption-text\">Arash und Arman T. Riahi<\/figcaption><\/figure>\n<h2>EVERYDAY REBELLION<\/h2>\n<p>Arash und Arman T. Riahi haben mit EVERYDAY REBELLION einen Kinofilm mit internationaler Ausstrahlung geschaffen. Er ist Teil des gleichnamigen Transmedia-Projekts mit partizipativer Webseite. In ihrem Vortrag legen sie dar, wo sie das kreative Potential transmedialer Arbeit sehen.<\/p>\n<p><a href=\"https:\/\/blog.zhdk.ch\/zdok\/talks-video\/2016\/english\/2017\/everyday-rebellion\/\">Video\u00a0\u0399\u00a0<\/a><a href=\"https:\/\/blog.zhdk.ch\/zdok\/gaeste\/2017\/arman-arash-riahi\/\">Arash &amp; Arman T. Riahi<\/a><\/p>\n<hr \/>\n<figure id=\"attachment_3064\" aria-describedby=\"caption-attachment-3064\" style=\"width: 226px\" class=\"wp-caption alignnone\"><a href=\"https:\/\/blog.zhdk.ch\/zdok\/files\/2017\/11\/aston_zdok_15.jpg\"><img loading=\"lazy\" decoding=\"async\" class=\"wp-image-3064 size-full\" src=\"https:\/\/blog.zhdk.ch\/zdok\/files\/2017\/11\/aston_zdok_15.jpg\" alt=\"\" width=\"226\" height=\"156\" \/><\/a><figcaption id=\"caption-attachment-3064\" class=\"wp-caption-text\">Judith Aston<\/figcaption><\/figure>\n<h2>Interactive Storytelling<\/h2>\n<p>In her lecture, Judith Aston showed possibilities of interactive documentary narration. It refers to previous milestones of interactive productions. The lecture dealt with linear, multilinear and nonlinear strategies.<\/p>\n<p><a href=\"https:\/\/blog.zhdk.ch\/zdok\/talks-video\/2016\/english\/2017\/interactive-storytelling\/\">Video\u00a0\u0399\u00a0<\/a><a href=\"https:\/\/blog.zhdk.ch\/zdok\/gaeste\/2017\/judith-aston\/\">Judith Aston<\/a><\/p>\n<hr \/>\n<figure id=\"attachment_3084\" aria-describedby=\"caption-attachment-3084\" style=\"width: 226px\" class=\"wp-caption alignnone\"><a href=\"https:\/\/blog.zhdk.ch\/zdok\/files\/2017\/11\/lange_zdok_15.jpg\"><img loading=\"lazy\" decoding=\"async\" class=\"wp-image-3084 size-full\" src=\"https:\/\/blog.zhdk.ch\/zdok\/files\/2017\/11\/lange_zdok_15.jpg\" alt=\"\" width=\"226\" height=\"156\" \/><\/a><figcaption id=\"caption-attachment-3084\" class=\"wp-caption-text\">Sabine Lange<\/figcaption><\/figure>\n<h2>Interactive Storytelling<\/h2>\n<p>In ihrem Referat gibt Sabine Lange einen \u00dcberblick \u00fcber die Transmedia-Strategie des deutsch-franz\u00f6sischen Kultursenders. Im Detail geht sie auf das Projekt &#8217;24h Jerusalem&#8216; ein, das sie redaktionell verantwortet hat und bei dem &#8218;Second Screen&#8216;-Techniken eingesetzt wurden.<\/p>\n<p><a href=\"https:\/\/blog.zhdk.ch\/zdok\/talks-video\/2016\/deutsch\/2017\/interactive-storytelling-2\/\">Video\u00a0\u0399\u00a0<\/a><a href=\"https:\/\/blog.zhdk.ch\/zdok\/gaeste\/2017\/sabine-lange\/\">Sabine Lange<\/a><\/p>\n<hr \/>\n<figure id=\"attachment_3088\" aria-describedby=\"caption-attachment-3088\" style=\"width: 226px\" class=\"wp-caption alignnone\"><a href=\"https:\/\/blog.zhdk.ch\/zdok\/files\/2017\/11\/stober_zdok_15.jpg\"><img loading=\"lazy\" decoding=\"async\" class=\"wp-image-3088 size-full\" src=\"https:\/\/blog.zhdk.ch\/zdok\/files\/2017\/11\/stober_zdok_15.jpg\" alt=\"\" width=\"226\" height=\"156\" \/><\/a><figcaption id=\"caption-attachment-3088\" class=\"wp-caption-text\">Jens M. Stober<\/figcaption><\/figure>\n<h2>Game und Wirklichkeit Game und Wirklichkeit<\/h2>\n<p>Gegenstand des Vortrags ist die Entwicklung und Rezeption des Newsgames \u00ab1378(km)\u00bb, das von der innerdeutschen Grenzsituation im Jahr 1976 handelt. Das Spiel l\u00f6ste eine Diskussion dar\u00fcber aus, ob ein Computerspiel das angemessene Medium ist, um sich mit diesem Abschnitt der deutschen Geschichte auseinanderzusetzen.<\/p>\n<p><a href=\"https:\/\/blog.zhdk.ch\/zdok\/talks-video\/2016\/deutsch\/2017\/game-und-wirklichkeit\/\">Video\u00a0\u0399 <\/a><a href=\"https:\/\/blog.zhdk.ch\/zdok\/gaeste\/2017\/jens-m-stober\/\">Jens M. Stober<\/a><\/p>\n<hr \/>\n<figure id=\"attachment_3090\" aria-describedby=\"caption-attachment-3090\" style=\"width: 226px\" class=\"wp-caption alignnone\"><a href=\"https:\/\/blog.zhdk.ch\/zdok\/files\/2017\/11\/thiele_zdok_15.jpg\"><img loading=\"lazy\" decoding=\"async\" class=\"wp-image-3090 size-full\" src=\"https:\/\/blog.zhdk.ch\/zdok\/files\/2017\/11\/thiele_zdok_15.jpg\" alt=\"\" width=\"226\" height=\"156\" \/><\/a><figcaption id=\"caption-attachment-3090\" class=\"wp-caption-text\">Lena Thiele<\/figcaption><\/figure>\n<h2>Interactive Storytelling<\/h2>\n<p>Die deutsche Transmedia-Autorin Lena Thiele war beim Projekt NETWARS als Creative Director und Autorin f\u00fcr die Web-Serie sowie f\u00fcr die Entwicklung der Transmediastrategie verantwortlich. In ihrer Case-Study geht sie insbesondere auf die Herausforderungen der interaktiven Struktur des Web-Dokumentarfilms ein.<\/p>\n<p>Video\u00a0\u0399 <a href=\"https:\/\/blog.zhdk.ch\/zdok\/gaeste\/2017\/lena-thiele\/\">Lena Thiele<\/a><\/p>\n<hr \/>\n<p><a href=\"https:\/\/blog.zhdk.ch\/zdok\/files\/2017\/11\/jahrmann_thies_stober-_zdok_15.jpg\"><img loading=\"lazy\" decoding=\"async\" class=\"alignnone wp-image-3080 size-full\" src=\"https:\/\/blog.zhdk.ch\/zdok\/files\/2017\/11\/jahrmann_thies_stober-_zdok_15.jpg\" alt=\"\" width=\"226\" height=\"156\" \/><\/a><\/p>\n<h2>Best of Newsgames<\/h2>\n<p>In der Form eines \u00abFast Forward Panels\u00bb werden exemplarisch Newsgames vorgestellt und kritisch hinterfragt. Das neue Sub-Genre politischer und pervasiver Spiele beginnt sich erst allm\u00e4hlich herauszukristallisieren, die Anzahl der Beispiele und interaktiver Medienprodukte, die sich als Newsgames labeln, w\u00e4chst.Es diskutieren Margarete Jahrmann, Maike Thies und Jens M. Stober.<\/p>\n<p><a href=\"https:\/\/blog.zhdk.ch\/zdok\/talks-video\/2016\/deutsch\/2017\/best-of-newsgames\/\">Video\u00a0<\/a>\u0399 <a href=\"https:\/\/blog.zhdk.ch\/zdok\/talks-video\/2016\/deutsch\/2017\/margarete-jahrmann\/\">Margarete Jahrmann<\/a>\u00a0\u0399 <a href=\"https:\/\/blog.zhdk.ch\/zdok\/talks-video\/2016\/deutsch\/2017\/maike-thies\/\">Maike Thies<\/a>\u00a0\u0399 <a href=\"https:\/\/blog.zhdk.ch\/zdok\/gaeste\/2017\/jens-m-stober\/\">Jens M. Stober<\/a><\/p>\n<hr \/>\n<figure id=\"attachment_3074\" aria-describedby=\"caption-attachment-3074\" style=\"width: 226px\" class=\"wp-caption alignnone\"><a href=\"https:\/\/blog.zhdk.ch\/zdok\/files\/2017\/11\/hekman_dijken_zdok_15.jpg\"><img loading=\"lazy\" decoding=\"async\" class=\"wp-image-3074 size-full\" src=\"https:\/\/blog.zhdk.ch\/zdok\/files\/2017\/11\/hekman_dijken_zdok_15.jpg\" alt=\"\" width=\"226\" height=\"156\" \/><\/a><figcaption id=\"caption-attachment-3074\" class=\"wp-caption-text\">Ludo Hekman, Klaas van Dijken<\/figcaption><\/figure>\n<h2>On the Ground Reporter<\/h2>\n<p>In ihrer Case Study geben die niederl\u00e4ndischen Journalisten und Media-Producer Einblick in ihre konkrete Arbeitsweise bei der Newsgame-Serie ON THE GROUND REPORTER und gehen dabei auf die dramaturgischen Ans\u00e4tze innerhalb einer Game-Struktur ein.<\/p>\n<p><a href=\"https:\/\/blog.zhdk.ch\/zdok\/talks-video\/2016\/english\/2017\/on-the-ground-reporter\/\">Video\u00a0\u0399\u00a0<\/a><a href=\"https:\/\/blog.zhdk.ch\/zdok\/gaeste\/2017\/klaas-van-dijken-ludo-hekman\/\">Klaas van Dijken &amp; Ludo Hekman<\/a><\/p>\n<hr \/>\n<figure id=\"attachment_3072\" aria-describedby=\"caption-attachment-3072\" style=\"width: 226px\" class=\"wp-caption alignnone\"><a href=\"https:\/\/blog.zhdk.ch\/zdok\/files\/2017\/11\/dufrense2_zdok_15.jpg\"><img loading=\"lazy\" decoding=\"async\" class=\"wp-image-3072 size-full\" src=\"https:\/\/blog.zhdk.ch\/zdok\/files\/2017\/11\/dufrense2_zdok_15.jpg\" alt=\"\" width=\"226\" height=\"156\" \/><\/a><figcaption id=\"caption-attachment-3072\" class=\"wp-caption-text\">David Dufresne<\/figcaption><\/figure>\n<h2>Fort McMoney<\/h2>\n<p>In seiner Case Study l\u00e4dt der Transmedia-Pionier zum gemeinsamen Spiel nach Fort McMoney ein. Die Entscheidungen des Publikums ergeben einem bestimmten Weg mit neuen Erkenntnissen. \u00a0Dabei steht die Frage nach den Grenzen und Schwierigkeiten der Interaktivit\u00e4t bei einem Dokumentarspiel im Vordergrund.<\/p>\n<p><a href=\"https:\/\/blog.zhdk.ch\/zdok\/talks-video\/2016\/english\/2017\/fort-mcmoney\/\">Video\u00a0<\/a>\u0399 <a href=\"https:\/\/blog.zhdk.ch\/zdok\/talks-video\/2016\/english\/2017\/david-dufrense\/\">David Dufresne<\/a><\/p>\n<hr \/>\n<figure id=\"attachment_3082\" aria-describedby=\"caption-attachment-3082\" style=\"width: 226px\" class=\"wp-caption alignnone\"><a href=\"https:\/\/blog.zhdk.ch\/zdok\/files\/2017\/11\/kopp_zdok_15.jpg\"><img loading=\"lazy\" decoding=\"async\" class=\"wp-image-3082 size-full\" src=\"https:\/\/blog.zhdk.ch\/zdok\/files\/2017\/11\/kopp_zdok_15.jpg\" alt=\"\" width=\"226\" height=\"156\" \/><\/a><figcaption id=\"caption-attachment-3082\" class=\"wp-caption-text\">Ingrid Kopp<\/figcaption><\/figure>\n<h2>Future Challenges<\/h2>\n<p>In ihrem Referat beschreibt Ingrid Kopp den aktuellen Stand interaktiver Projekte aus der Perspektive der international t\u00e4tigen F\u00f6rderinstitution &#8218;Tribeca Institute&#8216;. Sie stellt zuk\u00fcnftige Entwicklungen der dokumentarischen Form im transmedialen Umfeld zur Diskussion.<\/p>\n<p><a href=\"https:\/\/blog.zhdk.ch\/zdok\/talks-video\/2016\/english\/2017\/future-challenges\/\">Video\u00a0\u0399\u00a0<\/a><a href=\"https:\/\/blog.zhdk.ch\/zdok\/gaeste\/2017\/ingrid-kopp\/\">Ingrid Kopp<\/a><\/p>\n<hr \/>\n<p><a href=\"https:\/\/blog.zhdk.ch\/zdok\/files\/2017\/11\/csm_international_zdok_15_eaffb42fc1.jpg\"><img loading=\"lazy\" decoding=\"async\" class=\"alignnone wp-image-3066 size-full\" src=\"https:\/\/blog.zhdk.ch\/zdok\/files\/2017\/11\/csm_international_zdok_15_eaffb42fc1.jpg\" alt=\"\" width=\"232\" height=\"142\" \/><\/a><\/p>\n<h2>International Panel<\/h2>\n<p>Wie ver\u00e4ndern sich Gestaltungsweisen, Produktionsbedingungen, Finanzierungsm\u00f6glichkeiten, Festivals, Fernseh- und Kinoangebote angesichts des interaktiven, cross- und transmedialen Dokumentarfilms?<\/p>\n<p><a href=\"https:\/\/blog.zhdk.ch\/zdok\/talks-video\/2016\/english\/2017\/international-panel\/\">Video<\/a><\/p>\n<hr \/>\n<p><a href=\"https:\/\/blog.zhdk.ch\/zdok\/files\/2017\/11\/csm_swiss_zdok_15_31a307fbdd.jpg\"><img loading=\"lazy\" decoding=\"async\" class=\"alignnone wp-image-3068 size-full\" src=\"https:\/\/blog.zhdk.ch\/zdok\/files\/2017\/11\/csm_swiss_zdok_15_31a307fbdd.jpg\" alt=\"\" width=\"232\" height=\"142\" \/><\/a><\/p>\n<h2>Swiss Panel<\/h2>\n<p>Wie ver\u00e4ndern sich Gestaltungsweisen, Produktionsbedingungen, Finanzierungsm\u00f6glichkeiten, Festivals, Fernseh- und Kinoangebote angesichts des interaktiven, cross- und transmedialen Dokumentarfilms? Es diskutieren Anita Hugi, Joel Jent, Urs Augstburger und Patrick M\u00fcller. Moderation: Sabine Gisiger.<\/p>\n<p><a href=\"https:\/\/blog.zhdk.ch\/zdok\/talks-video\/2016\/deutsch\/2017\/swiss-panel\/\">Video<\/a><\/p>\n<hr \/>\n<p><small>Redaktionsgruppe: Sabine Gisiger, Marille Hahne, Eva Vitija und Christian Iseli (Leitung). In Zusammenarbeit mit Martin Zimper und Eric Andreae (Cast \/ Audiovisuelle Medien) sowie Margarete Jahrmann und Maike Thies (Game Design)<\/small><\/p>\n<\/section>\n","protected":false},"excerpt":{"rendered":"<p>\u00a0 You Are Leaving the Linear Sector &#8211; Dokumentarfilm, Webdocs, Transmedia Die Digitalisierung hat die Mediennutzung grundlegend ver\u00e4ndert. Der Dokumentarfilm ist davon genauso betroffen wie andere Kulturbereiche. Die Z\u00fcrcher Dokumentarfilmtagung ZDOK hat sich interaktiven Webdocs, nonlinearen Erz\u00e4hlformen sowie partizipativen und spielorientierten Formaten im transmedialen Umfeld gewidmet. Programm ZDOK.15 (pdf) Von Autoren zu Dienstleistern? Der Leiter &hellip;<\/p>\n","protected":false},"author":3675,"featured_media":0,"parent":0,"menu_order":0,"comment_status":"closed","ping_status":"closed","template":"","meta":{"footnotes":""},"class_list":["post-2958","page","type-page","status-publish","hentry"],"_links":{"self":[{"href":"https:\/\/blog.zhdk.ch\/zdok\/wp-json\/wp\/v2\/pages\/2958","targetHints":{"allow":["GET"]}}],"collection":[{"href":"https:\/\/blog.zhdk.ch\/zdok\/wp-json\/wp\/v2\/pages"}],"about":[{"href":"https:\/\/blog.zhdk.ch\/zdok\/wp-json\/wp\/v2\/types\/page"}],"author":[{"embeddable":true,"href":"https:\/\/blog.zhdk.ch\/zdok\/wp-json\/wp\/v2\/users\/3675"}],"replies":[{"embeddable":true,"href":"https:\/\/blog.zhdk.ch\/zdok\/wp-json\/wp\/v2\/comments?post=2958"}],"version-history":[{"count":46,"href":"https:\/\/blog.zhdk.ch\/zdok\/wp-json\/wp\/v2\/pages\/2958\/revisions"}],"predecessor-version":[{"id":5629,"href":"https:\/\/blog.zhdk.ch\/zdok\/wp-json\/wp\/v2\/pages\/2958\/revisions\/5629"}],"wp:attachment":[{"href":"https:\/\/blog.zhdk.ch\/zdok\/wp-json\/wp\/v2\/media?parent=2958"}],"curies":[{"name":"wp","href":"https:\/\/api.w.org\/{rel}","templated":true}]}}